{"id":10,"date":"2018-03-14T13:05:26","date_gmt":"2018-03-14T19:05:26","guid":{"rendered":"http:\/\/forestales.ujed.mx\/dicaf\/?page_id=10"},"modified":"2025-10-29T12:42:46","modified_gmt":"2025-10-29T18:42:46","slug":"consejo-academico","status":"publish","type":"page","link":"http:\/\/forestales.ujed.mx\/dicaf\/consejo-academico\/","title":{"rendered":"Consejo acad\u00e9mico"},"content":{"rendered":"<table style=\"height: 467px;\" width=\"737\">\n<tbody>\n<tr>\n<td width=\"221\"><strong>Nombre<\/strong><\/td>\n<td width=\"284\"><strong>Unidad Acad\u00e9mica<\/strong><\/td>\n<td width=\"214\"><strong>Correo electr\u00f3nico<\/strong><\/td>\n<\/tr>\n<tr>\n<td width=\"221\">Dr. Manuel Armando Salazar Borunda<\/td>\n<td width=\"284\">Coordinador General<\/td>\n<td width=\"214\"><a href=\"mailto:jprieto@ujed.mx\">borunda@ujed.mx<\/a><\/td>\n<\/tr>\n<tr>\n<td width=\"221\">Dr. Pablito Marcelo L\u00f3pez Serrano<\/td>\n<td width=\"284\">Instituto de Silvicultura e Industria de la Madera<\/td>\n<td width=\"214\">\n<p>\u00a0<a href=\"mailto:jprieto@ujed.mx\">p_lopez@ujed.mx<\/a><\/p>\n<\/td>\n<\/tr>\n<tr>\n<td width=\"221\">Dr. Jos\u00e9 \u00c1ngel Prieto Ruiz<\/td>\n<td width=\"284\">Facultad de Ciencias Forestales y Ambientales<\/td>\n<td width=\"214\">\n<p><a href=\"mailto:jcorral@ujed.mx\">jprieto@ujed.mx<\/a><\/p>\n<\/td>\n<\/tr>\n<tr>\n<td width=\"221\">Dra. Elia Esther Araiza Rosales<\/td>\n<td width=\"284\">Facultad de Medicina, Veterinaria y Zootecnia<\/td>\n<td width=\"214\">\n<p><a href=\"mailto:manuelmurillo906@gmail.com\">e_araiza2002@hotmail.com<\/a><\/p>\n<\/td>\n<\/tr>\n<tr>\n<td width=\"221\">Dr. Urbano Nava Camberos<\/td>\n<td width=\"284\">Facultad de Agricultura y Zootecnia<\/td>\n<td width=\"214\">\n<p><a href=\"mailto:luis_garher@ujed.mx\">urbano.nava@ujed.mx<\/a>\u00a0 \u00a0 \u00a0 \u00a0 \u00a0\u00a0<\/p>\n<\/td>\n<\/tr>\n<\/tbody>\n<\/table>\n\n\n<p><\/p>\n","protected":false},"excerpt":{"rendered":"<p>Nombre Unidad Acad\u00e9mica Correo electr\u00f3nico Dr. Manuel Armando Salazar Borunda Coordinador General borunda@ujed.mx Dr. Pablito Marcelo L\u00f3pez Serrano Instituto de Silvicultura e Industria de la Madera \u00a0p_lopez@ujed.mx Dr. Jos\u00e9 \u00c1ngel Prieto Ruiz Facultad de Ciencias Forestales y Ambientales jprieto@ujed.mx Dra. <a href=\"http:\/\/forestales.ujed.mx\/dicaf\/consejo-academico\/\" class=\"read-more\">Leer mas&#8230;<\/a><\/p>\n","protected":false},"author":1,"featured_media":0,"parent":0,"menu_order":0,"comment_status":"closed","ping_status":"closed","template":"","meta":[],"_links":{"self":[{"href":"http:\/\/forestales.ujed.mx\/dicaf\/wp-json\/wp\/v2\/pages\/10"}],"collection":[{"href":"http:\/\/forestales.ujed.mx\/dicaf\/wp-json\/wp\/v2\/pages"}],"about":[{"href":"http:\/\/forestales.ujed.mx\/dicaf\/wp-json\/wp\/v2\/types\/page"}],"author":[{"embeddable":true,"href":"http:\/\/forestales.ujed.mx\/dicaf\/wp-json\/wp\/v2\/users\/1"}],"replies":[{"embeddable":true,"href":"http:\/\/forestales.ujed.mx\/dicaf\/wp-json\/wp\/v2\/comments?post=10"}],"version-history":[{"count":8,"href":"http:\/\/forestales.ujed.mx\/dicaf\/wp-json\/wp\/v2\/pages\/10\/revisions"}],"predecessor-version":[{"id":718,"href":"http:\/\/forestales.ujed.mx\/dicaf\/wp-json\/wp\/v2\/pages\/10\/revisions\/718"}],"wp:attachment":[{"href":"http:\/\/forestales.ujed.mx\/dicaf\/wp-json\/wp\/v2\/media?parent=10"}],"curies":[{"name":"wp","href":"https:\/\/api.w.org\/{rel}","templated":true}]}}