{"id":22,"date":"2018-03-14T13:09:46","date_gmt":"2018-03-14T19:09:46","guid":{"rendered":"http:\/\/forestales.ujed.mx\/dicaf\/?page_id=22"},"modified":"2018-03-14T13:09:46","modified_gmt":"2018-03-14T19:09:46","slug":"perfil-de-egreso","status":"publish","type":"page","link":"http:\/\/forestales.ujed.mx\/dicaf\/perfil-de-egreso\/","title":{"rendered":"Perfil de egreso"},"content":{"rendered":"<ul>\n<li>El egresado del\u00a0 Programa Institucional\u00a0 de\u00a0 Doctorado en\u00a0 Ciencias Agropecuarias\u00a0 y\u00a0 Forestales\u00a0 contar\u00e1\u00a0 con\u00a0 los\u00a0 elementos\u00a0 te\u00f3ricos metodol\u00f3gico para la construcci\u00f3n, interpretaci\u00f3n y aplicaci\u00f3n de modelos en apoyo al desarrollo de proyectos de investigaci\u00f3n.<\/li>\n<li>Modelar\u00e1 y\u00a0 dise\u00f1ar\u00e1\u00a0 sistemas\u00a0 de\u00a0 producci\u00f3n\u00a0 agropecuaria,\u00a0 agr\u00edcola, silv\u00edcola y forestal\u00a0 sustentables y proyectos t\u00e9cnicos en esta \u00e1rea para contribuir al desarrollo sustentable de la regi\u00f3n y del pa\u00eds, considerando los aspectos sociales, econ\u00f3micos y ambientales.<\/li>\n<li>Estar\u00e1 altamente habilitado para realizar investigaci\u00f3n de frontera, generar y aplicar conocimiento original, innovador y pertinente en el Manejo, aprovechamiento y conservaci\u00f3n de recursos naturales, en la Producci\u00f3n animal y Agricultura sustentable; para solucionar problemas agr\u00edcolas, pecuarios y forestales a nivel regional estatal y nacional, para contribuir al desarrollo sustentable y al equilibrio ecol\u00f3gico.<\/li>\n<li>Aplicar\u00e1 los productos de la investigaci\u00f3n a trav\u00e9s de transferencias tecnol\u00f3gicas a las necesidades del sector agropecuario y forestal en los sectores p\u00fablicos y privados.<\/li>\n<li>Difundir\u00e1 los resultados de investigaci\u00f3n a trav\u00e9s de actividades docentes y revistas cient\u00edficas especializadas.<\/li>\n<li>Estar\u00e1 habilitado para coordinar y participar en grupos de investigaci\u00f3n multi e interdisciplinaria para la aplicaci\u00f3n y generaci\u00f3n de conocimiento.<\/li>\n<li>Podr\u00e1 \u00a0desempe\u00f1arse\u00a0\u00a0 \u00a0como\u00a0\u00a0 \u00a0formador\u00a0\u00a0 \u00a0de\u00a0\u00a0 \u00a0recursos\u00a0\u00a0 \u00a0humanos\u00a0\u00a0 \u00a0en investigaci\u00f3n e instituciones de educaci\u00f3n superior, Institutos y Centros de Investigaci\u00f3n en las \u00e1reas propias de la formaci\u00f3n disciplinar.<\/li>\n<li>Estar\u00e1 \u00a0habilitado\u00a0\u00a0 \u00a0para\u00a0\u00a0 \u00a0la\u00a0\u00a0 \u00a0comunicaci\u00f3n\u00a0\u00a0 \u00a0con\u00a0\u00a0 \u00a0pares\u00a0\u00a0 \u00a0acad\u00e9micos (investigadores alumno) y el trabajo en equipo.<\/li>\n<li>Contar\u00e1 con alto sentido de respeto a la naturaleza y a las personas para el logro del desarrollo sustentable.<\/li>\n<li>Contar\u00e1 con alto sentido de creatividad de superaci\u00f3n y emprendedor.<\/li>\n<\/ul>\n","protected":false},"excerpt":{"rendered":"<p>El egresado del\u00a0 Programa Institucional\u00a0 de\u00a0 Doctorado en\u00a0 Ciencias Agropecuarias\u00a0 y\u00a0 Forestales\u00a0 contar\u00e1\u00a0 con\u00a0 los\u00a0 elementos\u00a0 te\u00f3ricos metodol\u00f3gico para la construcci\u00f3n, interpretaci\u00f3n y aplicaci\u00f3n de modelos en apoyo al desarrollo de proyectos de investigaci\u00f3n. Modelar\u00e1 y\u00a0 dise\u00f1ar\u00e1\u00a0 sistemas\u00a0 de\u00a0 producci\u00f3n\u00a0 <a href=\"http:\/\/forestales.ujed.mx\/dicaf\/perfil-de-egreso\/\" class=\"read-more\">Leer mas&#8230;<\/a><\/p>\n","protected":false},"author":1,"featured_media":0,"parent":0,"menu_order":0,"comment_status":"closed","ping_status":"closed","template":"","meta":[],"_links":{"self":[{"href":"http:\/\/forestales.ujed.mx\/dicaf\/wp-json\/wp\/v2\/pages\/22"}],"collection":[{"href":"http:\/\/forestales.ujed.mx\/dicaf\/wp-json\/wp\/v2\/pages"}],"about":[{"href":"http:\/\/forestales.ujed.mx\/dicaf\/wp-json\/wp\/v2\/types\/page"}],"author":[{"embeddable":true,"href":"http:\/\/forestales.ujed.mx\/dicaf\/wp-json\/wp\/v2\/users\/1"}],"replies":[{"embeddable":true,"href":"http:\/\/forestales.ujed.mx\/dicaf\/wp-json\/wp\/v2\/comments?post=22"}],"version-history":[{"count":1,"href":"http:\/\/forestales.ujed.mx\/dicaf\/wp-json\/wp\/v2\/pages\/22\/revisions"}],"predecessor-version":[{"id":23,"href":"http:\/\/forestales.ujed.mx\/dicaf\/wp-json\/wp\/v2\/pages\/22\/revisions\/23"}],"wp:attachment":[{"href":"http:\/\/forestales.ujed.mx\/dicaf\/wp-json\/wp\/v2\/media?parent=22"}],"curies":[{"name":"wp","href":"https:\/\/api.w.org\/{rel}","templated":true}]}}