{"id":35,"date":"2018-03-14T13:17:12","date_gmt":"2018-03-14T19:17:12","guid":{"rendered":"http:\/\/forestales.ujed.mx\/dicaf\/?page_id=35"},"modified":"2020-10-31T14:26:18","modified_gmt":"2020-10-31T20:26:18","slug":"programa","status":"publish","type":"page","link":"http:\/\/forestales.ujed.mx\/dicaf\/programa\/","title":{"rendered":"Programa"},"content":{"rendered":"<p>Programa Institucional de Doctorado en Ciencias Agropecuarias y Forestales<\/p>\n<h4>Objetivo<\/h4>\n<p>Formar doctores en Ciencias Agropecuarias y Forestales con enfoque integral altamente habilitados para generar y aplicar el conocimiento en forma original, innovadora y pertinente con impacto en la soluci\u00f3n de la problem\u00e1tica agr\u00edcola, pecuaria, forestal y ambiental al nivel regional y nacional para contribuir al desarrollo sustentable del pa\u00eds.<\/p>\n<h4>Duraci\u00f3n<\/h4>\n<p>4 a\u00f1os<\/p>\n\n\n<div class=\"wp-block-image\"><figure class=\"alignleft size-large is-resized\"><img loading=\"lazy\" src=\"http:\/\/forestales.ujed.mx\/dicaf\/wp-content\/uploads\/2020\/10\/Logos_PIDCAF.png\" alt=\"\" class=\"wp-image-305\" width=\"830\" height=\"654\"\/><figcaption><br><\/figcaption><\/figure><\/div>\n\n\n\n<p><strong>Facultades que ofrecen el programa<\/strong><\/p>\n\n\n\n<p><a href=\"https:\/\/www.ujed.mx\/facultad-de-agricultura-y-zootecnia-gp\"><span style=\"color:#1c0bb7\" class=\"has-inline-color\">Facultad de Agricultura y Zootecnia (G.P.)<\/span><\/a><span style=\"color:#2715cd\" class=\"has-inline-color\"><br><\/span><a href=\"https:\/\/www.ujed.mx\/facultad-de-ciencias-forestales\"><span style=\"color:#1c0bb7\" class=\"has-inline-color\">Facultad de Ciencias Forestales<\/span><\/a><span style=\"color:#2715cd\" class=\"has-inline-color\"><br><\/span><a href=\"https:\/\/www.ujed.mx\/facultad-de-medicina-veterinaria-y-zootecnia\"><span style=\"color:#1c0bb7\" class=\"has-inline-color\">Facultad de Medicina Veterinaria y Zootecnia<\/span><\/a><span style=\"color:#2715cd\" class=\"has-inline-color\"><br><\/span><a href=\"https:\/\/www.ujed.mx\/instituto-de-silvicultura-e-industria-de-la-madera\"><span style=\"color:#1c0bb7\" class=\"has-inline-color\">Instituto de Silvicultura e Industria de la Madera<\/span><\/a><\/p>\n","protected":false},"excerpt":{"rendered":"<p>Programa Institucional de Doctorado en Ciencias Agropecuarias y Forestales Objetivo Formar doctores en Ciencias Agropecuarias y Forestales con enfoque integral altamente habilitados para generar y aplicar el conocimiento en forma original, innovadora y pertinente con impacto en la soluci\u00f3n de <a href=\"http:\/\/forestales.ujed.mx\/dicaf\/programa\/\" class=\"read-more\">Leer mas&#8230;<\/a><\/p>\n","protected":false},"author":1,"featured_media":0,"parent":0,"menu_order":0,"comment_status":"closed","ping_status":"closed","template":"","meta":[],"_links":{"self":[{"href":"http:\/\/forestales.ujed.mx\/dicaf\/wp-json\/wp\/v2\/pages\/35"}],"collection":[{"href":"http:\/\/forestales.ujed.mx\/dicaf\/wp-json\/wp\/v2\/pages"}],"about":[{"href":"http:\/\/forestales.ujed.mx\/dicaf\/wp-json\/wp\/v2\/types\/page"}],"author":[{"embeddable":true,"href":"http:\/\/forestales.ujed.mx\/dicaf\/wp-json\/wp\/v2\/users\/1"}],"replies":[{"embeddable":true,"href":"http:\/\/forestales.ujed.mx\/dicaf\/wp-json\/wp\/v2\/comments?post=35"}],"version-history":[{"count":4,"href":"http:\/\/forestales.ujed.mx\/dicaf\/wp-json\/wp\/v2\/pages\/35\/revisions"}],"predecessor-version":[{"id":315,"href":"http:\/\/forestales.ujed.mx\/dicaf\/wp-json\/wp\/v2\/pages\/35\/revisions\/315"}],"wp:attachment":[{"href":"http:\/\/forestales.ujed.mx\/dicaf\/wp-json\/wp\/v2\/media?parent=35"}],"curies":[{"name":"wp","href":"https:\/\/api.w.org\/{rel}","templated":true}]}}