{"id":394,"date":"2020-11-01T12:03:15","date_gmt":"2020-11-01T18:03:15","guid":{"rendered":"http:\/\/forestales.ujed.mx\/dicaf\/?page_id=394"},"modified":"2025-10-29T12:52:13","modified_gmt":"2025-10-29T18:52:13","slug":"seguimiento-de-egresados","status":"publish","type":"page","link":"http:\/\/forestales.ujed.mx\/dicaf\/seguimiento-de-egresados\/","title":{"rendered":"Seguimiento de egresados"},"content":{"rendered":"\n<p>Como parte de la evaluaci\u00f3n del Programa Institucional de Doctorado en Ciencias Agropecuarias y Forestales (PIDCAF) de la Universidad Ju\u00e1rez del Estado de Durango, se desarrolla un estudio de seguimiento de los egresados. Esto permite apreciar el grado de relaci\u00f3n de sus actividades profesionales respecto a sus estudios doctorales, su campo de acci\u00f3n, nivel de ingresos, oportunidades de crecimiento profesional, as\u00ed como su ubicaci\u00f3n en el mercado laboral y\/o las oportunidades de realizar estudios de investigaci\u00f3n, donde apliquen las habilidades y capacidades adquiridas en sus estudios doctorales. El estudio se basa en encuestas, como la presente, las cuales se aplican a los egresados del programa. Agradecemos de antemano su colaboraci\u00f3n, contestando lo que Usted considere pertinente.<\/p>\n\n\n\n<p><a href=\"https:\/\/docs.google.com\/forms\/d\/e\/1FAIpQLSfu4tvDRKS9CD6ceKaIe5OI82ypPSdOqAZDQWukG2coZHC5WQ\/viewform?usp=header\" data-type=\"URL\" data-id=\"https:\/\/docs.google.com\/forms\/d\/e\/1FAIpQLSfu4tvDRKS9CD6ceKaIe5OI82ypPSdOqAZDQWukG2coZHC5WQ\/viewform?usp=header\" target=\"_blank\" rel=\"noreferrer noopener\">https:\/\/docs.google.com\/forms\/d\/e\/1FAIpQLSfu4tvDRKS9CD6ceKaIe5OI82ypPSdOqAZDQWukG2coZHC5WQ\/viewform?usp=header<\/a><\/p>\n","protected":false},"excerpt":{"rendered":"<p>Como parte de la evaluaci\u00f3n del Programa Institucional de Doctorado en Ciencias Agropecuarias y Forestales (PIDCAF) de la Universidad Ju\u00e1rez del Estado de Durango, se desarrolla un estudio de seguimiento de los egresados. Esto permite apreciar el grado de relaci\u00f3n <a href=\"http:\/\/forestales.ujed.mx\/dicaf\/seguimiento-de-egresados\/\" class=\"read-more\">Leer mas&#8230;<\/a><\/p>\n","protected":false},"author":2,"featured_media":0,"parent":0,"menu_order":0,"comment_status":"closed","ping_status":"closed","template":"","meta":[],"_links":{"self":[{"href":"http:\/\/forestales.ujed.mx\/dicaf\/wp-json\/wp\/v2\/pages\/394"}],"collection":[{"href":"http:\/\/forestales.ujed.mx\/dicaf\/wp-json\/wp\/v2\/pages"}],"about":[{"href":"http:\/\/forestales.ujed.mx\/dicaf\/wp-json\/wp\/v2\/types\/page"}],"author":[{"embeddable":true,"href":"http:\/\/forestales.ujed.mx\/dicaf\/wp-json\/wp\/v2\/users\/2"}],"replies":[{"embeddable":true,"href":"http:\/\/forestales.ujed.mx\/dicaf\/wp-json\/wp\/v2\/comments?post=394"}],"version-history":[{"count":4,"href":"http:\/\/forestales.ujed.mx\/dicaf\/wp-json\/wp\/v2\/pages\/394\/revisions"}],"predecessor-version":[{"id":721,"href":"http:\/\/forestales.ujed.mx\/dicaf\/wp-json\/wp\/v2\/pages\/394\/revisions\/721"}],"wp:attachment":[{"href":"http:\/\/forestales.ujed.mx\/dicaf\/wp-json\/wp\/v2\/media?parent=394"}],"curies":[{"name":"wp","href":"https:\/\/api.w.org\/{rel}","templated":true}]}}