{"id":404,"date":"2020-11-01T12:35:29","date_gmt":"2020-11-01T18:35:29","guid":{"rendered":"http:\/\/forestales.ujed.mx\/dicaf\/?page_id=404"},"modified":"2026-03-27T10:54:03","modified_gmt":"2026-03-27T16:54:03","slug":"sia","status":"publish","type":"page","link":"http:\/\/forestales.ujed.mx\/dicaf\/sia\/","title":{"rendered":"SIA-PIDCAF"},"content":{"rendered":"\n<p><strong>Sistema Integral de Administraci\u00f3n del PIDCAF (SIA-PIDCAF)<\/strong><\/p>\n\n\n\n<p>El Sistema Integral de Administraci\u00f3n del PIDCAF (SIA-PIDCAF), es un sistema interno que cuenta con los elementos necesarios para el desarrollo de las actividades semestrales de los profesores y estudiantes del programa. El SIA es administrado por la Coordinaci\u00f3n General del PIDCAF, con el fin de recopilar, sistematizar y analizar la informaci\u00f3n pertinente de acad\u00e9micos y seguimiento de estudiantes, para la toma de decisiones y la gesti\u00f3n eficaz ante una situaci\u00f3n acad\u00e9mica del mismo programa, adem\u00e1s de contar con informaci\u00f3n estad\u00edstica actualizada del mismo.<\/p>\n\n\n\n<p><strong>Objetivo<\/strong><\/p>\n\n\n\n<p>Sistematizar los mecanismos implementados para recopilar y analizar informaci\u00f3n sobre de las actividades acad\u00e9micas y seguimiento de estudiantes del PIDCAF.<\/p>\n\n\n\n<p><strong>Acceso al SIA-PIDCAF<\/strong><\/p>\n\n\n\n<p><a href=\"http:\/\/forestales.ujed.mx\/siapidcaf\/php\/login.php\"><span style=\"color:#1118da\" class=\"has-inline-color\">http:\/\/forestales.ujed.mx\/siapidcaf\/php\/login.php<\/span><\/a><\/p>\n\n\n\n<h2>Formatos de Ingreso <\/h2>\n\n\n\n<p>Consulta y descarga los formatos necesarios para participar en la convocatoria de ingreso al PIDCAF en su version 2026.<\/p>\n\n\n\n<div class=\"wp-block-file\"><a href=\"https:\/\/forestales.ujed.mx\/dicaf\/wp-content\/uploads\/2026\/03\/Formato-PIDCAF-01_Curriculum-vitae-2.pdf\">Formato-PIDCAF-01_Curriculum-vitae-2<\/a><a href=\"https:\/\/forestales.ujed.mx\/dicaf\/wp-content\/uploads\/2026\/03\/Formato-PIDCAF-01_Curriculum-vitae-2.pdf\" class=\"wp-block-file__button\" download>Descarga<\/a><\/div>\n\n\n\n<div class=\"wp-block-file\"><a href=\"https:\/\/forestales.ujed.mx\/dicaf\/wp-content\/uploads\/2026\/03\/Formato-PIDCAF-02_Carta-de-recomendacion-2.pdf\">Formato-PIDCAF-02_Carta-de-recomendacion-2<\/a><a href=\"https:\/\/forestales.ujed.mx\/dicaf\/wp-content\/uploads\/2026\/03\/Formato-PIDCAF-02_Carta-de-recomendacion-2.pdf\" class=\"wp-block-file__button\" download>Descarga<\/a><\/div>\n\n\n\n<div class=\"wp-block-file\"><a href=\"https:\/\/forestales.ujed.mx\/dicaf\/wp-content\/uploads\/2026\/03\/Formato-PIDCAF-03_Anteproyecto-2.pdf\">Formato-PIDCAF-03_Anteproyecto-2<\/a><a href=\"https:\/\/forestales.ujed.mx\/dicaf\/wp-content\/uploads\/2026\/03\/Formato-PIDCAF-03_Anteproyecto-2.pdf\" class=\"wp-block-file__button\" download>Descarga<\/a><\/div>\n","protected":false},"excerpt":{"rendered":"<p>Sistema Integral de Administraci\u00f3n del PIDCAF (SIA-PIDCAF) El Sistema Integral de Administraci\u00f3n del PIDCAF (SIA-PIDCAF), es un sistema interno que cuenta con los elementos necesarios para el desarrollo de las actividades semestrales de los profesores y estudiantes del programa. El <a href=\"http:\/\/forestales.ujed.mx\/dicaf\/sia\/\" class=\"read-more\">Leer mas&#8230;<\/a><\/p>\n","protected":false},"author":2,"featured_media":0,"parent":0,"menu_order":0,"comment_status":"closed","ping_status":"closed","template":"","meta":[],"_links":{"self":[{"href":"http:\/\/forestales.ujed.mx\/dicaf\/wp-json\/wp\/v2\/pages\/404"}],"collection":[{"href":"http:\/\/forestales.ujed.mx\/dicaf\/wp-json\/wp\/v2\/pages"}],"about":[{"href":"http:\/\/forestales.ujed.mx\/dicaf\/wp-json\/wp\/v2\/types\/page"}],"author":[{"embeddable":true,"href":"http:\/\/forestales.ujed.mx\/dicaf\/wp-json\/wp\/v2\/users\/2"}],"replies":[{"embeddable":true,"href":"http:\/\/forestales.ujed.mx\/dicaf\/wp-json\/wp\/v2\/comments?post=404"}],"version-history":[{"count":6,"href":"http:\/\/forestales.ujed.mx\/dicaf\/wp-json\/wp\/v2\/pages\/404\/revisions"}],"predecessor-version":[{"id":750,"href":"http:\/\/forestales.ujed.mx\/dicaf\/wp-json\/wp\/v2\/pages\/404\/revisions\/750"}],"wp:attachment":[{"href":"http:\/\/forestales.ujed.mx\/dicaf\/wp-json\/wp\/v2\/media?parent=404"}],"curies":[{"name":"wp","href":"https:\/\/api.w.org\/{rel}","templated":true}]}}