{"id":499,"date":"2021-07-08T11:05:21","date_gmt":"2021-07-08T17:05:21","guid":{"rendered":"http:\/\/forestales.ujed.mx\/dicaf\/?page_id=499"},"modified":"2025-10-29T12:49:01","modified_gmt":"2025-10-29T18:49:01","slug":"procesos-administrativos","status":"publish","type":"page","link":"http:\/\/forestales.ujed.mx\/dicaf\/procesos-administrativos\/","title":{"rendered":"Procesos administrativos"},"content":{"rendered":"\n<p>El monto de la cuota de inscripci\u00f3n es de  $8,200.00 (Ocho mil doscientos pesos 00\/100 m.n.)\u00a0 por concepto de inscripci\u00f3n al semestre. Adem\u00e1s de presentar a la Coordinaci\u00f3n General del PIDCAF los siguientes documentos:<\/p>\n\n\n\n<p><strong>A) PROCESO DE INSCRIPCI\u00d3N PARA NUEVO INGRESO <\/strong><\/p>\n\n\n\n<ul type=\"1\"><li>2 Copias de la CURP.<\/li><\/ul>\n\n\n\n<ul type=\"1\" start=\"2\"><li>2 Copias del acta de nacimiento.<\/li><\/ul>\n\n\n\n<ul type=\"1\" start=\"3\"><li>2 Copias del comprobante de domicilio.<\/li><\/ul>\n\n\n\n<ul type=\"1\" start=\"4\"><li>2 Copias del certificado profesional de licenciatura y maestr\u00eda (copias notariadas).<\/li><\/ul>\n\n\n\n<ul type=\"1\" start=\"5\"><li>2 Copias del t\u00edtulo de licenciatura y maestr\u00eda (copias notariadas).<\/li><\/ul>\n\n\n\n<ul type=\"1\" start=\"6\"><li>2 Copias de la c\u00e9dula profesional de licenciatura y maestr\u00eda (copias notariadas).<\/li><\/ul>\n\n\n\n<ul type=\"1\" start=\"7\"><li>2 Fotograf\u00edas tama\u00f1o credencial.<\/li><\/ul>\n\n\n\n<ul type=\"1\" start=\"9\"><li>2 Hojas de inscripci\u00f3n (impresas del portal de servicios escolares).<\/li><\/ul>\n\n\n\n<ul type=\"1\" start=\"8\"><li>Recibo de pago original y copia (BANORTE 00608452184 a nombre de la Universidad Ju\u00e1rez del Estado de Durango).&nbsp; <\/li><\/ul>\n\n\n\n<ul type=\"1\"><li>Carta de Aceptaci\u00f3n al PIDCAF (entrega la Coordinaci\u00f3n del PIDCAF).<\/li><\/ul>\n\n\n\n<ul type=\"1\"><li>Si fue becario en un programa del Sistema Nacional de Posgrado (SNP-SECIHTI)  en la maestr\u00eda, carta de liberaci\u00f3n de beca.<\/li><\/ul>\n\n\n\n<p><strong>B) PROCESO DE INSCRIPCI\u00d3N PARA REINGRESO<\/strong><\/p>\n\n\n\n<ul><li>Boleta de calificaciones del semestre anterior.<\/li><\/ul>\n\n\n\n<ul type=\"1\" start=\"9\"><li>2 Hojas de inscripci\u00f3n (impresas del portal de servicios escolares).<\/li><\/ul>\n\n\n\n<ul type=\"1\" start=\"8\"><li>Recibo de pago original y copia (BANORTE 00608452184 a nombre de la Universidad Ju\u00e1rez del Estado de Durango).&nbsp; <\/li><\/ul>\n\n\n\n<p><\/p>\n","protected":false},"excerpt":{"rendered":"<p>El monto de la cuota de inscripci\u00f3n es de $8,200.00 (Ocho mil doscientos pesos 00\/100 m.n.)\u00a0 por concepto de inscripci\u00f3n al semestre. Adem\u00e1s de presentar a la Coordinaci\u00f3n General del PIDCAF los siguientes documentos: A) PROCESO DE INSCRIPCI\u00d3N PARA NUEVO <a href=\"http:\/\/forestales.ujed.mx\/dicaf\/procesos-administrativos\/\" class=\"read-more\">Leer mas&#8230;<\/a><\/p>\n","protected":false},"author":2,"featured_media":0,"parent":0,"menu_order":0,"comment_status":"closed","ping_status":"closed","template":"","meta":[],"_links":{"self":[{"href":"http:\/\/forestales.ujed.mx\/dicaf\/wp-json\/wp\/v2\/pages\/499"}],"collection":[{"href":"http:\/\/forestales.ujed.mx\/dicaf\/wp-json\/wp\/v2\/pages"}],"about":[{"href":"http:\/\/forestales.ujed.mx\/dicaf\/wp-json\/wp\/v2\/types\/page"}],"author":[{"embeddable":true,"href":"http:\/\/forestales.ujed.mx\/dicaf\/wp-json\/wp\/v2\/users\/2"}],"replies":[{"embeddable":true,"href":"http:\/\/forestales.ujed.mx\/dicaf\/wp-json\/wp\/v2\/comments?post=499"}],"version-history":[{"count":7,"href":"http:\/\/forestales.ujed.mx\/dicaf\/wp-json\/wp\/v2\/pages\/499\/revisions"}],"predecessor-version":[{"id":719,"href":"http:\/\/forestales.ujed.mx\/dicaf\/wp-json\/wp\/v2\/pages\/499\/revisions\/719"}],"wp:attachment":[{"href":"http:\/\/forestales.ujed.mx\/dicaf\/wp-json\/wp\/v2\/media?parent=499"}],"curies":[{"name":"wp","href":"https:\/\/api.w.org\/{rel}","templated":true}]}}