{"id":562,"date":"2021-08-02T11:12:57","date_gmt":"2021-08-02T17:12:57","guid":{"rendered":"http:\/\/forestales.ujed.mx\/dicaf\/?page_id=562"},"modified":"2025-10-29T12:23:27","modified_gmt":"2025-10-29T18:23:27","slug":"plan-de-estudios-2","status":"publish","type":"page","link":"http:\/\/forestales.ujed.mx\/dicaf\/plan-de-estudios-2\/","title":{"rendered":"Plan de estudios"},"content":{"rendered":"\n<p>El plan de estudios cuenta con una estructura mixta a partir de un tronco com\u00fan y tramos curriculares que dan \u00e9nfasis en la formaci\u00f3n para la investigaci\u00f3n lo que se complementa con materias optativas y una estancia acad\u00e9mica externa obligatoria de uno a seis meses de duraci\u00f3n, en congruencia todo esto con el modelo acad\u00e9mico de la UJED.<\/p>\n\n\n\n<p>El eje transversal del plan de estudios est\u00e1 constituido por la investigaci\u00f3n y en el plano vertical los valores que habr\u00e1 de internalizar el alumno en su formaci\u00f3n como investigador, principalmente en la dualidad teor\u00eda-pr\u00e1ctica.<\/p>\n\n\n\n<p><a rel=\"noreferrer noopener\" href=\"http:\/\/forestales.ujed.mx\/dicaf\/wp-content\/uploads\/2020\/11\/Plan-de-estudios-y-mapa-curricular-PIDCAF-2012.pdf\" target=\"_blank\">Plan de estudios y mapa curricular PIDCAF <\/a><\/p>\n","protected":false},"excerpt":{"rendered":"<p>El plan de estudios cuenta con una estructura mixta a partir de un tronco com\u00fan y tramos curriculares que dan \u00e9nfasis en la formaci\u00f3n para la investigaci\u00f3n lo que se complementa con materias optativas y una estancia acad\u00e9mica externa obligatoria <a href=\"http:\/\/forestales.ujed.mx\/dicaf\/plan-de-estudios-2\/\" class=\"read-more\">Leer mas&#8230;<\/a><\/p>\n","protected":false},"author":2,"featured_media":0,"parent":0,"menu_order":0,"comment_status":"closed","ping_status":"closed","template":"","meta":[],"_links":{"self":[{"href":"http:\/\/forestales.ujed.mx\/dicaf\/wp-json\/wp\/v2\/pages\/562"}],"collection":[{"href":"http:\/\/forestales.ujed.mx\/dicaf\/wp-json\/wp\/v2\/pages"}],"about":[{"href":"http:\/\/forestales.ujed.mx\/dicaf\/wp-json\/wp\/v2\/types\/page"}],"author":[{"embeddable":true,"href":"http:\/\/forestales.ujed.mx\/dicaf\/wp-json\/wp\/v2\/users\/2"}],"replies":[{"embeddable":true,"href":"http:\/\/forestales.ujed.mx\/dicaf\/wp-json\/wp\/v2\/comments?post=562"}],"version-history":[{"count":4,"href":"http:\/\/forestales.ujed.mx\/dicaf\/wp-json\/wp\/v2\/pages\/562\/revisions"}],"predecessor-version":[{"id":714,"href":"http:\/\/forestales.ujed.mx\/dicaf\/wp-json\/wp\/v2\/pages\/562\/revisions\/714"}],"wp:attachment":[{"href":"http:\/\/forestales.ujed.mx\/dicaf\/wp-json\/wp\/v2\/media?parent=562"}],"curies":[{"name":"wp","href":"https:\/\/api.w.org\/{rel}","templated":true}]}}