{"id":32,"date":"2018-03-14T13:13:57","date_gmt":"2018-03-14T19:13:57","guid":{"rendered":"http:\/\/forestales.ujed.mx\/dicaf\/?page_id=32"},"modified":"2018-03-14T13:14:33","modified_gmt":"2018-03-14T19:14:33","slug":"vinculacion","status":"publish","type":"page","link":"http:\/\/forestales.ujed.mx\/pmls\/vinculacion\/","title":{"rendered":"Vinculaci\u00f3n"},"content":{"rendered":"<p><span style=\"color: #3366ff;\">Vinculaci\u00f3n con otros sectores<\/span><\/p>\n<p>Con el fin de que el conocimiento generado por los estudiantes contribuya a la soluci\u00f3n de problemas del sector agropecuario y forestal de M\u00e9xico, el Programa tiene vinculaci\u00f3n con diversos sectores. Por un lado, gran parte de los estudiantes desarrollan sus proyectos de investigaci\u00f3n, para la obtenci\u00f3n de su tesis, en sitios o \u00e1reas de productores (viveros, establos, campos agr\u00edcolas, predios forestales, predios ganaderos, etc.), donde tambi\u00e9n existe la participaci\u00f3n de despachos t\u00e9cnicos o instituciones de gobierno estatal o federal, enfocados a la soluci\u00f3n de problemas y donde la parte de investigaci\u00f3n es fundamental. Asimismo, mediante la colaboraci\u00f3n de profesores y alumnos existe involucramiento en el desarrollo de proyectos de investigaci\u00f3n, donde se participa de manera conjunta con instituciones como: Comisi\u00f3n Nacional Forestal, SAGARPA e INIFAP, entre otras. Por otro lado,\u00a0 con el fin de fortalecer su formaci\u00f3n acad\u00e9mica, los estudiantes han tenido estancias acad\u00e9micas en Universidades prestigiadas de pa\u00edses como Brasil, Chile, Espa\u00f1a, Alemania y Estados Unidos.<\/p>\n","protected":false},"excerpt":{"rendered":"<p>Vinculaci\u00f3n con otros sectores Con el fin de que el conocimiento generado por los estudiantes contribuya a la soluci\u00f3n de problemas del sector agropecuario y forestal de M\u00e9xico, el Programa tiene vinculaci\u00f3n con diversos sectores. Por un lado, gran parte de los estudiantes desarrollan sus proyectos de investigaci\u00f3n, para la obtenci\u00f3n de su tesis, en &hellip; <\/p>\n<p class=\"link-more\"><a href=\"http:\/\/forestales.ujed.mx\/pmls\/vinculacion\/\" class=\"more-link\">Continuar leyendo<span class=\"screen-reader-text\"> &#8220;Vinculaci\u00f3n&#8221;<\/span><\/a><\/p>\n","protected":false},"author":1,"featured_media":0,"parent":0,"menu_order":0,"comment_status":"closed","ping_status":"closed","template":"","meta":[],"_links":{"self":[{"href":"http:\/\/forestales.ujed.mx\/pmls\/wp-json\/wp\/v2\/pages\/32"}],"collection":[{"href":"http:\/\/forestales.ujed.mx\/pmls\/wp-json\/wp\/v2\/pages"}],"about":[{"href":"http:\/\/forestales.ujed.mx\/pmls\/wp-json\/wp\/v2\/types\/page"}],"author":[{"embeddable":true,"href":"http:\/\/forestales.ujed.mx\/pmls\/wp-json\/wp\/v2\/users\/1"}],"replies":[{"embeddable":true,"href":"http:\/\/forestales.ujed.mx\/pmls\/wp-json\/wp\/v2\/comments?post=32"}],"version-history":[{"count":2,"href":"http:\/\/forestales.ujed.mx\/pmls\/wp-json\/wp\/v2\/pages\/32\/revisions"}],"predecessor-version":[{"id":34,"href":"http:\/\/forestales.ujed.mx\/pmls\/wp-json\/wp\/v2\/pages\/32\/revisions\/34"}],"wp:attachment":[{"href":"http:\/\/forestales.ujed.mx\/pmls\/wp-json\/wp\/v2\/media?parent=32"}],"curies":[{"name":"wp","href":"https:\/\/api.w.org\/{rel}","templated":true}]}}