{"id":35,"date":"2018-03-14T13:17:12","date_gmt":"2018-03-14T19:17:12","guid":{"rendered":"http:\/\/forestales.ujed.mx\/dicaf\/?page_id=35"},"modified":"2021-04-26T20:22:26","modified_gmt":"2021-04-27T02:22:26","slug":"programa","status":"publish","type":"page","link":"http:\/\/forestales.ujed.mx\/pmls\/programa\/","title":{"rendered":"L\u00edneas de investigaci\u00f3n"},"content":{"rendered":"<p>Geom\u00e1tica\u00a0 aplicada al manejo y monitoreo de los recursos Forestales y Ambientales<\/p>\n<h4>\u00a0<\/h4>\n<p>\u00a0<\/p>\n\n\n<p><\/p>\n","protected":false},"excerpt":{"rendered":"<p>Geom\u00e1tica\u00a0 aplicada al manejo y monitoreo de los recursos Forestales y Ambientales \u00a0 \u00a0<\/p>\n","protected":false},"author":1,"featured_media":0,"parent":0,"menu_order":0,"comment_status":"closed","ping_status":"closed","template":"","meta":[],"_links":{"self":[{"href":"http:\/\/forestales.ujed.mx\/pmls\/wp-json\/wp\/v2\/pages\/35"}],"collection":[{"href":"http:\/\/forestales.ujed.mx\/pmls\/wp-json\/wp\/v2\/pages"}],"about":[{"href":"http:\/\/forestales.ujed.mx\/pmls\/wp-json\/wp\/v2\/types\/page"}],"author":[{"embeddable":true,"href":"http:\/\/forestales.ujed.mx\/pmls\/wp-json\/wp\/v2\/users\/1"}],"replies":[{"embeddable":true,"href":"http:\/\/forestales.ujed.mx\/pmls\/wp-json\/wp\/v2\/comments?post=35"}],"version-history":[{"count":6,"href":"http:\/\/forestales.ujed.mx\/pmls\/wp-json\/wp\/v2\/pages\/35\/revisions"}],"predecessor-version":[{"id":487,"href":"http:\/\/forestales.ujed.mx\/pmls\/wp-json\/wp\/v2\/pages\/35\/revisions\/487"}],"wp:attachment":[{"href":"http:\/\/forestales.ujed.mx\/pmls\/wp-json\/wp\/v2\/media?parent=35"}],"curies":[{"name":"wp","href":"https:\/\/api.w.org\/{rel}","templated":true}]}}