{"id":404,"date":"2020-11-01T12:35:29","date_gmt":"2020-11-01T18:35:29","guid":{"rendered":"http:\/\/forestales.ujed.mx\/dicaf\/?page_id=404"},"modified":"2021-04-27T18:35:01","modified_gmt":"2021-04-28T00:35:01","slug":"sia","status":"publish","type":"page","link":"http:\/\/forestales.ujed.mx\/pmls\/sia\/","title":{"rendered":"PROYECTOS"},"content":{"rendered":"\n<p><\/p>\n\n\n\n<p>El Sistema Integral de Administraci\u00f3n del PIDCAF (SIA-PIDCAF), es un sistema interno que cuenta con los elementos necesarios para el desarrollo de las actividades semestrales de los profesores y estudiantes del programa. El SIA es administrado por la Coordinaci\u00f3n General del PIDCAF, con el fin de recopilar, sistematizar y analizar la informaci\u00f3n pertinente de acad\u00e9micos y seguimiento de estudiantes, para la toma de decisiones y la gesti\u00f3n eficaz ante una situaci\u00f3n acad\u00e9mica del mismo programa, adem\u00e1s de contar con informaci\u00f3n estad\u00edstica actualizada del mismo.<\/p>\n\n\n\n<p><strong>Objetivo<\/strong><\/p>\n\n\n\n<p>Sistematizar los mecanismos implementados para recopilar y analizar informaci\u00f3n sobre de las actividades acad\u00e9micas y seguimiento de estudiantes del PIDCAF.<\/p>\n\n\n\n<p><strong>Acceso al SIA-PIDCAF<\/strong><\/p>\n\n\n\n<p><a href=\"http:\/\/forestales.ujed.mx\/siapidcaf\/php\/login.php\"><span style=\"color:#1118da\" class=\"has-inline-color\">http:\/\/forestales.ujed.mx\/siapidcaf\/php\/login.php<\/span><\/a><\/p>\n","protected":false},"excerpt":{"rendered":"<p>El Sistema Integral de Administraci\u00f3n del PIDCAF (SIA-PIDCAF), es un sistema interno que cuenta con los elementos necesarios para el desarrollo de las actividades semestrales de los profesores y estudiantes del programa. El SIA es administrado por la Coordinaci\u00f3n General del PIDCAF, con el fin de recopilar, sistematizar y analizar la informaci\u00f3n pertinente de acad\u00e9micos &hellip; <\/p>\n<p class=\"link-more\"><a href=\"http:\/\/forestales.ujed.mx\/pmls\/sia\/\" class=\"more-link\">Continuar leyendo<span class=\"screen-reader-text\"> &#8220;PROYECTOS&#8221;<\/span><\/a><\/p>\n","protected":false},"author":2,"featured_media":0,"parent":0,"menu_order":0,"comment_status":"closed","ping_status":"closed","template":"","meta":[],"_links":{"self":[{"href":"http:\/\/forestales.ujed.mx\/pmls\/wp-json\/wp\/v2\/pages\/404"}],"collection":[{"href":"http:\/\/forestales.ujed.mx\/pmls\/wp-json\/wp\/v2\/pages"}],"about":[{"href":"http:\/\/forestales.ujed.mx\/pmls\/wp-json\/wp\/v2\/types\/page"}],"author":[{"embeddable":true,"href":"http:\/\/forestales.ujed.mx\/pmls\/wp-json\/wp\/v2\/users\/2"}],"replies":[{"embeddable":true,"href":"http:\/\/forestales.ujed.mx\/pmls\/wp-json\/wp\/v2\/comments?post=404"}],"version-history":[{"count":6,"href":"http:\/\/forestales.ujed.mx\/pmls\/wp-json\/wp\/v2\/pages\/404\/revisions"}],"predecessor-version":[{"id":490,"href":"http:\/\/forestales.ujed.mx\/pmls\/wp-json\/wp\/v2\/pages\/404\/revisions\/490"}],"wp:attachment":[{"href":"http:\/\/forestales.ujed.mx\/pmls\/wp-json\/wp\/v2\/media?parent=404"}],"curies":[{"name":"wp","href":"https:\/\/api.w.org\/{rel}","templated":true}]}}