{"id":1256,"date":"2021-12-08T07:13:39","date_gmt":"2021-12-08T07:13:39","guid":{"rendered":"http:\/\/forestales.ujed.mx\/succi2\/?page_id=1256"},"modified":"2021-12-08T07:19:12","modified_gmt":"2021-12-08T07:19:12","slug":"certificados-de-calidad","status":"publish","type":"page","link":"http:\/\/forestales.ujed.mx\/succi2\/certificados-de-calidad\/","title":{"rendered":"Certificados de Calidad"},"content":{"rendered":"<h3><strong>Certificados de Calidad ABS<\/strong><\/h3>\n<div>\n<p><strong><span style=\"color: #000000;\"><a style=\"color: #000000;\" href=\"http:\/\/forestales.ujed.mx\/succi\/recursos\/documento_159.pdf\" target=\"_blank\" rel=\"noopener\">Certificado 44392 Administraci\u00f3n Central<\/a><\/span><\/strong><\/p>\n<\/div>\n<div>\n<p><strong><span style=\"color: #000000;\"><a style=\"color: #000000;\" href=\"http:\/\/forestales.ujed.mx\/succi\/recursos\/documento_160.pdf\" target=\"_blank\" rel=\"noopener\">Certificado 44393 Sistema Bibliotecario<\/a><\/span><\/strong><\/p>\n<\/div>\n<div>\n<p><strong><span style=\"color: #000000;\"><a style=\"color: #000000;\" href=\"http:\/\/forestales.ujed.mx\/succi\/recursos\/documento_161.pdf\" target=\"_blank\" rel=\"noopener\">Certificado 49601 Sistema Unidades Acad\u00e9micas<\/a><\/span><\/strong><\/p>\n<\/div>\n<div>\n<p><strong><span style=\"color: #000000;\"><a style=\"color: #000000;\" href=\"http:\/\/forestales.ujed.mx\/succi\/recursos\/documento_162.pdf\" target=\"_blank\" rel=\"noopener\">Certificado 49604 Sistema Cultural<\/a><\/span><\/strong><\/p>\n<\/div>\n<div>\n<p><strong><span style=\"color: #000000;\"><a style=\"color: #000000;\" href=\"http:\/\/forestales.ujed.mx\/succi\/recursos\/documento_163.pdf\" target=\"_blank\" rel=\"noopener\">Certificado 53492 Estancia Infantil FEUD-UJED<\/a><\/span><\/strong><\/p>\n<\/div>\n<div>\n<p><strong><span style=\"color: #000000;\"><a style=\"color: #000000;\" href=\"http:\/\/forestales.ujed.mx\/succi\/recursos\/documento_164.pdf\" target=\"_blank\" rel=\"noopener\">Certificado 53494 Centro de Desarrollo Empresarial FEUD-UJED<\/a><\/span><\/strong><\/p>\n<\/div>\n<h3><strong>Certificados de Calidad ARMS<\/strong><\/h3>\n<div>\n<p><strong><span style=\"color: #000000;\"><a style=\"color: #000000;\" href=\"http:\/\/forestales.ujed.mx\/succi\/recursos\/documento_165.pdf\" target=\"_blank\" rel=\"noopener\">Certificado UJE 180814 QMS ISIMA<\/a><\/span><\/strong><\/p>\n<\/div>\n<div>\n<p><strong><span style=\"color: #000000;\"><a style=\"color: #000000;\" href=\"http:\/\/forestales.ujed.mx\/succi\/recursos\/documento_166.pdf\" target=\"_blank\" rel=\"noopener\">Certificado UJE 190910 QMS Alcance<\/a><\/span><\/strong><\/p>\n<\/div>\n<div>\n<p><strong><span style=\"color: #000000;\"><a style=\"color: #000000;\" href=\"http:\/\/forestales.ujed.mx\/succi\/recursos\/documento_167.pdf\" target=\"_blank\" rel=\"noopener\">Certificado UJE 190910 QMS Provisi\u00f3n de Servicios de la Administraci\u00f3n Central<\/a><\/span><\/strong><\/p>\n<\/div>\n<div>\n<p><strong><span style=\"color: #000000;\"><a style=\"color: #000000;\" href=\"http:\/\/forestales.ujed.mx\/succi\/recursos\/documento_168.pdf\" target=\"_blank\" rel=\"noopener\">Certificado UJE 190910 QMS Provisi\u00f3n de los Servicios Bibliotecarios Integrales<\/a><\/span><\/strong><\/p>\n<\/div>\n<div>\n<p><strong><span style=\"color: #000000;\"><a style=\"color: #000000;\" href=\"http:\/\/forestales.ujed.mx\/succi\/recursos\/documento_169.pdf\" target=\"_blank\" rel=\"noopener\">Certificado UJE 190910 QMS Provisi\u00f3n de Servicios de Control Escolar, Tutor\u00eda, Administraci\u00f3n de Servicio Social y Vinculaci\u00f3n<\/a><\/span><\/strong><\/p>\n<\/div>\n<div>\n<p><strong><span style=\"color: #000000;\"><a style=\"color: #000000;\" href=\"http:\/\/forestales.ujed.mx\/succi\/recursos\/documento_171.pdf\" target=\"_blank\" rel=\"noopener\">Certificado UJE 190910 QMS Provisi\u00f3n de Servicios Culturales<\/a><\/span><\/strong><\/p>\n<\/div>\n<div>\n<p><strong><span style=\"color: #000000;\"><a style=\"color: #000000;\" href=\"http:\/\/forestales.ujed.mx\/succi\/recursos\/documento_172.pdf\" target=\"_blank\" rel=\"noopener\">Certificado UJE 190910 QMS Proceso de Selecci\u00f3n de Estudiantes Universitarios Acreedores de los Servicios de Estancia Infantil<\/a><\/span><\/strong><\/p>\n<\/div>\n<div>\n<p><strong><span style=\"color: #000000;\"><a style=\"color: #000000;\" href=\"http:\/\/forestales.ujed.mx\/succi\/recursos\/documento_173.pdf\" target=\"_blank\" rel=\"noopener\">Certificado UJE 190910 QMS Dise\u00f1o y Provisi\u00f3n de Servicios de Consultor\u00eda y Capacitaci\u00f3n Empresarial<\/a><\/span><\/strong><\/p>\n<\/div>\n","protected":false},"excerpt":{"rendered":"<p>Certificados de Calidad ABS Certificado 44392 Administraci\u00f3n Central Certificado 44393 Sistema Bibliotecario Certificado 49601 Sistema Unidades Acad\u00e9micas Certificado 49604 Sistema Cultural Certificado 53492 Estancia Infantil FEUD-UJED Certificado 53494 Centro de &hellip;<\/p>\n<p class=\"read-more\"> <a class=\"\" href=\"http:\/\/forestales.ujed.mx\/succi2\/certificados-de-calidad\/\"> <span class=\"screen-reader-text\">Certificados de Calidad<\/span> Leer m\u00e1s &raquo;<\/a><\/p>\n","protected":false},"author":1,"featured_media":0,"parent":0,"menu_order":0,"comment_status":"closed","ping_status":"closed","template":"page-templates\/page_fullwidth.php","meta":{"site-sidebar-layout":"default","site-content-layout":"","ast-site-content-layout":"","site-content-style":"default","site-sidebar-style":"default","ast-global-header-display":"","ast-banner-title-visibility":"","ast-main-header-display":"","ast-hfb-above-header-display":"","ast-hfb-below-header-display":"","ast-hfb-mobile-header-display":"","site-post-title":"","ast-breadcrumbs-content":"","ast-featured-img":"","footer-sml-layout":"","theme-transparent-header-meta":"","adv-header-id-meta":"","stick-header-meta":"","header-above-stick-meta":"","header-main-stick-meta":"","header-below-stick-meta":"","astra-migrate-meta-layouts":"","footnotes":""},"class_list":["post-1256","page","type-page","status-publish","hentry"],"_links":{"self":[{"href":"http:\/\/forestales.ujed.mx\/succi2\/wp-json\/wp\/v2\/pages\/1256","targetHints":{"allow":["GET"]}}],"collection":[{"href":"http:\/\/forestales.ujed.mx\/succi2\/wp-json\/wp\/v2\/pages"}],"about":[{"href":"http:\/\/forestales.ujed.mx\/succi2\/wp-json\/wp\/v2\/types\/page"}],"author":[{"embeddable":true,"href":"http:\/\/forestales.ujed.mx\/succi2\/wp-json\/wp\/v2\/users\/1"}],"replies":[{"embeddable":true,"href":"http:\/\/forestales.ujed.mx\/succi2\/wp-json\/wp\/v2\/comments?post=1256"}],"version-history":[{"count":3,"href":"http:\/\/forestales.ujed.mx\/succi2\/wp-json\/wp\/v2\/pages\/1256\/revisions"}],"predecessor-version":[{"id":10640,"href":"http:\/\/forestales.ujed.mx\/succi2\/wp-json\/wp\/v2\/pages\/1256\/revisions\/10640"}],"wp:attachment":[{"href":"http:\/\/forestales.ujed.mx\/succi2\/wp-json\/wp\/v2\/media?parent=1256"}],"curies":[{"name":"wp","href":"https:\/\/api.w.org\/{rel}","templated":true}]}}