{"id":1645,"date":"2024-08-30T05:32:25","date_gmt":"2024-08-30T05:32:25","guid":{"rendered":"http:\/\/forestales.ujed.mx\/web\/?page_id=1645"},"modified":"2024-09-09T19:06:55","modified_gmt":"2024-09-09T19:06:55","slug":"bosque-las-bayas","status":"publish","type":"page","link":"http:\/\/forestales.ujed.mx\/web\/bosque-las-bayas\/","title":{"rendered":"bosque &#8220;Las Bayas&#8221;"},"content":{"rendered":"\n<div class=\"wp-block-group is-layout-constrained wp-block-group-is-layout-constrained\">\n<p class=\"has-text-align-center has-text-color has-link-color has-x-large-font-size wp-elements-0ee8bed2d160d7aabff08ff61a4c2e07\" style=\"color:#003d57\"><strong>Bosque &#8220;Las Bayas&#8221;<\/strong><\/p>\n\n\n\n<figure data-wp-context=\"{&quot;imageId&quot;:&quot;69d09e7e80b9e&quot;}\" data-wp-interactive=\"core\/image\" data-wp-key=\"69d09e7e80b9e\" class=\"wp-block-image aligncenter size-large is-resized wp-lightbox-container\"><img loading=\"lazy\" decoding=\"async\" width=\"1024\" height=\"476\" data-wp-class--hide=\"state.isContentHidden\" data-wp-class--show=\"state.isContentVisible\" data-wp-init=\"callbacks.setButtonStyles\" data-wp-on--click=\"actions.showLightbox\" data-wp-on--load=\"callbacks.setButtonStyles\" data-wp-on-window--resize=\"callbacks.setButtonStyles\" src=\"http:\/\/forestales.ujed.mx\/web\/wp-content\/uploads\/2024\/08\/IMG_1327-1024x476.jpg\" alt=\"\" class=\"wp-image-25\" style=\"width:906px;height:auto\" srcset=\"http:\/\/forestales.ujed.mx\/web\/wp-content\/uploads\/2024\/08\/IMG_1327-1024x476.jpg 1024w, http:\/\/forestales.ujed.mx\/web\/wp-content\/uploads\/2024\/08\/IMG_1327-300x139.jpg 300w, http:\/\/forestales.ujed.mx\/web\/wp-content\/uploads\/2024\/08\/IMG_1327-768x357.jpg 768w, http:\/\/forestales.ujed.mx\/web\/wp-content\/uploads\/2024\/08\/IMG_1327-1536x714.jpg 1536w, http:\/\/forestales.ujed.mx\/web\/wp-content\/uploads\/2024\/08\/IMG_1327-2048x951.jpg 2048w\" sizes=\"auto, (max-width: 1024px) 100vw, 1024px\" \/><button\n\t\t\tclass=\"lightbox-trigger\"\n\t\t\ttype=\"button\"\n\t\t\taria-haspopup=\"dialog\"\n\t\t\taria-label=\"Agrandar\"\n\t\t\tdata-wp-init=\"callbacks.initTriggerButton\"\n\t\t\tdata-wp-on--click=\"actions.showLightbox\"\n\t\t\tdata-wp-style--right=\"state.imageButtonRight\"\n\t\t\tdata-wp-style--top=\"state.imageButtonTop\"\n\t\t>\n\t\t\t<svg xmlns=\"http:\/\/www.w3.org\/2000\/svg\" width=\"12\" height=\"12\" fill=\"none\" viewBox=\"0 0 12 12\">\n\t\t\t\t<path fill=\"#fff\" d=\"M2 0a2 2 0 0 0-2 2v2h1.5V2a.5.5 0 0 1 .5-.5h2V0H2Zm2 10.5H2a.5.5 0 0 1-.5-.5V8H0v2a2 2 0 0 0 2 2h2v-1.5ZM8 12v-1.5h2a.5.5 0 0 0 .5-.5V8H12v2a2 2 0 0 1-2 2H8Zm2-12a2 2 0 0 1 2 2v2h-1.5V2a.5.5 0 0 0-.5-.5H8V0h2Z\" \/>\n\t\t\t<\/svg>\n\t\t<\/button><\/figure>\n\n\n\n<p><\/p>\n\n\n\n<p class=\"has-big-font-size\">La Universidad Ju\u00e1rez del Estado de Durango, cuenta con un predio boscoso &#8220;Las Bayas&#8221; de 4721 has, donde los alumnos de la Facultad de Ciencias Forestales pueden realizar sus pr\u00e1cticas, y los profesores e investigadores pueden realizar investigaci\u00f3n cientifica. Dentro del predio se cuenta con una caba\u00f1a para los profesores e investigadores y un alberge para estudiantes con todos los servicios necesarios. El predio se localiza en el Municipio de Pueblo Nuevo, Durango, M\u00e9x., a 100 km al Sur de la ciudad de Durango, por el camino Durango &#8211; La Flor &#8211; El predio particular Las Bayas, se encuentra en proceso de certificaci\u00f3n forestal y cuenta con un programa de manejo forestal maderable.<\/p>\n\n\n\n<p class=\"has-big-font-size\"><br>Geogr\u00e1ficamente se localiza entre los paralelos 23\u00b022\u201915\u201d y 23\u00b029\u201950\u201d de latitud Norte y los meridianos 104\u00b048\u201945\u201d y 104\u00b053\u2019 de longitud Oeste (carta topogr\u00e1fica F13-b-31 del INEGI). De acuerdo al criterio del Plan Nacional Hidr\u00e1hulico. Este predio forma parte de la Regi\u00f3n Hidrol\u00f3gica No. 11 denominada R\u00edo Presidio &#8211; R\u00edo San Pedro, en la cuenca \u201cA\u201d conocida como R\u00edo San Pedro, en las subcuencas (Ak) R\u00edo Lajas (70%), (Ab-51) R\u00edo Taxicaringa (20%), (Al) R\u00edo Tunal (8%) y (Bb) Milpillas (2%), adem\u00e1s se determin\u00f3 que el predio forma parte de 7 microcuencas, las cuales fluyen sus aguas al R\u00edo Mezquital, R\u00edo Tunal, y R\u00edo Lajas.<\/p>\n\n\n\n<h4 class=\"wp-block-heading has-text-color has-link-color has-large-font-size wp-elements-a653adc9a5ee3dd7f5488cda9164e1d6\" style=\"color:#003d57\">Documentos<\/h4>\n\n\n\n<p class=\"has-big-font-size\"><a href=\"http:\/\/forestales.ujed.mx\/web\/wp-content\/uploads\/2024\/09\/01-ANEXO-H-ACTUALIZADO.pdf\" data-type=\"link\" data-id=\"http:\/\/forestales.ujed.mx\/web\/wp-content\/uploads\/2024\/09\/01-ANEXO-H-ACTUALIZADO.pdf\" target=\"_blank\" rel=\"noreferrer noopener nofollow\">01 Anexo H. Monitoreo y evaluaci\u00f3n (resumen)<\/a><\/p>\n\n\n\n<p class=\"has-big-font-size\"><a href=\"http:\/\/forestales.ujed.mx\/web\/wp-content\/uploads\/2024\/09\/02-MEMORIA-DEL-PMF-Resumen.pdf\" data-type=\"link\" data-id=\"http:\/\/forestales.ujed.mx\/web\/wp-content\/uploads\/2024\/09\/02-MEMORIA-DEL-PMF-Resumen.pdf\" target=\"_blank\" rel=\"noreferrer noopener nofollow\">02 Resumen del pmf (2022 \u2013 2033)<\/a><\/p>\n\n\n\n<p class=\"has-big-font-size\"><a href=\"http:\/\/forestales.ujed.mx\/web\/wp-content\/uploads\/2024\/09\/03-MONITOREO-AMBIENTAL-DEL-PMF-ACTUALIZADO.pdf\" data-type=\"link\" data-id=\"http:\/\/forestales.ujed.mx\/web\/wp-content\/uploads\/2024\/09\/03-MONITOREO-AMBIENTAL-DEL-PMF-ACTUALIZADO.pdf\" target=\"_blank\" rel=\"noreferrer noopener nofollow\">03 Monitoreo ambiental de la ejecuci\u00f3n del pmf \u201clas bayas\u201d (anualidades 2022-2023)<\/a><\/p>\n\n\n\n<p class=\"has-big-font-size\"><a href=\"http:\/\/forestales.ujed.mx\/web\/wp-content\/uploads\/2024\/09\/04-MONITOREO-DE-BAVC-ACTUALIZADO.pdf\" target=\"_blank\" rel=\"noreferrer noopener nofollow\">04 Monitoreo evaluaci\u00f3n y seguimiento de los bavc para el predio particular \u201clas bayas\u201d de la ujed.<\/a><\/p>\n\n\n\n<p class=\"has-big-font-size\"><a href=\"http:\/\/forestales.ujed.mx\/web\/wp-content\/uploads\/2024\/09\/04a-MONITOREO-DE-BAVC-ACTUALIZADO-PLANO-2023.pdf\" data-type=\"link\" data-id=\"http:\/\/forestales.ujed.mx\/web\/wp-content\/uploads\/2024\/09\/04a-MONITOREO-DE-BAVC-ACTUALIZADO-PLANO-2023.pdf\" target=\"_blank\" rel=\"noreferrer noopener nofollow\">04a Monitoreo evaluaci\u00f3n y seguimiento de los bavc para el predio particular \u201clas bayas\u201d de la ujed. Plano<\/a><\/p>\n\n\n\n<p class=\"has-big-font-size\"><a href=\"http:\/\/forestales.ujed.mx\/web\/wp-content\/uploads\/2024\/09\/04b-MONITOREO-DE-BAVC-ACTUALIZADO-PFI-2023.pdf\" target=\"_blank\" rel=\"noreferrer noopener nofollow\">04b Monitoreo evaluaci\u00f3n y seguimiento de los bavc para el predio particular \u201clas bayas\u201d de la ujed. Paisajes forestales intactos<\/a><\/p>\n\n\n\n<p class=\"has-big-font-size\"><a href=\"http:\/\/forestales.ujed.mx\/web\/wp-content\/uploads\/2024\/09\/04c-MONITOREO-DE-BAVC-ACTUALIZADO-Planos-Restaurac-y-Conservac-2023.pdf\" data-type=\"link\" data-id=\"http:\/\/forestales.ujed.mx\/web\/wp-content\/uploads\/2024\/09\/04c-MONITOREO-DE-BAVC-ACTUALIZADO-Planos-Restaurac-y-Conservac-2023.pdf\" target=\"_blank\" rel=\"noreferrer noopener nofollow\">04c Monitoreo evaluaci\u00f3n y seguimiento de los bavc para el predio particular \u201clas bayas\u201d de la ujed. Restauraci\u00f3n y conservaci\u00f3n<\/a><\/p>\n\n\n\n<p class=\"has-big-font-size\"><a href=\"http:\/\/forestales.ujed.mx\/web\/wp-content\/uploads\/2024\/09\/05-MONITOREO-SOCIO-ECONOM-ACTUALIZADO-Las-Bayas-UJED-h.pdf\" data-type=\"link\" data-id=\"http:\/\/forestales.ujed.mx\/web\/wp-content\/uploads\/2024\/09\/05-MONITOREO-SOCIO-ECONOM-ACTUALIZADO-Las-Bayas-UJED-h.pdf\" target=\"_blank\" rel=\"noreferrer noopener nofollow\">05 Monitoreo de los an\u00e1lisis socioecon\u00f3micos, y an\u00e1lisis financieros de los aprovechamientos forestales del programa de manejo forestal 2018 &#8211; 2025<\/a><\/p>\n\n\n\n<p class=\"has-big-font-size\"><a href=\"http:\/\/forestales.ujed.mx\/web\/wp-content\/uploads\/2024\/09\/06-MONITOREO-Y-METODOLOGIA-QUEJAS-y-SUGERENCIAS.pdf\" data-type=\"link\" data-id=\"http:\/\/forestales.ujed.mx\/web\/wp-content\/uploads\/2024\/09\/06-MONITOREO-Y-METODOLOGIA-QUEJAS-y-SUGERENCIAS.pdf\" target=\"_blank\" rel=\"noreferrer noopener nofollow\">06 Monitoreo y resolucion de quejas y sugerencias por acoso\/discriminaci\u00f3n y controversias.<\/a><\/p>\n\n\n\n<p class=\"has-big-font-size\"><a href=\"http:\/\/forestales.ujed.mx\/web\/wp-content\/uploads\/2024\/09\/07-MONITOREO-FORESTAL-2022-PREDIO-LAS-BAYAS-indices.pdf\" data-type=\"link\" data-id=\"http:\/\/forestales.ujed.mx\/web\/wp-content\/uploads\/2024\/09\/07-MONITOREO-FORESTAL-2022-PREDIO-LAS-BAYAS-indices.pdf\" target=\"_blank\" rel=\"noreferrer noopener nofollow\">07 Monitoreo forestal 2022 predio las bayas, \u00edndices<\/a><\/p>\n\n\n\n<p class=\"has-big-font-size\"><a href=\"http:\/\/forestales.ujed.mx\/web\/wp-content\/uploads\/2024\/09\/07a-MONITOREO-FORESTAL-2022-PREDIO-LAS-BAYAS-estruc-y-compos.pdf\" data-type=\"link\" data-id=\"http:\/\/forestales.ujed.mx\/web\/wp-content\/uploads\/2024\/09\/07a-MONITOREO-FORESTAL-2022-PREDIO-LAS-BAYAS-estruc-y-compos.pdf\" target=\"_blank\" rel=\"noreferrer noopener nofollow\">07a Monitoreo forestal 2022 predio las bayas, estructura y composici\u00f3n<\/a><\/p>\n\n\n\n<p class=\"has-big-font-size\"><a href=\"http:\/\/forestales.ujed.mx\/web\/wp-content\/uploads\/2024\/09\/07b-MONITOREO-FORESTAL-2022-PREDIO-LAS-BAYAS-GUIA.pdf\" data-type=\"link\" data-id=\"http:\/\/forestales.ujed.mx\/web\/wp-content\/uploads\/2024\/09\/07b-MONITOREO-FORESTAL-2022-PREDIO-LAS-BAYAS-GUIA.pdf\" target=\"_blank\" rel=\"noreferrer noopener nofollow\">07b Monitoreo forestal 2022 predio las bayas, guia<\/a><\/p>\n\n\n\n<p><a href=\"http:\/\/forestales.ujed.mx\/web\/wp-content\/uploads\/2024\/09\/07c-MONITOREO-FORESTAL-2023-PREDIO-LAS-BAYAS-volumenes.pdf\" target=\"_blank\" rel=\"noreferrer noopener nofollow\">07c Monitoreo forestal 2023 predio las bayas, vol\u00famenes<\/a><\/p>\n\n\n\n<p class=\"has-big-font-size\"><a href=\"http:\/\/forestales.ujed.mx\/web\/wp-content\/uploads\/2024\/09\/08-CUADRO-EVALUACION-DE-POSIBLES-IMPACTOS-NEGATIVOS-POR-DESASTRES-NATURALES.pdf\" data-type=\"link\" data-id=\"http:\/\/forestales.ujed.mx\/web\/wp-content\/uploads\/2024\/09\/08-CUADRO-EVALUACION-DE-POSIBLES-IMPACTOS-NEGATIVOS-POR-DESASTRES-NATURALES.pdf\" target=\"_blank\" rel=\"noreferrer noopener nofollow\">08 Evaluaci\u00f3n de los potenciales impactos negativos de los desastres naturales en la infraestructura, los recursos forestales y las comunidades de la unidad de manejo.<\/a><\/p>\n\n\n\n<p class=\"has-big-font-size\"><a href=\"http:\/\/forestales.ujed.mx\/web\/wp-content\/uploads\/2024\/09\/09-RESUMEN-DE-LA-CAPACITACION-A-MONTEROS-EN-INCENDIOS-LAS-BAYAS.pdf\" target=\"_blank\" rel=\"noreferrer noopener nofollow\">09 Resumen de la capacitaci\u00f3n a monteros en incendios las bayas<\/a><\/p>\n\n\n\n<p><a href=\"http:\/\/forestales.ujed.mx\/web\/wp-content\/uploads\/2024\/09\/09a-RESUMEN-DE-LA-CAPACITACION-A-MONTEROS-EN-INCENDIOS-LAS-BAYAS-Consts.pdf\" data-type=\"link\" data-id=\"http:\/\/forestales.ujed.mx\/web\/wp-content\/uploads\/2024\/09\/09a-RESUMEN-DE-LA-CAPACITACION-A-MONTEROS-EN-INCENDIOS-LAS-BAYAS-Consts.pdf\" target=\"_blank\" rel=\"noreferrer noopener nofollow\">09a Resumen de la capacitaci\u00f3n a monteros en incendios las bayas, constancias<\/a>s.pdf<\/p>\n\n\n\n<p class=\"has-big-font-size\"><a href=\"http:\/\/forestales.ujed.mx\/web\/wp-content\/uploads\/2024\/09\/10-RESUMEN-DE-LA-CAPACITACION-A-MONTEROS-EN-TRATAMIENTOS-SILVICOLAS-LAS-BAYAS.pdf\" data-type=\"link\" data-id=\"http:\/\/forestales.ujed.mx\/web\/wp-content\/uploads\/2024\/09\/10-RESUMEN-DE-LA-CAPACITACION-A-MONTEROS-EN-TRATAMIENTOS-SILVICOLAS-LAS-BAYAS.pdf\" target=\"_blank\" rel=\"noreferrer noopener nofollow\">10 Resumen de la capacitaci\u00f3n a monteros en tratamientos silvicolas las bayas<\/a><\/p>\n\n\n\n<p class=\"has-big-font-size\"><a href=\"http:\/\/forestales.ujed.mx\/web\/wp-content\/uploads\/2024\/09\/10a-RESUMEN-DE-LA-CAPACITACION-A-MONTEROS-EN-TRATAMIENTOS-SILVICOLAS-LAS-BAYAS-Consts.pdf\" data-type=\"link\" data-id=\"http:\/\/forestales.ujed.mx\/web\/wp-content\/uploads\/2024\/09\/10a-RESUMEN-DE-LA-CAPACITACION-A-MONTEROS-EN-TRATAMIENTOS-SILVICOLAS-LAS-BAYAS-Consts.pdf\" target=\"_blank\" rel=\"noreferrer noopener nofollow\">10a Resumen de la capacitaci\u00f3n a monteros en tratamientos silvicolas las bayas, constancias<\/a><\/p>\n\n\n\n<p><a href=\"http:\/\/forestales.ujed.mx\/web\/wp-content\/uploads\/2024\/09\/11-RESUMEN-DE-LA-CAPACITACION-A-MONTEROS-EN-PRIMEROS-AUXILIOS-LAS-BAYAS-1.pdf\" data-type=\"link\" data-id=\"http:\/\/forestales.ujed.mx\/web\/wp-content\/uploads\/2024\/09\/11-RESUMEN-DE-LA-CAPACITACION-A-MONTEROS-EN-PRIMEROS-AUXILIOS-LAS-BAYAS-1.pdf\" target=\"_blank\" rel=\"noreferrer noopener nofollow\">11 &#8211; Resumen de la capacitaci\u00f3n a monteros en primeros auxilios las bayas<\/a><\/p>\n\n\n\n<p class=\"has-big-font-size\"><a href=\"http:\/\/forestales.ujed.mx\/web\/wp-content\/uploads\/2024\/09\/11a-RESUMEN-DE-LA-CAPACITACION-A-MONTEROS-EN-PRIMEROS-AUXILIOS-LAS-BAYAS_lista-de-asist.pdf\" data-type=\"link\" data-id=\"http:\/\/forestales.ujed.mx\/web\/wp-content\/uploads\/2024\/09\/11a-RESUMEN-DE-LA-CAPACITACION-A-MONTEROS-EN-PRIMEROS-AUXILIOS-LAS-BAYAS_lista-de-asist.pdf\" target=\"_blank\" rel=\"noreferrer noopener nofollow\">11a &#8211; Resumen de la capacitaci\u00f3n a monteros en primeros auxilios las bayas, lista de asistencia<\/a><\/p>\n\n\n\n<p class=\"has-big-font-size\"><a href=\"http:\/\/forestales.ujed.mx\/web\/wp-content\/uploads\/2024\/09\/PMF-Las-Bayas-M.-Avendano-Abr-2022_11a_D_T_y_L_C_PP_LAS-BAYAS-DE-LA-UJED.pdf\" data-type=\"link\" data-id=\"http:\/\/forestales.ujed.mx\/web\/wp-content\/uploads\/2024\/09\/PMF-Las-Bayas-M.-Avendano-Abr-2022_11a_D_T_y_L_C_PP_LAS-BAYAS-DE-LA-UJED.pdf\" target=\"_blank\" rel=\"noreferrer noopener nofollow\">Dictamen del Programa de Manejo Forestal<\/a><\/p>\n\n\n\n<p class=\"has-big-font-size\"><\/p>\n\n\n\n<figure data-wp-context=\"{&quot;imageId&quot;:&quot;69d09e7e813bb&quot;}\" data-wp-interactive=\"core\/image\" data-wp-key=\"69d09e7e813bb\" class=\"wp-block-image aligncenter size-large is-resized wp-lightbox-container\"><img loading=\"lazy\" decoding=\"async\" width=\"791\" height=\"1024\" data-wp-class--hide=\"state.isContentHidden\" data-wp-class--show=\"state.isContentVisible\" data-wp-init=\"callbacks.setButtonStyles\" data-wp-on--click=\"actions.showLightbox\" data-wp-on--load=\"callbacks.setButtonStyles\" data-wp-on-window--resize=\"callbacks.setButtonStyles\" src=\"http:\/\/forestales.ujed.mx\/web\/wp-content\/uploads\/2024\/08\/PMF-Las-Bayas-M.-Avendano-Abr-2022_11a_PROP-FINAL_PLANO-1-AREAS-DE-CORTA_LAS_BAYAS_UJED_800px-1-791x1024.jpg\" alt=\"\" class=\"wp-image-1650\" style=\"width:602px;height:auto\" srcset=\"http:\/\/forestales.ujed.mx\/web\/wp-content\/uploads\/2024\/08\/PMF-Las-Bayas-M.-Avendano-Abr-2022_11a_PROP-FINAL_PLANO-1-AREAS-DE-CORTA_LAS_BAYAS_UJED_800px-1-791x1024.jpg 791w, http:\/\/forestales.ujed.mx\/web\/wp-content\/uploads\/2024\/08\/PMF-Las-Bayas-M.-Avendano-Abr-2022_11a_PROP-FINAL_PLANO-1-AREAS-DE-CORTA_LAS_BAYAS_UJED_800px-1-232x300.jpg 232w, http:\/\/forestales.ujed.mx\/web\/wp-content\/uploads\/2024\/08\/PMF-Las-Bayas-M.-Avendano-Abr-2022_11a_PROP-FINAL_PLANO-1-AREAS-DE-CORTA_LAS_BAYAS_UJED_800px-1-768x994.jpg 768w, http:\/\/forestales.ujed.mx\/web\/wp-content\/uploads\/2024\/08\/PMF-Las-Bayas-M.-Avendano-Abr-2022_11a_PROP-FINAL_PLANO-1-AREAS-DE-CORTA_LAS_BAYAS_UJED_800px-1.jpg 800w\" sizes=\"auto, (max-width: 791px) 100vw, 791px\" \/><button\n\t\t\tclass=\"lightbox-trigger\"\n\t\t\ttype=\"button\"\n\t\t\taria-haspopup=\"dialog\"\n\t\t\taria-label=\"Agrandar\"\n\t\t\tdata-wp-init=\"callbacks.initTriggerButton\"\n\t\t\tdata-wp-on--click=\"actions.showLightbox\"\n\t\t\tdata-wp-style--right=\"state.imageButtonRight\"\n\t\t\tdata-wp-style--top=\"state.imageButtonTop\"\n\t\t>\n\t\t\t<svg xmlns=\"http:\/\/www.w3.org\/2000\/svg\" width=\"12\" height=\"12\" fill=\"none\" viewBox=\"0 0 12 12\">\n\t\t\t\t<path fill=\"#fff\" d=\"M2 0a2 2 0 0 0-2 2v2h1.5V2a.5.5 0 0 1 .5-.5h2V0H2Zm2 10.5H2a.5.5 0 0 1-.5-.5V8H0v2a2 2 0 0 0 2 2h2v-1.5ZM8 12v-1.5h2a.5.5 0 0 0 .5-.5V8H12v2a2 2 0 0 1-2 2H8Zm2-12a2 2 0 0 1 2 2v2h-1.5V2a.5.5 0 0 0-.5-.5H8V0h2Z\" \/>\n\t\t\t<\/svg>\n\t\t<\/button><\/figure>\n\n\n\n<p>&nbsp;<\/p>\n<\/div>\n","protected":false},"excerpt":{"rendered":"<p>Bosque &#8220;Las Bayas&#8221; La Universidad Ju\u00e1rez del Estado de Durango, cuenta con un predio boscoso &#8220;Las Bayas&#8221; de 4721 has, donde los alumnos de la Facultad de Ciencias Forestales pueden realizar sus pr\u00e1cticas, y los profesores e investigadores pueden realizar investigaci\u00f3n cientifica. Dentro del predio se cuenta con una caba\u00f1a para los profesores e investigadores&#8230;<\/p>\n","protected":false},"author":2,"featured_media":0,"parent":0,"menu_order":0,"comment_status":"closed","ping_status":"closed","template":"","meta":{"footnotes":""},"class_list":["post-1645","page","type-page","status-publish","hentry"],"_links":{"self":[{"href":"http:\/\/forestales.ujed.mx\/web\/wp-json\/wp\/v2\/pages\/1645","targetHints":{"allow":["GET"]}}],"collection":[{"href":"http:\/\/forestales.ujed.mx\/web\/wp-json\/wp\/v2\/pages"}],"about":[{"href":"http:\/\/forestales.ujed.mx\/web\/wp-json\/wp\/v2\/types\/page"}],"author":[{"embeddable":true,"href":"http:\/\/forestales.ujed.mx\/web\/wp-json\/wp\/v2\/users\/2"}],"replies":[{"embeddable":true,"href":"http:\/\/forestales.ujed.mx\/web\/wp-json\/wp\/v2\/comments?post=1645"}],"version-history":[{"count":10,"href":"http:\/\/forestales.ujed.mx\/web\/wp-json\/wp\/v2\/pages\/1645\/revisions"}],"predecessor-version":[{"id":1956,"href":"http:\/\/forestales.ujed.mx\/web\/wp-json\/wp\/v2\/pages\/1645\/revisions\/1956"}],"wp:attachment":[{"href":"http:\/\/forestales.ujed.mx\/web\/wp-json\/wp\/v2\/media?parent=1645"}],"curies":[{"name":"wp","href":"https:\/\/api.w.org\/{rel}","templated":true}]}}