{"id":1976,"date":"2024-10-04T21:33:32","date_gmt":"2024-10-04T21:33:32","guid":{"rendered":"http:\/\/forestales.ujed.mx\/web\/?page_id=1976"},"modified":"2024-10-07T23:41:58","modified_gmt":"2024-10-07T23:41:58","slug":"estancias-de-movilidad","status":"publish","type":"page","link":"http:\/\/forestales.ujed.mx\/web\/estancias-de-movilidad\/","title":{"rendered":"Estancias de Movilidad"},"content":{"rendered":"\n<p class=\"has-text-align-center has-x-large-font-size\"><span style=\"color: #000080;\"><strong>Estancias de Movilidad-FCFA<\/strong><\/span><\/p>\n\n\n\n<p>&nbsp;<\/p>\n\n\n\n<figure data-wp-context=\"{&quot;imageId&quot;:&quot;69d9b7c8a127f&quot;}\" data-wp-interactive=\"core\/image\" data-wp-key=\"69d9b7c8a127f\" class=\"wp-block-image aligncenter wp-lightbox-container\"><img loading=\"lazy\" decoding=\"async\" width=\"300\" height=\"281\" data-wp-class--hide=\"state.isContentHidden\" data-wp-class--show=\"state.isContentVisible\" data-wp-init=\"callbacks.setButtonStyles\" data-wp-on--click=\"actions.showLightbox\" data-wp-on--load=\"callbacks.setButtonStyles\" data-wp-on-window--resize=\"callbacks.setButtonStyles\" src=\"http:\/\/forestales.ujed.mx\/web\/wp-content\/uploads\/2024\/10\/532f5bad-822c-43d1-b24b-68c4c2f189e8-3-300x281.png\" alt=\"\" class=\"wp-image-1995\" srcset=\"http:\/\/forestales.ujed.mx\/web\/wp-content\/uploads\/2024\/10\/532f5bad-822c-43d1-b24b-68c4c2f189e8-3-300x281.png 300w, http:\/\/forestales.ujed.mx\/web\/wp-content\/uploads\/2024\/10\/532f5bad-822c-43d1-b24b-68c4c2f189e8-3-1024x958.png 1024w, http:\/\/forestales.ujed.mx\/web\/wp-content\/uploads\/2024\/10\/532f5bad-822c-43d1-b24b-68c4c2f189e8-3-768x718.png 768w, http:\/\/forestales.ujed.mx\/web\/wp-content\/uploads\/2024\/10\/532f5bad-822c-43d1-b24b-68c4c2f189e8-3.png 1080w\" sizes=\"auto, (max-width: 300px) 100vw, 300px\" \/><button\n\t\t\tclass=\"lightbox-trigger\"\n\t\t\ttype=\"button\"\n\t\t\taria-haspopup=\"dialog\"\n\t\t\taria-label=\"Agrandar\"\n\t\t\tdata-wp-init=\"callbacks.initTriggerButton\"\n\t\t\tdata-wp-on--click=\"actions.showLightbox\"\n\t\t\tdata-wp-style--right=\"state.imageButtonRight\"\n\t\t\tdata-wp-style--top=\"state.imageButtonTop\"\n\t\t>\n\t\t\t<svg xmlns=\"http:\/\/www.w3.org\/2000\/svg\" width=\"12\" height=\"12\" fill=\"none\" viewBox=\"0 0 12 12\">\n\t\t\t\t<path fill=\"#fff\" d=\"M2 0a2 2 0 0 0-2 2v2h1.5V2a.5.5 0 0 1 .5-.5h2V0H2Zm2 10.5H2a.5.5 0 0 1-.5-.5V8H0v2a2 2 0 0 0 2 2h2v-1.5ZM8 12v-1.5h2a.5.5 0 0 0 .5-.5V8H12v2a2 2 0 0 1-2 2H8Zm2-12a2 2 0 0 1 2 2v2h-1.5V2a.5.5 0 0 0-.5-.5H8V0h2Z\" \/>\n\t\t\t<\/svg>\n\t\t<\/button><\/figure>\n\n\n\n<p><\/p>\n\n\n\n<p>&nbsp;<\/p>\n\n\n\n<p>&nbsp;<\/p>\n\n\n\n<div class=\"wp-block-group is-layout-constrained wp-block-group-is-layout-constrained\">\n<p class=\"has-text-align-center has-large-font-size\">La movilidad es la posibilidad de cursar un periodo de estudios en una instituci\u00f3n nacional o extranjera, con la cual exista un convenio establecido. La movilidad implica tu incorporaci\u00f3n como estudiante en otra instituci\u00f3n, sin perder tus derechos como alumno.<\/p>\n\n\n\n<p class=\"has-text-align-center has-large-font-size\">El concepto de Movilidad Estudiantil se refiere, esencialmente a un proceso dise\u00f1ado para facilitar la estancia de los alumnos en otras instituciones de educaci\u00f3n superior de M\u00e9xico y el extranjero, con el objeto de cubrir un determinado n\u00famero de cr\u00e9ditos, ya sea cursando asignaturas aisladas, un semestre completos o para que realicen pr\u00e1cticas profesionales, de laboratorio, y aun que participen en proyectos de investigaci\u00f3n, todo en el marco de las disposiciones y normas de la instituci\u00f3n de origen y la del destino.<\/p>\n\n\n\n<p class=\"has-text-align-center has-large-font-size\"><br>Esta modalidad tiene la ventaja inmediata de dar a los alumnos una visi\u00f3n m\u00e1s amplia de su horizonte profesional, y representa una gran oportunidad de enriquecer su perfil profesional al egresar.<\/p>\n\n\n\n<p><\/p>\n\n\n\n<p><\/p>\n\n\n\n<p class=\"has-large-font-size\"><\/p>\n<\/div>\n\n\n\n<div class=\"wp-block-group is-content-justification-center is-nowrap is-layout-flex wp-container-core-group-is-layout-df27bb41 wp-block-group-is-layout-flex\">\n<figure data-wp-context=\"{&quot;imageId&quot;:&quot;69d9b7c8a1966&quot;}\" data-wp-interactive=\"core\/image\" data-wp-key=\"69d9b7c8a1966\" class=\"wp-block-image size-full is-resized wp-lightbox-container\"><img loading=\"lazy\" decoding=\"async\" width=\"640\" height=\"640\" data-wp-class--hide=\"state.isContentHidden\" data-wp-class--show=\"state.isContentVisible\" data-wp-init=\"callbacks.setButtonStyles\" data-wp-on--click=\"actions.showLightbox\" data-wp-on--load=\"callbacks.setButtonStyles\" data-wp-on-window--resize=\"callbacks.setButtonStyles\" src=\"http:\/\/forestales.ujed.mx\/web\/wp-content\/uploads\/2024\/10\/7740503.gif\" alt=\"\" class=\"wp-image-2011\" style=\"width:115px;height:auto\"\/><button\n\t\t\tclass=\"lightbox-trigger\"\n\t\t\ttype=\"button\"\n\t\t\taria-haspopup=\"dialog\"\n\t\t\taria-label=\"Agrandar\"\n\t\t\tdata-wp-init=\"callbacks.initTriggerButton\"\n\t\t\tdata-wp-on--click=\"actions.showLightbox\"\n\t\t\tdata-wp-style--right=\"state.imageButtonRight\"\n\t\t\tdata-wp-style--top=\"state.imageButtonTop\"\n\t\t>\n\t\t\t<svg xmlns=\"http:\/\/www.w3.org\/2000\/svg\" width=\"12\" height=\"12\" fill=\"none\" viewBox=\"0 0 12 12\">\n\t\t\t\t<path fill=\"#fff\" d=\"M2 0a2 2 0 0 0-2 2v2h1.5V2a.5.5 0 0 1 .5-.5h2V0H2Zm2 10.5H2a.5.5 0 0 1-.5-.5V8H0v2a2 2 0 0 0 2 2h2v-1.5ZM8 12v-1.5h2a.5.5 0 0 0 .5-.5V8H12v2a2 2 0 0 1-2 2H8Zm2-12a2 2 0 0 1 2 2v2h-1.5V2a.5.5 0 0 0-.5-.5H8V0h2Z\" \/>\n\t\t\t<\/svg>\n\t\t<\/button><\/figure>\n\n\n\n<div class=\"wp-block-group is-layout-constrained wp-block-group-is-layout-constrained\">\n<figure class=\"wp-block-table aligncenter has-large-font-size\"><table class=\"has-text-color has-link-color has-fixed-layout\" style=\"color:#252583\"><thead><tr><th class=\"has-text-align-center\" data-align=\"center\">Para mas informes haz clic aqui<\/th><\/tr><\/thead><tbody><tr><td class=\"has-text-align-center\" data-align=\"center\"><a href=\"http:\/\/forestales.ujed.mx\/web\/wp-content\/uploads\/2024\/10\/MOVILIDAD-ESTUDIANTIL-2024-1.pdf\" data-type=\"link\" data-id=\"http:\/\/forestales.ujed.mx\/web\/wp-content\/uploads\/2024\/10\/MOVILIDAD-ESTUDIANTIL-2024-1.pdf\" target=\"_blank\" rel=\"noreferrer noopener nofollow\"><strong>MOVILIDAD<\/strong><\/a><\/td><\/tr><\/tbody><\/table><\/figure>\n<\/div>\n<\/div>\n\n\n\n<p><\/p>\n","protected":false},"excerpt":{"rendered":"<p>Estancias de Movilidad-FCFA &nbsp; &nbsp; &nbsp; La movilidad es la posibilidad de cursar un periodo de estudios en una instituci\u00f3n nacional o extranjera, con la cual exista un convenio establecido. La movilidad implica tu incorporaci\u00f3n como estudiante en otra instituci\u00f3n, sin perder tus derechos como alumno. El concepto de Movilidad Estudiantil se refiere, esencialmente a&#8230;<\/p>\n","protected":false},"author":2,"featured_media":0,"parent":0,"menu_order":0,"comment_status":"closed","ping_status":"closed","template":"","meta":{"footnotes":""},"class_list":["post-1976","page","type-page","status-publish","hentry"],"_links":{"self":[{"href":"http:\/\/forestales.ujed.mx\/web\/wp-json\/wp\/v2\/pages\/1976","targetHints":{"allow":["GET"]}}],"collection":[{"href":"http:\/\/forestales.ujed.mx\/web\/wp-json\/wp\/v2\/pages"}],"about":[{"href":"http:\/\/forestales.ujed.mx\/web\/wp-json\/wp\/v2\/types\/page"}],"author":[{"embeddable":true,"href":"http:\/\/forestales.ujed.mx\/web\/wp-json\/wp\/v2\/users\/2"}],"replies":[{"embeddable":true,"href":"http:\/\/forestales.ujed.mx\/web\/wp-json\/wp\/v2\/comments?post=1976"}],"version-history":[{"count":15,"href":"http:\/\/forestales.ujed.mx\/web\/wp-json\/wp\/v2\/pages\/1976\/revisions"}],"predecessor-version":[{"id":2018,"href":"http:\/\/forestales.ujed.mx\/web\/wp-json\/wp\/v2\/pages\/1976\/revisions\/2018"}],"wp:attachment":[{"href":"http:\/\/forestales.ujed.mx\/web\/wp-json\/wp\/v2\/media?parent=1976"}],"curies":[{"name":"wp","href":"https:\/\/api.w.org\/{rel}","templated":true}]}}