{"id":2301,"date":"2026-03-23T04:39:06","date_gmt":"2026-03-23T04:39:06","guid":{"rendered":"https:\/\/forestales.ujed.mx\/web\/?page_id=2301"},"modified":"2026-04-05T03:07:13","modified_gmt":"2026-04-05T03:07:13","slug":"coordinaciones","status":"publish","type":"page","link":"http:\/\/forestales.ujed.mx\/web\/coordinaciones\/","title":{"rendered":"Coordinaciones"},"content":{"rendered":"\n<div class=\"wp-block-group is-layout-grid wp-container-core-group-is-layout-478b6e6b wp-block-group-is-layout-grid\"><\/div>\n\n\n\n<div class=\"wp-block-group is-layout-constrained wp-block-group-is-layout-constrained\">\n<figure class=\"wp-block-table aligncenter\"><table class=\"has-fixed-layout\"><tbody><tr><td class=\"has-text-align-center\" data-align=\"center\"><\/td><td class=\"has-text-align-center\" data-align=\"center\"><strong>Coordinaci\u00f3n<\/strong><\/td><td class=\"has-text-align-center\" data-align=\"center\"><strong>Responsable<\/strong><\/td><td class=\"has-text-align-center\" data-align=\"center\"><strong>Contacto<\/strong><\/td><td class=\"has-text-align-center\" data-align=\"center\"><strong>Canales que Administra<\/strong><\/td><\/tr><tr><td class=\"has-text-align-center\" data-align=\"center\"><img loading=\"lazy\" decoding=\"async\" width=\"999\" height=\"999\" class=\"wp-image-2364\" style=\"width: 999px;\" src=\"http:\/\/forestales.ujed.mx\/web\/wp-content\/uploads\/2026\/03\/REDES-SOCIALES.png\" alt=\"\" srcset=\"http:\/\/forestales.ujed.mx\/web\/wp-content\/uploads\/2026\/03\/REDES-SOCIALES.png 1024w, http:\/\/forestales.ujed.mx\/web\/wp-content\/uploads\/2026\/03\/REDES-SOCIALES-300x300.png 300w, http:\/\/forestales.ujed.mx\/web\/wp-content\/uploads\/2026\/03\/REDES-SOCIALES-150x150.png 150w, http:\/\/forestales.ujed.mx\/web\/wp-content\/uploads\/2026\/03\/REDES-SOCIALES-768x768.png 768w\" sizes=\"auto, (max-width: 999px) 100vw, 999px\" \/><\/td><td class=\"has-text-align-center\" data-align=\"center\">Comunicaci\u00f3n Digital<\/td><td class=\"has-text-align-center\" data-align=\"center\">M.C. Laura Araceli  Lira Tuero<\/td><td class=\"has-text-align-center\" data-align=\"center\">laura.lira@ujed.mx<\/td><td class=\"has-text-align-center\" data-align=\"center\">Facebook, IG, TikTok, X, Web<\/td><\/tr><tr><td class=\"has-text-align-center\" data-align=\"center\"><img loading=\"lazy\" decoding=\"async\" width=\"998\" height=\"544\" class=\"wp-image-2366\" style=\"width: 998px;\" src=\"http:\/\/forestales.ujed.mx\/web\/wp-content\/uploads\/2026\/03\/SERVICIO-SOCIAL-1.png\" alt=\"\" srcset=\"http:\/\/forestales.ujed.mx\/web\/wp-content\/uploads\/2026\/03\/SERVICIO-SOCIAL-1.png 1408w, http:\/\/forestales.ujed.mx\/web\/wp-content\/uploads\/2026\/03\/SERVICIO-SOCIAL-1-300x164.png 300w, http:\/\/forestales.ujed.mx\/web\/wp-content\/uploads\/2026\/03\/SERVICIO-SOCIAL-1-1024x559.png 1024w, http:\/\/forestales.ujed.mx\/web\/wp-content\/uploads\/2026\/03\/SERVICIO-SOCIAL-1-768x419.png 768w\" sizes=\"auto, (max-width: 998px) 100vw, 998px\" \/><\/td><td class=\"has-text-align-center\" data-align=\"center\"> Servicio Social<\/td><td class=\"has-text-align-center\" data-align=\"center\">M.C. Aaron Israel Soto Garcia<\/td><td class=\"has-text-align-center\" data-align=\"center\">aaron.soto@ujed.mx<\/td><td class=\"has-text-align-center\" data-align=\"center\">Coordinar, Organizar y supervisar la correcta aplicaci\u00f3n del reglamento de servicio social<\/td><\/tr><tr><td class=\"has-text-align-center\" data-align=\"center\"><img loading=\"lazy\" decoding=\"async\" width=\"999\" height=\"545\" class=\"wp-image-2368\" style=\"width: 999px;\" src=\"http:\/\/forestales.ujed.mx\/web\/wp-content\/uploads\/2026\/03\/Gemini_Generated_Image_qv52ztqv52ztqv52.png\" alt=\"\" srcset=\"http:\/\/forestales.ujed.mx\/web\/wp-content\/uploads\/2026\/03\/Gemini_Generated_Image_qv52ztqv52ztqv52.png 1408w, http:\/\/forestales.ujed.mx\/web\/wp-content\/uploads\/2026\/03\/Gemini_Generated_Image_qv52ztqv52ztqv52-300x164.png 300w, http:\/\/forestales.ujed.mx\/web\/wp-content\/uploads\/2026\/03\/Gemini_Generated_Image_qv52ztqv52ztqv52-1024x559.png 1024w, http:\/\/forestales.ujed.mx\/web\/wp-content\/uploads\/2026\/03\/Gemini_Generated_Image_qv52ztqv52ztqv52-768x419.png 768w\" sizes=\"auto, (max-width: 999px) 100vw, 999px\" \/><\/td><td class=\"has-text-align-center\" data-align=\"center\">Coordinador de la Carrera de Ingenier\u00eda en Manejo Ambiental<\/td><td class=\"has-text-align-center\" data-align=\"center\">M.C. Aaron Israel Soto Garcia<\/td><td class=\"has-text-align-center\" data-align=\"center\">aaron.soto@ujed.mx<\/td><td class=\"has-text-align-center\" data-align=\"center\">Coordinar y supervisar las actividades relacionadas con el cumplimiento del programa educativo.<\/td><\/tr><tr><td class=\"has-text-align-center\" data-align=\"center\"><img loading=\"lazy\" decoding=\"async\" width=\"1500\" height=\"818\" class=\"wp-image-2369\" style=\"width: 1500px;\" src=\"http:\/\/forestales.ujed.mx\/web\/wp-content\/uploads\/2026\/03\/SALUDABLE.png\" alt=\"\" srcset=\"http:\/\/forestales.ujed.mx\/web\/wp-content\/uploads\/2026\/03\/SALUDABLE.png 1408w, http:\/\/forestales.ujed.mx\/web\/wp-content\/uploads\/2026\/03\/SALUDABLE-300x164.png 300w, http:\/\/forestales.ujed.mx\/web\/wp-content\/uploads\/2026\/03\/SALUDABLE-1024x559.png 1024w, http:\/\/forestales.ujed.mx\/web\/wp-content\/uploads\/2026\/03\/SALUDABLE-768x419.png 768w\" sizes=\"auto, (max-width: 1500px) 100vw, 1500px\" \/><\/td><td class=\"has-text-align-center\" data-align=\"center\">Coordinaci\u00f3n de Universidad Saludable<\/td><td class=\"has-text-align-center\" data-align=\"center\">M.A. Valeria Guadalupe Sol\u00eds Ibarra<\/td><td class=\"has-text-align-center\" data-align=\"center\"><a href=\"mailto:valeria.solis@ujed.mx\" target=\"_blank\" rel=\"noreferrer noopener\">valeria.solis@ujed.mx<\/a><\/td><td class=\"has-text-align-center\" data-align=\"center\"><br>Promover el bienestar integral mediante campa\u00f1as de salud, prevenci\u00f3n y educaci\u00f3n.<\/td><\/tr><tr><td class=\"has-text-align-center\" data-align=\"center\"><img loading=\"lazy\" decoding=\"async\" width=\"999\" height=\"545\" class=\"wp-image-2371\" style=\"width: 999px;\" src=\"http:\/\/forestales.ujed.mx\/web\/wp-content\/uploads\/2026\/03\/BIBLIOTECA-1.png\" alt=\"\" srcset=\"http:\/\/forestales.ujed.mx\/web\/wp-content\/uploads\/2026\/03\/BIBLIOTECA-1.png 1408w, http:\/\/forestales.ujed.mx\/web\/wp-content\/uploads\/2026\/03\/BIBLIOTECA-1-300x164.png 300w, http:\/\/forestales.ujed.mx\/web\/wp-content\/uploads\/2026\/03\/BIBLIOTECA-1-1024x559.png 1024w, http:\/\/forestales.ujed.mx\/web\/wp-content\/uploads\/2026\/03\/BIBLIOTECA-1-768x419.png 768w\" sizes=\"auto, (max-width: 999px) 100vw, 999px\" \/><\/td><td class=\"has-text-align-center\" data-align=\"center\">Coordinaci\u00f3n de Biblioteca<\/td><td class=\"has-text-align-center\" data-align=\"center\">M.A. Valeria Guadalupe Sol\u00eds Ibarra<\/td><td class=\"has-text-align-center\" data-align=\"center\"><a href=\"mailto:valeria.solis@ujed.mx\" target=\"_blank\" rel=\"noreferrer noopener\">valeria.solis@ujed.mx<\/a><\/td><td class=\"has-text-align-center\" data-align=\"center\">Brindar atenci\u00f3n a usuarios y facilitar el acceso a materiales bibliogr\u00e1ficos y digitales; Promover el uso adecuado de la informaci\u00f3n y el fortalecimiento de los servicios bibliotecarios. Mantener actualizada la informaci\u00f3n estad\u00edstica de los servicios brindados, elaborando el informe mensual que es enviado a la direcci\u00f3n de bibliotecas.&nbsp;<\/td><\/tr><tr><td class=\"has-text-align-center\" data-align=\"center\"><img loading=\"lazy\" decoding=\"async\" width=\"999\" height=\"545\" class=\"wp-image-2373\" style=\"width: 999px;\" src=\"http:\/\/forestales.ujed.mx\/web\/wp-content\/uploads\/2026\/03\/EDUCACION-VIRTUAL.png\" alt=\"\" srcset=\"http:\/\/forestales.ujed.mx\/web\/wp-content\/uploads\/2026\/03\/EDUCACION-VIRTUAL.png 1408w, http:\/\/forestales.ujed.mx\/web\/wp-content\/uploads\/2026\/03\/EDUCACION-VIRTUAL-300x164.png 300w, http:\/\/forestales.ujed.mx\/web\/wp-content\/uploads\/2026\/03\/EDUCACION-VIRTUAL-1024x559.png 1024w, http:\/\/forestales.ujed.mx\/web\/wp-content\/uploads\/2026\/03\/EDUCACION-VIRTUAL-768x419.png 768w\" sizes=\"auto, (max-width: 999px) 100vw, 999px\" \/><\/td><td class=\"has-text-align-center\" data-align=\"center\">Educaci\u00f3n Virtual y a Distancia<\/td><td class=\"has-text-align-center\" data-align=\"center\">Dra. Yadira Ib\u00e1\u00f1ez Rodr\u00edguez<\/td><td class=\"has-text-align-center\" data-align=\"center\">yadira.ibanez@ujed.mx<\/td><td class=\"has-text-align-center\" data-align=\"center\">forestales.ujed.mx\/virtual2022<\/td><\/tr><tr><td class=\"has-text-align-center\" data-align=\"center\"><img loading=\"lazy\" decoding=\"async\" width=\"999\" height=\"545\" class=\"wp-image-2375\" style=\"width: 999px;\" src=\"http:\/\/forestales.ujed.mx\/web\/wp-content\/uploads\/2026\/03\/LABORATORIO.png\" alt=\"\" srcset=\"http:\/\/forestales.ujed.mx\/web\/wp-content\/uploads\/2026\/03\/LABORATORIO.png 1408w, http:\/\/forestales.ujed.mx\/web\/wp-content\/uploads\/2026\/03\/LABORATORIO-300x164.png 300w, http:\/\/forestales.ujed.mx\/web\/wp-content\/uploads\/2026\/03\/LABORATORIO-1024x559.png 1024w, http:\/\/forestales.ujed.mx\/web\/wp-content\/uploads\/2026\/03\/LABORATORIO-768x419.png 768w\" sizes=\"auto, (max-width: 999px) 100vw, 999px\" \/><\/td><td class=\"has-text-align-center\" data-align=\"center\">Coordinaci\u00f3n de Laboratorio <\/td><td class=\"has-text-align-center\" data-align=\"center\">M.C. Oscar Fabi\u00e1n Aguirre Cordova<\/td><td class=\"has-text-align-center\" data-align=\"center\">fabian.cordova@ujed.mx<\/td><td class=\"has-text-align-center\" data-align=\"center\">Brindar atenci\u00f3n en la programaci\u00f3n y correcta realizaci\u00f3n de las pr\u00e1cticas, as\u00ed como de adquirir insumos y cuidado del equipo de laboratorio<\/td><\/tr><tr><td class=\"has-text-align-center\" data-align=\"center\"><img loading=\"lazy\" decoding=\"async\" width=\"999\" height=\"545\" class=\"wp-image-2378\" style=\"width: 999px;\" src=\"http:\/\/forestales.ujed.mx\/web\/wp-content\/uploads\/2026\/03\/TUTORIAS-1.png\" alt=\"\" srcset=\"http:\/\/forestales.ujed.mx\/web\/wp-content\/uploads\/2026\/03\/TUTORIAS-1.png 1408w, http:\/\/forestales.ujed.mx\/web\/wp-content\/uploads\/2026\/03\/TUTORIAS-1-300x164.png 300w, http:\/\/forestales.ujed.mx\/web\/wp-content\/uploads\/2026\/03\/TUTORIAS-1-1024x559.png 1024w, http:\/\/forestales.ujed.mx\/web\/wp-content\/uploads\/2026\/03\/TUTORIAS-1-768x419.png 768w\" sizes=\"auto, (max-width: 999px) 100vw, 999px\" \/><\/td><td class=\"has-text-align-center\" data-align=\"center\">Coordinaci\u00f3n de Tutorias Acad\u00e9micas<\/td><td class=\"has-text-align-center\" data-align=\"center\"> L.T.C.H. Silvia Angelica Casta\u00f1eda Espinoza<\/td><td class=\"has-text-align-center\" data-align=\"center\">turias.fcfa@ujed.mc<\/td><td class=\"has-text-align-center\" data-align=\"center\">Asignaci\u00f3n de tutores grupales, individuales, canalizaciones al \u00e1rea psicol\u00f3gica.<\/td><\/tr><tr><td class=\"has-text-align-center\" data-align=\"center\"><img loading=\"lazy\" decoding=\"async\" width=\"999\" height=\"545\" class=\"wp-image-2380\" style=\"width: 999px;\" src=\"http:\/\/forestales.ujed.mx\/web\/wp-content\/uploads\/2026\/03\/SEGUIMIENTO-DE-EGRESADOS.png\" alt=\"\" srcset=\"http:\/\/forestales.ujed.mx\/web\/wp-content\/uploads\/2026\/03\/SEGUIMIENTO-DE-EGRESADOS.png 1408w, http:\/\/forestales.ujed.mx\/web\/wp-content\/uploads\/2026\/03\/SEGUIMIENTO-DE-EGRESADOS-300x164.png 300w, http:\/\/forestales.ujed.mx\/web\/wp-content\/uploads\/2026\/03\/SEGUIMIENTO-DE-EGRESADOS-1024x559.png 1024w, http:\/\/forestales.ujed.mx\/web\/wp-content\/uploads\/2026\/03\/SEGUIMIENTO-DE-EGRESADOS-768x419.png 768w\" sizes=\"auto, (max-width: 999px) 100vw, 999px\" \/><\/td><td class=\"has-text-align-center\" data-align=\"center\">Coordinador de Seguimiento de Egresados.<\/td><td class=\"has-text-align-center\" data-align=\"center\">M.E. Arturo Gamaliel Orozco Chavira<\/td><td class=\"has-text-align-center\" data-align=\"center\">arturo.orozco@ujed.mx egresadosfcf@ujed.mx<\/td><td class=\"has-text-align-center\" data-align=\"center\">Coordinar las acciones que permitan dar seguimiento a los egresados de la FCFA, manteniendo la informaci\u00f3n pertinente del propio egresado.<\/td><\/tr><tr><td class=\"has-text-align-center\" data-align=\"center\"><img loading=\"lazy\" decoding=\"async\" width=\"999\" height=\"545\" class=\"wp-image-2382\" style=\"width: 999px;\" src=\"http:\/\/forestales.ujed.mx\/web\/wp-content\/uploads\/2026\/03\/Gemini_Generated_Image_om46ztom46ztom46.png\" alt=\"\" srcset=\"http:\/\/forestales.ujed.mx\/web\/wp-content\/uploads\/2026\/03\/Gemini_Generated_Image_om46ztom46ztom46.png 1408w, http:\/\/forestales.ujed.mx\/web\/wp-content\/uploads\/2026\/03\/Gemini_Generated_Image_om46ztom46ztom46-300x164.png 300w, http:\/\/forestales.ujed.mx\/web\/wp-content\/uploads\/2026\/03\/Gemini_Generated_Image_om46ztom46ztom46-1024x559.png 1024w, http:\/\/forestales.ujed.mx\/web\/wp-content\/uploads\/2026\/03\/Gemini_Generated_Image_om46ztom46ztom46-768x419.png 768w\" sizes=\"auto, (max-width: 999px) 100vw, 999px\" \/><\/td><td class=\"has-text-align-center\" data-align=\"center\">Coordinaci\u00f3n de Ingenier\u00eda Forestal<\/td><td class=\"has-text-align-center\" data-align=\"center\">M.C. Celina Palacios Mendoza<\/td><td class=\"has-text-align-center\" data-align=\"center\">celina.placios@ujed.mx<\/td><td class=\"has-text-align-center\" data-align=\"center\">Apoyo a la Secretar\u00eda Acad\u00e9mica en cuanto a necesidades acad\u00e9mico-administrativas de los estudiantes de Ingenier\u00eda Forestal<\/td><\/tr><tr><td class=\"has-text-align-center\" data-align=\"center\"><img loading=\"lazy\" decoding=\"async\" width=\"999\" height=\"545\" class=\"wp-image-2384\" style=\"width: 999px;\" src=\"http:\/\/forestales.ujed.mx\/web\/wp-content\/uploads\/2026\/03\/Gemini_Generated_Image_qe3t85qe3t85qe3t.png\" alt=\"\" srcset=\"http:\/\/forestales.ujed.mx\/web\/wp-content\/uploads\/2026\/03\/Gemini_Generated_Image_qe3t85qe3t85qe3t.png 1408w, http:\/\/forestales.ujed.mx\/web\/wp-content\/uploads\/2026\/03\/Gemini_Generated_Image_qe3t85qe3t85qe3t-300x164.png 300w, http:\/\/forestales.ujed.mx\/web\/wp-content\/uploads\/2026\/03\/Gemini_Generated_Image_qe3t85qe3t85qe3t-1024x559.png 1024w, http:\/\/forestales.ujed.mx\/web\/wp-content\/uploads\/2026\/03\/Gemini_Generated_Image_qe3t85qe3t85qe3t-768x419.png 768w\" sizes=\"auto, (max-width: 999px) 100vw, 999px\" \/><\/td><td class=\"has-text-align-center\" data-align=\"center\">Departamento de Planeaci\u00f3n y Evaluaci\u00f3n<\/td><td class=\"has-text-align-center\" data-align=\"center\">M.C. Hilda Lorena \u00c1vila M\u00e1rquez<\/td><td class=\"has-text-align-center\" data-align=\"center\">lorena.avila@ujed.mx<\/td><td class=\"has-text-align-center\" data-align=\"center\">Planear, dirigir, controlar y supervisar actividades de desarrollo institucional, y de evaluaci\u00f3n.<\/td><\/tr><tr><td class=\"has-text-align-center\" data-align=\"center\"><img loading=\"lazy\" decoding=\"async\" width=\"999\" height=\"545\" class=\"wp-image-2385\" style=\"width: 999px;\" src=\"http:\/\/forestales.ujed.mx\/web\/wp-content\/uploads\/2026\/03\/Gemini_Generated_Image_b7u3nmb7u3nmb7u3.png\" alt=\"\" srcset=\"http:\/\/forestales.ujed.mx\/web\/wp-content\/uploads\/2026\/03\/Gemini_Generated_Image_b7u3nmb7u3nmb7u3.png 1408w, http:\/\/forestales.ujed.mx\/web\/wp-content\/uploads\/2026\/03\/Gemini_Generated_Image_b7u3nmb7u3nmb7u3-300x164.png 300w, http:\/\/forestales.ujed.mx\/web\/wp-content\/uploads\/2026\/03\/Gemini_Generated_Image_b7u3nmb7u3nmb7u3-1024x559.png 1024w, http:\/\/forestales.ujed.mx\/web\/wp-content\/uploads\/2026\/03\/Gemini_Generated_Image_b7u3nmb7u3nmb7u3-768x419.png 768w\" sizes=\"auto, (max-width: 999px) 100vw, 999px\" \/><\/td><td class=\"has-text-align-center\" data-align=\"center\">Departamento de Vinculaci\u00f3n<\/td><td class=\"has-text-align-center\" data-align=\"center\">M.C. Luis Antonio Hern\u00e1ndez Becerra<\/td><td class=\"has-text-align-center\" data-align=\"center\">vinculacion.fcfa@ujed.mx luisantonio.hernandez@ujed.mx<\/td><td class=\"has-text-align-center\" data-align=\"center\">Coordinar las actividades orientadas a vinculaci\u00f3n, a trav\u00e9s del seguimiento de convenios y acuerdos de cooperaci\u00f3n y mutuo apoyo, con los diversos sectores, p\u00fablicos, privados y sociales, a nivel local, nacional e internacional.<\/td><\/tr><tr><td class=\"has-text-align-center\" data-align=\"center\"><img loading=\"lazy\" decoding=\"async\" width=\"150\" height=\"96\" class=\"wp-image-2387\" style=\"width: 150px;\" src=\"http:\/\/forestales.ujed.mx\/web\/wp-content\/uploads\/2026\/03\/Gemini_Generated_Image_mn30vwmn30vwmn30-1.png\" alt=\"\" srcset=\"http:\/\/forestales.ujed.mx\/web\/wp-content\/uploads\/2026\/03\/Gemini_Generated_Image_mn30vwmn30vwmn30-1.png 955w, http:\/\/forestales.ujed.mx\/web\/wp-content\/uploads\/2026\/03\/Gemini_Generated_Image_mn30vwmn30vwmn30-1-300x191.png 300w, http:\/\/forestales.ujed.mx\/web\/wp-content\/uploads\/2026\/03\/Gemini_Generated_Image_mn30vwmn30vwmn30-1-768x490.png 768w\" sizes=\"auto, (max-width: 150px) 100vw, 150px\" \/><\/td><td class=\"has-text-align-center\" data-align=\"center\">Coordinaci\u00f3n de Formacion Integral<\/td><td class=\"has-text-align-center\" data-align=\"center\">M.S.A. Yessica Jezabel Garc\u00eda Palacios<\/td><td class=\"has-text-align-center\" data-align=\"center\">jezabel.garcia@ujed.mx<\/td><td class=\"has-text-align-center\" data-align=\"center\">Coordinar, programar y realizar actividades que generen cr\u00e9ditos de Formaci\u00f3n Integral<\/td><\/tr><tr><td class=\"has-text-align-center\" data-align=\"center\"><img loading=\"lazy\" decoding=\"async\" width=\"150\" height=\"82\" class=\"wp-image-2490\" style=\"width: 150px;\" src=\"http:\/\/forestales.ujed.mx\/web\/wp-content\/uploads\/2026\/04\/Gemini_Generated_Image_vzc1j8vzc1j8vzc1.png\" alt=\"\" srcset=\"http:\/\/forestales.ujed.mx\/web\/wp-content\/uploads\/2026\/04\/Gemini_Generated_Image_vzc1j8vzc1j8vzc1.png 1408w, http:\/\/forestales.ujed.mx\/web\/wp-content\/uploads\/2026\/04\/Gemini_Generated_Image_vzc1j8vzc1j8vzc1-300x164.png 300w, http:\/\/forestales.ujed.mx\/web\/wp-content\/uploads\/2026\/04\/Gemini_Generated_Image_vzc1j8vzc1j8vzc1-1024x559.png 1024w, http:\/\/forestales.ujed.mx\/web\/wp-content\/uploads\/2026\/04\/Gemini_Generated_Image_vzc1j8vzc1j8vzc1-768x419.png 768w\" sizes=\"auto, (max-width: 150px) 100vw, 150px\" \/><\/td><td class=\"has-text-align-center\" data-align=\"center\">Coordinaci\u00f3n de Educaci\u00f3n Continua<\/td><td class=\"has-text-align-center\" data-align=\"center\">D.C. Arnulfo Mel\u00e9ndez Soto<\/td><td class=\"has-text-align-center\" data-align=\"center\">a.melendez@ujed.mx<\/td><td class=\"has-text-align-center\" data-align=\"center\"><\/td><\/tr><tr><td class=\"has-text-align-center\" data-align=\"center\"><img loading=\"lazy\" decoding=\"async\" width=\"150\" height=\"82\" class=\"wp-image-2487\" style=\"width: 150px;\" src=\"http:\/\/forestales.ujed.mx\/web\/wp-content\/uploads\/2026\/04\/las-bayas.png\" alt=\"\" srcset=\"http:\/\/forestales.ujed.mx\/web\/wp-content\/uploads\/2026\/04\/las-bayas.png 1408w, http:\/\/forestales.ujed.mx\/web\/wp-content\/uploads\/2026\/04\/las-bayas-300x164.png 300w, http:\/\/forestales.ujed.mx\/web\/wp-content\/uploads\/2026\/04\/las-bayas-1024x559.png 1024w, http:\/\/forestales.ujed.mx\/web\/wp-content\/uploads\/2026\/04\/las-bayas-768x419.png 768w\" sizes=\"auto, (max-width: 150px) 100vw, 150px\" \/><\/td><td class=\"has-text-align-center\" data-align=\"center\">Predio Las Bayas<\/td><td class=\"has-text-align-center\" data-align=\"center\">M.C. Eduardo Rodr\u00edguez Simental &nbsp;<\/td><td class=\"has-text-align-center\" data-align=\"center\">ed.rodriguez@ujed.mx<\/td><td class=\"has-text-align-center\" data-align=\"center\"><\/td><\/tr><\/tbody><\/table><\/figure>\n\n\n\n<pre class=\"wp-block-preformatted\"><\/pre>\n\n\n<p class=\"wp-block-tag-cloud\">A\u00fan no hay contenido que mostrar aqu\u00ed.<\/p><\/div>\n\n\n\n<p><\/p>\n","protected":false},"excerpt":{"rendered":"<p>Coordinaci\u00f3n Responsable Contacto Canales que Administra Comunicaci\u00f3n Digital M.C. Laura Araceli Lira Tuero laura.lira@ujed.mx Facebook, IG, TikTok, X, Web Servicio Social M.C. Aaron Israel Soto Garcia aaron.soto@ujed.mx Coordinar, Organizar y supervisar la correcta aplicaci\u00f3n del reglamento de servicio social Coordinador de la Carrera de Ingenier\u00eda en Manejo Ambiental M.C. Aaron Israel Soto Garcia aaron.soto@ujed.mx Coordinar&#8230;<\/p>\n","protected":false},"author":2,"featured_media":0,"parent":0,"menu_order":0,"comment_status":"closed","ping_status":"closed","template":"","meta":{"footnotes":""},"class_list":["post-2301","page","type-page","status-publish","hentry"],"_links":{"self":[{"href":"http:\/\/forestales.ujed.mx\/web\/wp-json\/wp\/v2\/pages\/2301","targetHints":{"allow":["GET"]}}],"collection":[{"href":"http:\/\/forestales.ujed.mx\/web\/wp-json\/wp\/v2\/pages"}],"about":[{"href":"http:\/\/forestales.ujed.mx\/web\/wp-json\/wp\/v2\/types\/page"}],"author":[{"embeddable":true,"href":"http:\/\/forestales.ujed.mx\/web\/wp-json\/wp\/v2\/users\/2"}],"replies":[{"embeddable":true,"href":"http:\/\/forestales.ujed.mx\/web\/wp-json\/wp\/v2\/comments?post=2301"}],"version-history":[{"count":31,"href":"http:\/\/forestales.ujed.mx\/web\/wp-json\/wp\/v2\/pages\/2301\/revisions"}],"predecessor-version":[{"id":2491,"href":"http:\/\/forestales.ujed.mx\/web\/wp-json\/wp\/v2\/pages\/2301\/revisions\/2491"}],"wp:attachment":[{"href":"http:\/\/forestales.ujed.mx\/web\/wp-json\/wp\/v2\/media?parent=2301"}],"curies":[{"name":"wp","href":"https:\/\/api.w.org\/{rel}","templated":true}]}}