{"id":2531,"date":"2026-04-05T05:08:58","date_gmt":"2026-04-05T05:08:58","guid":{"rendered":"https:\/\/forestales.ujed.mx\/web\/lineas-de-investigacion\/"},"modified":"2026-04-05T06:04:48","modified_gmt":"2026-04-05T06:04:48","slug":"lineas-de-investigacion","status":"publish","type":"page","link":"http:\/\/forestales.ujed.mx\/web\/lineas-de-investigacion\/","title":{"rendered":"Lineas de Investigaci\u00f3n"},"content":{"rendered":"\n<div class=\"wp-block-columns are-vertically-aligned-bottom is-style-smartversity-boxshadow is-layout-flex wp-container-core-columns-is-layout-28f84493 wp-block-columns-is-layout-flex\">\n<div class=\"wp-block-column is-vertically-aligned-bottom is-layout-flow wp-block-column-is-layout-flow\" style=\"flex-basis:100%\">\n<div class=\"wp-block-group is-vertical is-content-justification-center is-layout-flex wp-container-core-group-is-layout-ce155fab wp-block-group-is-layout-flex\">\n<div class=\"wp-block-group is-layout-constrained wp-block-group-is-layout-constrained\">\n<div class=\"wp-block-columns is-layout-flex wp-container-core-columns-is-layout-28f84493 wp-block-columns-is-layout-flex\">\n<div class=\"wp-block-column is-layout-flow wp-block-column-is-layout-flow\" style=\"flex-basis:100%\">\n<h1 style=\"text-align: center;\" data-path-to-node=\"3\"><b data-path-to-node=\"3\" data-index-in-node=\"0\"><span dir=\"auto\">L\u00edneas de Investigaci\u00f3n<\/span><\/b><\/h1>\n<p data-path-to-node=\"4\"><span dir=\"auto\">El programa de la <\/span><b data-path-to-node=\"4\" data-index-in-node=\"18\"><span dir=\"auto\">Maestr\u00eda en Geom\u00e1tica Aplicada a Recursos Forestales y Ambientales<\/span><\/b><span dir=\"auto\"> se fundamenta en la aplicaci\u00f3n de tecnolog\u00edas geoespaciales para resolver retos cr\u00edticos en el entorno natural. Nuestras l\u00edneas de investigaci\u00f3n desarrollan proyectos aplicados con un impacto directo en el manejo sustentable y la gesti\u00f3n del medio ambiente.<\/span><!--more--><\/p>\n<h4 style=\"text-align: center;\" data-path-to-node=\"6\"><b data-path-to-node=\"6\" data-index-in-node=\"0\"><span dir=\"auto\">L\u00ednea A: Geom\u00e1tica en el Manejo y Conservaci\u00f3n de los Recursos Forestales<\/span><\/b><\/h4>\n<p data-path-to-node=\"7\"><span dir=\"auto\">Esta l\u00ednea se enfoca en resolver problem\u00e1ticas del sector forestal mediante la identificaci\u00f3n, an\u00e1lisis y diagn\u00f3stico geoespacial, proponiendo alternativas innovadoras para la preservaci\u00f3n de nuestros bosques.<\/span><!--more--><\/p>\n<h4 style=\"text-align: center;\" data-path-to-node=\"13\"><b data-path-to-node=\"13\" data-index-in-node=\"0\"><span dir=\"auto\">L\u00ednea B: Geom\u00e1tica en la Gesti\u00f3n y Conservaci\u00f3n del Ambiente<\/span><\/b><\/h4>\n<p style=\"text-align: center;\" data-path-to-node=\"14\"><span dir=\"auto\">Esta vertiente aborda desaf\u00edos ambientales globales y locales, utilizando la geom\u00e1tica como herramienta clave para la toma de decisiones en la gesti\u00f3n y restauraci\u00f3n del entorno natural.<\/span><\/p>\n<\/div>\n<\/div>\n<\/div>\n<\/div>\n<\/div>\n<\/div>\n\n\n\n<p><\/p>\n\n\n\n<figure data-wp-context=\"{&quot;imageId&quot;:&quot;69d5b4a441dcc&quot;}\" data-wp-interactive=\"core\/image\" data-wp-key=\"69d5b4a441dcc\" class=\"wp-block-image aligncenter size-large is-resized wp-lightbox-container\"><img loading=\"lazy\" decoding=\"async\" width=\"1024\" height=\"563\" data-wp-class--hide=\"state.isContentHidden\" data-wp-class--show=\"state.isContentVisible\" data-wp-init=\"callbacks.setButtonStyles\" data-wp-on--click=\"actions.showLightbox\" data-wp-on--load=\"callbacks.setButtonStyles\" data-wp-on-window--resize=\"callbacks.setButtonStyles\" src=\"https:\/\/forestales.ujed.mx\/web\/wp-content\/uploads\/2026\/04\/Diseno-sin-titulo-1-1024x563.png\" alt=\"\" class=\"wp-image-2541\" style=\"aspect-ratio:1.8181890373429155;width:1187px;height:auto\" srcset=\"http:\/\/forestales.ujed.mx\/web\/wp-content\/uploads\/2026\/04\/Diseno-sin-titulo-1-1024x563.png 1024w, http:\/\/forestales.ujed.mx\/web\/wp-content\/uploads\/2026\/04\/Diseno-sin-titulo-1-300x165.png 300w, http:\/\/forestales.ujed.mx\/web\/wp-content\/uploads\/2026\/04\/Diseno-sin-titulo-1-768x422.png 768w, http:\/\/forestales.ujed.mx\/web\/wp-content\/uploads\/2026\/04\/Diseno-sin-titulo-1-1536x844.png 1536w, http:\/\/forestales.ujed.mx\/web\/wp-content\/uploads\/2026\/04\/Diseno-sin-titulo-1-2048x1125.png 2048w\" sizes=\"auto, (max-width: 1024px) 100vw, 1024px\" \/><button\n\t\t\tclass=\"lightbox-trigger\"\n\t\t\ttype=\"button\"\n\t\t\taria-haspopup=\"dialog\"\n\t\t\taria-label=\"Agrandar\"\n\t\t\tdata-wp-init=\"callbacks.initTriggerButton\"\n\t\t\tdata-wp-on--click=\"actions.showLightbox\"\n\t\t\tdata-wp-style--right=\"state.imageButtonRight\"\n\t\t\tdata-wp-style--top=\"state.imageButtonTop\"\n\t\t>\n\t\t\t<svg xmlns=\"http:\/\/www.w3.org\/2000\/svg\" width=\"12\" height=\"12\" fill=\"none\" viewBox=\"0 0 12 12\">\n\t\t\t\t<path fill=\"#fff\" d=\"M2 0a2 2 0 0 0-2 2v2h1.5V2a.5.5 0 0 1 .5-.5h2V0H2Zm2 10.5H2a.5.5 0 0 1-.5-.5V8H0v2a2 2 0 0 0 2 2h2v-1.5ZM8 12v-1.5h2a.5.5 0 0 0 .5-.5V8H12v2a2 2 0 0 1-2 2H8Zm2-12a2 2 0 0 1 2 2v2h-1.5V2a.5.5 0 0 0-.5-.5H8V0h2Z\" \/>\n\t\t\t<\/svg>\n\t\t<\/button><\/figure>\n\n\n\n<p><\/p>\n","protected":false},"excerpt":{"rendered":"<p>L\u00edneas de Investigaci\u00f3n El programa de la Maestr\u00eda en Geom\u00e1tica Aplicada a Recursos Forestales y Ambientales se fundamenta en la aplicaci\u00f3n de tecnolog\u00edas geoespaciales para resolver retos cr\u00edticos en el entorno natural. Nuestras l\u00edneas de investigaci\u00f3n desarrollan proyectos aplicados con un impacto directo en el manejo sustentable y la gesti\u00f3n del medio ambiente. L\u00edneas de&#8230;<\/p>\n","protected":false},"author":2,"featured_media":0,"parent":0,"menu_order":0,"comment_status":"closed","ping_status":"closed","template":"","meta":{"footnotes":""},"class_list":["post-2531","page","type-page","status-publish","hentry"],"_links":{"self":[{"href":"http:\/\/forestales.ujed.mx\/web\/wp-json\/wp\/v2\/pages\/2531","targetHints":{"allow":["GET"]}}],"collection":[{"href":"http:\/\/forestales.ujed.mx\/web\/wp-json\/wp\/v2\/pages"}],"about":[{"href":"http:\/\/forestales.ujed.mx\/web\/wp-json\/wp\/v2\/types\/page"}],"author":[{"embeddable":true,"href":"http:\/\/forestales.ujed.mx\/web\/wp-json\/wp\/v2\/users\/2"}],"replies":[{"embeddable":true,"href":"http:\/\/forestales.ujed.mx\/web\/wp-json\/wp\/v2\/comments?post=2531"}],"version-history":[{"count":5,"href":"http:\/\/forestales.ujed.mx\/web\/wp-json\/wp\/v2\/pages\/2531\/revisions"}],"predecessor-version":[{"id":2550,"href":"http:\/\/forestales.ujed.mx\/web\/wp-json\/wp\/v2\/pages\/2531\/revisions\/2550"}],"wp:attachment":[{"href":"http:\/\/forestales.ujed.mx\/web\/wp-json\/wp\/v2\/media?parent=2531"}],"curies":[{"name":"wp","href":"https:\/\/api.w.org\/{rel}","templated":true}]}}