{"id":525,"date":"2024-08-20T06:28:26","date_gmt":"2024-08-20T06:28:26","guid":{"rendered":"http:\/\/forestales.ujed.mx\/web\/?page_id=525"},"modified":"2024-09-08T21:30:11","modified_gmt":"2024-09-08T21:30:11","slug":"buzon-de-quejas-y-sugerencias-fcfa-ujed","status":"publish","type":"page","link":"http:\/\/forestales.ujed.mx\/web\/buzon-de-quejas-y-sugerencias-fcfa-ujed\/","title":{"rendered":"Buz\u00f3n de quejas y sugerencias FCFA-UJED"},"content":{"rendered":"\n<p><\/p>\n\n\n\n<p><\/p>\n\n\n\n<p><\/p>\n\n\n\n<h1 class=\"wp-block-heading has-text-align-center\">Buz\u00f3n de quejas y sugerencias FCFA-UJED<\/h1>\n\n\n\n<p class=\"has-medium-font-size\" style=\"margin-right:var(--wp--preset--spacing--80);margin-left:var(--wp--preset--spacing--80)\"><strong>El buz\u00f3n de Quejas y Sugerencias forma parte del Sistema de Gesti\u00f3n de Calidad de la UJED para la mejora continua de los procesos que se desarrollan dentro de la Facultad de Ciencias Forestales y Ambientales. Para que su petici\u00f3n pueda ser llevada a cabo con las autoridades correspondientes, es necesario que dentro del correo electr\u00f3nico proporcionen la siguiente informaci\u00f3n:<\/strong><\/p>\n\n\n\n<figure data-wp-context=\"{&quot;imageId&quot;:&quot;69d089b61e441&quot;}\" data-wp-interactive=\"core\/image\" data-wp-key=\"69d089b61e441\" class=\"wp-block-image alignleft size-full is-resized wp-lightbox-container\"><img loading=\"lazy\" decoding=\"async\" width=\"588\" height=\"358\" data-wp-class--hide=\"state.isContentHidden\" data-wp-class--show=\"state.isContentVisible\" data-wp-init=\"callbacks.setButtonStyles\" data-wp-on--click=\"actions.showLightbox\" data-wp-on--load=\"callbacks.setButtonStyles\" data-wp-on-window--resize=\"callbacks.setButtonStyles\" src=\"http:\/\/forestales.ujed.mx\/web\/wp-content\/uploads\/2024\/08\/buzon-2.png\" alt=\"\" class=\"wp-image-598\" style=\"width:434px;height:auto\" srcset=\"http:\/\/forestales.ujed.mx\/web\/wp-content\/uploads\/2024\/08\/buzon-2.png 588w, http:\/\/forestales.ujed.mx\/web\/wp-content\/uploads\/2024\/08\/buzon-2-300x183.png 300w\" sizes=\"auto, (max-width: 588px) 100vw, 588px\" \/><button\n\t\t\tclass=\"lightbox-trigger\"\n\t\t\ttype=\"button\"\n\t\t\taria-haspopup=\"dialog\"\n\t\t\taria-label=\"Agrandar\"\n\t\t\tdata-wp-init=\"callbacks.initTriggerButton\"\n\t\t\tdata-wp-on--click=\"actions.showLightbox\"\n\t\t\tdata-wp-style--right=\"state.imageButtonRight\"\n\t\t\tdata-wp-style--top=\"state.imageButtonTop\"\n\t\t>\n\t\t\t<svg xmlns=\"http:\/\/www.w3.org\/2000\/svg\" width=\"12\" height=\"12\" fill=\"none\" viewBox=\"0 0 12 12\">\n\t\t\t\t<path fill=\"#fff\" d=\"M2 0a2 2 0 0 0-2 2v2h1.5V2a.5.5 0 0 1 .5-.5h2V0H2Zm2 10.5H2a.5.5 0 0 1-.5-.5V8H0v2a2 2 0 0 0 2 2h2v-1.5ZM8 12v-1.5h2a.5.5 0 0 0 .5-.5V8H12v2a2 2 0 0 1-2 2H8Zm2-12a2 2 0 0 1 2 2v2h-1.5V2a.5.5 0 0 0-.5-.5H8V0h2Z\" \/>\n\t\t\t<\/svg>\n\t\t<\/button><\/figure>\n\n\n\n<ul style=\"margin-right:var(--wp--preset--spacing--80);margin-left:var(--wp--preset--spacing--80)\" class=\"wp-block-list\">\n<li class=\"has-aleo-font-family has-medium-font-size\">Nombre<\/li>\n\n\n\n<li class=\"has-aleo-font-family has-medium-font-size\">Correo electr\u00f3nico o n\u00famero de celular para contacto<\/li>\n\n\n\n<li class=\"has-aleo-font-family has-medium-font-size\">Definir si son trabajadores, docentes, estudiantes o egresado\/as de la instituci\u00f3n; en caso de ser estudiantes especificar semestre y carrera<\/li>\n\n\n\n<li class=\"has-aleo-font-family has-medium-font-size\">Redactar de la forma m\u00e1s precisa posible el incidente que se tuvo<\/li>\n\n\n\n<li style=\"margin-right:var(--wp--preset--spacing--80);margin-left:var(--wp--preset--spacing--80)\" class=\"has-aleo-font-family has-medium-font-size\">Los datos personales son protegidos por la Ley 25326 sobre la Protecci\u00f3n de Datos en M\u00e9xico y ser\u00e1n utilizados de manera confidencial, sin embargo, son necesarios para poder iniciar el tr\u00e1mite de su queja y posteriormente poder tener contacto para informar la respuesta de la solicitud y saber si han quedado satisfechos con el proceso.<\/li>\n<\/ul>\n\n\n\n<ul class=\"wp-block-social-links is-layout-flex wp-block-social-links-is-layout-flex\"><li class=\"wp-social-link wp-social-link-mail  wp-block-social-link\"><a href=\"mailto:&#113;&#117;e&#106;a&#115;y&#115;&#117;g&#101;re&#110;&#099;ia&#115;&#046;f&#099;&#102;&#097;&#064;u&#106;ed&#046;&#109;&#120;\" class=\"wp-block-social-link-anchor\"><svg width=\"24\" height=\"24\" viewBox=\"0 0 24 24\" version=\"1.1\" xmlns=\"http:\/\/www.w3.org\/2000\/svg\" aria-hidden=\"true\" focusable=\"false\"><path d=\"M19,5H5c-1.1,0-2,.9-2,2v10c0,1.1.9,2,2,2h14c1.1,0,2-.9,2-2V7c0-1.1-.9-2-2-2zm.5,12c0,.3-.2.5-.5.5H5c-.3,0-.5-.2-.5-.5V9.8l7.5,5.6,7.5-5.6V17zm0-9.1L12,13.6,4.5,7.9V7c0-.3.2-.5.5-.5h14c.3,0,.5.2.5.5v.9z\"><\/path><\/svg><span class=\"wp-block-social-link-label screen-reader-text\">Correo: quejasysugerencias.fcfa@ujed.mx<\/span><\/a><\/li><\/ul>\n\n\n\n<p class=\"has-border-color-background-color has-background\">Correo:&nbsp;<a href=\"mailto:quejasysugerencias.fcfa@ujed.mx\">quejasysugerencias.fcfa@ujed.mx<\/a><\/p>\n\n\n\n<p><\/p>\n","protected":false},"excerpt":{"rendered":"<p>Buz\u00f3n de quejas y sugerencias FCFA-UJED El buz\u00f3n de Quejas y Sugerencias forma parte del Sistema de Gesti\u00f3n de Calidad de la UJED para la mejora continua de los procesos que se desarrollan dentro de la Facultad de Ciencias Forestales y Ambientales. Para que su petici\u00f3n pueda ser llevada a cabo con las autoridades correspondientes,&#8230;<\/p>\n","protected":false},"author":2,"featured_media":0,"parent":0,"menu_order":0,"comment_status":"closed","ping_status":"closed","template":"","meta":{"footnotes":""},"class_list":["post-525","page","type-page","status-publish","hentry"],"_links":{"self":[{"href":"http:\/\/forestales.ujed.mx\/web\/wp-json\/wp\/v2\/pages\/525","targetHints":{"allow":["GET"]}}],"collection":[{"href":"http:\/\/forestales.ujed.mx\/web\/wp-json\/wp\/v2\/pages"}],"about":[{"href":"http:\/\/forestales.ujed.mx\/web\/wp-json\/wp\/v2\/types\/page"}],"author":[{"embeddable":true,"href":"http:\/\/forestales.ujed.mx\/web\/wp-json\/wp\/v2\/users\/2"}],"replies":[{"embeddable":true,"href":"http:\/\/forestales.ujed.mx\/web\/wp-json\/wp\/v2\/comments?post=525"}],"version-history":[{"count":19,"href":"http:\/\/forestales.ujed.mx\/web\/wp-json\/wp\/v2\/pages\/525\/revisions"}],"predecessor-version":[{"id":897,"href":"http:\/\/forestales.ujed.mx\/web\/wp-json\/wp\/v2\/pages\/525\/revisions\/897"}],"wp:attachment":[{"href":"http:\/\/forestales.ujed.mx\/web\/wp-json\/wp\/v2\/media?parent=525"}],"curies":[{"name":"wp","href":"https:\/\/api.w.org\/{rel}","templated":true}]}}