{"id":655,"date":"2024-08-20T20:27:27","date_gmt":"2024-08-20T20:27:27","guid":{"rendered":"http:\/\/forestales.ujed.mx\/web\/?page_id=655"},"modified":"2024-09-09T01:48:59","modified_gmt":"2024-09-09T01:48:59","slug":"mision-y-vision","status":"publish","type":"page","link":"http:\/\/forestales.ujed.mx\/web\/mision-y-vision\/","title":{"rendered":"Misi\u00f3n y Visi\u00f3n"},"content":{"rendered":"\n<p class=\"has-text-align-center has-text-color has-link-color has-x-large-font-size wp-elements-70bb2bd3af0315d9ca25c7a57bd99eea\" style=\"color:#003d57\"><strong>Misi\u00f3n y Visi\u00f3n<\/strong><\/p>\n\n\n\n<figure data-wp-context=\"{&quot;imageId&quot;:&quot;69e73738cb4cd&quot;}\" data-wp-interactive=\"core\/image\" data-wp-key=\"69e73738cb4cd\" class=\"wp-block-image aligncenter size-full is-resized wp-lightbox-container\"><img loading=\"lazy\" decoding=\"async\" width=\"504\" height=\"315\" data-wp-class--hide=\"state.isContentHidden\" data-wp-class--show=\"state.isContentVisible\" data-wp-init=\"callbacks.setButtonStyles\" data-wp-on--click=\"actions.showLightbox\" data-wp-on--load=\"callbacks.setButtonStyles\" data-wp-on-window--resize=\"callbacks.setButtonStyles\" src=\"http:\/\/forestales.ujed.mx\/web\/wp-content\/uploads\/2024\/08\/MisionyVision.-.gif\" alt=\"\" class=\"wp-image-681\" style=\"width:128px;height:auto\"\/><button\n\t\t\tclass=\"lightbox-trigger\"\n\t\t\ttype=\"button\"\n\t\t\taria-haspopup=\"dialog\"\n\t\t\taria-label=\"Agrandar\"\n\t\t\tdata-wp-init=\"callbacks.initTriggerButton\"\n\t\t\tdata-wp-on--click=\"actions.showLightbox\"\n\t\t\tdata-wp-style--right=\"state.imageButtonRight\"\n\t\t\tdata-wp-style--top=\"state.imageButtonTop\"\n\t\t>\n\t\t\t<svg xmlns=\"http:\/\/www.w3.org\/2000\/svg\" width=\"12\" height=\"12\" fill=\"none\" viewBox=\"0 0 12 12\">\n\t\t\t\t<path fill=\"#fff\" d=\"M2 0a2 2 0 0 0-2 2v2h1.5V2a.5.5 0 0 1 .5-.5h2V0H2Zm2 10.5H2a.5.5 0 0 1-.5-.5V8H0v2a2 2 0 0 0 2 2h2v-1.5ZM8 12v-1.5h2a.5.5 0 0 0 .5-.5V8H12v2a2 2 0 0 1-2 2H8Zm2-12a2 2 0 0 1 2 2v2h-1.5V2a.5.5 0 0 0-.5-.5H8V0h2Z\" \/>\n\t\t\t<\/svg>\n\t\t<\/button><\/figure>\n\n\n\n<div class=\"wp-block-group is-layout-constrained wp-block-group-is-layout-constrained\">\n<h3 class=\"wp-block-heading has-text-align-center has-large-font-size\">Misi\u00f3n<\/h3>\n\n\n\n<p class=\"has-big-font-size\">Formar profesionistas capaces de implementar t\u00e9cnicas de protecci\u00f3n, conservaci\u00f3n, y restauraci\u00f3n de ecosistemas forestales, mediante la elaboraci\u00f3n de planes de manejo forestal y servicios ambientales, que contribuyan en la generaci\u00f3n de conocimiento de vanguardia, fortalezcan la capacitaci\u00f3n y coadyuven en la transferencia de tecnolog\u00eda en el \u00e1mbito forestal, vinculados al sector social y productivo, con un enfoque sustentable.<\/p>\n\n\n\n<p>&nbsp;<\/p>\n\n\n\n<h3 class=\"wp-block-heading has-text-align-center has-large-font-size\">Visi\u00f3n<\/h3>\n\n\n\n<p class=\"has-big-font-size\">El programa educativo de Ingenier\u00eda en Ciencias Forestales, es la mejor opci\u00f3n en M\u00e9xico, capaz de integrar la cadena productiva forestal del pa\u00eds, bajo elementos de sustentabilidad y amigable con el ambiente, mediante desarrollo de conocimientos b\u00e1sicos y aplicados que favorezca un desarrollo sustentable en la regi\u00f3n, favoreciendo a la sociedad. Avalado por un programa educativo acreditado, cuerpos acad\u00e9micos consolidados, integrado por acad\u00e9micos con reconocimiento nacional e internacional que mantienen redes de intercambio acad\u00e9mico y generan investigaci\u00f3n innovadora en las ciencias forestales.<\/p>\n<\/div>\n\n\n\n<p><\/p>\n\n\n\n<p class=\"has-large-font-size\"><\/p>\n\n\n\n<p><\/p>\n","protected":false},"excerpt":{"rendered":"<p>Misi\u00f3n y Visi\u00f3n Misi\u00f3n Formar profesionistas capaces de implementar t\u00e9cnicas de protecci\u00f3n, conservaci\u00f3n, y restauraci\u00f3n de ecosistemas forestales, mediante la elaboraci\u00f3n de planes de manejo forestal y servicios ambientales, que contribuyan en la generaci\u00f3n de conocimiento de vanguardia, fortalezcan la capacitaci\u00f3n y coadyuven en la transferencia de tecnolog\u00eda en el \u00e1mbito forestal, vinculados al sector&#8230;<\/p>\n","protected":false},"author":2,"featured_media":0,"parent":0,"menu_order":0,"comment_status":"closed","ping_status":"closed","template":"","meta":{"footnotes":""},"class_list":["post-655","page","type-page","status-publish","hentry"],"_links":{"self":[{"href":"http:\/\/forestales.ujed.mx\/web\/wp-json\/wp\/v2\/pages\/655","targetHints":{"allow":["GET"]}}],"collection":[{"href":"http:\/\/forestales.ujed.mx\/web\/wp-json\/wp\/v2\/pages"}],"about":[{"href":"http:\/\/forestales.ujed.mx\/web\/wp-json\/wp\/v2\/types\/page"}],"author":[{"embeddable":true,"href":"http:\/\/forestales.ujed.mx\/web\/wp-json\/wp\/v2\/users\/2"}],"replies":[{"embeddable":true,"href":"http:\/\/forestales.ujed.mx\/web\/wp-json\/wp\/v2\/comments?post=655"}],"version-history":[{"count":9,"href":"http:\/\/forestales.ujed.mx\/web\/wp-json\/wp\/v2\/pages\/655\/revisions"}],"predecessor-version":[{"id":1861,"href":"http:\/\/forestales.ujed.mx\/web\/wp-json\/wp\/v2\/pages\/655\/revisions\/1861"}],"wp:attachment":[{"href":"http:\/\/forestales.ujed.mx\/web\/wp-json\/wp\/v2\/media?parent=655"}],"curies":[{"name":"wp","href":"https:\/\/api.w.org\/{rel}","templated":true}]}}