{"id":660,"date":"2024-08-21T03:19:20","date_gmt":"2024-08-21T03:19:20","guid":{"rendered":"http:\/\/forestales.ujed.mx\/web\/?page_id=660"},"modified":"2024-09-09T01:53:15","modified_gmt":"2024-09-09T01:53:15","slug":"objetivos","status":"publish","type":"page","link":"http:\/\/forestales.ujed.mx\/web\/objetivos\/","title":{"rendered":"Objetivos"},"content":{"rendered":"\n<p class=\"has-text-align-center has-text-color has-link-color has-x-large-font-size wp-elements-7e38918919ee860993ba80942dd02807\" style=\"color:#003d57\"><span style=\"color: #000000;\"><strong>Objetivos del programa educativo<\/strong><\/span><\/p>\n\n\n\n<figure data-wp-context=\"{&quot;imageId&quot;:&quot;69d5b639b8898&quot;}\" data-wp-interactive=\"core\/image\" data-wp-key=\"69d5b639b8898\" class=\"wp-block-image aligncenter size-full is-resized wp-lightbox-container\"><img loading=\"lazy\" decoding=\"async\" width=\"620\" height=\"480\" data-wp-class--hide=\"state.isContentHidden\" data-wp-class--show=\"state.isContentVisible\" data-wp-init=\"callbacks.setButtonStyles\" data-wp-on--click=\"actions.showLightbox\" data-wp-on--load=\"callbacks.setButtonStyles\" data-wp-on-window--resize=\"callbacks.setButtonStyles\" src=\"http:\/\/forestales.ujed.mx\/web\/wp-content\/uploads\/2024\/08\/before-and-after.gif\" alt=\"\" class=\"wp-image-700\" style=\"width:210px;height:auto\"\/><button\n\t\t\tclass=\"lightbox-trigger\"\n\t\t\ttype=\"button\"\n\t\t\taria-haspopup=\"dialog\"\n\t\t\taria-label=\"Agrandar\"\n\t\t\tdata-wp-init=\"callbacks.initTriggerButton\"\n\t\t\tdata-wp-on--click=\"actions.showLightbox\"\n\t\t\tdata-wp-style--right=\"state.imageButtonRight\"\n\t\t\tdata-wp-style--top=\"state.imageButtonTop\"\n\t\t>\n\t\t\t<svg xmlns=\"http:\/\/www.w3.org\/2000\/svg\" width=\"12\" height=\"12\" fill=\"none\" viewBox=\"0 0 12 12\">\n\t\t\t\t<path fill=\"#fff\" d=\"M2 0a2 2 0 0 0-2 2v2h1.5V2a.5.5 0 0 1 .5-.5h2V0H2Zm2 10.5H2a.5.5 0 0 1-.5-.5V8H0v2a2 2 0 0 0 2 2h2v-1.5ZM8 12v-1.5h2a.5.5 0 0 0 .5-.5V8H12v2a2 2 0 0 1-2 2H8Zm2-12a2 2 0 0 1 2 2v2h-1.5V2a.5.5 0 0 0-.5-.5H8V0h2Z\" \/>\n\t\t\t<\/svg>\n\t\t<\/button><\/figure>\n\n\n\n<div class=\"wp-block-group is-layout-constrained wp-container-core-group-is-layout-caa2d89a wp-block-group-is-layout-constrained\" style=\"padding-right:var(--wp--preset--spacing--80);padding-left:var(--wp--preset--spacing--80)\">\n<p>&nbsp;<\/p>\n\n\n\n<h3 class=\"wp-block-heading has-large-font-size\">Objetivo general<\/h3>\n\n\n\n<p class=\"has-big-font-size\">Formar Ingenieros en Ciencias Forestales que dominen las competencias profesionales de su \u00e1rea, para responder a las necesidades sociales, del mercado laboral y de la profesi\u00f3n; y con ello propiciar y fortalecer el desarrollo del sector forestal regional, estatal y nacional.<\/p>\n\n\n\n<h3 class=\"wp-block-heading has-large-font-size\">Objetivos espec\u00edficos<\/h3>\n\n\n\n<div class=\"wp-block-group is-layout-constrained wp-container-core-group-is-layout-caa2d89a wp-block-group-is-layout-constrained\" style=\"padding-right:var(--wp--preset--spacing--80);padding-left:var(--wp--preset--spacing--80)\">\n<p class=\"has-big-font-size\" style=\"margin-right:var(--wp--preset--spacing--80);margin-left:var(--wp--preset--spacing--80)\">-Formar egresados que desarrollen competencias gen\u00e9ricas, que le permitan integrarse a la sociedad y al mundo globalizado con herramientas suficientes para atender la problem\u00e1tica del sector forestal en todos sus niveles.<\/p>\n\n\n\n<p class=\"has-big-font-size\" style=\"margin-right:var(--wp--preset--spacing--80);margin-left:var(--wp--preset--spacing--80)\">-Desarrollar competencias espec\u00edficas en los egresados, para intervenir en las diferentes problem\u00e1ticas del campo laboral de la Ingenier\u00eda en Ciencias Forestales, que le permita desarrollar procesos. Metodolog\u00edas y proyectos que incidan sobre el desarrollo sustentable de la regi\u00f3n y del pa\u00eds.<\/p>\n\n\n\n<p class=\"has-big-font-size\" style=\"margin-right:var(--wp--preset--spacing--80);margin-left:var(--wp--preset--spacing--80)\">-Fomentar en los egresados una formaci\u00f3n integral que le permita desarrollar habilidades y actitudes en beneficio de la sociedad y del sector laboral donde prestar\u00e1 sus servicios, para ofrecer identidad, arraigo, inclusi\u00f3n y una \u00e9tica profesional, que garantice su inserci\u00f3n social y profesional.<\/p>\n<\/div>\n\n\n\n<p class=\"has-big-font-size\">Derivado de lo anterior el plan de estudios se estructura bajo los siguientes:<\/p>\n\n\n\n<h3 class=\"wp-block-heading has-large-font-size\">Objetivos curriculares<\/h3>\n\n\n\n<div class=\"wp-block-group is-layout-constrained wp-container-core-group-is-layout-caa2d89a wp-block-group-is-layout-constrained\" style=\"padding-right:var(--wp--preset--spacing--80);padding-left:var(--wp--preset--spacing--80)\">\n<p class=\"has-big-font-size\">-Identificar y caracterizar las especies de inter\u00e9s forestal y las comunidades vegetales, con base en los principios bot\u00e1nicos, anat\u00f3micos, fisiol\u00f3gicos, gen\u00e9ticos, y sus interacciones ecol\u00f3gico\u2013silv\u00edcolas, para la cuantificaci\u00f3n de los recursos forestales.<\/p>\n\n\n\n<p class=\"has-big-font-size\">-Conocer y aplicar la normatividad que rige la actividad forestal, a nivel local, estatal y nacional, mediante el conocimiento de las leyes y reglamentos que regulan el manejo de los recursos forestales, para generar un aprovechamiento sustentable.<\/p>\n\n\n\n<p class=\"has-big-font-size\">-Aplicar la informaci\u00f3n cient\u00edfica, t\u00e9cnica y cultural, con un esp\u00edritu cr\u00edtico y constructivo, mediante el uso de tecnolog\u00edas de comunicaci\u00f3n actuales, para un desarrollo integral de los estudiantes.<\/p>\n\n\n\n<p class=\"has-big-font-size\">-Fomentar la capacidad de comunicaci\u00f3n oral y escrita, investigaci\u00f3n y de trabajo en equipo, as\u00ed como la creatividad e independencia, mediante la participaci\u00f3n activa de los estudiantes en actividades, culturales, cient\u00edficas, deportivas y sociales, para un mejor desarrollo e integraci\u00f3n a la sociedad y en su desempe\u00f1o profesional.<\/p>\n\n\n\n<p class=\"has-big-font-size\">-Elaborar programas de manejo forestal maderable y no maderable, mediante el conocimiento de las existencias de los recursos forestales, y proponiendo alternativas silv\u00edcolas de acuerdo a la condici\u00f3n t\u00e9cnica del recurso forestal, para garantizar el aprovechamiento sustentable de los recursos forestales.<\/p>\n\n\n\n<p class=\"has-big-font-size\">-Identificar el grado de afectaci\u00f3n de las \u00e1reas degradadas en los ecosistemas forestales, mediante recorridos de campo, utilizaci\u00f3n de sistemas de informaci\u00f3n geogr\u00e1fica, para proponer acciones de conservaci\u00f3n y restauraci\u00f3n de los ecosistemas degradados.<\/p>\n\n\n\n<p class=\"has-big-font-size\">-Determinar los esquemas de abastecimiento del recurso forestal, analizar los procesos de transformaci\u00f3n de productos forestales, e identificar las t\u00e9cnicas de comercializaci\u00f3n, mediante el conocimiento de las cadenas productivas del sector forestal, para realizar procesos industriales amigables con el ambiente.<\/p>\n\n\n\n<p>&nbsp;<\/p>\n<\/div>\n\n\n\n<p>&nbsp;<\/p>\n<\/div>\n","protected":false},"excerpt":{"rendered":"<p>Objetivos del programa educativo &nbsp; Objetivo general Formar Ingenieros en Ciencias Forestales que dominen las competencias profesionales de su \u00e1rea, para responder a las necesidades sociales, del mercado laboral y de la profesi\u00f3n; y con ello propiciar y fortalecer el desarrollo del sector forestal regional, estatal y nacional. Objetivos espec\u00edficos -Formar egresados que desarrollen competencias&#8230;<\/p>\n","protected":false},"author":2,"featured_media":0,"parent":0,"menu_order":0,"comment_status":"closed","ping_status":"closed","template":"","meta":{"footnotes":""},"class_list":["post-660","page","type-page","status-publish","hentry"],"_links":{"self":[{"href":"http:\/\/forestales.ujed.mx\/web\/wp-json\/wp\/v2\/pages\/660","targetHints":{"allow":["GET"]}}],"collection":[{"href":"http:\/\/forestales.ujed.mx\/web\/wp-json\/wp\/v2\/pages"}],"about":[{"href":"http:\/\/forestales.ujed.mx\/web\/wp-json\/wp\/v2\/types\/page"}],"author":[{"embeddable":true,"href":"http:\/\/forestales.ujed.mx\/web\/wp-json\/wp\/v2\/users\/2"}],"replies":[{"embeddable":true,"href":"http:\/\/forestales.ujed.mx\/web\/wp-json\/wp\/v2\/comments?post=660"}],"version-history":[{"count":29,"href":"http:\/\/forestales.ujed.mx\/web\/wp-json\/wp\/v2\/pages\/660\/revisions"}],"predecessor-version":[{"id":1237,"href":"http:\/\/forestales.ujed.mx\/web\/wp-json\/wp\/v2\/pages\/660\/revisions\/1237"}],"wp:attachment":[{"href":"http:\/\/forestales.ujed.mx\/web\/wp-json\/wp\/v2\/media?parent=660"}],"curies":[{"name":"wp","href":"https:\/\/api.w.org\/{rel}","templated":true}]}}