{"id":662,"date":"2024-08-21T03:19:45","date_gmt":"2024-08-21T03:19:45","guid":{"rendered":"http:\/\/forestales.ujed.mx\/web\/?page_id=662"},"modified":"2024-09-09T01:56:48","modified_gmt":"2024-09-09T01:56:48","slug":"perfil-de-egreso","status":"publish","type":"page","link":"http:\/\/forestales.ujed.mx\/web\/perfil-de-egreso\/","title":{"rendered":"Perfil de egreso"},"content":{"rendered":"\n<div class=\"wp-block-group is-layout-constrained wp-container-core-group-is-layout-caa2d89a wp-block-group-is-layout-constrained\" style=\"padding-right:var(--wp--preset--spacing--80);padding-left:var(--wp--preset--spacing--80)\">\n<p>&nbsp;<\/p>\n\n\n\n<h1 class=\"wp-block-heading has-text-align-center has-x-large-font-size\"><strong>Perfil de egreso<\/strong><\/h1>\n\n\n\n<p class=\"has-big-font-size\">El Ingeniero en Ciencias Forestales presenta un perfil de egreso definido en la formaci\u00f3n de competencias que se pueden enunciar de dos maneras:<\/p>\n\n\n\n<h3 class=\"wp-block-heading has-large-font-size\">Competencias gen\u00e9ricas:<\/h3>\n\n\n\n<div class=\"wp-block-group has-big-font-size is-layout-constrained wp-block-group-is-layout-constrained\">\n<div class=\"wp-block-group is-layout-constrained wp-container-core-group-is-layout-97829e9f wp-block-group-is-layout-constrained\" style=\"padding-right:var(--wp--preset--spacing--40);padding-left:var(--wp--preset--spacing--40)\">\n<div class=\"wp-block-group is-layout-constrained wp-container-core-group-is-layout-11c1ca01 wp-block-group-is-layout-constrained\" style=\"padding-right:var(--wp--preset--spacing--50);padding-left:var(--wp--preset--spacing--50)\">\n<p class=\"has-big-font-size\">-Desarrollar la capacidad de comunicaci\u00f3n en espa\u00f1ol y en un segundo idioma, para su interacci\u00f3n social, que aplique en el pensamiento cr\u00edtico y autocr\u00edtico para identificar, plantear y resolver problemas por medio de los procesos de abstracci\u00f3n, an\u00e1lisis y s\u00edntesis, que aplique el liderazgo colaborativo para identificar y desarrollar ideas y\/o proyectos del campo profesional y social por medio de los procesos de planificaci\u00f3n y toma de decisiones, asegurando el trabajo en equipo.<\/p>\n\n\n\n<p class=\"has-big-font-size\">-La motivaci\u00f3n y la conducci\u00f3n hacia metas comunes, que act\u00fae con respeto ante la diversidad cultural, con responsabilidad social y compromiso ciudadano, para enfrentar y resolver conflictos profesionales, que aplique las tecnolog\u00edas de informaci\u00f3n y comunicaci\u00f3n, como herramienta de apoyo para la soluci\u00f3n de problemas del campo profesional y social a trav\u00e9s del uso apropiado de recursos tecnol\u00f3gicos y metodolog\u00edas apropiadas que fortalezcan el desarrollo del aprendizaje, comunicaci\u00f3n, formaci\u00f3n disciplinar e investigaci\u00f3n.<\/p>\n<\/div>\n<\/div>\n<\/div>\n\n\n\n<h3 class=\"wp-block-heading has-large-font-size\">Competencias espec\u00edficas:<\/h3>\n\n\n\n<p class=\"has-big-font-size\">Competencias propias de la profesi\u00f3n que fortalecer\u00e1n y dar\u00e1n al egresado identidad propia con la ingenier\u00eda forestal.<\/p>\n\n\n\n<div class=\"wp-block-group is-layout-constrained wp-container-core-group-is-layout-caa2d89a wp-block-group-is-layout-constrained\" style=\"padding-right:var(--wp--preset--spacing--80);padding-left:var(--wp--preset--spacing--80)\">\n<p class=\"has-big-font-size\">&#8211;<em>Restauraci\u00f3n forestal:<\/em>&nbsp;Dise\u00f1a, ejecuta y eval\u00faa planes y programas para conservar y restaurar los ecosistemas forestales garantizando su sustentabilidad.<\/p>\n\n\n\n<p class=\"has-big-font-size\">&#8211;<em>Manejo forestal:<\/em>&nbsp;Implementa programas de manejo forestal maderable y no maderable, garantizando el aprovechamiento sustentable de los recursos forestales en apego a la normatividad vigente.<\/p>\n\n\n\n<p class=\"has-big-font-size\">&#8211;<em>Industrias forestales:<\/em>&nbsp;Dise\u00f1a esquemas de abastecimiento, transformaci\u00f3n y mercadeo de materias primas y de productos forestales, para favorecer los procesos industriales sin afectar el ambiente.<\/p>\n<\/div>\n\n\n\n<p class=\"has-big-font-size\">Para lograr lo anterior, el estudiante obtendr\u00e1 lo largo de su formaci\u00f3n, los conocimientos, habilidades, actitudes y valores que le permitan enfrentar los retos que implica un mundo globalizado, con enormes problemas ecol\u00f3gicos y de insuficiencia de materias primas para la producci\u00f3n sustentable.<\/p>\n\n\n\n<h3 class=\"wp-block-heading has-large-font-size\">Conocimientos<\/h3>\n\n\n\n<div class=\"wp-block-group is-layout-constrained wp-container-core-group-is-layout-97829e9f wp-block-group-is-layout-constrained\" style=\"padding-right:var(--wp--preset--spacing--40);padding-left:var(--wp--preset--spacing--40)\">\n<div class=\"wp-block-group is-layout-constrained wp-container-core-group-is-layout-11c1ca01 wp-block-group-is-layout-constrained\" style=\"padding-right:var(--wp--preset--spacing--50);padding-left:var(--wp--preset--spacing--50)\">\n<p class=\"has-big-font-size\">-Estructuras constitutivas de \u00e1rboles y arbustos, y aplicar un aprovechamiento eficiente de sus partes para beneficio del hombre.<\/p>\n\n\n\n<p class=\"has-big-font-size\">-Metodolog\u00edas actuales y confiables para la cuantificaci\u00f3n de recursos forestales.<\/p>\n\n\n\n<p class=\"has-big-font-size\">-Relaciones ecol\u00f3gicas entre los organismos ben\u00e9ficos y perjudiciales que conforman a los ecosistemas.<\/p>\n\n\n\n<p class=\"has-big-font-size\">-Ecosistema, complejo que proporciona beneficios ambientales y econ\u00f3micos para la sociedad en general.<\/p>\n\n\n\n<p class=\"has-big-font-size\">-Interacci\u00f3n entre la sociedad y los recursos forestales.<\/p>\n\n\n\n<p class=\"has-big-font-size\">-Sistemas de informaci\u00f3n geogr\u00e1fica como herramientas de la tecnolog\u00eda actual para el apoyo en la toma de decisiones que conlleven a un manejo sustentable de los recursos forestales.<\/p>\n\n\n\n<p class=\"has-big-font-size\">-T\u00e9cnicas de aprovechamiento forestal que conlleven a un manejo sustentable del recurso forestal.<\/p>\n\n\n\n<p class=\"has-big-font-size\">-Modelos para optimizar la transformaci\u00f3n de materias primas en productos forestales con un mayor valor agregado.<\/p>\n<\/div>\n<\/div>\n\n\n\n<h3 class=\"wp-block-heading has-large-font-size\">Habilidades<\/h3>\n\n\n\n<div class=\"wp-block-group is-layout-constrained wp-container-core-group-is-layout-97829e9f wp-block-group-is-layout-constrained\" style=\"padding-right:var(--wp--preset--spacing--40);padding-left:var(--wp--preset--spacing--40)\">\n<div class=\"wp-block-group is-layout-constrained wp-container-core-group-is-layout-11c1ca01 wp-block-group-is-layout-constrained\" style=\"padding-right:var(--wp--preset--spacing--50);padding-left:var(--wp--preset--spacing--50)\">\n<p class=\"has-big-font-size\">-Conocer y manipular las estructuras constitutivas de \u00e1rboles y arbustos, y promover un aprovechamiento eficiente de sus partes para beneficio del hombre.<\/p>\n\n\n\n<p class=\"has-big-font-size\">-Dise\u00f1ar metodolog\u00edas actuales y confiables para la cuantificaci\u00f3n de recursos forestales.<\/p>\n\n\n\n<p class=\"has-big-font-size\">-Identificar las relaciones ecol\u00f3gicas entre los organismos ben\u00e9ficos y perjudiciales que conforman a los ecosistemas.<\/p>\n\n\n\n<p class=\"has-big-font-size\">-Comprender al ecosistema como un complejo que proporciona beneficios ambientales y econ\u00f3micos para la sociedad en general.<\/p>\n\n\n\n<p class=\"has-big-font-size\">-Realizar investigaci\u00f3n de aspectos forestales, utilizando como laboratorio los terrenos forestales.<\/p>\n\n\n\n<p class=\"has-big-font-size\">-Fomentar la interacci\u00f3n entre la sociedad y los recursos forestales para proponer soluciones viables en beneficio de la sociedad y de los ecosistemas.<\/p>\n\n\n\n<p class=\"has-big-font-size\">-Aplicar los sistemas de informaci\u00f3n geogr\u00e1fica como herramientas de la tecnolog\u00eda actual para el apoyo en la toma de decisiones que conlleven a un manejo sustentable de los recursos forestales. ? Dise\u00f1ar y adaptar t\u00e9cnicas de aprovechamiento forestal que conlleven a un manejo sustentable del recurso forestal.<\/p>\n\n\n\n<p class=\"has-big-font-size\">-Implementar t\u00e9cnicas para modificar, innovar y aplicar la tecnolog\u00eda moderna para el incremento de la producci\u00f3n sustentable de los ecosistemas forestales.<\/p>\n\n\n\n<p class=\"has-big-font-size\">-Elaborar diagn\u00f3sticos, planear y evaluar la forma en que la actividad forestal afecta a las necesidades sociales, econ\u00f3micas, pol\u00edticas y culturales de la sociedad.<\/p>\n\n\n\n<p class=\"has-big-font-size\">-Administrar modelos para optimizar la transformaci\u00f3n de materias primas en productos forestales acabados.<\/p>\n<\/div>\n<\/div>\n\n\n\n<h3 class=\"wp-block-heading has-large-font-size\">Actitudes<\/h3>\n\n\n\n<div class=\"wp-block-group is-layout-constrained wp-container-core-group-is-layout-11c1ca01 wp-block-group-is-layout-constrained\" style=\"padding-right:var(--wp--preset--spacing--50);padding-left:var(--wp--preset--spacing--50)\">\n<p class=\"has-big-font-size\">-Inter\u00e9s por preservar la naturaleza.<\/p>\n\n\n\n<p class=\"has-big-font-size\">-Colaboraci\u00f3n y participaci\u00f3n en trabajos de equipo.<\/p>\n\n\n\n<p class=\"has-big-font-size\">-Inter\u00e9s en el autoaprendizaje y aprendizaje continuo.<\/p>\n\n\n\n<p class=\"has-big-font-size\">-Apertura a las cr\u00edticas y disposici\u00f3n a aceptarlas.<\/p>\n\n\n\n<p class=\"has-big-font-size\">-Proactivo en la toma de decisiones fortaleciendo el sector forestal.<\/p>\n\n\n\n<p class=\"has-big-font-size\">-Disposici\u00f3n para aprender de los errores.<\/p>\n\n\n\n<p class=\"has-big-font-size\">-Disposici\u00f3n a colaborar en las tareas de la profesi\u00f3n.<\/p>\n\n\n\n<p class=\"has-big-font-size\">-Ser objetivo en el manejo de la informaci\u00f3n.<\/p>\n\n\n\n<p class=\"has-big-font-size\">-Participar en equipos multidisciplinarios de car\u00e1cter cient\u00edfico o tecnol\u00f3gico orientados a la soluci\u00f3n de los problemas que aquejan al sector forestal.<\/p>\n<\/div>\n\n\n\n<h3 class=\"wp-block-heading has-large-font-size\">Valores<\/h3>\n\n\n\n<p class=\"has-big-font-size\" style=\"margin-right:var(--wp--preset--spacing--50);margin-left:var(--wp--preset--spacing--50)\">-Relativos a aspectos fundamentales como el Respeto, la honestidad, la responsabilidad, el compromiso, la \u00e9tica y la Unidad.<\/p>\n<\/div>\n\n\n\n<p><\/p>\n","protected":false},"excerpt":{"rendered":"<p>&nbsp; Perfil de egreso El Ingeniero en Ciencias Forestales presenta un perfil de egreso definido en la formaci\u00f3n de competencias que se pueden enunciar de dos maneras: Competencias gen\u00e9ricas: -Desarrollar la capacidad de comunicaci\u00f3n en espa\u00f1ol y en un segundo idioma, para su interacci\u00f3n social, que aplique en el pensamiento cr\u00edtico y autocr\u00edtico para identificar,&#8230;<\/p>\n","protected":false},"author":2,"featured_media":0,"parent":0,"menu_order":0,"comment_status":"closed","ping_status":"closed","template":"","meta":{"footnotes":""},"class_list":["post-662","page","type-page","status-publish","hentry"],"_links":{"self":[{"href":"http:\/\/forestales.ujed.mx\/web\/wp-json\/wp\/v2\/pages\/662","targetHints":{"allow":["GET"]}}],"collection":[{"href":"http:\/\/forestales.ujed.mx\/web\/wp-json\/wp\/v2\/pages"}],"about":[{"href":"http:\/\/forestales.ujed.mx\/web\/wp-json\/wp\/v2\/types\/page"}],"author":[{"embeddable":true,"href":"http:\/\/forestales.ujed.mx\/web\/wp-json\/wp\/v2\/users\/2"}],"replies":[{"embeddable":true,"href":"http:\/\/forestales.ujed.mx\/web\/wp-json\/wp\/v2\/comments?post=662"}],"version-history":[{"count":17,"href":"http:\/\/forestales.ujed.mx\/web\/wp-json\/wp\/v2\/pages\/662\/revisions"}],"predecessor-version":[{"id":1863,"href":"http:\/\/forestales.ujed.mx\/web\/wp-json\/wp\/v2\/pages\/662\/revisions\/1863"}],"wp:attachment":[{"href":"http:\/\/forestales.ujed.mx\/web\/wp-json\/wp\/v2\/media?parent=662"}],"curies":[{"name":"wp","href":"https:\/\/api.w.org\/{rel}","templated":true}]}}