{"id":741,"date":"2024-08-21T07:35:11","date_gmt":"2024-08-21T07:35:11","guid":{"rendered":"http:\/\/forestales.ujed.mx\/web\/?page_id=741"},"modified":"2024-08-27T19:57:22","modified_gmt":"2024-08-27T19:57:22","slug":"mision-y-vision-2","status":"publish","type":"page","link":"http:\/\/forestales.ujed.mx\/web\/mision-y-vision-2\/","title":{"rendered":"Misi\u00f3n y visi\u00f3n"},"content":{"rendered":"\n<div class=\"wp-block-group is-layout-constrained wp-block-group-is-layout-constrained\">\n<p>&nbsp;<\/p>\n\n\n\n<h2 class=\"wp-block-heading has-text-align-center has-x-large-font-size\">Misi\u00f3n y Visi\u00f3n<\/h2>\n\n\n\n<figure data-wp-context=\"{&quot;imageId&quot;:&quot;69d5c509429c8&quot;}\" data-wp-interactive=\"core\/image\" data-wp-key=\"69d5c509429c8\" class=\"wp-block-image aligncenter is-resized wp-lightbox-container\"><img loading=\"lazy\" decoding=\"async\" width=\"284\" height=\"177\" data-wp-class--hide=\"state.isContentHidden\" data-wp-class--show=\"state.isContentVisible\" data-wp-init=\"callbacks.setButtonStyles\" data-wp-on--click=\"actions.showLightbox\" data-wp-on--load=\"callbacks.setButtonStyles\" data-wp-on-window--resize=\"callbacks.setButtonStyles\" src=\"http:\/\/forestales.ujed.mx\/web\/wp-content\/uploads\/2024\/08\/images-1-3.jpeg\" alt=\"\" class=\"wp-image-769\" style=\"width:185px;height:auto\"\/><button\n\t\t\tclass=\"lightbox-trigger\"\n\t\t\ttype=\"button\"\n\t\t\taria-haspopup=\"dialog\"\n\t\t\taria-label=\"Agrandar\"\n\t\t\tdata-wp-init=\"callbacks.initTriggerButton\"\n\t\t\tdata-wp-on--click=\"actions.showLightbox\"\n\t\t\tdata-wp-style--right=\"state.imageButtonRight\"\n\t\t\tdata-wp-style--top=\"state.imageButtonTop\"\n\t\t>\n\t\t\t<svg xmlns=\"http:\/\/www.w3.org\/2000\/svg\" width=\"12\" height=\"12\" fill=\"none\" viewBox=\"0 0 12 12\">\n\t\t\t\t<path fill=\"#fff\" d=\"M2 0a2 2 0 0 0-2 2v2h1.5V2a.5.5 0 0 1 .5-.5h2V0H2Zm2 10.5H2a.5.5 0 0 1-.5-.5V8H0v2a2 2 0 0 0 2 2h2v-1.5ZM8 12v-1.5h2a.5.5 0 0 0 .5-.5V8H12v2a2 2 0 0 1-2 2H8Zm2-12a2 2 0 0 1 2 2v2h-1.5V2a.5.5 0 0 0-.5-.5H8V0h2Z\" \/>\n\t\t\t<\/svg>\n\t\t<\/button><\/figure>\n\n\n\n<h3 class=\"wp-block-heading has-text-align-center has-large-font-size\">Misi\u00f3n<\/h3>\n\n\n\n<p class=\"has-big-font-size\">Formar profesionistas competentes en manejo ambiental con un enfoque sustentable, \u00e9tico y humanista, mediante procesos de consultor\u00eda, auditor\u00eda y evaluaci\u00f3n de impacto al medio ambiente que contribuya en la soluci\u00f3n de la problem\u00e1tica del contexto nacional e internacional, a trav\u00e9s de la generaci\u00f3n de conocimiento de vanguardia, transferencia de tecnolog\u00eda vinculada con los sectores social y productivo.<\/p>\n\n\n\n<h3 class=\"wp-block-heading has-text-align-center has-large-font-size\">Visi\u00f3n<\/h3>\n\n\n\n<p class=\"has-big-font-size\">El Programa Educativo de Ingeniero en Manejo Ambiental en el 2025, es una de las mejores opciones en M\u00e9xico, por su calidad acad\u00e9mica, sustentado en su acreditaci\u00f3n, cuerpos acad\u00e9micos consolidados, planta docente y estudiantes con reconocimiento nacional e internacional que mantienen redes de intercambio y movilidad acad\u00e9mica; generando investigaci\u00f3n innovadora en las ciencias ambientales con la inserci\u00f3n de sus egresados en el desarrollo regional y nacional.<\/p>\n<\/div>\n\n\n\n<p><\/p>\n","protected":false},"excerpt":{"rendered":"<p>&nbsp; Misi\u00f3n y Visi\u00f3n Misi\u00f3n Formar profesionistas competentes en manejo ambiental con un enfoque sustentable, \u00e9tico y humanista, mediante procesos de consultor\u00eda, auditor\u00eda y evaluaci\u00f3n de impacto al medio ambiente que contribuya en la soluci\u00f3n de la problem\u00e1tica del contexto nacional e internacional, a trav\u00e9s de la generaci\u00f3n de conocimiento de vanguardia, transferencia de tecnolog\u00eda&#8230;<\/p>\n","protected":false},"author":2,"featured_media":0,"parent":0,"menu_order":0,"comment_status":"closed","ping_status":"closed","template":"","meta":{"footnotes":""},"class_list":["post-741","page","type-page","status-publish","hentry"],"_links":{"self":[{"href":"http:\/\/forestales.ujed.mx\/web\/wp-json\/wp\/v2\/pages\/741","targetHints":{"allow":["GET"]}}],"collection":[{"href":"http:\/\/forestales.ujed.mx\/web\/wp-json\/wp\/v2\/pages"}],"about":[{"href":"http:\/\/forestales.ujed.mx\/web\/wp-json\/wp\/v2\/types\/page"}],"author":[{"embeddable":true,"href":"http:\/\/forestales.ujed.mx\/web\/wp-json\/wp\/v2\/users\/2"}],"replies":[{"embeddable":true,"href":"http:\/\/forestales.ujed.mx\/web\/wp-json\/wp\/v2\/comments?post=741"}],"version-history":[{"count":9,"href":"http:\/\/forestales.ujed.mx\/web\/wp-json\/wp\/v2\/pages\/741\/revisions"}],"predecessor-version":[{"id":1218,"href":"http:\/\/forestales.ujed.mx\/web\/wp-json\/wp\/v2\/pages\/741\/revisions\/1218"}],"wp:attachment":[{"href":"http:\/\/forestales.ujed.mx\/web\/wp-json\/wp\/v2\/media?parent=741"}],"curies":[{"name":"wp","href":"https:\/\/api.w.org\/{rel}","templated":true}]}}