{"id":777,"date":"2024-08-21T14:59:48","date_gmt":"2024-08-21T14:59:48","guid":{"rendered":"http:\/\/forestales.ujed.mx\/web\/?page_id=777"},"modified":"2024-09-09T01:59:03","modified_gmt":"2024-09-09T01:59:03","slug":"perfil-de-ingreso-2","status":"publish","type":"page","link":"http:\/\/forestales.ujed.mx\/web\/perfil-de-ingreso-2\/","title":{"rendered":"Perfil de ingreso"},"content":{"rendered":"\n<div class=\"wp-block-group is-layout-constrained wp-block-group-is-layout-constrained\">\n<h2 class=\"wp-block-heading has-text-align-center has-x-large-font-size\">Perfil de ingreso<\/h2>\n\n\n\n<p>&nbsp;<\/p>\n\n\n\n<p class=\"has-big-font-size\">El estudiante que desee cursar esta carrera deber\u00e1 tener las siguientes caracter\u00edsticas que ser\u00e1n determinadas a trav\u00e9s de test exprofeso y de entrevistas personales:<\/p>\n<\/div>\n\n\n\n<figure data-wp-context=\"{&quot;imageId&quot;:&quot;69dca7ca51d48&quot;}\" data-wp-interactive=\"core\/image\" data-wp-key=\"69dca7ca51d48\" class=\"wp-block-image aligncenter size-full wp-lightbox-container\"><img loading=\"lazy\" decoding=\"async\" width=\"225\" height=\"225\" data-wp-class--hide=\"state.isContentHidden\" data-wp-class--show=\"state.isContentVisible\" data-wp-init=\"callbacks.setButtonStyles\" data-wp-on--click=\"actions.showLightbox\" data-wp-on--load=\"callbacks.setButtonStyles\" data-wp-on-window--resize=\"callbacks.setButtonStyles\" src=\"http:\/\/forestales.ujed.mx\/web\/wp-content\/uploads\/2024\/08\/images-1-2.png\" alt=\"\" class=\"wp-image-794\" srcset=\"http:\/\/forestales.ujed.mx\/web\/wp-content\/uploads\/2024\/08\/images-1-2.png 225w, http:\/\/forestales.ujed.mx\/web\/wp-content\/uploads\/2024\/08\/images-1-2-150x150.png 150w\" sizes=\"auto, (max-width: 225px) 100vw, 225px\" \/><button\n\t\t\tclass=\"lightbox-trigger\"\n\t\t\ttype=\"button\"\n\t\t\taria-haspopup=\"dialog\"\n\t\t\taria-label=\"Agrandar\"\n\t\t\tdata-wp-init=\"callbacks.initTriggerButton\"\n\t\t\tdata-wp-on--click=\"actions.showLightbox\"\n\t\t\tdata-wp-style--right=\"state.imageButtonRight\"\n\t\t\tdata-wp-style--top=\"state.imageButtonTop\"\n\t\t>\n\t\t\t<svg xmlns=\"http:\/\/www.w3.org\/2000\/svg\" width=\"12\" height=\"12\" fill=\"none\" viewBox=\"0 0 12 12\">\n\t\t\t\t<path fill=\"#fff\" d=\"M2 0a2 2 0 0 0-2 2v2h1.5V2a.5.5 0 0 1 .5-.5h2V0H2Zm2 10.5H2a.5.5 0 0 1-.5-.5V8H0v2a2 2 0 0 0 2 2h2v-1.5ZM8 12v-1.5h2a.5.5 0 0 0 .5-.5V8H12v2a2 2 0 0 1-2 2H8Zm2-12a2 2 0 0 1 2 2v2h-1.5V2a.5.5 0 0 0-.5-.5H8V0h2Z\" \/>\n\t\t\t<\/svg>\n\t\t<\/button><\/figure>\n\n\n\n<div class=\"wp-block-group is-layout-constrained wp-block-group-is-layout-constrained\">\n<p class=\"has-big-font-size\">-Haber cursado un bachillerato en el \u00e1rea qu\u00edmico-biol\u00f3gicas o en f\u00edsico-matem\u00e1ticas.<\/p>\n\n\n\n<p class=\"has-big-font-size\">-Inter\u00e9s por la ciencia y la tecnolog\u00eda.<\/p>\n\n\n\n<p class=\"has-big-font-size\">-Inter\u00e9s por las interacciones del ser humano con su ambiente.<\/p>\n\n\n\n<p class=\"has-big-font-size\">-Amplia vocaci\u00f3n de servicio a la comunidad.<\/p>\n\n\n\n<p class=\"has-big-font-size\">-Actitud y vocaci\u00f3n orientadas al estudio de la naturaleza.<\/p>\n\n\n\n<p class=\"has-big-font-size\">-Vocaci\u00f3n e inter\u00e9s por desarrollar actividades al aire libre.<\/p>\n\n\n\n<p class=\"has-big-font-size\">-Motivaci\u00f3n para estudiar los recursos naturales y sus ecosistemas.<\/p>\n\n\n\n<p class=\"has-big-font-size\">-Capacidad para resolver problemas relacionados con las ciencias b\u00e1sicas.<\/p>\n\n\n\n<p class=\"has-big-font-size\">-Capacidad cr\u00edtica y deseo por participar activamente en su proceso de aprendizaje.<\/p>\n\n\n\n<p class=\"has-big-font-size\">-Capacidad para adquirir nuevos conocimientos y habilidad para aplicarlos a situaciones de la vida real.<\/p>\n\n\n\n<p class=\"has-big-font-size\">-Una buena salud y resistencia para trabajar en ambientes naturales.<\/p>\n\n\n\n<p class=\"has-big-font-size\">-Facilidad de adaptaci\u00f3n y tolerancia a diferentes ambientes culturales para participar activamente.<\/p>\n\n\n\n<p class=\"has-big-font-size\">-Capacidad y tolerancia para el trabajo en equipo.<\/p>\n\n\n\n<p class=\"has-big-font-size\">-Aprobar los ex\u00e1menes CENEVAL y de conocimientos.<\/p>\n\n\n\n<p class=\"has-big-font-size\">&nbsp;<\/p>\n<\/div>\n","protected":false},"excerpt":{"rendered":"<p>Perfil de ingreso &nbsp; El estudiante que desee cursar esta carrera deber\u00e1 tener las siguientes caracter\u00edsticas que ser\u00e1n determinadas a trav\u00e9s de test exprofeso y de entrevistas personales: -Haber cursado un bachillerato en el \u00e1rea qu\u00edmico-biol\u00f3gicas o en f\u00edsico-matem\u00e1ticas. -Inter\u00e9s por la ciencia y la tecnolog\u00eda. -Inter\u00e9s por las interacciones del ser humano con su&#8230;<\/p>\n","protected":false},"author":2,"featured_media":0,"parent":0,"menu_order":0,"comment_status":"closed","ping_status":"closed","template":"","meta":{"footnotes":""},"class_list":["post-777","page","type-page","status-publish","hentry"],"_links":{"self":[{"href":"http:\/\/forestales.ujed.mx\/web\/wp-json\/wp\/v2\/pages\/777","targetHints":{"allow":["GET"]}}],"collection":[{"href":"http:\/\/forestales.ujed.mx\/web\/wp-json\/wp\/v2\/pages"}],"about":[{"href":"http:\/\/forestales.ujed.mx\/web\/wp-json\/wp\/v2\/types\/page"}],"author":[{"embeddable":true,"href":"http:\/\/forestales.ujed.mx\/web\/wp-json\/wp\/v2\/users\/2"}],"replies":[{"embeddable":true,"href":"http:\/\/forestales.ujed.mx\/web\/wp-json\/wp\/v2\/comments?post=777"}],"version-history":[{"count":7,"href":"http:\/\/forestales.ujed.mx\/web\/wp-json\/wp\/v2\/pages\/777\/revisions"}],"predecessor-version":[{"id":1864,"href":"http:\/\/forestales.ujed.mx\/web\/wp-json\/wp\/v2\/pages\/777\/revisions\/1864"}],"wp:attachment":[{"href":"http:\/\/forestales.ujed.mx\/web\/wp-json\/wp\/v2\/media?parent=777"}],"curies":[{"name":"wp","href":"https:\/\/api.w.org\/{rel}","templated":true}]}}