{"id":780,"date":"2024-08-21T15:03:19","date_gmt":"2024-08-21T15:03:19","guid":{"rendered":"http:\/\/forestales.ujed.mx\/web\/?page_id=780"},"modified":"2024-08-27T20:34:27","modified_gmt":"2024-08-27T20:34:27","slug":"objetivos-2","status":"publish","type":"page","link":"http:\/\/forestales.ujed.mx\/web\/objetivos-2\/","title":{"rendered":"Objetivos"},"content":{"rendered":"\n<div class=\"wp-block-group is-layout-constrained wp-block-group-is-layout-constrained\">\n<p>&nbsp;<\/p>\n\n\n\n<h2 class=\"wp-block-heading has-text-align-center has-x-large-font-size\">Objetivos del programa educativo<\/h2>\n<\/div>\n\n\n\n<figure data-wp-context=\"{&quot;imageId&quot;:&quot;69e83cfbe11de&quot;}\" data-wp-interactive=\"core\/image\" data-wp-key=\"69e83cfbe11de\" class=\"wp-block-image aligncenter size-large is-resized wp-lightbox-container\"><img loading=\"lazy\" decoding=\"async\" width=\"1024\" height=\"612\" data-wp-class--hide=\"state.isContentHidden\" data-wp-class--show=\"state.isContentVisible\" data-wp-init=\"callbacks.setButtonStyles\" data-wp-on--click=\"actions.showLightbox\" data-wp-on--load=\"callbacks.setButtonStyles\" data-wp-on-window--resize=\"callbacks.setButtonStyles\" src=\"http:\/\/forestales.ujed.mx\/web\/wp-content\/uploads\/2024\/08\/Metodos-para-definir-objetivos-1024x612.jpg\" alt=\"\" class=\"wp-image-799\" style=\"width:250px;height:auto\" srcset=\"http:\/\/forestales.ujed.mx\/web\/wp-content\/uploads\/2024\/08\/Metodos-para-definir-objetivos-1024x612.jpg 1024w, http:\/\/forestales.ujed.mx\/web\/wp-content\/uploads\/2024\/08\/Metodos-para-definir-objetivos-300x179.jpg 300w, http:\/\/forestales.ujed.mx\/web\/wp-content\/uploads\/2024\/08\/Metodos-para-definir-objetivos-768x459.jpg 768w, http:\/\/forestales.ujed.mx\/web\/wp-content\/uploads\/2024\/08\/Metodos-para-definir-objetivos-1536x917.jpg 1536w, http:\/\/forestales.ujed.mx\/web\/wp-content\/uploads\/2024\/08\/Metodos-para-definir-objetivos.jpg 1800w\" sizes=\"auto, (max-width: 1024px) 100vw, 1024px\" \/><button\n\t\t\tclass=\"lightbox-trigger\"\n\t\t\ttype=\"button\"\n\t\t\taria-haspopup=\"dialog\"\n\t\t\taria-label=\"Agrandar\"\n\t\t\tdata-wp-init=\"callbacks.initTriggerButton\"\n\t\t\tdata-wp-on--click=\"actions.showLightbox\"\n\t\t\tdata-wp-style--right=\"state.imageButtonRight\"\n\t\t\tdata-wp-style--top=\"state.imageButtonTop\"\n\t\t>\n\t\t\t<svg xmlns=\"http:\/\/www.w3.org\/2000\/svg\" width=\"12\" height=\"12\" fill=\"none\" viewBox=\"0 0 12 12\">\n\t\t\t\t<path fill=\"#fff\" d=\"M2 0a2 2 0 0 0-2 2v2h1.5V2a.5.5 0 0 1 .5-.5h2V0H2Zm2 10.5H2a.5.5 0 0 1-.5-.5V8H0v2a2 2 0 0 0 2 2h2v-1.5ZM8 12v-1.5h2a.5.5 0 0 0 .5-.5V8H12v2a2 2 0 0 1-2 2H8Zm2-12a2 2 0 0 1 2 2v2h-1.5V2a.5.5 0 0 0-.5-.5H8V0h2Z\" \/>\n\t\t\t<\/svg>\n\t\t<\/button><\/figure>\n\n\n\n<div class=\"wp-block-group is-layout-constrained wp-block-group-is-layout-constrained\">\n<p class=\"has-text-align-left has-big-font-size\">El programa, a lo largo de la trayectoria educativa, tiene como prop\u00f3sito formar profesionistas con los conocimientos, habilidades y destrezas con alto nivel para desarrollar actividades en su campo de conocimiento, tales como la planeaci\u00f3n, organizaci\u00f3n, direcci\u00f3n y ejecuci\u00f3n de acciones que permitan preservar y mejorar el ambiente as\u00ed como controlar y corregir los impactos ocasionados por las actividades humanas.<\/p>\n\n\n\n<p class=\"has-text-align-left\"><\/p>\n\n\n\n<div class=\"wp-block-group is-layout-constrained wp-container-core-group-is-layout-caa2d89a wp-block-group-is-layout-constrained\" style=\"padding-right:var(--wp--preset--spacing--80);padding-left:var(--wp--preset--spacing--80)\">\n<p class=\"has-big-font-size\" style=\"margin-right:var(--wp--preset--spacing--80);margin-left:var(--wp--preset--spacing--80)\">-Gestionar, auditar y ejercer funciones que incrementen la calidad de servicios ambientales apegado a los conocimientos t\u00e9cnicos, \u00e9ticos y cient\u00edficos de la profesi\u00f3n.<\/p>\n\n\n\n<p class=\"has-big-font-size\" style=\"margin-right:var(--wp--preset--spacing--80);margin-left:var(--wp--preset--spacing--80)\">-Prestar servicios de consultor\u00eda y evaluaci\u00f3n estrat\u00e9gica a empresas e instituciones con respecto al impacto ambiental con base en criterios de \u00e9tica y sustentabilidad.<\/p>\n\n\n\n<p class=\"has-big-font-size\" style=\"margin-right:var(--wp--preset--spacing--80);margin-left:var(--wp--preset--spacing--80)\">-Proponer soluciones referentes al tratamiento de residuos industriales y contaminaci\u00f3n del medio ambiente, agua, aire y suelos haciendo uso de conocimientos cient\u00edficos y profesionales.<\/p>\n\n\n\n<p class=\"has-big-font-size\" style=\"margin-right:var(--wp--preset--spacing--80);margin-left:var(--wp--preset--spacing--80)\">-Gestionar espacios naturales y su uso evaluando el riesgo ambiental y apoyado por tecnolog\u00edas de avanzada con criterios \u00e9ticos y profesionales.<\/p>\n<\/div>\n<\/div>\n\n\n\n<p><\/p>\n","protected":false},"excerpt":{"rendered":"<p>&nbsp; Objetivos del programa educativo El programa, a lo largo de la trayectoria educativa, tiene como prop\u00f3sito formar profesionistas con los conocimientos, habilidades y destrezas con alto nivel para desarrollar actividades en su campo de conocimiento, tales como la planeaci\u00f3n, organizaci\u00f3n, direcci\u00f3n y ejecuci\u00f3n de acciones que permitan preservar y mejorar el ambiente as\u00ed como&#8230;<\/p>\n","protected":false},"author":2,"featured_media":0,"parent":0,"menu_order":0,"comment_status":"closed","ping_status":"closed","template":"","meta":{"footnotes":""},"class_list":["post-780","page","type-page","status-publish","hentry"],"_links":{"self":[{"href":"http:\/\/forestales.ujed.mx\/web\/wp-json\/wp\/v2\/pages\/780","targetHints":{"allow":["GET"]}}],"collection":[{"href":"http:\/\/forestales.ujed.mx\/web\/wp-json\/wp\/v2\/pages"}],"about":[{"href":"http:\/\/forestales.ujed.mx\/web\/wp-json\/wp\/v2\/types\/page"}],"author":[{"embeddable":true,"href":"http:\/\/forestales.ujed.mx\/web\/wp-json\/wp\/v2\/users\/2"}],"replies":[{"embeddable":true,"href":"http:\/\/forestales.ujed.mx\/web\/wp-json\/wp\/v2\/comments?post=780"}],"version-history":[{"count":6,"href":"http:\/\/forestales.ujed.mx\/web\/wp-json\/wp\/v2\/pages\/780\/revisions"}],"predecessor-version":[{"id":1235,"href":"http:\/\/forestales.ujed.mx\/web\/wp-json\/wp\/v2\/pages\/780\/revisions\/1235"}],"wp:attachment":[{"href":"http:\/\/forestales.ujed.mx\/web\/wp-json\/wp\/v2\/media?parent=780"}],"curies":[{"name":"wp","href":"https:\/\/api.w.org\/{rel}","templated":true}]}}