{"id":783,"date":"2024-08-21T15:04:33","date_gmt":"2024-08-21T15:04:33","guid":{"rendered":"http:\/\/forestales.ujed.mx\/web\/?page_id=783"},"modified":"2024-08-27T20:24:59","modified_gmt":"2024-08-27T20:24:59","slug":"perfil-de-egreso-2","status":"publish","type":"page","link":"http:\/\/forestales.ujed.mx\/web\/perfil-de-egreso-2\/","title":{"rendered":"Perfil de egreso"},"content":{"rendered":"\n<h2 class=\"wp-block-heading has-text-align-center has-x-large-font-size\">Perfil de egreso<\/h2>\n\n\n\n<div class=\"wp-block-group is-layout-constrained wp-block-group-is-layout-constrained\">\n<p class=\"has-big-font-size\" style=\"margin-top:0;margin-right:var(--wp--preset--spacing--80);margin-bottom:0;margin-left:var(--wp--preset--spacing--80)\">El desempe\u00f1o en t\u00e9rmino de competencias profesionales que se espera que un egresado del programa de Ingeniero en Manejo Ambiental, certificado por la Facultad de Ciencias Forestales en t\u00e9rminos de conocimientos, habilidades y destrezas logradas en el proceso formativo son:<\/p>\n\n\n\n<div class=\"wp-block-columns is-style-smartversity-boxshadow-hover is-layout-flex wp-container-core-columns-is-layout-c6a03c77 wp-block-columns-is-layout-flex\" style=\"padding-right:var(--wp--preset--spacing--80);padding-left:var(--wp--preset--spacing--80)\">\n<div class=\"wp-block-column is-layout-flow wp-block-column-is-layout-flow\" style=\"flex-basis:100%\">\n<div class=\"wp-block-group is-layout-constrained wp-block-group-is-layout-constrained\">\n<p class=\"has-big-font-size\" style=\"margin-top:var(--wp--preset--spacing--40);margin-right:var(--wp--preset--spacing--80);margin-bottom:0;margin-left:var(--wp--preset--spacing--80)\">&#8211;<strong>Sistemas de gesti\u00f3n de calidad ambiental y auditor\u00edas.<\/strong>&nbsp;El profesionista gestiona, audita y ejerce funciones que incrementan la calidad de servicios ambientales apegado a los conocimientos t\u00e9cnicos, \u00e9ticos y cient\u00edficos de la profesi\u00f3n.<\/p>\n\n\n\n<p class=\"has-big-font-size\" style=\"margin-top:var(--wp--preset--spacing--40);margin-right:var(--wp--preset--spacing--80);margin-bottom:0;margin-left:var(--wp--preset--spacing--80)\">&#8211;<strong>Consultor\u00eda y evaluaci\u00f3n del impacto ambiental.<\/strong>&nbsp;El egresado presta servicios de consultor\u00eda y evaluaci\u00f3n estrat\u00e9gica a empresas e instituciones con respecto al impacto ambiental con base en criterios de \u00e9tica y sustentabilidad.<\/p>\n\n\n\n<p class=\"has-big-font-size\" style=\"margin-top:var(--wp--preset--spacing--40);margin-right:var(--wp--preset--spacing--80);margin-bottom:0;margin-left:var(--wp--preset--spacing--80)\">&#8211;<strong>Gesti\u00f3n del medio natural.<\/strong>&nbsp;El egresado gestiona espacios naturales y su uso evaluando el riesgo ambiental y apoyado por tecnolog\u00edas de avanzada con criterios \u00e9ticos y profesionales.<\/p>\n\n\n\n<p class=\"has-big-font-size\" style=\"margin-top:var(--wp--preset--spacing--40);margin-right:var(--wp--preset--spacing--80);margin-bottom:0;margin-left:var(--wp--preset--spacing--80)\">&#8211;<strong>Gesti\u00f3n y manejo en la calidad y tratamiento del Agua.<\/strong>&nbsp;El egresado gestiona programas y proyectos del aprovechamiento del aguay maneja sus procesos de an\u00e1lisis y tratamiento para uso dom\u00e9stico y productivo.<\/p>\n\n\n\n<p class=\"has-big-font-size\" style=\"margin-top:var(--wp--preset--spacing--40);margin-right:var(--wp--preset--spacing--80);margin-bottom:0;margin-left:var(--wp--preset--spacing--80)\">&#8211;<strong>Gesti\u00f3n y manejo en la calidad y tratamiento del Aire.<\/strong>&nbsp;El egresado gestiona y maneja procesos, muestreos, normatividad, programas y proyectos de la calidad del aire.<\/p>\n\n\n\n<p class=\"has-big-font-size\" style=\"margin-top:var(--wp--preset--spacing--40);margin-right:var(--wp--preset--spacing--80);margin-bottom:0;margin-left:var(--wp--preset--spacing--80)\">&#8211;<strong>Gesti\u00f3n y manejo en la calidad y tratamiento del Suelo.<\/strong>&nbsp;El egresado dise\u00f1a y maneja programas de biorremediaci\u00f3n de suelos.<\/p>\n<\/div>\n<\/div>\n<\/div>\n\n\n\n<p class=\"has-big-font-size\" style=\"margin-right:var(--wp--preset--spacing--80);margin-left:var(--wp--preset--spacing--80)\">De igual manera, el egresado adquiere a trav\u00e9s de su formaci\u00f3n competencias gen\u00e9ricas que lo forman de manera integral y lo enriquecen como ser humano permitiendo que tenga un mejor desempe\u00f1o en su vida personal, profesional y laboral:<\/p>\n\n\n\n<div class=\"wp-block-group is-layout-constrained wp-container-core-group-is-layout-caa2d89a wp-block-group-is-layout-constrained\" style=\"padding-right:var(--wp--preset--spacing--80);padding-left:var(--wp--preset--spacing--80)\">\n<p class=\"has-big-font-size\" style=\"margin-top:10px;margin-right:var(--wp--preset--spacing--80);margin-bottom:10px;margin-left:var(--wp--preset--spacing--80)\">-Responsabilidad social y compromiso ciudadano<\/p>\n\n\n\n<p class=\"has-big-font-size\" style=\"margin-top:10px;margin-right:var(--wp--preset--spacing--80);margin-bottom:10px;margin-left:var(--wp--preset--spacing--80)\">-Capacidad de comunicaci\u00f3n oral y escrita<\/p>\n\n\n\n<p class=\"has-big-font-size\" style=\"margin-top:10px;margin-right:var(--wp--preset--spacing--80);margin-bottom:10px;margin-left:var(--wp--preset--spacing--80)\">-Capacidad de comunicaci\u00f3n en un segundo idioma<\/p>\n\n\n\n<p class=\"has-big-font-size\" style=\"margin-top:10px;margin-right:var(--wp--preset--spacing--80);margin-bottom:10px;margin-left:var(--wp--preset--spacing--80)\">-Habilidades en el uso de las tecnolog\u00edas de la informaci\u00f3n y de la comunicaci\u00f3n<\/p>\n\n\n\n<p class=\"has-big-font-size\" style=\"margin-top:10px;margin-right:var(--wp--preset--spacing--80);margin-bottom:10px;margin-left:var(--wp--preset--spacing--80)\">-Capacidad de aprender y actualizarse permanentemente<\/p>\n\n\n\n<p class=\"has-big-font-size\" style=\"margin-top:10px;margin-right:var(--wp--preset--spacing--80);margin-bottom:10px;margin-left:var(--wp--preset--spacing--80)\">-Habilidades para buscar, procesar y analizar informaci\u00f3n procedente de fuentes diversas<\/p>\n\n\n\n<p class=\"has-big-font-size\" style=\"margin-top:10px;margin-right:var(--wp--preset--spacing--80);margin-bottom:10px;margin-left:var(--wp--preset--spacing--80)\">-Capacidad para actuar en nuevas situaciones<\/p>\n\n\n\n<p class=\"has-big-font-size\" style=\"margin-top:10px;margin-right:var(--wp--preset--spacing--80);margin-bottom:10px;margin-left:var(--wp--preset--spacing--80)\">-Capacidad para identificar, plantear y resolver problemas<\/p>\n\n\n\n<p class=\"has-big-font-size\" style=\"margin-top:10px;margin-right:var(--wp--preset--spacing--80);margin-bottom:10px;margin-left:var(--wp--preset--spacing--80)\">-Capacidad para tomar decisiones<\/p>\n\n\n\n<p class=\"has-big-font-size\" style=\"margin-top:10px;margin-right:var(--wp--preset--spacing--80);margin-bottom:10px;margin-left:var(--wp--preset--spacing--80)\">-Capacidad de trabajo en equipo<\/p>\n\n\n\n<p class=\"has-big-font-size\" style=\"margin-top:10px;margin-right:var(--wp--preset--spacing--80);margin-bottom:10px;margin-left:var(--wp--preset--spacing--80)\">-Habilidades interpersonales<\/p>\n\n\n\n<p class=\"has-big-font-size\" style=\"margin-top:10px;margin-right:var(--wp--preset--spacing--80);margin-bottom:10px;margin-left:var(--wp--preset--spacing--80)\">-Compromiso con la preservaci\u00f3n del medio ambiente<\/p>\n\n\n\n<p class=\"has-big-font-size\" style=\"margin-top:10px;margin-right:var(--wp--preset--spacing--80);margin-bottom:10px;margin-left:var(--wp--preset--spacing--80)\">-Compromiso con su medio socio-cultural<\/p>\n\n\n\n<p class=\"has-big-font-size\" style=\"margin-top:10px;margin-right:var(--wp--preset--spacing--80);margin-bottom:10px;margin-left:var(--wp--preset--spacing--80)\">-Valoraci\u00f3n y respeto por la diversidad y multiculturalidad<\/p>\n\n\n\n<p class=\"has-big-font-size\" style=\"margin-top:10px;margin-right:var(--wp--preset--spacing--80);margin-bottom:10px;margin-left:var(--wp--preset--spacing--80)\">-Habilidad para trabajar en contextos internacionales<\/p>\n\n\n\n<p class=\"has-big-font-size\" style=\"margin-top:10px;margin-right:var(--wp--preset--spacing--80);margin-bottom:10px;margin-left:var(--wp--preset--spacing--80)\">-Habilidad para trabajar en forma aut\u00f3noma<\/p>\n\n\n\n<p class=\"has-big-font-size\" style=\"margin-top:10px;margin-right:var(--wp--preset--spacing--80);margin-bottom:10px;margin-left:var(--wp--preset--spacing--80)\">-Capacidad para formular y gestionar proyectos<\/p>\n<\/div>\n<\/div>\n\n\n\n<p><\/p>\n","protected":false},"excerpt":{"rendered":"<p>Perfil de egreso El desempe\u00f1o en t\u00e9rmino de competencias profesionales que se espera que un egresado del programa de Ingeniero en Manejo Ambiental, certificado por la Facultad de Ciencias Forestales en t\u00e9rminos de conocimientos, habilidades y destrezas logradas en el proceso formativo son: &#8211;Sistemas de gesti\u00f3n de calidad ambiental y auditor\u00edas.&nbsp;El profesionista gestiona, audita y&#8230;<\/p>\n","protected":false},"author":2,"featured_media":0,"parent":0,"menu_order":0,"comment_status":"closed","ping_status":"closed","template":"","meta":{"footnotes":""},"class_list":["post-783","page","type-page","status-publish","hentry"],"_links":{"self":[{"href":"http:\/\/forestales.ujed.mx\/web\/wp-json\/wp\/v2\/pages\/783","targetHints":{"allow":["GET"]}}],"collection":[{"href":"http:\/\/forestales.ujed.mx\/web\/wp-json\/wp\/v2\/pages"}],"about":[{"href":"http:\/\/forestales.ujed.mx\/web\/wp-json\/wp\/v2\/types\/page"}],"author":[{"embeddable":true,"href":"http:\/\/forestales.ujed.mx\/web\/wp-json\/wp\/v2\/users\/2"}],"replies":[{"embeddable":true,"href":"http:\/\/forestales.ujed.mx\/web\/wp-json\/wp\/v2\/comments?post=783"}],"version-history":[{"count":12,"href":"http:\/\/forestales.ujed.mx\/web\/wp-json\/wp\/v2\/pages\/783\/revisions"}],"predecessor-version":[{"id":1230,"href":"http:\/\/forestales.ujed.mx\/web\/wp-json\/wp\/v2\/pages\/783\/revisions\/1230"}],"wp:attachment":[{"href":"http:\/\/forestales.ujed.mx\/web\/wp-json\/wp\/v2\/media?parent=783"}],"curies":[{"name":"wp","href":"https:\/\/api.w.org\/{rel}","templated":true}]}}