{"id":818,"date":"2024-08-21T19:24:02","date_gmt":"2024-08-21T19:24:02","guid":{"rendered":"http:\/\/forestales.ujed.mx\/web\/?page_id=818"},"modified":"2026-04-19T21:42:50","modified_gmt":"2026-04-19T21:42:50","slug":"maestria-en-geomatica-aplicada-a-recursos-forestales-y-ambientales","status":"publish","type":"page","link":"http:\/\/forestales.ujed.mx\/web\/maestria-en-geomatica-aplicada-a-recursos-forestales-y-ambientales\/","title":{"rendered":"Objetivos"},"content":{"rendered":"\n<p class=\"has-text-align-center has-x-large-font-size\" style=\"margin-right:var(--wp--preset--spacing--80);margin-left:var(--wp--preset--spacing--80)\"><strong>Maestr\u00eda en Geom\u00e1tica Aplicada a Recursos Forestales y Ambientales<\/strong><\/p>\n\n\n\n<p style=\"margin-right:var(--wp--preset--spacing--80);margin-left:var(--wp--preset--spacing--80)\"><\/p>\n\n\n\n<figure data-wp-context=\"{&quot;imageId&quot;:&quot;69eaed0683cb8&quot;}\" data-wp-interactive=\"core\/image\" data-wp-key=\"69eaed0683cb8\" class=\"wp-block-image aligncenter size-large is-resized wp-lightbox-container\"><img loading=\"lazy\" decoding=\"async\" width=\"1024\" height=\"512\" data-wp-class--hide=\"state.isContentHidden\" data-wp-class--show=\"state.isContentVisible\" data-wp-init=\"callbacks.setButtonStyles\" data-wp-on--click=\"actions.showLightbox\" data-wp-on--load=\"callbacks.setButtonStyles\" data-wp-on-window--resize=\"callbacks.setButtonStyles\" src=\"http:\/\/forestales.ujed.mx\/web\/wp-content\/uploads\/2024\/08\/354603866_776288164289662_284480810337743184_n-1024x512.jpg\" alt=\"\" class=\"wp-image-1257\" style=\"width:508px;height:auto\" srcset=\"http:\/\/forestales.ujed.mx\/web\/wp-content\/uploads\/2024\/08\/354603866_776288164289662_284480810337743184_n-1024x512.jpg 1024w, http:\/\/forestales.ujed.mx\/web\/wp-content\/uploads\/2024\/08\/354603866_776288164289662_284480810337743184_n-300x150.jpg 300w, http:\/\/forestales.ujed.mx\/web\/wp-content\/uploads\/2024\/08\/354603866_776288164289662_284480810337743184_n-768x384.jpg 768w, http:\/\/forestales.ujed.mx\/web\/wp-content\/uploads\/2024\/08\/354603866_776288164289662_284480810337743184_n.jpg 1489w\" sizes=\"auto, (max-width: 1024px) 100vw, 1024px\" \/><button\n\t\t\tclass=\"lightbox-trigger\"\n\t\t\ttype=\"button\"\n\t\t\taria-haspopup=\"dialog\"\n\t\t\taria-label=\"Agrandar\"\n\t\t\tdata-wp-init=\"callbacks.initTriggerButton\"\n\t\t\tdata-wp-on--click=\"actions.showLightbox\"\n\t\t\tdata-wp-style--right=\"state.imageButtonRight\"\n\t\t\tdata-wp-style--top=\"state.imageButtonTop\"\n\t\t>\n\t\t\t<svg xmlns=\"http:\/\/www.w3.org\/2000\/svg\" width=\"12\" height=\"12\" fill=\"none\" viewBox=\"0 0 12 12\">\n\t\t\t\t<path fill=\"#fff\" d=\"M2 0a2 2 0 0 0-2 2v2h1.5V2a.5.5 0 0 1 .5-.5h2V0H2Zm2 10.5H2a.5.5 0 0 1-.5-.5V8H0v2a2 2 0 0 0 2 2h2v-1.5ZM8 12v-1.5h2a.5.5 0 0 0 .5-.5V8H12v2a2 2 0 0 1-2 2H8Zm2-12a2 2 0 0 1 2 2v2h-1.5V2a.5.5 0 0 0-.5-.5H8V0h2Z\" \/>\n\t\t\t<\/svg>\n\t\t<\/button><\/figure>\n\n\n\n<div class=\"wp-block-group is-layout-constrained wp-block-group-is-layout-constrained\">\n<h4 class=\"wp-block-heading has-large-font-size\">Unidad que ofrece este programa<\/h4>\n\n\n\n<p class=\"has-big-font-size\"> Facultad de Ciencias Forestales y Ambientales<\/p>\n\n\n\n<h4 class=\"wp-block-heading has-large-font-size\">Objetivos<\/h4>\n\n\n\n<p class=\"has-big-font-size\">Formar recursos humanos de alto nivel profesional en Geom\u00e1tica que apliquen conocimientos de tecnolog\u00eda geoespacial de vanguardia para generar propuestas de soluci\u00f3n a los problemas de los recursos forestales y ambientales, mediante proyectos aplicados al manejo y la conservaci\u00f3n de los mismos, en beneficio del entorno natural, social y productivo.<\/p>\n<\/div>\n\n\n\n<p><\/p>\n\n\n\n<div class=\"wp-block-group is-layout-constrained wp-block-group-is-layout-constrained\">\n<h4 class=\"wp-block-heading has-large-font-size\">Relaci\u00f3n profesional<\/h4>\n\n\n\n<p class=\"has-big-font-size\">Licenciatura en Ciencias: Geom\u00e1tica, forestales, ambientales, agronom\u00eda, biolog\u00eda, ecolog\u00eda y\/o recursos naturales.<\/p>\n\n\n\n<h4 class=\"wp-block-heading has-large-font-size\">Duraci\u00f3n<\/h4>\n\n\n\n<p class=\"has-big-font-size\">2 a\u00f1os.<\/p>\n\n\n\n<h4 class=\"wp-block-heading has-large-font-size\">Tipo de programa<\/h4>\n\n\n\n<p class=\"has-big-font-size\"> Presencial Escolarizado.<\/p>\n\n\n\n<h4 class=\"wp-block-heading has-large-font-size\">Inscripci\u00f3n al programa<\/h4>\n\n\n\n<p class=\"has-big-font-size\"> Anual.<\/p>\n\n\n\n<h4 class=\"wp-block-heading has-large-font-size\">Periodos de ingreso<\/h4>\n\n\n\n<p class=\"has-big-font-size\">Mes de Agosto.<\/p>\n\n\n\n<h4 class=\"wp-block-heading has-large-font-size\">Requisitos de idioma para egreso<\/h4>\n\n\n\n<p class=\"has-big-font-size\">Ingl\u00e9s, 400 puntos TOELF.<\/p>\n\n\n\n<h4 class=\"wp-block-heading has-large-font-size\">Orientaci\u00f3n del programa<\/h4>\n\n\n\n<p class=\"has-big-font-size\"> Investigaci\u00f3n<\/p>\n<\/div>\n\n\n\n<p><\/p>\n\n\n\n<div class=\"wp-block-group is-layout-constrained wp-block-group-is-layout-constrained\">\n<figure data-wp-context=\"{&quot;imageId&quot;:&quot;69eaed0684726&quot;}\" data-wp-interactive=\"core\/image\" data-wp-key=\"69eaed0684726\" class=\"wp-block-image size-large is-resized wp-lightbox-container\"><img loading=\"lazy\" decoding=\"async\" width=\"1024\" height=\"268\" data-wp-class--hide=\"state.isContentHidden\" data-wp-class--show=\"state.isContentVisible\" data-wp-init=\"callbacks.setButtonStyles\" data-wp-on--click=\"actions.showLightbox\" data-wp-on--load=\"callbacks.setButtonStyles\" data-wp-on-window--resize=\"callbacks.setButtonStyles\" src=\"http:\/\/forestales.ujed.mx\/web\/wp-content\/uploads\/2024\/08\/Flyer-regreso-a-clases-moderno-azul-y-verde-1-2-1024x268.png\" alt=\"\" class=\"wp-image-929\" style=\"width:148px;height:auto\" srcset=\"http:\/\/forestales.ujed.mx\/web\/wp-content\/uploads\/2024\/08\/Flyer-regreso-a-clases-moderno-azul-y-verde-1-2-1024x268.png 1024w, http:\/\/forestales.ujed.mx\/web\/wp-content\/uploads\/2024\/08\/Flyer-regreso-a-clases-moderno-azul-y-verde-1-2-300x79.png 300w, http:\/\/forestales.ujed.mx\/web\/wp-content\/uploads\/2024\/08\/Flyer-regreso-a-clases-moderno-azul-y-verde-1-2-768x201.png 768w, http:\/\/forestales.ujed.mx\/web\/wp-content\/uploads\/2024\/08\/Flyer-regreso-a-clases-moderno-azul-y-verde-1-2.png 1129w\" sizes=\"auto, (max-width: 1024px) 100vw, 1024px\" \/><button\n\t\t\tclass=\"lightbox-trigger\"\n\t\t\ttype=\"button\"\n\t\t\taria-haspopup=\"dialog\"\n\t\t\taria-label=\"Agrandar\"\n\t\t\tdata-wp-init=\"callbacks.initTriggerButton\"\n\t\t\tdata-wp-on--click=\"actions.showLightbox\"\n\t\t\tdata-wp-style--right=\"state.imageButtonRight\"\n\t\t\tdata-wp-style--top=\"state.imageButtonTop\"\n\t\t>\n\t\t\t<svg xmlns=\"http:\/\/www.w3.org\/2000\/svg\" width=\"12\" height=\"12\" fill=\"none\" viewBox=\"0 0 12 12\">\n\t\t\t\t<path fill=\"#fff\" d=\"M2 0a2 2 0 0 0-2 2v2h1.5V2a.5.5 0 0 1 .5-.5h2V0H2Zm2 10.5H2a.5.5 0 0 1-.5-.5V8H0v2a2 2 0 0 0 2 2h2v-1.5ZM8 12v-1.5h2a.5.5 0 0 0 .5-.5V8H12v2a2 2 0 0 1-2 2H8Zm2-12a2 2 0 0 1 2 2v2h-1.5V2a.5.5 0 0 0-.5-.5H8V0h2Z\" \/>\n\t\t\t<\/svg>\n\t\t<\/button><\/figure>\n<\/div>\n\n\n\n<div class=\"wp-block-group is-layout-constrained wp-block-group-is-layout-constrained\">\n<figure class=\"wp-block-table aligncenter is-style-regular has-medium-font-size\"><table class=\"has-fixed-layout\" style=\"border-style:none;border-width:0px\"><tbody><tr><td class=\"has-text-align-center\" data-align=\"center\"><\/td><td><\/td><\/tr><tr><td class=\"has-text-align-center\" data-align=\"center\"><img loading=\"lazy\" decoding=\"async\" width=\"15\" height=\"24\" class=\"wp-image-1267\" style=\"width: 15px;\" src=\"http:\/\/forestales.ujed.mx\/web\/wp-content\/uploads\/2024\/08\/facebook.png\" alt=\"\" srcset=\"http:\/\/forestales.ujed.mx\/web\/wp-content\/uploads\/2024\/08\/facebook.png 224w, http:\/\/forestales.ujed.mx\/web\/wp-content\/uploads\/2024\/08\/facebook-189x300.png 189w\" sizes=\"auto, (max-width: 15px) 100vw, 15px\" \/>Facebook<\/td><td><a href=\"https:\/\/www.facebook.com\/profile.php?id=100057254567915\" target=\"_blank\" rel=\"noreferrer noopener nofollow\">Maestr\u00eda en Geom\u00e1tica Aplicada a Recursos Forestales y Ambientales <\/a><\/td><\/tr><tr><td class=\"has-text-align-center\" data-align=\"center\"><img loading=\"lazy\" decoding=\"async\" width=\"25\" height=\"24\" class=\"wp-image-1268\" style=\"width: 25px;\" src=\"http:\/\/forestales.ujed.mx\/web\/wp-content\/uploads\/2024\/08\/tel.png\" alt=\"\" srcset=\"http:\/\/forestales.ujed.mx\/web\/wp-content\/uploads\/2024\/08\/tel.png 345w, http:\/\/forestales.ujed.mx\/web\/wp-content\/uploads\/2024\/08\/tel-300x294.png 300w, http:\/\/forestales.ujed.mx\/web\/wp-content\/uploads\/2024\/08\/tel-150x150.png 150w\" sizes=\"auto, (max-width: 25px) 100vw, 25px\" \/>Tel\u00e9fono<\/td><td>(618)130-10-96 y (618)827-12-20<\/td><\/tr><tr><td class=\"has-text-align-center\" data-align=\"center\"><img loading=\"lazy\" decoding=\"async\" width=\"30\" height=\"24\" class=\"wp-image-1269\" style=\"width: 30px;\" src=\"http:\/\/forestales.ujed.mx\/web\/wp-content\/uploads\/2024\/08\/correo.jpg\" alt=\"\" srcset=\"http:\/\/forestales.ujed.mx\/web\/wp-content\/uploads\/2024\/08\/correo.jpg 322w, http:\/\/forestales.ujed.mx\/web\/wp-content\/uploads\/2024\/08\/correo-300x238.jpg 300w\" sizes=\"auto, (max-width: 30px) 100vw, 30px\" \/>Correo MGARFA<\/td><td><a href=\"mailto:posgradomga@ujed.mx\" target=\"_blank\" rel=\"noreferrer noopener nofollow\">posgradomga@ujed.mx<\/a><\/td><\/tr><tr><td class=\"has-text-align-center\" data-align=\"center\"><img loading=\"lazy\" decoding=\"async\" width=\"30\" height=\"24\" class=\"wp-image-1269\" style=\"width: 30px;\" src=\"http:\/\/forestales.ujed.mx\/web\/wp-content\/uploads\/2024\/08\/correo.jpg\" alt=\"\" srcset=\"http:\/\/forestales.ujed.mx\/web\/wp-content\/uploads\/2024\/08\/correo.jpg 322w, http:\/\/forestales.ujed.mx\/web\/wp-content\/uploads\/2024\/08\/correo-300x238.jpg 300w\" sizes=\"auto, (max-width: 30px) 100vw, 30px\" \/>Jefatura de la Divisi\u00f3n de Estudios de Posgrado<\/td><td><a href=\"mailto:Sandra.torres@ujed.mx\" target=\"_blank\" rel=\"noreferrer noopener nofollow\">Sandra.tor<strong>res@ujed.mx<\/strong><\/a><\/td><\/tr><\/tbody><\/table><\/figure>\n<\/div>\n\n\n\n<p class=\"has-big-font-size\"><\/p>\n\n\n\n<p><\/p>\n\n\n\n<ul class=\"wp-block-social-links is-layout-flex wp-block-social-links-is-layout-flex\"><\/ul>\n","protected":false},"excerpt":{"rendered":"<p>Maestr\u00eda en Geom\u00e1tica Aplicada a Recursos Forestales y Ambientales Unidad que ofrece este programa Facultad de Ciencias Forestales y Ambientales Objetivos Formar recursos humanos de alto nivel profesional en Geom\u00e1tica que apliquen conocimientos de tecnolog\u00eda geoespacial de vanguardia para generar propuestas de soluci\u00f3n a los problemas de los recursos forestales y ambientales, mediante proyectos aplicados&#8230;<\/p>\n","protected":false},"author":2,"featured_media":0,"parent":0,"menu_order":0,"comment_status":"closed","ping_status":"closed","template":"","meta":{"footnotes":""},"class_list":["post-818","page","type-page","status-publish","hentry"],"_links":{"self":[{"href":"http:\/\/forestales.ujed.mx\/web\/wp-json\/wp\/v2\/pages\/818","targetHints":{"allow":["GET"]}}],"collection":[{"href":"http:\/\/forestales.ujed.mx\/web\/wp-json\/wp\/v2\/pages"}],"about":[{"href":"http:\/\/forestales.ujed.mx\/web\/wp-json\/wp\/v2\/types\/page"}],"author":[{"embeddable":true,"href":"http:\/\/forestales.ujed.mx\/web\/wp-json\/wp\/v2\/users\/2"}],"replies":[{"embeddable":true,"href":"http:\/\/forestales.ujed.mx\/web\/wp-json\/wp\/v2\/comments?post=818"}],"version-history":[{"count":24,"href":"http:\/\/forestales.ujed.mx\/web\/wp-json\/wp\/v2\/pages\/818\/revisions"}],"predecessor-version":[{"id":2627,"href":"http:\/\/forestales.ujed.mx\/web\/wp-json\/wp\/v2\/pages\/818\/revisions\/2627"}],"wp:attachment":[{"href":"http:\/\/forestales.ujed.mx\/web\/wp-json\/wp\/v2\/media?parent=818"}],"curies":[{"name":"wp","href":"https:\/\/api.w.org\/{rel}","templated":true}]}}