{"id":820,"date":"2024-08-21T19:26:49","date_gmt":"2024-08-21T19:26:49","guid":{"rendered":"http:\/\/forestales.ujed.mx\/web\/?page_id=820"},"modified":"2024-08-29T03:55:40","modified_gmt":"2024-08-29T03:55:40","slug":"maestria-institucional-en-ciencias-agropecuarias-y-forestales","status":"publish","type":"page","link":"http:\/\/forestales.ujed.mx\/web\/maestria-institucional-en-ciencias-agropecuarias-y-forestales\/","title":{"rendered":"Maestr\u00eda Institucional en Ciencias Agropecuarias y Forestales"},"content":{"rendered":"\n<div class=\"wp-block-group is-layout-constrained wp-block-group-is-layout-constrained\">\n<p>&nbsp;<\/p>\n\n\n\n<div class=\"wp-block-group is-nowrap is-layout-flex wp-container-core-group-is-layout-6c531013 wp-block-group-is-layout-flex\">\n<p class=\"has-text-align-center has-text-color has-link-color has-x-large-font-size wp-elements-1cd164ca61695d3e8062e43a6f29d431\" style=\"color:#003d57\"><strong>Maestr\u00eda Institucional en Ciencias Agropecuarias y Forestales (MICAF)<\/strong><\/p>\n<\/div>\n\n\n\n<figure data-wp-context=\"{&quot;imageId&quot;:&quot;69e2058d335a0&quot;}\" data-wp-interactive=\"core\/image\" data-wp-key=\"69e2058d335a0\" class=\"wp-block-image aligncenter size-large is-resized wp-lightbox-container\"><img loading=\"lazy\" decoding=\"async\" width=\"1024\" height=\"344\" data-wp-class--hide=\"state.isContentHidden\" data-wp-class--show=\"state.isContentVisible\" data-wp-init=\"callbacks.setButtonStyles\" data-wp-on--click=\"actions.showLightbox\" data-wp-on--load=\"callbacks.setButtonStyles\" data-wp-on-window--resize=\"callbacks.setButtonStyles\" src=\"http:\/\/forestales.ujed.mx\/web\/wp-content\/uploads\/2024\/08\/Imagen2-1-1024x344.png\" alt=\"\" class=\"wp-image-1297\" style=\"width:732px;height:auto\" srcset=\"http:\/\/forestales.ujed.mx\/web\/wp-content\/uploads\/2024\/08\/Imagen2-1-1024x344.png 1024w, http:\/\/forestales.ujed.mx\/web\/wp-content\/uploads\/2024\/08\/Imagen2-1-300x101.png 300w, http:\/\/forestales.ujed.mx\/web\/wp-content\/uploads\/2024\/08\/Imagen2-1-768x258.png 768w, http:\/\/forestales.ujed.mx\/web\/wp-content\/uploads\/2024\/08\/Imagen2-1-1536x516.png 1536w, http:\/\/forestales.ujed.mx\/web\/wp-content\/uploads\/2024\/08\/Imagen2-1.png 1944w\" sizes=\"auto, (max-width: 1024px) 100vw, 1024px\" \/><button\n\t\t\tclass=\"lightbox-trigger\"\n\t\t\ttype=\"button\"\n\t\t\taria-haspopup=\"dialog\"\n\t\t\taria-label=\"Agrandar\"\n\t\t\tdata-wp-init=\"callbacks.initTriggerButton\"\n\t\t\tdata-wp-on--click=\"actions.showLightbox\"\n\t\t\tdata-wp-style--right=\"state.imageButtonRight\"\n\t\t\tdata-wp-style--top=\"state.imageButtonTop\"\n\t\t>\n\t\t\t<svg xmlns=\"http:\/\/www.w3.org\/2000\/svg\" width=\"12\" height=\"12\" fill=\"none\" viewBox=\"0 0 12 12\">\n\t\t\t\t<path fill=\"#fff\" d=\"M2 0a2 2 0 0 0-2 2v2h1.5V2a.5.5 0 0 1 .5-.5h2V0H2Zm2 10.5H2a.5.5 0 0 1-.5-.5V8H0v2a2 2 0 0 0 2 2h2v-1.5ZM8 12v-1.5h2a.5.5 0 0 0 .5-.5V8H12v2a2 2 0 0 1-2 2H8Zm2-12a2 2 0 0 1 2 2v2h-1.5V2a.5.5 0 0 0-.5-.5H8V0h2Z\" \/>\n\t\t\t<\/svg>\n\t\t<\/button><\/figure>\n\n\n\n<h4 class=\"wp-block-heading has-large-font-size has-text-color has-link-color wp-elements-b8639c2ba5e2691fc17e15f3921c7c86\" style=\"color:#003d57\">Unidad que ofrece este programa<\/h4>\n\n\n\n<p class=\"has-big-font-size\">Facultad de Ciencias Forestales y Ambientales<\/p>\n\n\n\n<p class=\"has-big-font-size\">Facultad de Medicina Veterinaria y Zootecnia <\/p>\n\n\n\n<p class=\"has-big-font-size\"> Instituto de Silvicultura e Industria de la Madera<\/p>\n\n\n\n<h4 class=\"wp-block-heading has-large-font-size has-text-color has-link-color wp-elements-d285b3de7682ddaffe7bf5c6547175fa\" style=\"color:#003d57\">Objetivos<\/h4>\n\n\n\n<p class=\"has-big-font-size\">Formar maestros en Ciencias Agropecuarias y Forestales, de manera integral, altamente habilitados para solucionar problemas en los \u00e1mbitos Agropecuario, Forestal, Ambiental y el relacionado con la Fauna Silvestre, con un enfoque sustentable, en el entorno regional y nacional.<\/p>\n\n\n\n<h4 class=\"wp-block-heading has-large-font-size has-text-color has-link-color wp-elements-96ff7c9adc54057f6c0a0706dbc2e6de\" style=\"color:#003d57\">Relaci\u00f3n profesional<\/h4>\n\n\n\n<p class=\"has-big-font-size\">M\u00e9dicos Veterinarios, Zootecnistas, Bi\u00f3logos, Ingenieros Forestales, Ingenieros agr\u00f3nomos, ec\u00f3logos, ingenieros en recursos naturales y afines.<\/p>\n\n\n\n<h4 class=\"wp-block-heading has-large-font-size has-text-color has-link-color wp-elements-61a119bf4fc70a025e2950075648c755\" style=\"color:#003d57\">Duraci\u00f3n<\/h4>\n\n\n\n<p class=\"has-big-font-size\">2 a\u00f1os.<\/p>\n\n\n\n<h4 class=\"wp-block-heading has-large-font-size has-text-color has-link-color wp-elements-58eb3ccec340c900a618b793383843c5\" style=\"color:#003d57\">Tipo de programa<\/h4>\n\n\n\n<p class=\"has-big-font-size\">Presencial Escolarizado.<\/p>\n\n\n\n<h4 class=\"wp-block-heading has-large-font-size has-text-color has-link-color wp-elements-84e6de37debd144cb998c0c14a0b5179\" style=\"color:#003d57\">Inscripci\u00f3n al programa<\/h4>\n\n\n\n<p class=\"has-big-font-size\">Anual.<\/p>\n\n\n\n<h4 class=\"wp-block-heading has-large-font-size has-text-color has-link-color wp-elements-46c8fe0117e8079615946ccd39329cd2\" style=\"color:#003d57\">Periodos de ingreso<\/h4>\n\n\n\n<p class=\"has-big-font-size\">Mes de Agosto.<\/p>\n\n\n\n<h4 class=\"wp-block-heading has-large-font-size has-text-color has-link-color wp-elements-d83195811aac0de290a319ce49a0766f\" style=\"color:#003d57\">Requisitos de idioma para egreso<\/h4>\n\n\n\n<p class=\"has-big-font-size\">Ingl\u00e9s, 400 puntos TOELF.<\/p>\n\n\n\n<h4 class=\"wp-block-heading has-large-font-size has-text-color has-link-color wp-elements-ce38c1108e3117683d041fafc3dfceed\" style=\"color:#003d57\">Orientaci\u00f3n del programa<\/h4>\n\n\n\n<p class=\"has-big-font-size\">Investigaci\u00f3n<\/p>\n\n\n\n<figure data-wp-context=\"{&quot;imageId&quot;:&quot;69e2058d34189&quot;}\" data-wp-interactive=\"core\/image\" data-wp-key=\"69e2058d34189\" class=\"wp-block-image size-large is-resized wp-lightbox-container\"><img loading=\"lazy\" decoding=\"async\" width=\"1024\" height=\"268\" data-wp-class--hide=\"state.isContentHidden\" data-wp-class--show=\"state.isContentVisible\" data-wp-init=\"callbacks.setButtonStyles\" data-wp-on--click=\"actions.showLightbox\" data-wp-on--load=\"callbacks.setButtonStyles\" data-wp-on-window--resize=\"callbacks.setButtonStyles\" src=\"http:\/\/forestales.ujed.mx\/web\/wp-content\/uploads\/2024\/08\/Flyer-regreso-a-clases-moderno-azul-y-verde-1-2-1024x268.png\" alt=\"\" class=\"wp-image-929\" style=\"width:206px;height:auto\" srcset=\"http:\/\/forestales.ujed.mx\/web\/wp-content\/uploads\/2024\/08\/Flyer-regreso-a-clases-moderno-azul-y-verde-1-2-1024x268.png 1024w, http:\/\/forestales.ujed.mx\/web\/wp-content\/uploads\/2024\/08\/Flyer-regreso-a-clases-moderno-azul-y-verde-1-2-300x79.png 300w, http:\/\/forestales.ujed.mx\/web\/wp-content\/uploads\/2024\/08\/Flyer-regreso-a-clases-moderno-azul-y-verde-1-2-768x201.png 768w, http:\/\/forestales.ujed.mx\/web\/wp-content\/uploads\/2024\/08\/Flyer-regreso-a-clases-moderno-azul-y-verde-1-2.png 1129w\" sizes=\"auto, (max-width: 1024px) 100vw, 1024px\" \/><button\n\t\t\tclass=\"lightbox-trigger\"\n\t\t\ttype=\"button\"\n\t\t\taria-haspopup=\"dialog\"\n\t\t\taria-label=\"Agrandar\"\n\t\t\tdata-wp-init=\"callbacks.initTriggerButton\"\n\t\t\tdata-wp-on--click=\"actions.showLightbox\"\n\t\t\tdata-wp-style--right=\"state.imageButtonRight\"\n\t\t\tdata-wp-style--top=\"state.imageButtonTop\"\n\t\t>\n\t\t\t<svg xmlns=\"http:\/\/www.w3.org\/2000\/svg\" width=\"12\" height=\"12\" fill=\"none\" viewBox=\"0 0 12 12\">\n\t\t\t\t<path fill=\"#fff\" d=\"M2 0a2 2 0 0 0-2 2v2h1.5V2a.5.5 0 0 1 .5-.5h2V0H2Zm2 10.5H2a.5.5 0 0 1-.5-.5V8H0v2a2 2 0 0 0 2 2h2v-1.5ZM8 12v-1.5h2a.5.5 0 0 0 .5-.5V8H12v2a2 2 0 0 1-2 2H8Zm2-12a2 2 0 0 1 2 2v2h-1.5V2a.5.5 0 0 0-.5-.5H8V0h2Z\" \/>\n\t\t\t<\/svg>\n\t\t<\/button><\/figure>\n<\/div>\n\n\n\n<div class=\"wp-block-group is-layout-constrained wp-block-group-is-layout-constrained\">\n<figure class=\"wp-block-table is-style-regular has-big-font-size\"><table class=\"has-fixed-layout\" style=\"border-style:none;border-width:0px\"><tbody><tr><td class=\"has-text-align-center\" data-align=\"center\"><img loading=\"lazy\" decoding=\"async\" width=\"30\" height=\"32\" class=\"wp-image-1260\" style=\"width: 30px;\" src=\"http:\/\/forestales.ujed.mx\/web\/wp-content\/uploads\/2024\/08\/web.png\" alt=\"\" srcset=\"http:\/\/forestales.ujed.mx\/web\/wp-content\/uploads\/2024\/08\/web.png 386w, http:\/\/forestales.ujed.mx\/web\/wp-content\/uploads\/2024\/08\/web-284x300.png 284w\" sizes=\"auto, (max-width: 30px) 100vw, 30px\" \/><strong>Sitio we<\/strong>b<\/td><td><a href=\"https:\/\/www.ujed.mx\/oferta-educativa\/maestria-institucional-en-ciencias-agropecuarias-y-forestales\" target=\"_blank\" rel=\"noreferrer noopener nofollow\">Sitio web MICAF<\/a><\/td><\/tr><tr><td class=\"has-text-align-center\" data-align=\"center\"><img loading=\"lazy\" decoding=\"async\" width=\"20\" height=\"32\" class=\"wp-image-1267\" style=\"width: 20px;\" src=\"http:\/\/forestales.ujed.mx\/web\/wp-content\/uploads\/2024\/08\/facebook.png\" alt=\"\" srcset=\"http:\/\/forestales.ujed.mx\/web\/wp-content\/uploads\/2024\/08\/facebook.png 224w, http:\/\/forestales.ujed.mx\/web\/wp-content\/uploads\/2024\/08\/facebook-189x300.png 189w\" sizes=\"auto, (max-width: 20px) 100vw, 20px\" \/>Facebook<\/td><td><a href=\"https:\/\/www.facebook.com\/profile.php?id=100090979106371&amp;sk=photos\" target=\"_blank\" rel=\"noreferrer noopener nofollow\">Maestr\u00eda Institucional en Ciencias Agropecuarias y Forestales <\/a><\/td><\/tr><tr><td class=\"has-text-align-center\" data-align=\"center\"><img loading=\"lazy\" decoding=\"async\" width=\"30\" height=\"29\" class=\"wp-image-1268\" style=\"width: 30px;\" src=\"http:\/\/forestales.ujed.mx\/web\/wp-content\/uploads\/2024\/08\/tel.png\" alt=\"\" srcset=\"http:\/\/forestales.ujed.mx\/web\/wp-content\/uploads\/2024\/08\/tel.png 345w, http:\/\/forestales.ujed.mx\/web\/wp-content\/uploads\/2024\/08\/tel-300x294.png 300w, http:\/\/forestales.ujed.mx\/web\/wp-content\/uploads\/2024\/08\/tel-150x150.png 150w\" sizes=\"auto, (max-width: 30px) 100vw, 30px\" \/>Tel\u00e9fono<\/td><td>Tel. 01 (618) 130-11-48, FAX: 01 (618) 130-10-96<\/td><\/tr><tr><td class=\"has-text-align-center\" data-align=\"center\"><img loading=\"lazy\" decoding=\"async\" width=\"30\" height=\"24\" class=\"wp-image-1269\" style=\"width: 30px;\" src=\"http:\/\/forestales.ujed.mx\/web\/wp-content\/uploads\/2024\/08\/correo.jpg\" alt=\"\" srcset=\"http:\/\/forestales.ujed.mx\/web\/wp-content\/uploads\/2024\/08\/correo.jpg 322w, http:\/\/forestales.ujed.mx\/web\/wp-content\/uploads\/2024\/08\/correo-300x238.jpg 300w\" sizes=\"auto, (max-width: 30px) 100vw, 30px\" \/>Correo MICAF<\/td><td><a href=\"mailto:micaf@ujed.mx\" target=\"_blank\" rel=\"noreferrer noopener nofollow\">micaf@ujed.mx<\/a><\/td><\/tr><\/tbody><\/table><\/figure>\n<\/div>\n\n\n\n<p><\/p>\n","protected":false},"excerpt":{"rendered":"<p>&nbsp; Maestr\u00eda Institucional en Ciencias Agropecuarias y Forestales (MICAF) Unidad que ofrece este programa Facultad de Ciencias Forestales y Ambientales Facultad de Medicina Veterinaria y Zootecnia Instituto de Silvicultura e Industria de la Madera Objetivos Formar maestros en Ciencias Agropecuarias y Forestales, de manera integral, altamente habilitados para solucionar problemas en los \u00e1mbitos Agropecuario, Forestal,&#8230;<\/p>\n","protected":false},"author":2,"featured_media":0,"parent":0,"menu_order":0,"comment_status":"closed","ping_status":"closed","template":"","meta":{"footnotes":""},"class_list":["post-820","page","type-page","status-publish","hentry"],"_links":{"self":[{"href":"http:\/\/forestales.ujed.mx\/web\/wp-json\/wp\/v2\/pages\/820","targetHints":{"allow":["GET"]}}],"collection":[{"href":"http:\/\/forestales.ujed.mx\/web\/wp-json\/wp\/v2\/pages"}],"about":[{"href":"http:\/\/forestales.ujed.mx\/web\/wp-json\/wp\/v2\/types\/page"}],"author":[{"embeddable":true,"href":"http:\/\/forestales.ujed.mx\/web\/wp-json\/wp\/v2\/users\/2"}],"replies":[{"embeddable":true,"href":"http:\/\/forestales.ujed.mx\/web\/wp-json\/wp\/v2\/comments?post=820"}],"version-history":[{"count":20,"href":"http:\/\/forestales.ujed.mx\/web\/wp-json\/wp\/v2\/pages\/820\/revisions"}],"predecessor-version":[{"id":1413,"href":"http:\/\/forestales.ujed.mx\/web\/wp-json\/wp\/v2\/pages\/820\/revisions\/1413"}],"wp:attachment":[{"href":"http:\/\/forestales.ujed.mx\/web\/wp-json\/wp\/v2\/media?parent=820"}],"curies":[{"name":"wp","href":"https:\/\/api.w.org\/{rel}","templated":true}]}}