{"id":822,"date":"2024-08-21T19:31:52","date_gmt":"2024-08-21T19:31:52","guid":{"rendered":"http:\/\/forestales.ujed.mx\/web\/?page_id=822"},"modified":"2024-08-28T12:50:16","modified_gmt":"2024-08-28T12:50:16","slug":"programa-institucional-de-doctorado-en-ciencias-agropecuarias-y-forestales","status":"publish","type":"page","link":"http:\/\/forestales.ujed.mx\/web\/programa-institucional-de-doctorado-en-ciencias-agropecuarias-y-forestales\/","title":{"rendered":"Programa Institucional de Doctorado en Ciencias Agropecuarias y Forestales"},"content":{"rendered":"\n<div class=\"wp-block-group is-layout-constrained wp-block-group-is-layout-constrained\">\n<h3 class=\"wp-block-heading\">&nbsp;<\/h3>\n<\/div>\n\n\n\n<div class=\"wp-block-group is-layout-constrained wp-block-group-is-layout-constrained\">\n<p class=\"has-text-align-center has-text-color has-link-color has-x-large-font-size wp-elements-98637fe3f62ac9eb84e6afd300bccc46\" style=\"color:#003d57\"><strong>Programa Institucional de Doctorado en Ciencias Agropecuarias y Forestales<\/strong><\/p>\n\n\n\n<figure data-wp-context=\"{&quot;imageId&quot;:&quot;69d5b5eea3fee&quot;}\" data-wp-interactive=\"core\/image\" data-wp-key=\"69d5b5eea3fee\" class=\"wp-block-image aligncenter size-large is-resized wp-lightbox-container\"><img loading=\"lazy\" decoding=\"async\" width=\"1024\" height=\"549\" data-wp-class--hide=\"state.isContentHidden\" data-wp-class--show=\"state.isContentVisible\" data-wp-init=\"callbacks.setButtonStyles\" data-wp-on--click=\"actions.showLightbox\" data-wp-on--load=\"callbacks.setButtonStyles\" data-wp-on-window--resize=\"callbacks.setButtonStyles\" src=\"http:\/\/forestales.ujed.mx\/web\/wp-content\/uploads\/2024\/08\/pidcaf-1024x549.png\" alt=\"\" class=\"wp-image-1304\" style=\"width:585px;height:auto\" srcset=\"http:\/\/forestales.ujed.mx\/web\/wp-content\/uploads\/2024\/08\/pidcaf-1024x549.png 1024w, http:\/\/forestales.ujed.mx\/web\/wp-content\/uploads\/2024\/08\/pidcaf-300x161.png 300w, http:\/\/forestales.ujed.mx\/web\/wp-content\/uploads\/2024\/08\/pidcaf-768x412.png 768w, http:\/\/forestales.ujed.mx\/web\/wp-content\/uploads\/2024\/08\/pidcaf.png 1218w\" sizes=\"auto, (max-width: 1024px) 100vw, 1024px\" \/><button\n\t\t\tclass=\"lightbox-trigger\"\n\t\t\ttype=\"button\"\n\t\t\taria-haspopup=\"dialog\"\n\t\t\taria-label=\"Agrandar\"\n\t\t\tdata-wp-init=\"callbacks.initTriggerButton\"\n\t\t\tdata-wp-on--click=\"actions.showLightbox\"\n\t\t\tdata-wp-style--right=\"state.imageButtonRight\"\n\t\t\tdata-wp-style--top=\"state.imageButtonTop\"\n\t\t>\n\t\t\t<svg xmlns=\"http:\/\/www.w3.org\/2000\/svg\" width=\"12\" height=\"12\" fill=\"none\" viewBox=\"0 0 12 12\">\n\t\t\t\t<path fill=\"#fff\" d=\"M2 0a2 2 0 0 0-2 2v2h1.5V2a.5.5 0 0 1 .5-.5h2V0H2Zm2 10.5H2a.5.5 0 0 1-.5-.5V8H0v2a2 2 0 0 0 2 2h2v-1.5ZM8 12v-1.5h2a.5.5 0 0 0 .5-.5V8H12v2a2 2 0 0 1-2 2H8Zm2-12a2 2 0 0 1 2 2v2h-1.5V2a.5.5 0 0 0-.5-.5H8V0h2Z\" \/>\n\t\t\t<\/svg>\n\t\t<\/button><\/figure>\n\n\n\n<p class=\"has-text-color has-link-color has-large-font-size wp-elements-6e27e7dc800a96f719afc76e5318314f\" style=\"color:#003d57\"><strong>Unidad que ofrece este programa<\/strong><\/p>\n\n\n\n<p class=\"has-big-font-size\">Facultad de Ciencias Forestales y Ambientales<\/p>\n\n\n\n<p class=\"has-big-font-size\">Facultad de Medicina Veterinaria y Zootecnia<\/p>\n\n\n\n<p class=\"has-big-font-size\">Instituto de Silvicultura e Industria de la Madera<\/p>\n\n\n\n<p class=\"has-text-color has-link-color has-large-font-size wp-elements-ca70130e310c1776a4b2185c11935a2a\" style=\"color:#003d57\"><strong>Objetivos<\/strong><\/p>\n\n\n\n<p class=\"has-big-font-size\">Consolidar la oferta educativa de posgrado a nivel doctoral en el \u00e1rea de ciencias agropecuarias &nbsp;y&nbsp; &nbsp;forestales,&nbsp; &nbsp;estableciendo&nbsp;&nbsp; sinergias&nbsp; &nbsp;entre&nbsp;&nbsp; los&nbsp; &nbsp;n\u00facleos&nbsp; &nbsp;de profesores e investigadores de tiempo completo y la disponibilidad com\u00fan de infraestructura y recursos para contribuir a la formaci\u00f3n de recursos humanos de calidad, pertinentes con el desarrollo sustentable de la regi\u00f3n y del pa\u00eds.<\/p>\n\n\n\n<p class=\"has-text-color has-link-color has-large-font-size wp-elements-fca0df5c25ebb2406bfb6bfbe2341b9c\" style=\"color:#003d57\"><strong>Relaci\u00f3n profesional<\/strong><\/p>\n\n\n\n<p class=\"has-big-font-size\">M\u00e9dicos Veterinarios, Zootecnistas, Bi\u00f3logos, Ingenieros Forestales, Ingenieros agr\u00f3nomos, ec\u00f3logos, ingenieros en recursos naturales y afines.<\/p>\n\n\n\n<p class=\"has-text-color has-link-color has-large-font-size wp-elements-e3daf69e7b90d4efdb778a46f3661b50\" style=\"color:#003d57\"><strong>Duraci\u00f3n<\/strong><\/p>\n\n\n\n<p class=\"has-big-font-size\">4 a\u00f1os.<\/p>\n\n\n\n<p class=\"has-text-color has-link-color has-large-font-size wp-elements-af97a4e85e7b46cedb6237a585c9c8ae\" style=\"color:#003d57\"><strong>Tipo de programa<\/strong><\/p>\n\n\n\n<p class=\"has-big-font-size\">Presencial Escolarizado.<\/p>\n\n\n\n<p class=\"has-text-color has-link-color has-large-font-size wp-elements-580add845b7af98017db591e3af0cf92\" style=\"color:#003d57\"><strong>Inscripci\u00f3n al programa<\/strong><\/p>\n\n\n\n<p class=\"has-big-font-size\">Anual.<\/p>\n\n\n\n<p class=\"has-text-color has-link-color has-large-font-size wp-elements-c8d7a403bd6157110907cccd793eff98\" style=\"color:#003d57\"><strong>Periodos de ingreso<\/strong><\/p>\n\n\n\n<p class=\"has-big-font-size\">Mes de Agosto.<\/p>\n\n\n\n<p class=\"has-text-color has-link-color has-large-font-size wp-elements-07a1311cef6c7ea87d03ae6ba7191832\" style=\"color:#003d57\"><strong>Requisitos de idioma para egreso<\/strong><\/p>\n\n\n\n<p class=\"has-big-font-size\">Ingl\u00e9s, 450 puntos TOELF.<\/p>\n\n\n\n<p class=\"has-text-color has-link-color has-large-font-size wp-elements-e6e9b41eb6889e4b28406a8c8a6f241d\" style=\"color:#003d57\"><strong>Orientaci\u00f3n del programa<\/strong><\/p>\n\n\n\n<p class=\"has-big-font-size\">Investigaci\u00f3n<\/p>\n\n\n\n<figure data-wp-context=\"{&quot;imageId&quot;:&quot;69d5b5eea4a27&quot;}\" data-wp-interactive=\"core\/image\" data-wp-key=\"69d5b5eea4a27\" class=\"wp-block-image size-large is-resized wp-lightbox-container\"><img loading=\"lazy\" decoding=\"async\" width=\"1024\" height=\"268\" data-wp-class--hide=\"state.isContentHidden\" data-wp-class--show=\"state.isContentVisible\" data-wp-init=\"callbacks.setButtonStyles\" data-wp-on--click=\"actions.showLightbox\" data-wp-on--load=\"callbacks.setButtonStyles\" data-wp-on-window--resize=\"callbacks.setButtonStyles\" src=\"http:\/\/forestales.ujed.mx\/web\/wp-content\/uploads\/2024\/08\/Flyer-regreso-a-clases-moderno-azul-y-verde-1-2-1024x268.png\" alt=\"\" class=\"wp-image-929\" style=\"width:251px;height:auto\" srcset=\"http:\/\/forestales.ujed.mx\/web\/wp-content\/uploads\/2024\/08\/Flyer-regreso-a-clases-moderno-azul-y-verde-1-2-1024x268.png 1024w, http:\/\/forestales.ujed.mx\/web\/wp-content\/uploads\/2024\/08\/Flyer-regreso-a-clases-moderno-azul-y-verde-1-2-300x79.png 300w, http:\/\/forestales.ujed.mx\/web\/wp-content\/uploads\/2024\/08\/Flyer-regreso-a-clases-moderno-azul-y-verde-1-2-768x201.png 768w, http:\/\/forestales.ujed.mx\/web\/wp-content\/uploads\/2024\/08\/Flyer-regreso-a-clases-moderno-azul-y-verde-1-2.png 1129w\" sizes=\"auto, (max-width: 1024px) 100vw, 1024px\" \/><button\n\t\t\tclass=\"lightbox-trigger\"\n\t\t\ttype=\"button\"\n\t\t\taria-haspopup=\"dialog\"\n\t\t\taria-label=\"Agrandar\"\n\t\t\tdata-wp-init=\"callbacks.initTriggerButton\"\n\t\t\tdata-wp-on--click=\"actions.showLightbox\"\n\t\t\tdata-wp-style--right=\"state.imageButtonRight\"\n\t\t\tdata-wp-style--top=\"state.imageButtonTop\"\n\t\t>\n\t\t\t<svg xmlns=\"http:\/\/www.w3.org\/2000\/svg\" width=\"12\" height=\"12\" fill=\"none\" viewBox=\"0 0 12 12\">\n\t\t\t\t<path fill=\"#fff\" d=\"M2 0a2 2 0 0 0-2 2v2h1.5V2a.5.5 0 0 1 .5-.5h2V0H2Zm2 10.5H2a.5.5 0 0 1-.5-.5V8H0v2a2 2 0 0 0 2 2h2v-1.5ZM8 12v-1.5h2a.5.5 0 0 0 .5-.5V8H12v2a2 2 0 0 1-2 2H8Zm2-12a2 2 0 0 1 2 2v2h-1.5V2a.5.5 0 0 0-.5-.5H8V0h2Z\" \/>\n\t\t\t<\/svg>\n\t\t<\/button><\/figure>\n<\/div>\n\n\n\n<div class=\"wp-block-group is-layout-constrained wp-block-group-is-layout-constrained\">\n<figure class=\"wp-block-table aligncenter\"><table class=\"has-fixed-layout\" style=\"border-style:none;border-width:0px\"><tbody><tr><td class=\"has-text-align-center\" data-align=\"center\"><img loading=\"lazy\" decoding=\"async\" width=\"30\" height=\"32\" class=\"wp-image-1260\" style=\"width: 30px;\" src=\"http:\/\/forestales.ujed.mx\/web\/wp-content\/uploads\/2024\/08\/web.png\" alt=\"\" srcset=\"http:\/\/forestales.ujed.mx\/web\/wp-content\/uploads\/2024\/08\/web.png 386w, http:\/\/forestales.ujed.mx\/web\/wp-content\/uploads\/2024\/08\/web-284x300.png 284w\" sizes=\"auto, (max-width: 30px) 100vw, 30px\" \/>Sitio web <\/td><td><a href=\"http:\/\/forestales.ujed.mx\/dicaf\/objetivos-del-posgrado\/\" target=\"_blank\" rel=\"noreferrer noopener nofollow\">Sitio web PIDCAF<\/a><\/td><\/tr><tr><td class=\"has-text-align-center\" data-align=\"center\"><img loading=\"lazy\" decoding=\"async\" width=\"20\" height=\"32\" class=\"wp-image-1267\" style=\"width: 20px;\" src=\"http:\/\/forestales.ujed.mx\/web\/wp-content\/uploads\/2024\/08\/facebook.png\" alt=\"\" srcset=\"http:\/\/forestales.ujed.mx\/web\/wp-content\/uploads\/2024\/08\/facebook.png 224w, http:\/\/forestales.ujed.mx\/web\/wp-content\/uploads\/2024\/08\/facebook-189x300.png 189w\" sizes=\"auto, (max-width: 20px) 100vw, 20px\" \/>Facebook<\/td><td><a href=\"https:\/\/www.facebook.com\/profile.php?id=61552755809581\" target=\"_blank\" rel=\"noreferrer noopener nofollow\">Pidcaf Ujed <\/a><\/td><\/tr><tr><td class=\"has-text-align-center\" data-align=\"center\"><img loading=\"lazy\" decoding=\"async\" width=\"30\" height=\"29\" class=\"wp-image-1268\" style=\"width: 30px;\" src=\"http:\/\/forestales.ujed.mx\/web\/wp-content\/uploads\/2024\/08\/tel.png\" alt=\"\" srcset=\"http:\/\/forestales.ujed.mx\/web\/wp-content\/uploads\/2024\/08\/tel.png 345w, http:\/\/forestales.ujed.mx\/web\/wp-content\/uploads\/2024\/08\/tel-300x294.png 300w, http:\/\/forestales.ujed.mx\/web\/wp-content\/uploads\/2024\/08\/tel-150x150.png 150w\" sizes=\"auto, (max-width: 30px) 100vw, 30px\" \/>Tel\u00e9fono <\/td><td>+52 (618) 130 10 96<\/td><\/tr><tr><td class=\"has-text-align-center\" data-align=\"center\"><img loading=\"lazy\" decoding=\"async\" width=\"30\" height=\"24\" class=\"wp-image-1269\" style=\"width: 30px;\" src=\"http:\/\/forestales.ujed.mx\/web\/wp-content\/uploads\/2024\/08\/correo.jpg\" alt=\"\" srcset=\"http:\/\/forestales.ujed.mx\/web\/wp-content\/uploads\/2024\/08\/correo.jpg 322w, http:\/\/forestales.ujed.mx\/web\/wp-content\/uploads\/2024\/08\/correo-300x238.jpg 300w\" sizes=\"auto, (max-width: 30px) 100vw, 30px\" \/>Correo PIDCAF<\/td><td><a href=\"mailto:coordinacion_dicaf@ujed.mx\" target=\"_blank\" rel=\"noreferrer noopener nofollow\">coordinacion_dicaf@ujed.mx<\/a><\/td><\/tr><\/tbody><\/table><\/figure>\n<\/div>\n","protected":false},"excerpt":{"rendered":"<p>&nbsp; Programa Institucional de Doctorado en Ciencias Agropecuarias y Forestales Unidad que ofrece este programa Facultad de Ciencias Forestales y Ambientales Facultad de Medicina Veterinaria y Zootecnia Instituto de Silvicultura e Industria de la Madera Objetivos Consolidar la oferta educativa de posgrado a nivel doctoral en el \u00e1rea de ciencias agropecuarias &nbsp;y&nbsp; &nbsp;forestales,&nbsp; &nbsp;estableciendo&nbsp;&nbsp; sinergias&nbsp;&#8230;<\/p>\n","protected":false},"author":2,"featured_media":0,"parent":0,"menu_order":0,"comment_status":"closed","ping_status":"closed","template":"","meta":{"footnotes":""},"class_list":["post-822","page","type-page","status-publish","hentry"],"_links":{"self":[{"href":"http:\/\/forestales.ujed.mx\/web\/wp-json\/wp\/v2\/pages\/822","targetHints":{"allow":["GET"]}}],"collection":[{"href":"http:\/\/forestales.ujed.mx\/web\/wp-json\/wp\/v2\/pages"}],"about":[{"href":"http:\/\/forestales.ujed.mx\/web\/wp-json\/wp\/v2\/types\/page"}],"author":[{"embeddable":true,"href":"http:\/\/forestales.ujed.mx\/web\/wp-json\/wp\/v2\/users\/2"}],"replies":[{"embeddable":true,"href":"http:\/\/forestales.ujed.mx\/web\/wp-json\/wp\/v2\/comments?post=822"}],"version-history":[{"count":12,"href":"http:\/\/forestales.ujed.mx\/web\/wp-json\/wp\/v2\/pages\/822\/revisions"}],"predecessor-version":[{"id":1311,"href":"http:\/\/forestales.ujed.mx\/web\/wp-json\/wp\/v2\/pages\/822\/revisions\/1311"}],"wp:attachment":[{"href":"http:\/\/forestales.ujed.mx\/web\/wp-json\/wp\/v2\/media?parent=822"}],"curies":[{"name":"wp","href":"https:\/\/api.w.org\/{rel}","templated":true}]}}