{"id":828,"date":"2024-08-21T19:36:06","date_gmt":"2024-08-21T19:36:06","guid":{"rendered":"http:\/\/forestales.ujed.mx\/web\/?page_id=828"},"modified":"2024-08-28T17:50:12","modified_gmt":"2024-08-28T17:50:12","slug":"marcos-de-cualificaciones-mexicano-y-europeo","status":"publish","type":"page","link":"http:\/\/forestales.ujed.mx\/web\/marcos-de-cualificaciones-mexicano-y-europeo\/","title":{"rendered":"Marcos de Cualificaciones Mexicano y Europeo"},"content":{"rendered":"\n<div class=\"wp-block-group is-layout-constrained wp-block-group-is-layout-constrained\">\n<h3 class=\"wp-block-heading has-x-large-font-size\">Marcos de Cualificaciones Mexicano y Europeo<\/h3>\n\n\n\n<p class=\"has-large-font-size\"><strong class=\"text-muted\">Alineaci\u00f3n del programa de grado con los Marcos de Cualificaciones Mexicano y Europeo.<\/strong><\/p>\n\n\n\n<p class=\"has-big-font-size\">El programa de Grado de Ingeniero en Ciencias Forestales se encuentra alineado al Nivel 6, tanto del Marco de Cualificaci\u00f3n Europeo (EQF) como del Marco de Cualificaciones de M\u00e9xico (MMC).<br>Las secciones sombreadas muestran las \u00e1reas de coincidencia de ambos Marcos.<\/p>\n\n\n\n<p class=\"has-big-font-size\">Niveles del Marco Europeo de Cualificaciones (EQF):<\/p>\n<\/div>\n\n\n\n<figure data-wp-context=\"{&quot;imageId&quot;:&quot;69dca79f950eb&quot;}\" data-wp-interactive=\"core\/image\" data-wp-key=\"69dca79f950eb\" class=\"wp-block-image aligncenter size-full wp-lightbox-container\"><img loading=\"lazy\" decoding=\"async\" width=\"856\" height=\"191\" data-wp-class--hide=\"state.isContentHidden\" data-wp-class--show=\"state.isContentVisible\" data-wp-init=\"callbacks.setButtonStyles\" data-wp-on--click=\"actions.showLightbox\" data-wp-on--load=\"callbacks.setButtonStyles\" data-wp-on-window--resize=\"callbacks.setButtonStyles\" src=\"http:\/\/forestales.ujed.mx\/web\/wp-content\/uploads\/2024\/08\/Captura-de-pantalla-173-1.png\" alt=\"\" class=\"wp-image-971\" srcset=\"http:\/\/forestales.ujed.mx\/web\/wp-content\/uploads\/2024\/08\/Captura-de-pantalla-173-1.png 856w, http:\/\/forestales.ujed.mx\/web\/wp-content\/uploads\/2024\/08\/Captura-de-pantalla-173-1-300x67.png 300w, http:\/\/forestales.ujed.mx\/web\/wp-content\/uploads\/2024\/08\/Captura-de-pantalla-173-1-768x171.png 768w\" sizes=\"auto, (max-width: 856px) 100vw, 856px\" \/><button\n\t\t\tclass=\"lightbox-trigger\"\n\t\t\ttype=\"button\"\n\t\t\taria-haspopup=\"dialog\"\n\t\t\taria-label=\"Agrandar\"\n\t\t\tdata-wp-init=\"callbacks.initTriggerButton\"\n\t\t\tdata-wp-on--click=\"actions.showLightbox\"\n\t\t\tdata-wp-style--right=\"state.imageButtonRight\"\n\t\t\tdata-wp-style--top=\"state.imageButtonTop\"\n\t\t>\n\t\t\t<svg xmlns=\"http:\/\/www.w3.org\/2000\/svg\" width=\"12\" height=\"12\" fill=\"none\" viewBox=\"0 0 12 12\">\n\t\t\t\t<path fill=\"#fff\" d=\"M2 0a2 2 0 0 0-2 2v2h1.5V2a.5.5 0 0 1 .5-.5h2V0H2Zm2 10.5H2a.5.5 0 0 1-.5-.5V8H0v2a2 2 0 0 0 2 2h2v-1.5ZM8 12v-1.5h2a.5.5 0 0 0 .5-.5V8H12v2a2 2 0 0 1-2 2H8Zm2-12a2 2 0 0 1 2 2v2h-1.5V2a.5.5 0 0 0-.5-.5H8V0h2Z\" \/>\n\t\t\t<\/svg>\n\t\t<\/button><\/figure>\n\n\n\n<div class=\"wp-block-group is-layout-constrained wp-block-group-is-layout-constrained\">\n<p class=\"has-big-font-size\">Marco Mexicano de Cualificaciones (MMC)<br>Descripci\u00f3n de los Niveles:<\/p>\n\n\n\n<figure data-wp-context=\"{&quot;imageId&quot;:&quot;69dca79f95589&quot;}\" data-wp-interactive=\"core\/image\" data-wp-key=\"69dca79f95589\" class=\"wp-block-image aligncenter size-full wp-lightbox-container\"><img loading=\"lazy\" decoding=\"async\" width=\"863\" height=\"712\" data-wp-class--hide=\"state.isContentHidden\" data-wp-class--show=\"state.isContentVisible\" data-wp-init=\"callbacks.setButtonStyles\" data-wp-on--click=\"actions.showLightbox\" data-wp-on--load=\"callbacks.setButtonStyles\" data-wp-on-window--resize=\"callbacks.setButtonStyles\" src=\"http:\/\/forestales.ujed.mx\/web\/wp-content\/uploads\/2024\/08\/Captura-de-pantalla-174-1.png\" alt=\"\" class=\"wp-image-974\" srcset=\"http:\/\/forestales.ujed.mx\/web\/wp-content\/uploads\/2024\/08\/Captura-de-pantalla-174-1.png 863w, http:\/\/forestales.ujed.mx\/web\/wp-content\/uploads\/2024\/08\/Captura-de-pantalla-174-1-300x248.png 300w, http:\/\/forestales.ujed.mx\/web\/wp-content\/uploads\/2024\/08\/Captura-de-pantalla-174-1-768x634.png 768w\" sizes=\"auto, (max-width: 863px) 100vw, 863px\" \/><button\n\t\t\tclass=\"lightbox-trigger\"\n\t\t\ttype=\"button\"\n\t\t\taria-haspopup=\"dialog\"\n\t\t\taria-label=\"Agrandar\"\n\t\t\tdata-wp-init=\"callbacks.initTriggerButton\"\n\t\t\tdata-wp-on--click=\"actions.showLightbox\"\n\t\t\tdata-wp-style--right=\"state.imageButtonRight\"\n\t\t\tdata-wp-style--top=\"state.imageButtonTop\"\n\t\t>\n\t\t\t<svg xmlns=\"http:\/\/www.w3.org\/2000\/svg\" width=\"12\" height=\"12\" fill=\"none\" viewBox=\"0 0 12 12\">\n\t\t\t\t<path fill=\"#fff\" d=\"M2 0a2 2 0 0 0-2 2v2h1.5V2a.5.5 0 0 1 .5-.5h2V0H2Zm2 10.5H2a.5.5 0 0 1-.5-.5V8H0v2a2 2 0 0 0 2 2h2v-1.5ZM8 12v-1.5h2a.5.5 0 0 0 .5-.5V8H12v2a2 2 0 0 1-2 2H8Zm2-12a2 2 0 0 1 2 2v2h-1.5V2a.5.5 0 0 0-.5-.5H8V0h2Z\" \/>\n\t\t\t<\/svg>\n\t\t<\/button><\/figure>\n<\/div>\n\n\n\n<p><\/p>\n","protected":false},"excerpt":{"rendered":"<p>Marcos de Cualificaciones Mexicano y Europeo Alineaci\u00f3n del programa de grado con los Marcos de Cualificaciones Mexicano y Europeo. El programa de Grado de Ingeniero en Ciencias Forestales se encuentra alineado al Nivel 6, tanto del Marco de Cualificaci\u00f3n Europeo (EQF) como del Marco de Cualificaciones de M\u00e9xico (MMC).Las secciones sombreadas muestran las \u00e1reas de&#8230;<\/p>\n","protected":false},"author":2,"featured_media":0,"parent":0,"menu_order":0,"comment_status":"closed","ping_status":"closed","template":"","meta":{"footnotes":""},"class_list":["post-828","page","type-page","status-publish","hentry"],"_links":{"self":[{"href":"http:\/\/forestales.ujed.mx\/web\/wp-json\/wp\/v2\/pages\/828","targetHints":{"allow":["GET"]}}],"collection":[{"href":"http:\/\/forestales.ujed.mx\/web\/wp-json\/wp\/v2\/pages"}],"about":[{"href":"http:\/\/forestales.ujed.mx\/web\/wp-json\/wp\/v2\/types\/page"}],"author":[{"embeddable":true,"href":"http:\/\/forestales.ujed.mx\/web\/wp-json\/wp\/v2\/users\/2"}],"replies":[{"embeddable":true,"href":"http:\/\/forestales.ujed.mx\/web\/wp-json\/wp\/v2\/comments?post=828"}],"version-history":[{"count":7,"href":"http:\/\/forestales.ujed.mx\/web\/wp-json\/wp\/v2\/pages\/828\/revisions"}],"predecessor-version":[{"id":1329,"href":"http:\/\/forestales.ujed.mx\/web\/wp-json\/wp\/v2\/pages\/828\/revisions\/1329"}],"wp:attachment":[{"href":"http:\/\/forestales.ujed.mx\/web\/wp-json\/wp\/v2\/media?parent=828"}],"curies":[{"name":"wp","href":"https:\/\/api.w.org\/{rel}","templated":true}]}}