{"id":834,"date":"2024-08-21T19:45:01","date_gmt":"2024-08-21T19:45:01","guid":{"rendered":"http:\/\/forestales.ujed.mx\/web\/?page_id=834"},"modified":"2025-08-20T06:04:35","modified_gmt":"2025-08-20T06:04:35","slug":"servicio-social","status":"publish","type":"page","link":"http:\/\/forestales.ujed.mx\/web\/servicio-social\/","title":{"rendered":"Servicio social"},"content":{"rendered":"\n<p><\/p>\n\n\n\n<h3 class=\"wp-block-heading has-text-align-center has-text-color has-link-color has-x-large-font-size wp-elements-aa36471505bf3a1eb778c6cae9d784cc\" style=\"color:#003d57\">Servicio Social&nbsp;<\/h3>\n\n\n\n<hr class=\"wp-block-separator has-text-color has-alpha-channel-opacity has-background is-style-dots\" style=\"margin-top:var(--wp--preset--spacing--30);margin-bottom:var(--wp--preset--spacing--30);background-color:#003d57;color:#003d57\"\/>\n\n\n\n<div class=\"wp-block-group is-layout-flow wp-block-group-is-layout-flow\">\n<div class=\"wp-block-group is-layout-constrained wp-block-group-is-layout-constrained\">\n<figure data-wp-context=\"{&quot;imageId&quot;:&quot;69e205a0c03c6&quot;}\" data-wp-interactive=\"core\/image\" data-wp-key=\"69e205a0c03c6\" class=\"wp-block-image aligncenter size-full is-resized wp-lightbox-container\"><img loading=\"lazy\" decoding=\"async\" width=\"500\" height=\"500\" data-wp-class--hide=\"state.isContentHidden\" data-wp-class--show=\"state.isContentVisible\" data-wp-init=\"callbacks.setButtonStyles\" data-wp-on--click=\"actions.showLightbox\" data-wp-on--load=\"callbacks.setButtonStyles\" data-wp-on-window--resize=\"callbacks.setButtonStyles\" src=\"http:\/\/forestales.ujed.mx\/web\/wp-content\/uploads\/2024\/08\/Logo-empresa-ong-sencillo-blanco-y-negro.png\" alt=\"\" class=\"wp-image-1372\" style=\"width:276px;height:auto\" srcset=\"http:\/\/forestales.ujed.mx\/web\/wp-content\/uploads\/2024\/08\/Logo-empresa-ong-sencillo-blanco-y-negro.png 500w, http:\/\/forestales.ujed.mx\/web\/wp-content\/uploads\/2024\/08\/Logo-empresa-ong-sencillo-blanco-y-negro-300x300.png 300w, http:\/\/forestales.ujed.mx\/web\/wp-content\/uploads\/2024\/08\/Logo-empresa-ong-sencillo-blanco-y-negro-150x150.png 150w\" sizes=\"auto, (max-width: 500px) 100vw, 500px\" \/><button\n\t\t\tclass=\"lightbox-trigger\"\n\t\t\ttype=\"button\"\n\t\t\taria-haspopup=\"dialog\"\n\t\t\taria-label=\"Agrandar\"\n\t\t\tdata-wp-init=\"callbacks.initTriggerButton\"\n\t\t\tdata-wp-on--click=\"actions.showLightbox\"\n\t\t\tdata-wp-style--right=\"state.imageButtonRight\"\n\t\t\tdata-wp-style--top=\"state.imageButtonTop\"\n\t\t>\n\t\t\t<svg xmlns=\"http:\/\/www.w3.org\/2000\/svg\" width=\"12\" height=\"12\" fill=\"none\" viewBox=\"0 0 12 12\">\n\t\t\t\t<path fill=\"#fff\" d=\"M2 0a2 2 0 0 0-2 2v2h1.5V2a.5.5 0 0 1 .5-.5h2V0H2Zm2 10.5H2a.5.5 0 0 1-.5-.5V8H0v2a2 2 0 0 0 2 2h2v-1.5ZM8 12v-1.5h2a.5.5 0 0 0 .5-.5V8H12v2a2 2 0 0 1-2 2H8Zm2-12a2 2 0 0 1 2 2v2h-1.5V2a.5.5 0 0 0-.5-.5H8V0h2Z\" \/>\n\t\t\t<\/svg>\n\t\t<\/button><\/figure>\n\n\n\n<h3 class=\"wp-block-heading has-text-align-left has-text-color has-link-color has-large-font-size wp-elements-25e5a264fbcb885b5295c564eab0282e\" style=\"color:#003d57\">Introducci\u00f3n<\/h3>\n\n\n\n<p class=\"has-text-align-left has-big-font-size\">El Servicio Social es una actividad temporal y obligatoria que consolida la formaci\u00f3n profesional y fomenta en el estudiante de la Universidad Ju\u00e1rez del Estado, una conciencia de solidaridad con la comunidad y la sociedad. Por ello es importante dar a conocer el inter\u00e9s de la Instituci\u00f3n por resignificar y redimensionar la prestaci\u00f3n del servicio social universitario y de pasante al proyectar a las instituciones y dependencias el objetivo del servicio social, tomando en consideraci\u00f3n los tres \u00e1mbitos que lo componen: Formativo, Retributivo y Social; estableciendo con las dependencias p\u00fablicas y sociales un compromiso para reorganizar programas espec\u00edficos y que correspondan con los Ejes de Acci\u00f3n, temas prioritarios para la FCF, con el prop\u00f3sito de completar la formaci\u00f3n profesional del estudiante universitario y al mismo tiempo, cumplir con las metas sociales, de servicio y de retribuci\u00f3n de las instituciones y dependencias. Su prop\u00f3sito es contribuir a la formaci\u00f3n social y profesional del estudiante para que conozca y se enfrente a la realidad cultural y econ\u00f3mica de su comunidad, generando en el prestador una conciencia de solidaridad y compromiso ante la sociedad. <\/p>\n<\/div>\n\n\n\n<p><\/p>\n<\/div>\n\n\n\n<hr class=\"wp-block-separator has-text-color has-alpha-channel-opacity has-background is-style-dots\" style=\"margin-top:var(--wp--preset--spacing--30);margin-bottom:var(--wp--preset--spacing--30);background-color:#003d57;color:#003d57\"\/>\n\n\n\n<div class=\"wp-block-group is-layout-constrained wp-block-group-is-layout-constrained\">\n<p class=\"has-text-color has-link-color has-large-font-size wp-elements-bb917a893df5c8ff3ca99eed8a4cc064\" style=\"color:#003d57\"><strong>Misi\u00f3n<\/strong><\/p>\n\n\n\n<p class=\"has-big-font-size\"><br>Contribuir a la formaci\u00f3n integral del estudiante universitario conscientes de las circunstancias sociales y de las necesidades de responder mediante la participaci\u00f3n y puesta en pr\u00e1ctica de sus capacidades en la soluci\u00f3n de los problemas y necesidades sociales, a trav\u00e9s de actividades que fortalezcan su conciencia \u00e9tica, moral, humanista y de retribuci\u00f3n a la sociedad, a la vez que desarrolle habilidades, destrezas y estrategias con actitud emprendedora que faciliten su incorporaci\u00f3n al mercado laboral.<\/p>\n\n\n\n<p class=\"has-text-color has-link-color has-large-font-size wp-elements-a1ad4f15bf715d93b2d369ae89bcbe47\" style=\"color:#003d57\"><strong>Visi\u00f3n<\/strong><\/p>\n\n\n\n<p class=\"has-big-font-size\"><br>El Servicio Social ser\u00e1 una oportunidad de cooperaci\u00f3n incluyente y de reciprocidad; un espacio de aprendizaje y fuente del saber; un medio de cultura y educaci\u00f3n disponible para todos, que permite el reconocimiento y fortalecimiento de conocimientos, habilidades, destrezas y actitudes; Estableciendo compromisos mutuos entre la universidad y la sociedad reforzando lazos de coordinaci\u00f3n y cooperaci\u00f3n con los diferentes organismos gubernamentales y privados dignificando el servicio social y manteni\u00e9ndose a la vanguardia en avances tecnol\u00f3gicos que coadyuven a la prestaci\u00f3n de un servicio social eficiente.<\/p>\n\n\n\n<p><\/p>\n<\/div>\n\n\n\n<hr class=\"wp-block-separator has-text-color has-alpha-channel-opacity has-background is-style-dots\" style=\"margin-top:var(--wp--preset--spacing--30);margin-bottom:var(--wp--preset--spacing--30);background-color:#003d57;color:#003d57\"\/>\n\n\n\n<div class=\"wp-block-group is-layout-constrained wp-container-core-group-is-layout-caa2d89a wp-block-group-is-layout-constrained\" style=\"padding-right:var(--wp--preset--spacing--80);padding-left:var(--wp--preset--spacing--80)\">\n<h3 class=\"wp-block-heading has-text-color has-link-color has-large-font-size wp-elements-9eb203f03096a19a510a8fb9c8774a97\" style=\"color:#003d57\">Objetivos<\/h3>\n\n\n\n<h5 class=\"wp-block-heading has-text-color has-link-color has-large-font-size wp-elements-39f7d7d5e5ab642636b160ce17a18395\" style=\"color:#003d57\"><strong>Objetivo general<\/strong><\/h5>\n\n\n\n<p class=\"has-big-font-size\">Impulsar el desarrollo profesional y humano del pasante, implementando un programa Institucional de Servicio Social que propicie normar planear, coordinar, supervisar, evaluar y dar seguimiento a esta actividad como complemento en la formaci\u00f3n integral del estudiante mediante el compromiso social, activo y solidario en la soluci\u00f3n de problemas o necesidades, a trav\u00e9s de actitudes c\u00edvicas, cr\u00edticas formativas y propositivas en favor de la consolidaci\u00f3n de cuadros de excelencia humana, como base para un futuro pr\u00f3spero.<\/p>\n\n\n\n<h5 class=\"wp-block-heading has-text-color has-link-color has-large-font-size wp-elements-47984eead8e6f169b22bf5d04482d0d6\" style=\"color:#003d57\"><strong>Objetivos perticulares<\/strong><\/h5>\n\n\n\n<div class=\"wp-block-group is-layout-constrained wp-container-core-group-is-layout-8dd13e6d wp-block-group-is-layout-constrained\" style=\"padding-right:var(--wp--preset--spacing--60);padding-left:var(--wp--preset--spacing--60)\">\n<p class=\"has-big-font-size\" style=\"margin-top:0;margin-right:var(--wp--preset--spacing--20);margin-bottom:0;margin-left:var(--wp--preset--spacing--20)\">-Operar el PISS como un factor de vinculaci\u00f3n de las funciones sustantivas en la UJED y as\u00ed formar integralmente a los alumnos, reforzado las actitudes solidarias con la comunidad.<\/p>\n\n\n\n<p class=\"has-big-font-size\" style=\"margin-right:0;margin-left:0\">-Reformar y actualizar la normatividad referente al servicio social para que sea acorde al contexto social y privado.<\/p>\n\n\n\n<p class=\"has-big-font-size\" style=\"margin-right:0;margin-left:0\">-Establecer acciones institucionales para la incorporaci\u00f3n del S.S en la Curr\u00edcula con la participaci\u00f3n de los acad\u00e9micos y estudiantes.<\/p>\n<\/div>\n<\/div>\n\n\n\n<hr class=\"wp-block-separator has-text-color has-alpha-channel-opacity has-background is-style-dots\" style=\"margin-top:var(--wp--preset--spacing--30);margin-bottom:var(--wp--preset--spacing--30);background-color:#003d57;color:#003d57\"\/>\n\n\n\n<div class=\"wp-block-group is-layout-constrained wp-block-group-is-layout-constrained\">\n<h3 class=\"wp-block-heading has-text-color has-link-color has-large-font-size wp-elements-08a0b5aea83c18c72cba14fd3e19ecb1\" style=\"color:#003d57\">Marco normativo<\/h3>\n\n\n\n<div class=\"wp-block-group is-layout-constrained wp-container-core-group-is-layout-8dd13e6d wp-block-group-is-layout-constrained\" style=\"padding-right:var(--wp--preset--spacing--60);padding-left:var(--wp--preset--spacing--60)\">\n<p class=\"has-big-font-size\">-Constituci\u00f3n de los Estados Unidos Mexicanos.<\/p>\n\n\n\n<p class=\"has-big-font-size\">-Ley reglamentaria del art\u00edculo 5 Constitucional del Servicio Social: ART\u00cdCULO 53.- Se entiende por servicio social el trabajo de car\u00e1cter temporal y mediante retribuci\u00f3n que ejecuten y presten los profesionistas y estudiantes en inter\u00e9s de la sociedad y el Estado. ART\u00cdCULO 55.- Los planes de preparaci\u00f3n profesional, seg\u00fan la naturaleza de la profesi\u00f3n y de las necesidades sociales que se trate de satisfacer, exigir\u00e1n a los estudiantes de las profesiones a que se refiere esta Ley, como requisito previo para otorgarles el t\u00edtulo, que presten servicio social durante el tiempo no menor de seis meses ni mayor de dos a\u00f1os.<\/p>\n\n\n\n<p class=\"has-big-font-size\">-Ley de Profesiones del Estado de Durango.<\/p>\n\n\n\n<p class=\"has-big-font-size\">-Ley Org\u00e1nica de la Universidad Ju\u00e1rez del Estado de Durango (UJED).<\/p>\n\n\n\n<p class=\"has-big-font-size\">-Reglamento del Servicio Social de la UJED.<\/p>\n\n\n\n<p class=\"has-big-font-size\">-Reglamento de la Facultad de Ciencias Forestales.<\/p>\n\n\n\n<p><\/p>\n<\/div>\n<\/div>\n\n\n\n<hr class=\"wp-block-separator has-text-color has-alpha-channel-opacity has-background is-style-dots\" style=\"margin-top:var(--wp--preset--spacing--30);margin-bottom:var(--wp--preset--spacing--30);background-color:#003d57;color:#003d57\"\/>\n\n\n\n<div class=\"wp-block-group is-layout-constrained wp-block-group-is-layout-constrained\">\n<h3 class=\"wp-block-heading has-text-color has-link-color has-large-font-size wp-elements-eafc5ec2218fa9992a4fe60abe5cbf96\" style=\"color:#003d57\">Caracter\u00edsticas del Proceso General de Servicio Social<\/h3>\n\n\n\n<figure data-wp-context=\"{&quot;imageId&quot;:&quot;69e205a0c25a8&quot;}\" data-wp-interactive=\"core\/image\" data-wp-key=\"69e205a0c25a8\" class=\"wp-block-image size-full wp-lightbox-container\"><img loading=\"lazy\" decoding=\"async\" width=\"867\" height=\"331\" data-wp-class--hide=\"state.isContentHidden\" data-wp-class--show=\"state.isContentVisible\" data-wp-init=\"callbacks.setButtonStyles\" data-wp-on--click=\"actions.showLightbox\" data-wp-on--load=\"callbacks.setButtonStyles\" data-wp-on-window--resize=\"callbacks.setButtonStyles\" src=\"http:\/\/forestales.ujed.mx\/web\/wp-content\/uploads\/2024\/08\/Captura-de-pantalla-177.png\" alt=\"\" class=\"wp-image-989\" srcset=\"http:\/\/forestales.ujed.mx\/web\/wp-content\/uploads\/2024\/08\/Captura-de-pantalla-177.png 867w, http:\/\/forestales.ujed.mx\/web\/wp-content\/uploads\/2024\/08\/Captura-de-pantalla-177-300x115.png 300w, http:\/\/forestales.ujed.mx\/web\/wp-content\/uploads\/2024\/08\/Captura-de-pantalla-177-768x293.png 768w\" sizes=\"auto, (max-width: 867px) 100vw, 867px\" \/><button\n\t\t\tclass=\"lightbox-trigger\"\n\t\t\ttype=\"button\"\n\t\t\taria-haspopup=\"dialog\"\n\t\t\taria-label=\"Agrandar\"\n\t\t\tdata-wp-init=\"callbacks.initTriggerButton\"\n\t\t\tdata-wp-on--click=\"actions.showLightbox\"\n\t\t\tdata-wp-style--right=\"state.imageButtonRight\"\n\t\t\tdata-wp-style--top=\"state.imageButtonTop\"\n\t\t>\n\t\t\t<svg xmlns=\"http:\/\/www.w3.org\/2000\/svg\" width=\"12\" height=\"12\" fill=\"none\" viewBox=\"0 0 12 12\">\n\t\t\t\t<path fill=\"#fff\" d=\"M2 0a2 2 0 0 0-2 2v2h1.5V2a.5.5 0 0 1 .5-.5h2V0H2Zm2 10.5H2a.5.5 0 0 1-.5-.5V8H0v2a2 2 0 0 0 2 2h2v-1.5ZM8 12v-1.5h2a.5.5 0 0 0 .5-.5V8H12v2a2 2 0 0 1-2 2H8Zm2-12a2 2 0 0 1 2 2v2h-1.5V2a.5.5 0 0 0-.5-.5H8V0h2Z\" \/>\n\t\t\t<\/svg>\n\t\t<\/button><\/figure>\n\n\n\n<hr class=\"wp-block-separator has-text-color has-alpha-channel-opacity has-background is-style-dots\" style=\"background-color:#003d57;color:#003d57\"\/>\n\n\n\n<h3 class=\"wp-block-heading has-text-color has-link-color has-large-font-size wp-elements-5fd6736dd06282da23a1e9a09bb4157c\" style=\"color:#003d57\">Consideraciones generales del Servicio Social<\/h3>\n\n\n\n<div class=\"wp-block-group is-layout-constrained wp-container-core-group-is-layout-8dd13e6d wp-block-group-is-layout-constrained\" style=\"padding-right:var(--wp--preset--spacing--60);padding-left:var(--wp--preset--spacing--60)\">\n<p class=\"has-big-font-size\">-Pertenece al \u00c1rea de Formaci\u00f3n Terminal del PE.<\/p>\n\n\n\n<p class=\"has-big-font-size\">-Otorga 10 cr\u00e9ditos del total de cr\u00e9ditos del PE.<\/p>\n\n\n\n<p class=\"has-big-font-size\">-Es obligatorio.<\/p>\n<\/div>\n\n\n\n<hr class=\"wp-block-separator has-text-color has-alpha-channel-opacity has-background is-style-dots\" style=\"background-color:#003d57;color:#003d57\"\/>\n\n\n\n<h3 class=\"wp-block-heading has-text-color has-link-color has-large-font-size wp-elements-f609517fa600c53c04596425677817b3\" style=\"color:#003d57\">Cancelaci\u00f3n<\/h3>\n\n\n\n<p class=\"has-big-font-size\">Tu proceso de Servicio Social puede cancelarse por los siguientes motivos:<\/p>\n\n\n\n<div class=\"wp-block-group is-layout-constrained wp-container-core-group-is-layout-8dd13e6d wp-block-group-is-layout-constrained\" style=\"padding-right:var(--wp--preset--spacing--60);padding-left:var(--wp--preset--spacing--60)\">\n<p class=\"has-big-font-size\">-En caso de que no se entreguen los informes correspondientes en los tiempos establecidos.<\/p>\n\n\n\n<p class=\"has-big-font-size\">-Cuando se abandone injustificadamente el proceso iniciado.<\/p>\n\n\n\n<p class=\"has-big-font-size\">-Si durante la prestaci\u00f3n del Servicio Social se realicen actos que vayan en contra de la instituci\u00f3n.<\/p>\n\n\n\n<p class=\"has-big-font-size\">-Porque no se cumplan los requisitos se\u00f1alados por la FCF.<\/p>\n<\/div>\n\n\n\n<hr class=\"wp-block-separator has-text-color has-alpha-channel-opacity has-background is-style-dots\" style=\"background-color:#003d57;color:#003d57\"\/>\n\n\n\n<h3 class=\"wp-block-heading has-text-color has-link-color has-large-font-size wp-elements-e6affc8f91e29f6f349c9fc6a9c9b1ec\" style=\"color:#003d57\">Acudir a la Coordinaci\u00f3n de Servicio Social para:<\/h3>\n\n\n\n<p><\/p>\n\n\n\n<div class=\"wp-block-group has-big-font-size is-layout-constrained wp-block-group-is-layout-constrained\" style=\"margin-top:0;margin-bottom:0\">\n<div class=\"wp-block-group is-layout-constrained wp-container-core-group-is-layout-8dd13e6d wp-block-group-is-layout-constrained\" style=\"padding-right:var(--wp--preset--spacing--60);padding-left:var(--wp--preset--spacing--60)\">\n<p class=\"has-big-font-size\">-Checar el Directorio de Unidades Receptoras.<\/p>\n\n\n\n<p class=\"has-big-font-size\">-Cualquier duda o aclaraci\u00f3n.<\/p>\n\n\n\n<p class=\"has-big-font-size\">-Conformar tu expediente.<\/p>\n\n\n\n<p class=\"has-big-font-size\">-Llevar documentaci\u00f3n.<\/p>\n\n\n\n<p class=\"has-big-font-size\">-Iniciar tu Servicio Social.<\/p>\n<\/div>\n<\/div>\n\n\n\n<hr class=\"wp-block-separator has-text-color has-alpha-channel-opacity has-background is-style-dots\" style=\"background-color:#003d57;color:#003d57\"\/>\n\n\n\n<h3 class=\"wp-block-heading has-text-color has-link-color has-large-font-size wp-elements-9f1f9b2d5babfc1d78904b4e2498dcf8\" style=\"color:#003d57\">\u00a1\u00a1Descarga tus formatos aqu\u00ed!!<\/h3>\n<\/div>\n\n\n\n<div class=\"wp-block-group is-layout-constrained wp-container-core-group-is-layout-8dd13e6d wp-block-group-is-layout-constrained\" style=\"padding-right:var(--wp--preset--spacing--60);padding-left:var(--wp--preset--spacing--60)\">\n<div class=\"wp-block-file aligncenter has-link-color wp-elements-625e5da6f4db3b135d2f857055c1fa92\" style=\"margin-top:0;margin-right:0;margin-bottom:0;margin-left:0;padding-top:0;padding-right:var(--wp--preset--spacing--80);padding-bottom:0;padding-left:var(--wp--preset--spacing--80)\"><a id=\"wp-block-file--media-86ebc694-7f5e-417e-87f7-62a11e5bd389\" href=\"http:\/\/forestales.ujed.mx\/web\/servicio-social\/rpgss02d-informes-de-servicio-social-de-pasante-2\/\" target=\"_blank\" rel=\"noreferrer noopener\"><img loading=\"lazy\" decoding=\"async\" width=\"80\" height=\"46\" class=\"wp-image-1376\" style=\"width: 80px;\" src=\"http:\/\/forestales.ujed.mx\/web\/wp-content\/uploads\/2024\/08\/16-05-58-272_512.gif\" alt=\"\">\u201cINFORMES DE SERVICIO SOCIAL DE PASANTE\u201d<\/a><a href=\"http:\/\/forestales.ujed.mx\/web\/wp-content\/uploads\/2024\/08\/RPGSS02D-INFORMES-DE-SERVICIO-SOCIAL-DE-PASANTE-1.docx\" class=\"wp-block-file__button wp-element-button\" download aria-describedby=\"wp-block-file--media-86ebc694-7f5e-417e-87f7-62a11e5bd389\">Descarga<\/a><\/div>\n\n\n\n<p><\/p>\n\n\n\n<p class=\"has-big-font-size\">EL responsable del programa de la Unidad Receptora deber\u00e1 contestar una encuesta:<\/p>\n\n\n\n<p class=\"has-big-font-size\"><br><sub><img loading=\"lazy\" decoding=\"async\" width=\"80\" height=\"46\" class=\"wp-image-1376\" style=\"width: 80px;\" src=\"http:\/\/forestales.ujed.mx\/web\/wp-content\/uploads\/2024\/08\/16-05-58-272_512.gif\" alt=\"\"><\/sub><a href=\"https:\/\/forms.gle\/r3m5WQES3q1yxSgb6\" data-type=\"link\" data-id=\"https:\/\/forms.gle\/r3m5WQES3q1yxSgb6\" target=\"_blank\" rel=\"noreferrer noopener nofollow\"> Para el Servicio Social de Pasante<\/a><br><br><br><a href=\"https:\/\/forms.gle\/zyg9uCnTHENStrqC9\" target=\"_blank\" rel=\"noreferrer noopener nofollow\"> <\/a><img loading=\"lazy\" decoding=\"async\" width=\"80\" height=\"46\" class=\"wp-image-1376\" style=\"width: 80px;\" src=\"http:\/\/forestales.ujed.mx\/web\/wp-content\/uploads\/2024\/08\/16-05-58-272_512.gif\" alt=\"\"><a href=\"https:\/\/forms.gle\/zyg9uCnTHENStrqC9\" target=\"_blank\" rel=\"noreferrer noopener nofollow\">Para el Servicio Social Universitario<\/a><\/p>\n\n\n\n<p class=\"has-big-font-size\"><br><br>La informaci\u00f3n proporcionada tiene como finalidad conocer las actividades a desempe\u00f1ar por parte de los estudiantes. Adem\u00e1s, ser\u00e1 de utilidad para elaborar la Carta Asignaci\u00f3n de los interesados.<\/p>\n<\/div>\n\n\n\n<p><\/p>\n\n\n\n<p><\/p>\n\n\n\n<div class=\"wp-block-group is-layout-constrained wp-block-group-is-layout-constrained\">\n<figure data-wp-context=\"{&quot;imageId&quot;:&quot;69e205a0c46cb&quot;}\" data-wp-interactive=\"core\/image\" data-wp-key=\"69e205a0c46cb\" class=\"wp-block-image is-resized wp-lightbox-container\"><img loading=\"lazy\" decoding=\"async\" width=\"300\" height=\"79\" data-wp-class--hide=\"state.isContentHidden\" data-wp-class--show=\"state.isContentVisible\" data-wp-init=\"callbacks.setButtonStyles\" data-wp-on--click=\"actions.showLightbox\" data-wp-on--load=\"callbacks.setButtonStyles\" data-wp-on-window--resize=\"callbacks.setButtonStyles\" src=\"http:\/\/forestales.ujed.mx\/web\/wp-content\/uploads\/2024\/08\/Flyer-regreso-a-clases-moderno-azul-y-verde-1-2-300x79.png\" alt=\"\" class=\"wp-image-929\" style=\"width:191px;height:auto\" srcset=\"http:\/\/forestales.ujed.mx\/web\/wp-content\/uploads\/2024\/08\/Flyer-regreso-a-clases-moderno-azul-y-verde-1-2-300x79.png 300w, http:\/\/forestales.ujed.mx\/web\/wp-content\/uploads\/2024\/08\/Flyer-regreso-a-clases-moderno-azul-y-verde-1-2-1024x268.png 1024w, http:\/\/forestales.ujed.mx\/web\/wp-content\/uploads\/2024\/08\/Flyer-regreso-a-clases-moderno-azul-y-verde-1-2-768x201.png 768w, http:\/\/forestales.ujed.mx\/web\/wp-content\/uploads\/2024\/08\/Flyer-regreso-a-clases-moderno-azul-y-verde-1-2.png 1129w\" sizes=\"auto, (max-width: 300px) 100vw, 300px\" \/><button\n\t\t\tclass=\"lightbox-trigger\"\n\t\t\ttype=\"button\"\n\t\t\taria-haspopup=\"dialog\"\n\t\t\taria-label=\"Agrandar\"\n\t\t\tdata-wp-init=\"callbacks.initTriggerButton\"\n\t\t\tdata-wp-on--click=\"actions.showLightbox\"\n\t\t\tdata-wp-style--right=\"state.imageButtonRight\"\n\t\t\tdata-wp-style--top=\"state.imageButtonTop\"\n\t\t>\n\t\t\t<svg xmlns=\"http:\/\/www.w3.org\/2000\/svg\" width=\"12\" height=\"12\" fill=\"none\" viewBox=\"0 0 12 12\">\n\t\t\t\t<path fill=\"#fff\" d=\"M2 0a2 2 0 0 0-2 2v2h1.5V2a.5.5 0 0 1 .5-.5h2V0H2Zm2 10.5H2a.5.5 0 0 1-.5-.5V8H0v2a2 2 0 0 0 2 2h2v-1.5ZM8 12v-1.5h2a.5.5 0 0 0 .5-.5V8H12v2a2 2 0 0 1-2 2H8Zm2-12a2 2 0 0 1 2 2v2h-1.5V2a.5.5 0 0 0-.5-.5H8V0h2Z\" \/>\n\t\t\t<\/svg>\n\t\t<\/button><\/figure>\n\n\n\n<figure class=\"wp-block-table has-big-font-size\"><table class=\"has-fixed-layout\" style=\"border-style:none;border-width:0px\"><tbody><tr><td class=\"has-text-align-center\" data-align=\"center\"><img loading=\"lazy\" decoding=\"async\" width=\"30\" height=\"30\" class=\"wp-image-1379\" style=\"width: 30px;\" src=\"http:\/\/forestales.ujed.mx\/web\/wp-content\/uploads\/2024\/08\/coordi.png\" alt=\"\" srcset=\"http:\/\/forestales.ujed.mx\/web\/wp-content\/uploads\/2024\/08\/coordi.png 500w, http:\/\/forestales.ujed.mx\/web\/wp-content\/uploads\/2024\/08\/coordi-300x300.png 300w, http:\/\/forestales.ujed.mx\/web\/wp-content\/uploads\/2024\/08\/coordi-150x150.png 150w\" sizes=\"auto, (max-width: 30px) 100vw, 30px\" \/>Coordinaci\u00f3n de Servicio Social<\/td><td class=\"has-text-align-left\" data-align=\"left\">M.C. Aar\u00f3n Israel Soto Garc\u00eda<\/td><\/tr><tr><td class=\"has-text-align-center\" data-align=\"center\"><img loading=\"lazy\" decoding=\"async\" width=\"30\" height=\"30\" class=\"wp-image-1380\" style=\"width: 30px;\" src=\"http:\/\/forestales.ujed.mx\/web\/wp-content\/uploads\/2024\/08\/ubicacion.png\" alt=\"\" srcset=\"http:\/\/forestales.ujed.mx\/web\/wp-content\/uploads\/2024\/08\/ubicacion.png 500w, http:\/\/forestales.ujed.mx\/web\/wp-content\/uploads\/2024\/08\/ubicacion-300x300.png 300w, http:\/\/forestales.ujed.mx\/web\/wp-content\/uploads\/2024\/08\/ubicacion-150x150.png 150w\" sizes=\"auto, (max-width: 30px) 100vw, 30px\" \/>Ubicaci\u00f3n FCFA<\/td><td class=\"has-text-align-left\" data-align=\"left\">Cub\u00edculo 15, edificio \u201cB\u201d<\/td><\/tr><tr><td class=\"has-text-align-center\" data-align=\"center\"><img loading=\"lazy\" decoding=\"async\" width=\"30\" height=\"24\" class=\"wp-image-1269\" style=\"width: 30px;\" src=\"http:\/\/forestales.ujed.mx\/web\/wp-content\/uploads\/2024\/08\/correo.jpg\" alt=\"\" srcset=\"http:\/\/forestales.ujed.mx\/web\/wp-content\/uploads\/2024\/08\/correo.jpg 322w, http:\/\/forestales.ujed.mx\/web\/wp-content\/uploads\/2024\/08\/correo-300x238.jpg 300w\" sizes=\"auto, (max-width: 30px) 100vw, 30px\" \/>Correo electr\u00f3nico <\/td><td class=\"has-text-align-left\" data-align=\"left\"><a href=\"mailto:aaron.soto@ujed.mx\">aaron.soto@ujed.mx<\/a><\/td><\/tr><tr><td class=\"has-text-align-center\" data-align=\"center\"><\/td><td class=\"has-text-align-left\" data-align=\"left\"><\/td><\/tr><\/tbody><\/table><\/figure>\n<\/div>\n\n\n\n<p><\/p>\n","protected":false},"excerpt":{"rendered":"<p>Servicio Social&nbsp; Introducci\u00f3n El Servicio Social es una actividad temporal y obligatoria que consolida la formaci\u00f3n profesional y fomenta en el estudiante de la Universidad Ju\u00e1rez del Estado, una conciencia de solidaridad con la comunidad y la sociedad. Por ello es importante dar a conocer el inter\u00e9s de la Instituci\u00f3n por resignificar y redimensionar la&#8230;<\/p>\n","protected":false},"author":2,"featured_media":0,"parent":0,"menu_order":0,"comment_status":"closed","ping_status":"closed","template":"","meta":{"footnotes":""},"class_list":["post-834","page","type-page","status-publish","hentry"],"_links":{"self":[{"href":"http:\/\/forestales.ujed.mx\/web\/wp-json\/wp\/v2\/pages\/834","targetHints":{"allow":["GET"]}}],"collection":[{"href":"http:\/\/forestales.ujed.mx\/web\/wp-json\/wp\/v2\/pages"}],"about":[{"href":"http:\/\/forestales.ujed.mx\/web\/wp-json\/wp\/v2\/types\/page"}],"author":[{"embeddable":true,"href":"http:\/\/forestales.ujed.mx\/web\/wp-json\/wp\/v2\/users\/2"}],"replies":[{"embeddable":true,"href":"http:\/\/forestales.ujed.mx\/web\/wp-json\/wp\/v2\/comments?post=834"}],"version-history":[{"count":46,"href":"http:\/\/forestales.ujed.mx\/web\/wp-json\/wp\/v2\/pages\/834\/revisions"}],"predecessor-version":[{"id":1865,"href":"http:\/\/forestales.ujed.mx\/web\/wp-json\/wp\/v2\/pages\/834\/revisions\/1865"}],"wp:attachment":[{"href":"http:\/\/forestales.ujed.mx\/web\/wp-json\/wp\/v2\/media?parent=834"}],"curies":[{"name":"wp","href":"https:\/\/api.w.org\/{rel}","templated":true}]}}