{"id":836,"date":"2024-08-21T19:46:08","date_gmt":"2024-08-21T19:46:08","guid":{"rendered":"http:\/\/forestales.ujed.mx\/web\/?page_id=836"},"modified":"2024-09-09T02:10:33","modified_gmt":"2024-09-09T02:10:33","slug":"tutorias","status":"publish","type":"page","link":"http:\/\/forestales.ujed.mx\/web\/tutorias\/","title":{"rendered":"Tutorias"},"content":{"rendered":"\n<div class=\"wp-block-group is-layout-constrained wp-block-group-is-layout-constrained\">\n<h3 class=\"wp-block-heading has-text-align-center has-text-color has-link-color has-x-large-font-size wp-elements-84c83c0acc0e4a81ca80d5315239f5fa\" style=\"color:#003d57\">Tutor\u00edas<\/h3>\n\n\n\n<figure data-wp-context=\"{&quot;imageId&quot;:&quot;69d9a2faa5605&quot;}\" data-wp-interactive=\"core\/image\" data-wp-key=\"69d9a2faa5605\" class=\"wp-block-image aligncenter size-full is-resized wp-lightbox-container\"><img loading=\"lazy\" decoding=\"async\" width=\"500\" height=\"500\" data-wp-class--hide=\"state.isContentHidden\" data-wp-class--show=\"state.isContentVisible\" data-wp-init=\"callbacks.setButtonStyles\" data-wp-on--click=\"actions.showLightbox\" data-wp-on--load=\"callbacks.setButtonStyles\" data-wp-on-window--resize=\"callbacks.setButtonStyles\" src=\"http:\/\/forestales.ujed.mx\/web\/wp-content\/uploads\/2024\/08\/tutorias.png\" alt=\"\" class=\"wp-image-1389\" style=\"width:252px;height:auto\" srcset=\"http:\/\/forestales.ujed.mx\/web\/wp-content\/uploads\/2024\/08\/tutorias.png 500w, http:\/\/forestales.ujed.mx\/web\/wp-content\/uploads\/2024\/08\/tutorias-300x300.png 300w, http:\/\/forestales.ujed.mx\/web\/wp-content\/uploads\/2024\/08\/tutorias-150x150.png 150w\" sizes=\"auto, (max-width: 500px) 100vw, 500px\" \/><button\n\t\t\tclass=\"lightbox-trigger\"\n\t\t\ttype=\"button\"\n\t\t\taria-haspopup=\"dialog\"\n\t\t\taria-label=\"Agrandar\"\n\t\t\tdata-wp-init=\"callbacks.initTriggerButton\"\n\t\t\tdata-wp-on--click=\"actions.showLightbox\"\n\t\t\tdata-wp-style--right=\"state.imageButtonRight\"\n\t\t\tdata-wp-style--top=\"state.imageButtonTop\"\n\t\t>\n\t\t\t<svg xmlns=\"http:\/\/www.w3.org\/2000\/svg\" width=\"12\" height=\"12\" fill=\"none\" viewBox=\"0 0 12 12\">\n\t\t\t\t<path fill=\"#fff\" d=\"M2 0a2 2 0 0 0-2 2v2h1.5V2a.5.5 0 0 1 .5-.5h2V0H2Zm2 10.5H2a.5.5 0 0 1-.5-.5V8H0v2a2 2 0 0 0 2 2h2v-1.5ZM8 12v-1.5h2a.5.5 0 0 0 .5-.5V8H12v2a2 2 0 0 1-2 2H8Zm2-12a2 2 0 0 1 2 2v2h-1.5V2a.5.5 0 0 0-.5-.5H8V0h2Z\" \/>\n\t\t\t<\/svg>\n\t\t<\/button><\/figure>\n\n\n\n<p class=\"has-text-align-center\">&nbsp;<\/p>\n\n\n\n<p class=\"has-big-font-size\">La Tutor\u00eda es el acompa\u00f1amiento, orientaci\u00f3n y apoyo que proporciona un maestro asignado (tutor) a un estudiante (tutorado) a lo largo de su estancia en la Facultad de Ciencias Forestales dentro del Programa de Acci\u00f3n Tutorial (PAT).<\/p>\n\n\n\n<h3 class=\"wp-block-heading has-text-color has-link-color has-large-font-size wp-elements-184935ab2a9f41a8e3f99fb68bac00b6\" style=\"color:#003d57\">Objetivo de la Tutor\u00eda<\/h3>\n\n\n\n<p class=\"has-big-font-size\">Contribuir a una formaci\u00f3n integral del estudiante consolidando un mejor nivel educativo y profesional; apoyando a trav\u00e9s del acompa\u00f1amiento su permanencia y buen desempe\u00f1o acad\u00e9mico a lo largo de su trayectoria escolar, para lograr a nivel institucional abatir los indicadores de reprobaci\u00f3n, rezago y abandono, as\u00ed como elevar los indicadores relacionados con el egreso y la titulaci\u00f3n en el caso de las licenciaturas que se imparten en la Facultad de Ciencias Forestales.<\/p>\n\n\n\n<h3 class=\"wp-block-heading has-text-color has-link-color has-large-font-size wp-elements-f2bf397a15a7309fc813eb357be12662\" style=\"color:#003d57\">Requisito para la asignaci\u00f3n de tutor<\/h3>\n\n\n\n<p class=\"has-big-font-size\">La Coordinaci\u00f3n de Tutor\u00edas asignar\u00e1 tutor a los estudiantes de la Facultad de Ciencias Forestales que est\u00e9n debidamente inscritos dentro del plazo establecido por la instituci\u00f3n.<\/p>\n\n\n\n<h3 class=\"wp-block-heading has-text-color has-link-color has-large-font-size wp-elements-4e7f75ef2fb288bad391964f2eb609b9\" style=\"color:#003d57\">Compromisos del tutorado<\/h3>\n\n\n\n<div class=\"wp-block-group is-layout-constrained wp-container-core-group-is-layout-8dd13e6d wp-block-group-is-layout-constrained\" style=\"padding-right:var(--wp--preset--spacing--60);padding-left:var(--wp--preset--spacing--60)\">\n<p class=\"has-big-font-size\">-Asistir a las sesiones de tutor\u00eda calendarizadas por su tutor (al menos, 4 sesiones en los primeros dos semestres y 2 sesiones en los siguientes semestres).<\/p>\n\n\n\n<p class=\"has-big-font-size\">-Permanecer en comunicaci\u00f3n con su tutor.<\/p>\n\n\n\n<p class=\"has-big-font-size\">-Validar las sesiones de tutor\u00eda.<\/p>\n\n\n\n<p class=\"has-big-font-size\">-Obtener al t\u00e9rmino de octavo semestre su Constancia de cumplimiento para que le sean otorgados los cr\u00e9ditos correspondientes dentro del curriculum formativo.<\/p>\n<\/div>\n\n\n\n<h3 class=\"wp-block-heading has-text-color has-link-color has-large-font-size wp-elements-2dea5f6dcd401e59b16b0559bcbf15b5\" style=\"color:#003d57\">Compromisos del tutor<\/h3>\n\n\n\n<div class=\"wp-block-group has-big-font-size is-layout-constrained wp-container-core-group-is-layout-8dd13e6d wp-block-group-is-layout-constrained\" style=\"padding-right:var(--wp--preset--spacing--60);padding-left:var(--wp--preset--spacing--60)\">\n<p class=\"has-big-font-size\">-Realizar la tutor\u00eda dentro del Programa de Acci\u00f3n Tutorial (calendarizar las sesiones m\u00ednimas requeridas, entrega de informes mensuales, etc.).<\/p>\n\n\n\n<p class=\"has-big-font-size\">-Gestionar la canalizaci\u00f3n de los estudiantes que requieran apoyo acad\u00e9mico y\/o psicol\u00f3gico.<\/p>\n\n\n\n<p class=\"has-big-font-size\">-Proporcionar la informaci\u00f3n necesaria para el mejor desempe\u00f1o acad\u00e9mico del tutorado (certificaci\u00f3n de Ingl\u00e9s, movilidad, formaci\u00f3n integral, servicio social, etc).<\/p>\n<\/div>\n\n\n\n<h3 class=\"wp-block-heading has-text-color has-link-color has-large-font-size wp-elements-604dab9e57bee15eb30a6d8b2633c781\" style=\"color:#003d57\">Limitaciones de la actividad tutorial<\/h3>\n\n\n\n<p>La actividad tutorial precisa delimitar su alcance, por lo que el tutor:<\/p>\n\n\n\n<div class=\"wp-block-group is-layout-constrained wp-container-core-group-is-layout-8dd13e6d wp-block-group-is-layout-constrained\" style=\"padding-right:var(--wp--preset--spacing--60);padding-left:var(--wp--preset--spacing--60)\">\n<p>-No resuelve problemas, solo orienta en la b\u00fasqueda de alternativas y en la toma de decisiones de los estudiantes.<\/p>\n\n\n\n<p>-No interviene en las estrategias did\u00e1cticas, ni en la evaluaci\u00f3n de los docentes del grupo.<\/p>\n\n\n\n<p>-No es un asesor acad\u00e9mico que resuelve problemas de contenido tem\u00e1tico.<\/p>\n\n\n\n<p>-No asume el rol de un psic\u00f3logo o especialista.<\/p>\n\n\n\n<p>-No es un gestor de tr\u00e1mites escolares, pero si canaliza y orienta sobre los mismos.<\/p>\n\n\n\n<p>-No se constituye en el amigo o el padre de los estudiantes, pero si en un adulto que gu\u00eda la adquisici\u00f3n de su responsabilidad y autonom\u00eda.<\/p>\n\n\n\n<p>-No se atribuye responsabilidades que no le competen, por ser de los estudiantes o de los padres de familia.<\/p>\n<\/div>\n\n\n\n<h3 class=\"wp-block-heading has-text-color has-link-color has-large-font-size wp-elements-a58ec490b781b1721683c0925b10f9c5\" style=\"color:#003d57\">Certificaci\u00f3n en la Norma ISO 9001:2008<\/h3>\n\n\n\n<p class=\"has-big-font-size\">En la Coordinaci\u00f3n de Tutor\u00edas se realizan los procesos de Asignaci\u00f3n, Reasignaci\u00f3n, Acci\u00f3n tutorial, Seguimiento y Apoyos Tutoriales, todos ellos Certificados en la Norma ISO 9001:2008 y establecidos en dos Instructivos de Trabajo dentro del Sistema Integral de Gesti\u00f3n de la Calidad (SIGC). En estos procesos, que son auditados, se considera la mejora continua y la migraci\u00f3n a la Norma ISO 9001:2015.<\/p>\n\n\n\n<figure data-wp-context=\"{&quot;imageId&quot;:&quot;69d9a2faa640d&quot;}\" data-wp-interactive=\"core\/image\" data-wp-key=\"69d9a2faa640d\" class=\"wp-block-image size-large is-resized wp-lightbox-container\"><img loading=\"lazy\" decoding=\"async\" width=\"1024\" height=\"268\" data-wp-class--hide=\"state.isContentHidden\" data-wp-class--show=\"state.isContentVisible\" data-wp-init=\"callbacks.setButtonStyles\" data-wp-on--click=\"actions.showLightbox\" data-wp-on--load=\"callbacks.setButtonStyles\" data-wp-on-window--resize=\"callbacks.setButtonStyles\" src=\"http:\/\/forestales.ujed.mx\/web\/wp-content\/uploads\/2024\/08\/Flyer-regreso-a-clases-moderno-azul-y-verde-1-2-1024x268.png\" alt=\"\" class=\"wp-image-929\" style=\"width:169px;height:auto\" srcset=\"http:\/\/forestales.ujed.mx\/web\/wp-content\/uploads\/2024\/08\/Flyer-regreso-a-clases-moderno-azul-y-verde-1-2-1024x268.png 1024w, http:\/\/forestales.ujed.mx\/web\/wp-content\/uploads\/2024\/08\/Flyer-regreso-a-clases-moderno-azul-y-verde-1-2-300x79.png 300w, http:\/\/forestales.ujed.mx\/web\/wp-content\/uploads\/2024\/08\/Flyer-regreso-a-clases-moderno-azul-y-verde-1-2-768x201.png 768w, http:\/\/forestales.ujed.mx\/web\/wp-content\/uploads\/2024\/08\/Flyer-regreso-a-clases-moderno-azul-y-verde-1-2.png 1129w\" sizes=\"auto, (max-width: 1024px) 100vw, 1024px\" \/><button\n\t\t\tclass=\"lightbox-trigger\"\n\t\t\ttype=\"button\"\n\t\t\taria-haspopup=\"dialog\"\n\t\t\taria-label=\"Agrandar\"\n\t\t\tdata-wp-init=\"callbacks.initTriggerButton\"\n\t\t\tdata-wp-on--click=\"actions.showLightbox\"\n\t\t\tdata-wp-style--right=\"state.imageButtonRight\"\n\t\t\tdata-wp-style--top=\"state.imageButtonTop\"\n\t\t>\n\t\t\t<svg xmlns=\"http:\/\/www.w3.org\/2000\/svg\" width=\"12\" height=\"12\" fill=\"none\" viewBox=\"0 0 12 12\">\n\t\t\t\t<path fill=\"#fff\" d=\"M2 0a2 2 0 0 0-2 2v2h1.5V2a.5.5 0 0 1 .5-.5h2V0H2Zm2 10.5H2a.5.5 0 0 1-.5-.5V8H0v2a2 2 0 0 0 2 2h2v-1.5ZM8 12v-1.5h2a.5.5 0 0 0 .5-.5V8H12v2a2 2 0 0 1-2 2H8Zm2-12a2 2 0 0 1 2 2v2h-1.5V2a.5.5 0 0 0-.5-.5H8V0h2Z\" \/>\n\t\t\t<\/svg>\n\t\t<\/button><\/figure>\n\n\n\n<figure class=\"wp-block-table aligncenter\"><table class=\"has-fixed-layout\" style=\"border-style:none;border-width:0px\"><tbody><tr><td class=\"has-text-align-center\" data-align=\"center\"><img loading=\"lazy\" decoding=\"async\" width=\"30\" height=\"30\" class=\"wp-image-1379\" style=\"width: 30px;\" src=\"http:\/\/forestales.ujed.mx\/web\/wp-content\/uploads\/2024\/08\/coordi.png\" alt=\"\" srcset=\"http:\/\/forestales.ujed.mx\/web\/wp-content\/uploads\/2024\/08\/coordi.png 500w, http:\/\/forestales.ujed.mx\/web\/wp-content\/uploads\/2024\/08\/coordi-300x300.png 300w, http:\/\/forestales.ujed.mx\/web\/wp-content\/uploads\/2024\/08\/coordi-150x150.png 150w\" sizes=\"auto, (max-width: 30px) 100vw, 30px\" \/> Coordinaci\u00f3n de Tutor\u00edas<\/td><td>Lic. T.C.H Silvia Ang\u00e9lica Casta\u00f1eda Espinoza<\/td><\/tr><tr><td class=\"has-text-align-center\" data-align=\"center\"><img loading=\"lazy\" decoding=\"async\" width=\"30\" height=\"24\" class=\"wp-image-1269\" style=\"width: 30px;\" src=\"http:\/\/forestales.ujed.mx\/web\/wp-content\/uploads\/2024\/08\/correo.jpg\" alt=\"\" srcset=\"http:\/\/forestales.ujed.mx\/web\/wp-content\/uploads\/2024\/08\/correo.jpg 322w, http:\/\/forestales.ujed.mx\/web\/wp-content\/uploads\/2024\/08\/correo-300x238.jpg 300w\" sizes=\"auto, (max-width: 30px) 100vw, 30px\" \/>Correo electr\u00f3nico<\/td><td><a href=\"mailto:g.ojeda@ujed.mx\">angelica.castaneda@ujed.mx<\/a><\/td><\/tr><\/tbody><\/table><\/figure>\n\n\n\n<p><\/p>\n\n\n\n<p><\/p>\n<\/div>\n\n\n\n<p><\/p>\n","protected":false},"excerpt":{"rendered":"<p>Tutor\u00edas &nbsp; La Tutor\u00eda es el acompa\u00f1amiento, orientaci\u00f3n y apoyo que proporciona un maestro asignado (tutor) a un estudiante (tutorado) a lo largo de su estancia en la Facultad de Ciencias Forestales dentro del Programa de Acci\u00f3n Tutorial (PAT). Objetivo de la Tutor\u00eda Contribuir a una formaci\u00f3n integral del estudiante consolidando un mejor nivel educativo&#8230;<\/p>\n","protected":false},"author":2,"featured_media":0,"parent":0,"menu_order":0,"comment_status":"closed","ping_status":"closed","template":"","meta":{"footnotes":""},"class_list":["post-836","page","type-page","status-publish","hentry"],"_links":{"self":[{"href":"http:\/\/forestales.ujed.mx\/web\/wp-json\/wp\/v2\/pages\/836","targetHints":{"allow":["GET"]}}],"collection":[{"href":"http:\/\/forestales.ujed.mx\/web\/wp-json\/wp\/v2\/pages"}],"about":[{"href":"http:\/\/forestales.ujed.mx\/web\/wp-json\/wp\/v2\/types\/page"}],"author":[{"embeddable":true,"href":"http:\/\/forestales.ujed.mx\/web\/wp-json\/wp\/v2\/users\/2"}],"replies":[{"embeddable":true,"href":"http:\/\/forestales.ujed.mx\/web\/wp-json\/wp\/v2\/comments?post=836"}],"version-history":[{"count":13,"href":"http:\/\/forestales.ujed.mx\/web\/wp-json\/wp\/v2\/pages\/836\/revisions"}],"predecessor-version":[{"id":1866,"href":"http:\/\/forestales.ujed.mx\/web\/wp-json\/wp\/v2\/pages\/836\/revisions\/1866"}],"wp:attachment":[{"href":"http:\/\/forestales.ujed.mx\/web\/wp-json\/wp\/v2\/media?parent=836"}],"curies":[{"name":"wp","href":"https:\/\/api.w.org\/{rel}","templated":true}]}}