{"id":841,"date":"2024-08-21T20:05:05","date_gmt":"2024-08-21T20:05:05","guid":{"rendered":"http:\/\/forestales.ujed.mx\/web\/?page_id=841"},"modified":"2024-08-29T03:53:10","modified_gmt":"2024-08-29T03:53:10","slug":"formacion-integral","status":"publish","type":"page","link":"http:\/\/forestales.ujed.mx\/web\/formacion-integral\/","title":{"rendered":"Formacion integral"},"content":{"rendered":"\n<div class=\"wp-block-group is-layout-constrained wp-block-group-is-layout-constrained\">\n<h2 class=\"wp-block-heading alignwide has-text-align-center has-text-color has-link-color has-x-large-font-size wp-elements-e629f13aaa28667dd1d65c8faccc3d9f\" style=\"color:#003d57\">Formaci\u00f3n integral<\/h2>\n\n\n\n<figure data-wp-context=\"{&quot;imageId&quot;:&quot;69d9a2b4511ab&quot;}\" data-wp-interactive=\"core\/image\" data-wp-key=\"69d9a2b4511ab\" class=\"wp-block-image aligncenter size-full is-resized wp-lightbox-container\"><img loading=\"lazy\" decoding=\"async\" width=\"500\" height=\"500\" data-wp-class--hide=\"state.isContentHidden\" data-wp-class--show=\"state.isContentVisible\" data-wp-init=\"callbacks.setButtonStyles\" data-wp-on--click=\"actions.showLightbox\" data-wp-on--load=\"callbacks.setButtonStyles\" data-wp-on-window--resize=\"callbacks.setButtonStyles\" src=\"http:\/\/forestales.ujed.mx\/web\/wp-content\/uploads\/2024\/08\/formacion-integral.png\" alt=\"\" class=\"wp-image-1410\" style=\"width:188px;height:auto\" srcset=\"http:\/\/forestales.ujed.mx\/web\/wp-content\/uploads\/2024\/08\/formacion-integral.png 500w, http:\/\/forestales.ujed.mx\/web\/wp-content\/uploads\/2024\/08\/formacion-integral-300x300.png 300w, http:\/\/forestales.ujed.mx\/web\/wp-content\/uploads\/2024\/08\/formacion-integral-150x150.png 150w\" sizes=\"auto, (max-width: 500px) 100vw, 500px\" \/><button\n\t\t\tclass=\"lightbox-trigger\"\n\t\t\ttype=\"button\"\n\t\t\taria-haspopup=\"dialog\"\n\t\t\taria-label=\"Agrandar\"\n\t\t\tdata-wp-init=\"callbacks.initTriggerButton\"\n\t\t\tdata-wp-on--click=\"actions.showLightbox\"\n\t\t\tdata-wp-style--right=\"state.imageButtonRight\"\n\t\t\tdata-wp-style--top=\"state.imageButtonTop\"\n\t\t>\n\t\t\t<svg xmlns=\"http:\/\/www.w3.org\/2000\/svg\" width=\"12\" height=\"12\" fill=\"none\" viewBox=\"0 0 12 12\">\n\t\t\t\t<path fill=\"#fff\" d=\"M2 0a2 2 0 0 0-2 2v2h1.5V2a.5.5 0 0 1 .5-.5h2V0H2Zm2 10.5H2a.5.5 0 0 1-.5-.5V8H0v2a2 2 0 0 0 2 2h2v-1.5ZM8 12v-1.5h2a.5.5 0 0 0 .5-.5V8H12v2a2 2 0 0 1-2 2H8Zm2-12a2 2 0 0 1 2 2v2h-1.5V2a.5.5 0 0 0-.5-.5H8V0h2Z\" \/>\n\t\t\t<\/svg>\n\t\t<\/button><\/figure>\n\n\n\n<p class=\"has-big-font-size\">La Formaci\u00f3n Integral es un programa institucional, y, en la Facultad de Ciencias Forestales es un requisito de egreso, que tiene un valor de 15 cr\u00e9ditos para el programa de ICF y 12 para la de IMA.<\/p>\n\n\n\n<p class=\"has-big-font-size\">Consiste en actividades extracurriculares en \u00e1reas deportivas, culturales e intelectuales, que pueden ser organizadas por la propia UJED, la FCF o ser externas.<\/p>\n\n\n\n<p class=\"has-big-font-size\">Para mayor informaci\u00f3n, acudir a la Coordinaci\u00f3n de Formaci\u00f3n Integral de la FCFA.<\/p>\n<\/div>\n\n\n\n<div class=\"wp-block-group is-layout-constrained wp-block-group-is-layout-constrained\">\n<figure class=\"wp-block-table has-big-font-size\"><table class=\"has-fixed-layout\" style=\"border-style:none;border-width:0px\"><tbody><tr><td class=\"has-text-align-center\" data-align=\"center\"><img loading=\"lazy\" decoding=\"async\" width=\"30\" height=\"30\" class=\"wp-image-1379\" style=\"width: 30px;\" src=\"http:\/\/forestales.ujed.mx\/web\/wp-content\/uploads\/2024\/08\/coordi.png\" alt=\"\" srcset=\"http:\/\/forestales.ujed.mx\/web\/wp-content\/uploads\/2024\/08\/coordi.png 500w, http:\/\/forestales.ujed.mx\/web\/wp-content\/uploads\/2024\/08\/coordi-300x300.png 300w, http:\/\/forestales.ujed.mx\/web\/wp-content\/uploads\/2024\/08\/coordi-150x150.png 150w\" sizes=\"auto, (max-width: 30px) 100vw, 30px\" \/>Coordinaci\u00f3n de Formaci\u00f3n Integral<\/td><td>Dra. Rosario Alejandra Hinojosa Espinosa<\/td><\/tr><tr><td class=\"has-text-align-center\" data-align=\"center\"><img loading=\"lazy\" decoding=\"async\" width=\"30\" height=\"24\" class=\"wp-image-1269\" style=\"width: 30px;\" src=\"http:\/\/forestales.ujed.mx\/web\/wp-content\/uploads\/2024\/08\/correo.jpg\" alt=\"\" srcset=\"http:\/\/forestales.ujed.mx\/web\/wp-content\/uploads\/2024\/08\/correo.jpg 322w, http:\/\/forestales.ujed.mx\/web\/wp-content\/uploads\/2024\/08\/correo-300x238.jpg 300w\" sizes=\"auto, (max-width: 30px) 100vw, 30px\" \/>Correo electr\u00f3nico<\/td><td><a href=\"mailto:alejandra.hinojosa@ujed.mx\">alejandra.hinojosa@ujed.mx<\/a><\/td><\/tr><\/tbody><\/table><\/figure>\n<\/div>\n\n\n\n<p><\/p>\n\n\n\n<p><\/p>\n\n\n\n<p><\/p>\n\n\n\n<p><\/p>\n","protected":false},"excerpt":{"rendered":"<p>Formaci\u00f3n integral La Formaci\u00f3n Integral es un programa institucional, y, en la Facultad de Ciencias Forestales es un requisito de egreso, que tiene un valor de 15 cr\u00e9ditos para el programa de ICF y 12 para la de IMA. Consiste en actividades extracurriculares en \u00e1reas deportivas, culturales e intelectuales, que pueden ser organizadas por la&#8230;<\/p>\n","protected":false},"author":2,"featured_media":0,"parent":0,"menu_order":0,"comment_status":"closed","ping_status":"closed","template":"","meta":{"footnotes":""},"class_list":["post-841","page","type-page","status-publish","hentry"],"_links":{"self":[{"href":"http:\/\/forestales.ujed.mx\/web\/wp-json\/wp\/v2\/pages\/841","targetHints":{"allow":["GET"]}}],"collection":[{"href":"http:\/\/forestales.ujed.mx\/web\/wp-json\/wp\/v2\/pages"}],"about":[{"href":"http:\/\/forestales.ujed.mx\/web\/wp-json\/wp\/v2\/types\/page"}],"author":[{"embeddable":true,"href":"http:\/\/forestales.ujed.mx\/web\/wp-json\/wp\/v2\/users\/2"}],"replies":[{"embeddable":true,"href":"http:\/\/forestales.ujed.mx\/web\/wp-json\/wp\/v2\/comments?post=841"}],"version-history":[{"count":6,"href":"http:\/\/forestales.ujed.mx\/web\/wp-json\/wp\/v2\/pages\/841\/revisions"}],"predecessor-version":[{"id":1411,"href":"http:\/\/forestales.ujed.mx\/web\/wp-json\/wp\/v2\/pages\/841\/revisions\/1411"}],"wp:attachment":[{"href":"http:\/\/forestales.ujed.mx\/web\/wp-json\/wp\/v2\/media?parent=841"}],"curies":[{"name":"wp","href":"https:\/\/api.w.org\/{rel}","templated":true}]}}