{"id":845,"date":"2024-08-21T20:10:52","date_gmt":"2024-08-21T20:10:52","guid":{"rendered":"http:\/\/forestales.ujed.mx\/web\/?page_id=845"},"modified":"2024-09-09T02:27:37","modified_gmt":"2024-09-09T02:27:37","slug":"residencia-profesional","status":"publish","type":"page","link":"http:\/\/forestales.ujed.mx\/web\/residencia-profesional\/","title":{"rendered":"Residencia profesional"},"content":{"rendered":"\n<div class=\"wp-block-group is-layout-constrained wp-block-group-is-layout-constrained\">\n<h2 class=\"wp-block-heading alignwide has-text-align-center has-text-color has-link-color has-x-large-font-size wp-elements-1c0f5ecfc3f31409168dc2174ffa3940\" style=\"color:#003d57\">Residencia profesional<\/h2>\n\n\n\n<figure data-wp-context=\"{&quot;imageId&quot;:&quot;69d9a2cacd5e2&quot;}\" data-wp-interactive=\"core\/image\" data-wp-key=\"69d9a2cacd5e2\" class=\"wp-block-image aligncenter size-full is-resized wp-lightbox-container\"><img loading=\"lazy\" decoding=\"async\" width=\"500\" height=\"500\" data-wp-class--hide=\"state.isContentHidden\" data-wp-class--show=\"state.isContentVisible\" data-wp-init=\"callbacks.setButtonStyles\" data-wp-on--click=\"actions.showLightbox\" data-wp-on--load=\"callbacks.setButtonStyles\" data-wp-on-window--resize=\"callbacks.setButtonStyles\" src=\"http:\/\/forestales.ujed.mx\/web\/wp-content\/uploads\/2024\/08\/residencia-profesional.png\" alt=\"\" class=\"wp-image-1423\" style=\"width:242px;height:auto\" srcset=\"http:\/\/forestales.ujed.mx\/web\/wp-content\/uploads\/2024\/08\/residencia-profesional.png 500w, http:\/\/forestales.ujed.mx\/web\/wp-content\/uploads\/2024\/08\/residencia-profesional-300x300.png 300w, http:\/\/forestales.ujed.mx\/web\/wp-content\/uploads\/2024\/08\/residencia-profesional-150x150.png 150w\" sizes=\"auto, (max-width: 500px) 100vw, 500px\" \/><button\n\t\t\tclass=\"lightbox-trigger\"\n\t\t\ttype=\"button\"\n\t\t\taria-haspopup=\"dialog\"\n\t\t\taria-label=\"Agrandar\"\n\t\t\tdata-wp-init=\"callbacks.initTriggerButton\"\n\t\t\tdata-wp-on--click=\"actions.showLightbox\"\n\t\t\tdata-wp-style--right=\"state.imageButtonRight\"\n\t\t\tdata-wp-style--top=\"state.imageButtonTop\"\n\t\t>\n\t\t\t<svg xmlns=\"http:\/\/www.w3.org\/2000\/svg\" width=\"12\" height=\"12\" fill=\"none\" viewBox=\"0 0 12 12\">\n\t\t\t\t<path fill=\"#fff\" d=\"M2 0a2 2 0 0 0-2 2v2h1.5V2a.5.5 0 0 1 .5-.5h2V0H2Zm2 10.5H2a.5.5 0 0 1-.5-.5V8H0v2a2 2 0 0 0 2 2h2v-1.5ZM8 12v-1.5h2a.5.5 0 0 0 .5-.5V8H12v2a2 2 0 0 1-2 2H8Zm2-12a2 2 0 0 1 2 2v2h-1.5V2a.5.5 0 0 0-.5-.5H8V0h2Z\" \/>\n\t\t\t<\/svg>\n\t\t<\/button><\/figure>\n\n\n\n<p class=\"has-big-font-size\">La Residencia Profesional es la estrategia educativa con valor curricular, que permite al estudiante, a\u00fan estando en proceso de formaci\u00f3n: Incorporarse profesionalmente en las instituciones, empresas u organismos del sector p\u00fablico, privado y social, a trav\u00e9s del desarrollo de un proyecto definido en funci\u00f3n del perfil de egreso establecido en los planes y programas de estudio y asesorado tanto por profesores de la Facultad como por el personal del lugar de residencia donde se desarrolle la misma. Requisitos del alumno.<\/p>\n\n\n\n<div class=\"wp-block-group is-layout-constrained wp-container-core-group-is-layout-8dd13e6d wp-block-group-is-layout-constrained\" style=\"padding-right:var(--wp--preset--spacing--60);padding-left:var(--wp--preset--spacing--60)\">\n<p class=\"has-big-font-size\">-Haber cubierto el 94% de los cr\u00e9ditos acad\u00e9micos.<\/p>\n\n\n\n<p class=\"has-big-font-size\">-Ser alumno acad\u00e9micamente regular.<\/p>\n\n\n\n<p class=\"has-big-font-size\">-Los alumnos residentes ser\u00e1n responsables de realizar un trabajo profesional y de cumplir en tiempo, forma y calidad con los objetivos de su proyecto.<\/p>\n<\/div>\n\n\n\n<h3 class=\"wp-block-heading has-text-color has-link-color has-large-font-size wp-elements-e23f1a7aa43bb0056708d5c59972fead\" style=\"color:#003d57\">Derechos del residente<\/h3>\n\n\n\n<div class=\"wp-block-group is-layout-constrained wp-container-core-group-is-layout-8dd13e6d wp-block-group-is-layout-constrained\" style=\"padding-right:var(--wp--preset--spacing--60);padding-left:var(--wp--preset--spacing--60)\">\n<p class=\"has-big-font-size\">-Realizar actividades acordes con su perfil profesional durante la realizaci\u00f3n de las Residencias Profesionales.<\/p>\n\n\n\n<p class=\"has-big-font-size\">-Realizar la residencia profesional en condiciones de higiene y seguridad adecuadas.<\/p>\n<\/div>\n\n\n\n<h3 class=\"wp-block-heading has-text-color has-link-color has-large-font-size wp-elements-2b11e024013b530b5545b6deda7e2693\" style=\"color:#003d57\">Obligaciones del residente<\/h3>\n\n\n\n<p class=\"has-big-font-size\">-Guardar confidencialidad prevista en los convenios de colaboraci\u00f3n.<\/p>\n\n\n\n<div class=\"wp-block-group is-layout-constrained wp-container-core-group-is-layout-8dd13e6d wp-block-group-is-layout-constrained\" style=\"padding-right:var(--wp--preset--spacing--60);padding-left:var(--wp--preset--spacing--60)\">\n<p class=\"has-big-font-size\">-Hacer uso adecuado de las instalaciones, equipo y material de trabajo que les sea entregado para la realizaci\u00f3n de su proyecto.<\/p>\n\n\n\n<p class=\"has-big-font-size\">-Cumplir con las medidas de seguridad e higiene vigentes en el lugar de residencia para prevenir los riesgos de trabajo.<\/p>\n\n\n\n<p class=\"has-big-font-size\">-Asistir y concluir satisfactoriamente todas las actividades planteadas en su residencia.<\/p>\n\n\n\n<p class=\"has-big-font-size\">-Presentar al inicio de las Residencias Profesionales su plan de trabajo.<\/p>\n\n\n\n<p class=\"has-big-font-size\">-Reportar de acuerdo al cronograma previamente autorizado, los avances respectivos.<\/p>\n\n\n\n<p class=\"has-big-font-size\">-Entregar el proyecto terminado.<\/p>\n<\/div>\n\n\n\n<h3 class=\"wp-block-heading has-text-color has-link-color has-large-font-size wp-elements-3fdfb98aa7561a7515b3ed47cd3b1ac9\" style=\"color:#003d57\">Documentos Relacionados<\/h3>\n\n\n\n<div class=\"wp-block-group is-layout-constrained wp-container-core-group-is-layout-8dd13e6d wp-block-group-is-layout-constrained\" style=\"padding-right:var(--wp--preset--spacing--60);padding-left:var(--wp--preset--spacing--60)\">\n<p>-Residencias Profesionales.<\/p>\n\n\n\n<p>-Reglamento Residencias Profesionales.<\/p>\n\n\n\n<p>-Presentaci\u00f3n Power Point.<\/p>\n<\/div>\n\n\n\n<h3 class=\"wp-block-heading has-text-color has-link-color has-large-font-size wp-elements-33a5f83c536895ae23e18ac637b76d4d\" style=\"color:#003d57\"><img loading=\"lazy\" decoding=\"async\" width=\"150\" height=\"39\" class=\"wp-image-929\" style=\"width: 150px;\" src=\"http:\/\/forestales.ujed.mx\/web\/wp-content\/uploads\/2024\/08\/Flyer-regreso-a-clases-moderno-azul-y-verde-1-2.png\" alt=\"\" srcset=\"http:\/\/forestales.ujed.mx\/web\/wp-content\/uploads\/2024\/08\/Flyer-regreso-a-clases-moderno-azul-y-verde-1-2.png 1129w, http:\/\/forestales.ujed.mx\/web\/wp-content\/uploads\/2024\/08\/Flyer-regreso-a-clases-moderno-azul-y-verde-1-2-300x79.png 300w, http:\/\/forestales.ujed.mx\/web\/wp-content\/uploads\/2024\/08\/Flyer-regreso-a-clases-moderno-azul-y-verde-1-2-1024x268.png 1024w, http:\/\/forestales.ujed.mx\/web\/wp-content\/uploads\/2024\/08\/Flyer-regreso-a-clases-moderno-azul-y-verde-1-2-768x201.png 768w\" sizes=\"auto, (max-width: 150px) 100vw, 150px\" \/><\/h3>\n\n\n\n<figure class=\"wp-block-table\"><table class=\"has-fixed-layout\" style=\"border-style:none;border-width:0px\"><tbody><tr><td class=\"has-text-align-center\" data-align=\"center\"><img loading=\"lazy\" decoding=\"async\" width=\"30\" height=\"30\" class=\"wp-image-1379\" style=\"width: 30px;\" src=\"http:\/\/forestales.ujed.mx\/web\/wp-content\/uploads\/2024\/08\/coordi.png\" alt=\"\" srcset=\"http:\/\/forestales.ujed.mx\/web\/wp-content\/uploads\/2024\/08\/coordi.png 500w, http:\/\/forestales.ujed.mx\/web\/wp-content\/uploads\/2024\/08\/coordi-300x300.png 300w, http:\/\/forestales.ujed.mx\/web\/wp-content\/uploads\/2024\/08\/coordi-150x150.png 150w\" sizes=\"auto, (max-width: 30px) 100vw, 30px\" \/>Coordinaci\u00f3n de IF<\/td><td>M.C. F\u00e9lix Juan Carlos Hinojosa Espinoza<\/td><\/tr><tr><td class=\"has-text-align-center\" data-align=\"center\"><img loading=\"lazy\" decoding=\"async\" width=\"30\" height=\"24\" class=\"wp-image-1269\" style=\"width: 30px;\" src=\"http:\/\/forestales.ujed.mx\/web\/wp-content\/uploads\/2024\/08\/correo.jpg\" alt=\"\" srcset=\"http:\/\/forestales.ujed.mx\/web\/wp-content\/uploads\/2024\/08\/correo.jpg 322w, http:\/\/forestales.ujed.mx\/web\/wp-content\/uploads\/2024\/08\/correo-300x238.jpg 300w\" sizes=\"auto, (max-width: 30px) 100vw, 30px\" \/>Correo electr\u00f3nico <\/td><td><a href=\"mailto:felix.hinojosa@ujed.mx\">felix.hinojosa@ujed.mx<\/a><\/td><\/tr><tr><td class=\"has-text-align-center\" data-align=\"center\"><img loading=\"lazy\" decoding=\"async\" width=\"30\" height=\"30\" class=\"wp-image-1379\" style=\"width: 30px;\" src=\"http:\/\/forestales.ujed.mx\/web\/wp-content\/uploads\/2024\/08\/coordi.png\" alt=\"\" srcset=\"http:\/\/forestales.ujed.mx\/web\/wp-content\/uploads\/2024\/08\/coordi.png 500w, http:\/\/forestales.ujed.mx\/web\/wp-content\/uploads\/2024\/08\/coordi-300x300.png 300w, http:\/\/forestales.ujed.mx\/web\/wp-content\/uploads\/2024\/08\/coordi-150x150.png 150w\" sizes=\"auto, (max-width: 30px) 100vw, 30px\" \/>Coordinaci\u00f3n de IMA<\/td><td>M.C. Aar\u00f3n Israel Soto Garc\u00eda<\/td><\/tr><tr><td class=\"has-text-align-center\" data-align=\"center\"><img loading=\"lazy\" decoding=\"async\" width=\"30\" height=\"24\" class=\"wp-image-1269\" style=\"width: 30px;\" src=\"http:\/\/forestales.ujed.mx\/web\/wp-content\/uploads\/2024\/08\/correo.jpg\" alt=\"\" srcset=\"http:\/\/forestales.ujed.mx\/web\/wp-content\/uploads\/2024\/08\/correo.jpg 322w, http:\/\/forestales.ujed.mx\/web\/wp-content\/uploads\/2024\/08\/correo-300x238.jpg 300w\" sizes=\"auto, (max-width: 30px) 100vw, 30px\" \/>Correo electr\u00f3nico <\/td><td><a href=\"mailto:aaron.soto@ujed.mx\">aaron.soto@ujed.mx<\/a><\/td><\/tr><\/tbody><\/table><\/figure>\n<\/div>\n\n\n\n<p><\/p>\n","protected":false},"excerpt":{"rendered":"<p>Residencia profesional La Residencia Profesional es la estrategia educativa con valor curricular, que permite al estudiante, a\u00fan estando en proceso de formaci\u00f3n: Incorporarse profesionalmente en las instituciones, empresas u organismos del sector p\u00fablico, privado y social, a trav\u00e9s del desarrollo de un proyecto definido en funci\u00f3n del perfil de egreso establecido en los planes y&#8230;<\/p>\n","protected":false},"author":2,"featured_media":0,"parent":0,"menu_order":0,"comment_status":"closed","ping_status":"closed","template":"","meta":{"footnotes":""},"class_list":["post-845","page","type-page","status-publish","hentry"],"_links":{"self":[{"href":"http:\/\/forestales.ujed.mx\/web\/wp-json\/wp\/v2\/pages\/845","targetHints":{"allow":["GET"]}}],"collection":[{"href":"http:\/\/forestales.ujed.mx\/web\/wp-json\/wp\/v2\/pages"}],"about":[{"href":"http:\/\/forestales.ujed.mx\/web\/wp-json\/wp\/v2\/types\/page"}],"author":[{"embeddable":true,"href":"http:\/\/forestales.ujed.mx\/web\/wp-json\/wp\/v2\/users\/2"}],"replies":[{"embeddable":true,"href":"http:\/\/forestales.ujed.mx\/web\/wp-json\/wp\/v2\/comments?post=845"}],"version-history":[{"count":11,"href":"http:\/\/forestales.ujed.mx\/web\/wp-json\/wp\/v2\/pages\/845\/revisions"}],"predecessor-version":[{"id":1867,"href":"http:\/\/forestales.ujed.mx\/web\/wp-json\/wp\/v2\/pages\/845\/revisions\/1867"}],"wp:attachment":[{"href":"http:\/\/forestales.ujed.mx\/web\/wp-json\/wp\/v2\/media?parent=845"}],"curies":[{"name":"wp","href":"https:\/\/api.w.org\/{rel}","templated":true}]}}