{"id":850,"date":"2024-08-21T20:19:59","date_gmt":"2024-08-21T20:19:59","guid":{"rendered":"http:\/\/forestales.ujed.mx\/web\/?page_id=850"},"modified":"2026-04-04T12:40:38","modified_gmt":"2026-04-04T12:40:38","slug":"vinculacion-2","status":"publish","type":"page","link":"http:\/\/forestales.ujed.mx\/web\/vinculacion-2\/","title":{"rendered":"Vinculaci\u00f3n"},"content":{"rendered":"\n<div class=\"wp-block-group is-layout-constrained wp-block-group-is-layout-constrained\">\n<h2 class=\"wp-block-heading has-text-align-center has-text-color has-link-color has-x-large-font-size wp-elements-6319fe53f1482b0bf10cbe45f2676ff2\" style=\"color:#003d57\">Vinculaci\u00f3n<\/h2>\n<\/div>\n\n\n\n<figure data-wp-context=\"{&quot;imageId&quot;:&quot;69d9a316d2535&quot;}\" data-wp-interactive=\"core\/image\" data-wp-key=\"69d9a316d2535\" class=\"wp-block-image aligncenter size-full is-resized wp-lightbox-container\"><img loading=\"lazy\" decoding=\"async\" width=\"500\" height=\"500\" data-wp-class--hide=\"state.isContentHidden\" data-wp-class--show=\"state.isContentVisible\" data-wp-init=\"callbacks.setButtonStyles\" data-wp-on--click=\"actions.showLightbox\" data-wp-on--load=\"callbacks.setButtonStyles\" data-wp-on-window--resize=\"callbacks.setButtonStyles\" src=\"http:\/\/forestales.ujed.mx\/web\/wp-content\/uploads\/2024\/08\/vinculacion.png\" alt=\"\" class=\"wp-image-1428\" style=\"width:390px;height:auto\" srcset=\"http:\/\/forestales.ujed.mx\/web\/wp-content\/uploads\/2024\/08\/vinculacion.png 500w, http:\/\/forestales.ujed.mx\/web\/wp-content\/uploads\/2024\/08\/vinculacion-300x300.png 300w, http:\/\/forestales.ujed.mx\/web\/wp-content\/uploads\/2024\/08\/vinculacion-150x150.png 150w\" sizes=\"auto, (max-width: 500px) 100vw, 500px\" \/><button\n\t\t\tclass=\"lightbox-trigger\"\n\t\t\ttype=\"button\"\n\t\t\taria-haspopup=\"dialog\"\n\t\t\taria-label=\"Agrandar\"\n\t\t\tdata-wp-init=\"callbacks.initTriggerButton\"\n\t\t\tdata-wp-on--click=\"actions.showLightbox\"\n\t\t\tdata-wp-style--right=\"state.imageButtonRight\"\n\t\t\tdata-wp-style--top=\"state.imageButtonTop\"\n\t\t>\n\t\t\t<svg xmlns=\"http:\/\/www.w3.org\/2000\/svg\" width=\"12\" height=\"12\" fill=\"none\" viewBox=\"0 0 12 12\">\n\t\t\t\t<path fill=\"#fff\" d=\"M2 0a2 2 0 0 0-2 2v2h1.5V2a.5.5 0 0 1 .5-.5h2V0H2Zm2 10.5H2a.5.5 0 0 1-.5-.5V8H0v2a2 2 0 0 0 2 2h2v-1.5ZM8 12v-1.5h2a.5.5 0 0 0 .5-.5V8H12v2a2 2 0 0 1-2 2H8Zm2-12a2 2 0 0 1 2 2v2h-1.5V2a.5.5 0 0 0-.5-.5H8V0h2Z\" \/>\n\t\t\t<\/svg>\n\t\t<\/button><\/figure>\n\n\n\n<div class=\"wp-block-group is-layout-constrained wp-block-group-is-layout-constrained\">\n<p class=\"has-big-font-size\">El Departamento de Vinculaci\u00f3n de la Facultad de Ciencias Forestales y Ambientales, es el enlace diferentes componentes internos y externos de la Facultad, con la finalidad de ejercer acciones de beneficio com\u00fan para la Universidad y la sociedad. Por medio de los procesos de:<\/p>\n\n\n\n<div class=\"wp-block-group is-layout-constrained wp-container-core-group-is-layout-8dd13e6d wp-block-group-is-layout-constrained\" style=\"padding-right:var(--wp--preset--spacing--60);padding-left:var(--wp--preset--spacing--60)\">\n<p class=\"has-big-font-size\">-Gesti\u00f3n de Convenios<\/p>\n\n\n\n<p class=\"has-big-font-size\">-Bolsa de Trabajo<\/p>\n\n\n\n<p class=\"has-big-font-size\">-Seguimiento de Egresados<\/p>\n\n\n\n<p class=\"has-big-font-size\">-Educaci\u00f3n Continua (Servicios de asesor\u00eda y capacitaci\u00f3n)<\/p>\n\n\n\n<p class=\"has-big-font-size\">-Identidad (Imagen y Difusi\u00f3n)<\/p>\n<\/div>\n\n\n\n<p class=\"has-text-align-center has-text-color has-link-color has-x-large-font-size wp-elements-9cacb88dcbc13c6935486e3c7d98cc09\" style=\"color:#003d57\"><\/p>\n\n\n\n<figure data-wp-context=\"{&quot;imageId&quot;:&quot;69d9a316d2c59&quot;}\" data-wp-interactive=\"core\/image\" data-wp-key=\"69d9a316d2c59\" class=\"wp-block-image size-large is-resized wp-lightbox-container\"><img loading=\"lazy\" decoding=\"async\" width=\"1024\" height=\"268\" data-wp-class--hide=\"state.isContentHidden\" data-wp-class--show=\"state.isContentVisible\" data-wp-init=\"callbacks.setButtonStyles\" data-wp-on--click=\"actions.showLightbox\" data-wp-on--load=\"callbacks.setButtonStyles\" data-wp-on-window--resize=\"callbacks.setButtonStyles\" src=\"http:\/\/forestales.ujed.mx\/web\/wp-content\/uploads\/2024\/08\/Flyer-regreso-a-clases-moderno-azul-y-verde-1-2-1024x268.png\" alt=\"\" class=\"wp-image-929\" style=\"width:241px;height:auto\" srcset=\"http:\/\/forestales.ujed.mx\/web\/wp-content\/uploads\/2024\/08\/Flyer-regreso-a-clases-moderno-azul-y-verde-1-2-1024x268.png 1024w, http:\/\/forestales.ujed.mx\/web\/wp-content\/uploads\/2024\/08\/Flyer-regreso-a-clases-moderno-azul-y-verde-1-2-300x79.png 300w, http:\/\/forestales.ujed.mx\/web\/wp-content\/uploads\/2024\/08\/Flyer-regreso-a-clases-moderno-azul-y-verde-1-2-768x201.png 768w, http:\/\/forestales.ujed.mx\/web\/wp-content\/uploads\/2024\/08\/Flyer-regreso-a-clases-moderno-azul-y-verde-1-2.png 1129w\" sizes=\"auto, (max-width: 1024px) 100vw, 1024px\" \/><button\n\t\t\tclass=\"lightbox-trigger\"\n\t\t\ttype=\"button\"\n\t\t\taria-haspopup=\"dialog\"\n\t\t\taria-label=\"Agrandar\"\n\t\t\tdata-wp-init=\"callbacks.initTriggerButton\"\n\t\t\tdata-wp-on--click=\"actions.showLightbox\"\n\t\t\tdata-wp-style--right=\"state.imageButtonRight\"\n\t\t\tdata-wp-style--top=\"state.imageButtonTop\"\n\t\t>\n\t\t\t<svg xmlns=\"http:\/\/www.w3.org\/2000\/svg\" width=\"12\" height=\"12\" fill=\"none\" viewBox=\"0 0 12 12\">\n\t\t\t\t<path fill=\"#fff\" d=\"M2 0a2 2 0 0 0-2 2v2h1.5V2a.5.5 0 0 1 .5-.5h2V0H2Zm2 10.5H2a.5.5 0 0 1-.5-.5V8H0v2a2 2 0 0 0 2 2h2v-1.5ZM8 12v-1.5h2a.5.5 0 0 0 .5-.5V8H12v2a2 2 0 0 1-2 2H8Zm2-12a2 2 0 0 1 2 2v2h-1.5V2a.5.5 0 0 0-.5-.5H8V0h2Z\" \/>\n\t\t\t<\/svg>\n\t\t<\/button><\/figure>\n<\/div>\n\n\n\n<div class=\"wp-block-group is-layout-constrained wp-block-group-is-layout-constrained\">\n<figure class=\"wp-block-table\"><table class=\"has-fixed-layout\" style=\"border-style:none;border-width:0px\"><tbody><tr><td class=\"has-text-align-center\" data-align=\"center\"><img loading=\"lazy\" decoding=\"async\" width=\"30\" height=\"30\" class=\"wp-image-1379\" style=\"width: 30px;\" src=\"http:\/\/forestales.ujed.mx\/web\/wp-content\/uploads\/2024\/08\/coordi.png\" alt=\"\" srcset=\"http:\/\/forestales.ujed.mx\/web\/wp-content\/uploads\/2024\/08\/coordi.png 500w, http:\/\/forestales.ujed.mx\/web\/wp-content\/uploads\/2024\/08\/coordi-300x300.png 300w, http:\/\/forestales.ujed.mx\/web\/wp-content\/uploads\/2024\/08\/coordi-150x150.png 150w\" sizes=\"auto, (max-width: 30px) 100vw, 30px\" \/>Departamento de Vinculaci\u00f3n<\/td><td>M.C. Luis Antonio Hern\u00e1ndez Becerra<\/td><\/tr><tr><td class=\"has-text-align-center\" data-align=\"center\"><img loading=\"lazy\" decoding=\"async\" width=\"30\" height=\"24\" class=\"wp-image-1269\" style=\"width: 30px;\" src=\"http:\/\/forestales.ujed.mx\/web\/wp-content\/uploads\/2024\/08\/correo.jpg\" alt=\"\" srcset=\"http:\/\/forestales.ujed.mx\/web\/wp-content\/uploads\/2024\/08\/correo.jpg 322w, http:\/\/forestales.ujed.mx\/web\/wp-content\/uploads\/2024\/08\/correo-300x238.jpg 300w\" sizes=\"auto, (max-width: 30px) 100vw, 30px\" \/>Correo electr\u00f3nico <\/td><td><a href=\"mailto:egresadosfcf@ujed.mx\">vinculacion.fcfa@ujed.mx<\/a><\/td><\/tr><\/tbody><\/table><\/figure>\n<\/div>\n\n\n\n<p><\/p>\n","protected":false},"excerpt":{"rendered":"<p>Vinculaci\u00f3n El Departamento de Vinculaci\u00f3n de la Facultad de Ciencias Forestales y Ambientales, es el enlace diferentes componentes internos y externos de la Facultad, con la finalidad de ejercer acciones de beneficio com\u00fan para la Universidad y la sociedad. Por medio de los procesos de: -Gesti\u00f3n de Convenios -Bolsa de Trabajo -Seguimiento de Egresados -Educaci\u00f3n&#8230;<\/p>\n","protected":false},"author":2,"featured_media":0,"parent":0,"menu_order":0,"comment_status":"closed","ping_status":"closed","template":"","meta":{"footnotes":""},"class_list":["post-850","page","type-page","status-publish","hentry"],"_links":{"self":[{"href":"http:\/\/forestales.ujed.mx\/web\/wp-json\/wp\/v2\/pages\/850","targetHints":{"allow":["GET"]}}],"collection":[{"href":"http:\/\/forestales.ujed.mx\/web\/wp-json\/wp\/v2\/pages"}],"about":[{"href":"http:\/\/forestales.ujed.mx\/web\/wp-json\/wp\/v2\/types\/page"}],"author":[{"embeddable":true,"href":"http:\/\/forestales.ujed.mx\/web\/wp-json\/wp\/v2\/users\/2"}],"replies":[{"embeddable":true,"href":"http:\/\/forestales.ujed.mx\/web\/wp-json\/wp\/v2\/comments?post=850"}],"version-history":[{"count":8,"href":"http:\/\/forestales.ujed.mx\/web\/wp-json\/wp\/v2\/pages\/850\/revisions"}],"predecessor-version":[{"id":2407,"href":"http:\/\/forestales.ujed.mx\/web\/wp-json\/wp\/v2\/pages\/850\/revisions\/2407"}],"wp:attachment":[{"href":"http:\/\/forestales.ujed.mx\/web\/wp-json\/wp\/v2\/media?parent=850"}],"curies":[{"name":"wp","href":"https:\/\/api.w.org\/{rel}","templated":true}]}}