{"id":873,"date":"2024-08-22T02:37:24","date_gmt":"2024-08-22T02:37:24","guid":{"rendered":"http:\/\/forestales.ujed.mx\/web\/?page_id=873"},"modified":"2026-04-05T02:48:36","modified_gmt":"2026-04-05T02:48:36","slug":"organigrama","status":"publish","type":"page","link":"http:\/\/forestales.ujed.mx\/web\/organigrama\/","title":{"rendered":"Organigrama"},"content":{"rendered":"\n<p class=\"has-text-align-center has-text-color has-link-color has-x-large-font-size wp-elements-b652e4aecb306a99802a8fd283999017\" style=\"color:#003d57\"><strong>Organigrama<\/strong><\/p>\n\n\n\n<figure data-wp-context=\"{&quot;imageId&quot;:&quot;69dca7bfac81f&quot;}\" data-wp-interactive=\"core\/image\" data-wp-key=\"69dca7bfac81f\" class=\"wp-block-image aligncenter size-full wp-lightbox-container\"><img loading=\"lazy\" decoding=\"async\" width=\"1024\" height=\"1024\" data-wp-class--hide=\"state.isContentHidden\" data-wp-class--show=\"state.isContentVisible\" data-wp-init=\"callbacks.setButtonStyles\" data-wp-on--click=\"actions.showLightbox\" data-wp-on--load=\"callbacks.setButtonStyles\" data-wp-on-window--resize=\"callbacks.setButtonStyles\" src=\"https:\/\/forestales.ujed.mx\/web\/wp-content\/uploads\/2026\/04\/organigrama-2026.png\" alt=\"\" class=\"wp-image-2457\" srcset=\"http:\/\/forestales.ujed.mx\/web\/wp-content\/uploads\/2026\/04\/organigrama-2026.png 1024w, http:\/\/forestales.ujed.mx\/web\/wp-content\/uploads\/2026\/04\/organigrama-2026-300x300.png 300w, http:\/\/forestales.ujed.mx\/web\/wp-content\/uploads\/2026\/04\/organigrama-2026-150x150.png 150w, http:\/\/forestales.ujed.mx\/web\/wp-content\/uploads\/2026\/04\/organigrama-2026-768x768.png 768w\" sizes=\"auto, (max-width: 1024px) 100vw, 1024px\" \/><button\n\t\t\tclass=\"lightbox-trigger\"\n\t\t\ttype=\"button\"\n\t\t\taria-haspopup=\"dialog\"\n\t\t\taria-label=\"Agrandar\"\n\t\t\tdata-wp-init=\"callbacks.initTriggerButton\"\n\t\t\tdata-wp-on--click=\"actions.showLightbox\"\n\t\t\tdata-wp-style--right=\"state.imageButtonRight\"\n\t\t\tdata-wp-style--top=\"state.imageButtonTop\"\n\t\t>\n\t\t\t<svg xmlns=\"http:\/\/www.w3.org\/2000\/svg\" width=\"12\" height=\"12\" fill=\"none\" viewBox=\"0 0 12 12\">\n\t\t\t\t<path fill=\"#fff\" d=\"M2 0a2 2 0 0 0-2 2v2h1.5V2a.5.5 0 0 1 .5-.5h2V0H2Zm2 10.5H2a.5.5 0 0 1-.5-.5V8H0v2a2 2 0 0 0 2 2h2v-1.5ZM8 12v-1.5h2a.5.5 0 0 0 .5-.5V8H12v2a2 2 0 0 1-2 2H8Zm2-12a2 2 0 0 1 2 2v2h-1.5V2a.5.5 0 0 0-.5-.5H8V0h2Z\" \/>\n\t\t\t<\/svg>\n\t\t<\/button><\/figure>\n\n\n\n<h1 class=\"wp-block-heading has-text-align-center\"><mark style=\"background-color:rgba(0, 0, 0, 0);color:#000277\" class=\"has-inline-color\">Directorio&nbsp;<\/mark><\/h1>\n\n\n\n<p class=\"has-text-align-center\"><\/p>\n\n\n\n<div class=\"wp-block-group is-layout-constrained wp-block-group-is-layout-constrained\">\n<pre class=\"wp-block-verse has-text-align-left\"><strong><mark style=\"background-color:rgba(0, 0, 0, 0);color:#000277\" class=\"has-inline-color\">Direcci\u00f3n<\/mark><\/strong><\/pre>\n\n\n\n<details class=\"wp-block-details is-layout-flow wp-block-details-is-layout-flow\"><summary><\/summary>\n<p><\/p>\n\n\n\n<figure class=\"wp-block-table\"><table class=\"has-fixed-layout\"><tbody><tr><td class=\"has-text-align-center\" data-align=\"center\"><strong>Nombre<\/strong><\/td><td class=\"has-text-align-center\" data-align=\"center\"><strong>Cargo<\/strong><\/td><td class=\"has-text-align-center\" data-align=\"center\"><strong>Correo Electr\u00f3nico<\/strong><\/td><\/tr><tr><td class=\"has-text-align-center\" data-align=\"center\">Dr. Jos\u00e9 Javier Corral Rivas<\/td><td class=\"has-text-align-center\" data-align=\"center\">Director&nbsp;<\/td><td class=\"has-text-align-center\" data-align=\"center\"><a href=\"mailto:jcorral@ujed.mx\" target=\"_blank\" rel=\"noreferrer noopener\">jcorral@ujed.mx<\/a><\/td><\/tr><tr><td class=\"has-text-align-center\" data-align=\"center\">M.C. Ram\u00f3n Ortiz Carrasco<\/td><td class=\"has-text-align-center\" data-align=\"center\">Secretario Acad\u00e9mico<\/td><td class=\"has-text-align-center\" data-align=\"center\"><a href=\"mailto:ramon.ortiz@ujed.mx\">ramon.ortiz@ujed.mx<\/a><\/td><\/tr><tr><td class=\"has-text-align-center\" data-align=\"center\">M.C. Jos\u00e9 Carmelo L\u00f3pez Mel\u00e9ndez<\/td><td class=\"has-text-align-center\" data-align=\"center\">Secretario Administrativo<\/td><td class=\"has-text-align-center\" data-align=\"center\"><a href=\"mailto:jose.lopez@ujed.mx\">jose.lopez@ujed.mx<\/a><\/td><\/tr><tr><td class=\"has-text-align-center\" data-align=\"center\">Dra. Sandra Iliana Torres Herrera<\/td><td class=\"has-text-align-center\" data-align=\"center\">Jefa de la Divisi\u00f3n de Posgrado e Investigaci\u00f3n<\/td><td class=\"has-text-align-center\" data-align=\"center\"><a href=\"mailto:sandra.torres@ujed.mx\">sandra.torres@ujed.mx<\/a><\/td><\/tr><\/tbody><\/table><\/figure>\n\n\n\n<p><\/p>\n<\/details>\n<\/div>\n\n\n\n<p class=\"has-text-align-center\"><\/p>\n\n\n\n<blockquote class=\"wp-block-quote is-layout-flow wp-block-quote-is-layout-flow\">\n<p><\/p>\n<\/blockquote>\n\n\n\n<blockquote class=\"wp-block-quote is-layout-flow wp-block-quote-is-layout-flow\">\n<p><\/p>\n<\/blockquote>\n\n\n\n<div class=\"wp-block-group is-layout-constrained wp-block-group-is-layout-constrained\">\n<pre class=\"wp-block-verse has-text-align-left\"><strong><mark style=\"background-color:rgba(0, 0, 0, 0);color:#000277\" class=\"has-inline-color\">Secretar\u00eda Acad\u00e9mica<\/mark><\/strong><\/pre>\n\n\n\n<details class=\"wp-block-details is-layout-flow wp-block-details-is-layout-flow\"><summary><\/summary>\n<p><\/p>\n\n\n\n<figure class=\"wp-block-table\"><table class=\"has-fixed-layout\"><tbody><tr><td class=\"has-text-align-center\" data-align=\"center\"><strong>Nombre<\/strong><\/td><td class=\"has-text-align-center\" data-align=\"center\"><strong>Cargo<\/strong><\/td><td class=\"has-text-align-center\" data-align=\"center\"><strong>Correo Electr\u00f3nico<\/strong><\/td><\/tr><tr><td class=\"has-text-align-center\" data-align=\"center\">M.C. Celina Palacios Mendoza<\/td><td class=\"has-text-align-center\" data-align=\"center\">Coordinaci\u00f3n de Ingenier\u00eda Forestal\u00a0<\/td><td class=\"has-text-align-center\" data-align=\"center\">celina.placios@ujed.mx<\/td><\/tr><tr><td class=\"has-text-align-center\" data-align=\"center\">M.C. Aaron Israel Soto Garcia<\/td><td class=\"has-text-align-center\" data-align=\"center\">Coordinaci\u00f3n de Ingener\u00eda en Manejo Ambiental<\/td><td class=\"has-text-align-center\" data-align=\"center\">aaron.soto@ujed.mx<\/td><\/tr><tr><td class=\"has-text-align-center\" data-align=\"center\">M.C. Aaron Israel Soto Garcia<\/td><td class=\"has-text-align-center\" data-align=\"center\">Coordinaci\u00f3n de Servicio Social<\/td><td class=\"has-text-align-center\" data-align=\"center\">aaron.soto@ujed.mx<\/td><\/tr><tr><td class=\"has-text-align-center\" data-align=\"center\">L.T.C.H. Silvia Angelica Casta\u00f1eda Espinoza<\/td><td class=\"has-text-align-center\" data-align=\"center\">Coordinaci\u00f3n de Tutorias Acad\u00e9micas<\/td><td class=\"has-text-align-center\" data-align=\"center\">turias.fcfa@ujed.mc<\/td><\/tr><tr><td class=\"has-text-align-center\" data-align=\"center\">M.S.A. Yessica Jezabel Garc\u00eda Palacios<\/td><td class=\"has-text-align-center\" data-align=\"center\">Coordinaci\u00f3n de Formacion Integral<\/td><td class=\"has-text-align-center\" data-align=\"center\">jezabel.garcia@ujed.mx<\/td><\/tr><tr><td class=\"has-text-align-center\" data-align=\"center\">M.A. Valeria Guadalupe Sol\u00eds Ibarra<\/td><td class=\"has-text-align-center\" data-align=\"center\">Coordinaci\u00f3n de Universidad Saludable<\/td><td class=\"has-text-align-center\" data-align=\"center\"><a href=\"mailto:valeria.solis@ujed.mx\" target=\"_blank\" rel=\"noreferrer noopener\">valeria.solis@ujed.mx<\/a><\/td><\/tr><tr><td class=\"has-text-align-center\" data-align=\"center\">Dra. Yadira Ib\u00e1\u00f1ez Rodr\u00edguez<\/td><td class=\"has-text-align-center\" data-align=\"center\">Educaci\u00f3n Virtual y a Distancia<\/td><td class=\"has-text-align-center\" data-align=\"center\">yadira.ibanez@ujed.mx<\/td><\/tr><\/tbody><\/table><\/figure>\n\n\n\n<p><\/p>\n<\/details>\n<\/div>\n\n\n\n<div class=\"wp-block-group is-layout-constrained wp-block-group-is-layout-constrained\">\n<pre class=\"wp-block-verse\"><strong><mark style=\"background-color:rgba(0, 0, 0, 0);color:#000277\" class=\"has-inline-color\">Departamento de Vinculaci\u00f3n <\/mark><\/strong><\/pre>\n\n\n\n<details class=\"wp-block-details is-layout-flow wp-block-details-is-layout-flow\"><summary><\/summary>\n<p><\/p>\n\n\n\n<figure class=\"wp-block-table\"><table class=\"has-fixed-layout\"><tbody><tr><td class=\"has-text-align-center\" data-align=\"center\"><strong>Nombre<\/strong><\/td><td class=\"has-text-align-center\" data-align=\"center\"><strong>Cargo<\/strong><\/td><td class=\"has-text-align-center\" data-align=\"center\"><strong>Correo Electr\u00f3nico<\/strong><\/td><\/tr><tr><td class=\"has-text-align-center\" data-align=\"center\">M.C. Luis Antonio Hern\u00e1ndez Becerra<\/td><td class=\"has-text-align-center\" data-align=\"center\">Coordinaci\u00f3n de Vinculaci\u00f3n <\/td><td class=\"has-text-align-center\" data-align=\"center\">vinculacion.fcfa@ujed.mx luisantonio.hernandez@ujed.mx<\/td><\/tr><tr><td class=\"has-text-align-center\" data-align=\"center\">D.C. Arnulfo Mel\u00e9ndez Soto <\/td><td class=\"has-text-align-center\" data-align=\"center\">Coordinaci\u00f3n de Educaci\u00f3n Continua <\/td><td class=\"has-text-align-center\" data-align=\"center\">a.melendez@ujed.mx<\/td><\/tr><tr><td class=\"has-text-align-center\" data-align=\"center\">M.C. Laura Araceli Lira Tuero <\/td><td class=\"has-text-align-center\" data-align=\"center\">Coordinaci\u00f3n de Bolsa de Trabajo <\/td><td class=\"has-text-align-center\" data-align=\"center\">laura.lira@ujed.mx<\/td><\/tr><tr><td class=\"has-text-align-center\" data-align=\"center\">M.E. Arturo Gamaliel\u00a0Orozco Chavira <\/td><td class=\"has-text-align-center\" data-align=\"center\">Coordinaci\u00f3n de Seguimiento de Egresados <\/td><td class=\"has-text-align-center\" data-align=\"center\">arturo.orozco@ujed.mx<\/td><\/tr><\/tbody><\/table><\/figure>\n\n\n\n<p><\/p>\n<\/details>\n<\/div>\n\n\n\n<div class=\"wp-block-group is-layout-constrained wp-block-group-is-layout-constrained\">\n<pre class=\"wp-block-verse\"><strong><mark style=\"background-color:rgba(0, 0, 0, 0);color:#000277\" class=\"has-inline-color\">Divisi\u00f3n de Estudios de Posgrado e Investigaci\u00f3n<\/mark><\/strong><mark style=\"background-color:rgba(0, 0, 0, 0);color:#000000\" class=\"has-inline-color\"> <\/mark> <\/pre>\n\n\n\n<details class=\"wp-block-details is-layout-flow wp-block-details-is-layout-flow\"><summary><\/summary>\n<p><\/p>\n\n\n\n<figure class=\"wp-block-table\"><table class=\"has-fixed-layout\"><tbody><tr><td class=\"has-text-align-center\" data-align=\"center\"><strong>Nombre<\/strong><\/td><td class=\"has-text-align-center\" data-align=\"center\"><strong>Cargo<\/strong><\/td><td class=\"has-text-align-center\" data-align=\"center\"><strong>Correo Electr\u00f3nico<\/strong><\/td><\/tr><tr><td class=\"has-text-align-center\" data-align=\"center\">M.C. Ariadna\u00a0Ant\u00fanez Calder\u00f3n <\/td><td class=\"has-text-align-center\" data-align=\"center\">Coordinaci\u00f3n de Investigaci\u00f3n <\/td><td class=\"has-text-align-center\" data-align=\"center\">ariadna.antunez@ujed.mx<\/td><\/tr><\/tbody><\/table><\/figure>\n\n\n\n<p><\/p>\n<\/details>\n<\/div>\n\n\n\n<div class=\"wp-block-group is-layout-constrained wp-block-group-is-layout-constrained\">\n<pre class=\"wp-block-verse\"><strong><mark style=\"background-color:rgba(0, 0, 0, 0);color:#00277c\" class=\"has-inline-color\">Secretar\u00eda Administrativa  <\/mark><\/strong><\/pre>\n\n\n\n<details class=\"wp-block-details is-layout-flow wp-block-details-is-layout-flow\"><summary><\/summary>\n<p><\/p>\n\n\n\n<figure class=\"wp-block-table\"><table class=\"has-fixed-layout\"><tbody><tr><td class=\"has-text-align-center\" data-align=\"center\"><strong>Nombre<\/strong><\/td><td class=\"has-text-align-center\" data-align=\"center\"><strong>Cargo<\/strong><\/td><td class=\"has-text-align-center\" data-align=\"center\"><strong>Correo Electr\u00f3nico<\/strong><\/td><\/tr><tr><td class=\"has-text-align-center\" data-align=\"center\">Ing. Miguel Avenda\u00f1o N\u00fa\u00f1ez <\/td><td class=\"has-text-align-center\" data-align=\"center\">Coordinaci\u00f3n de Vivero Forestal <\/td><td class=\"has-text-align-center\" data-align=\"center\">miguel.avendano@ujed.mx<\/td><\/tr><tr><td class=\"has-text-align-center\" data-align=\"center\">M.C. Oscar Fabian Aguirre C\u00f3rdova <\/td><td class=\"has-text-align-center\" data-align=\"center\">Coordinaci\u00f3n de Laboratorios <\/td><td class=\"has-text-align-center\" data-align=\"center\"><a href=\"mailto:fabian.cordova@ujed.mx\">fabian.cordova@ujed.mx<\/a><\/td><\/tr><tr><td class=\"has-text-align-center\" data-align=\"center\">M.A. Valeria Guadalupe Sol\u00eds Ibarra<\/td><td class=\"has-text-align-center\" data-align=\"center\">Coordinaci\u00f3n de Biblioteca <\/td><td class=\"has-text-align-center\" data-align=\"center\"><a href=\"mailto:valeria.solis@ujed.mx\" target=\"_blank\" rel=\"noreferrer noopener\">valeria.solis@ujed.mx<\/a><\/td><\/tr><\/tbody><\/table><\/figure>\n\n\n\n<p><\/p>\n<\/details>\n<\/div>\n\n\n\n<div class=\"wp-block-group is-layout-constrained wp-block-group-is-layout-constrained\">\n<pre class=\"wp-block-verse\"><strong><mark style=\"background-color:rgba(0, 0, 0, 0);color:#00277c\" class=\"has-inline-color\">Departamento de Planeaci\u00f3n y Evaluaci\u00f3n  <\/mark><\/strong><\/pre>\n\n\n\n<details class=\"wp-block-details is-layout-flow wp-block-details-is-layout-flow\"><summary><\/summary>\n<p><\/p>\n\n\n\n<figure class=\"wp-block-table\"><table class=\"has-fixed-layout\"><tbody><tr><td class=\"has-text-align-center\" data-align=\"center\"><strong>Nombre<\/strong><\/td><td class=\"has-text-align-center\" data-align=\"center\"><strong>Cargo<\/strong><\/td><td class=\"has-text-align-center\" data-align=\"center\"><strong>Correo Electr\u00f3nico<\/strong><\/td><\/tr><tr><td class=\"has-text-align-center\" data-align=\"center\">M.C.  Hilda Lorena \u00c1vila M\u00e1rquez<\/td><td class=\"has-text-align-center\" data-align=\"center\">Departamento de Planeaci\u00f3n y Evaluaci\u00f3n <\/td><td class=\"has-text-align-center\" data-align=\"center\">lorena.avila@ujed.mx<\/td><\/tr><\/tbody><\/table><\/figure>\n\n\n\n<p><\/p>\n<\/details>\n<\/div>\n\n\n\n<div class=\"wp-block-group is-layout-constrained wp-block-group-is-layout-constrained\">\n<pre class=\"wp-block-verse\"><strong><mark style=\"background-color:rgba(0, 0, 0, 0);color:#00277c\" class=\"has-inline-color\">Predio Las Bayas   <\/mark><\/strong><\/pre>\n\n\n\n<details class=\"wp-block-details is-layout-flow wp-block-details-is-layout-flow\"><summary><\/summary>\n<p><\/p>\n\n\n\n<figure class=\"wp-block-table\"><table class=\"has-fixed-layout\"><tbody><tr><td class=\"has-text-align-center\" data-align=\"center\"><strong>Nombre<\/strong><\/td><td class=\"has-text-align-center\" data-align=\"center\"><strong>Cargo<\/strong><\/td><td class=\"has-text-align-center\" data-align=\"center\"><strong>Correo Electr\u00f3nico<\/strong><\/td><\/tr><tr><td class=\"has-text-align-center\" data-align=\"center\">M.C. Eduardo Rodr\u00edguez Simental \u00a0<\/td><td class=\"has-text-align-center\" data-align=\"center\">Predio Las Bayas <\/td><td class=\"has-text-align-center\" data-align=\"center\">ed.rodriguez@ujed.mx<\/td><\/tr><\/tbody><\/table><\/figure>\n\n\n\n<p><\/p>\n<\/details>\n<\/div>\n\n\n\n<p><\/p>\n","protected":false},"excerpt":{"rendered":"<p>Organigrama Directorio&nbsp; Direcci\u00f3n Secretar\u00eda Acad\u00e9mica Departamento de Vinculaci\u00f3n Divisi\u00f3n de Estudios de Posgrado e Investigaci\u00f3n Secretar\u00eda Administrativa Departamento de Planeaci\u00f3n y Evaluaci\u00f3n Predio Las Bayas<\/p>\n","protected":false},"author":2,"featured_media":0,"parent":0,"menu_order":0,"comment_status":"closed","ping_status":"closed","template":"","meta":{"footnotes":""},"class_list":["post-873","page","type-page","status-publish","hentry"],"_links":{"self":[{"href":"http:\/\/forestales.ujed.mx\/web\/wp-json\/wp\/v2\/pages\/873","targetHints":{"allow":["GET"]}}],"collection":[{"href":"http:\/\/forestales.ujed.mx\/web\/wp-json\/wp\/v2\/pages"}],"about":[{"href":"http:\/\/forestales.ujed.mx\/web\/wp-json\/wp\/v2\/types\/page"}],"author":[{"embeddable":true,"href":"http:\/\/forestales.ujed.mx\/web\/wp-json\/wp\/v2\/users\/2"}],"replies":[{"embeddable":true,"href":"http:\/\/forestales.ujed.mx\/web\/wp-json\/wp\/v2\/comments?post=873"}],"version-history":[{"count":17,"href":"http:\/\/forestales.ujed.mx\/web\/wp-json\/wp\/v2\/pages\/873\/revisions"}],"predecessor-version":[{"id":2484,"href":"http:\/\/forestales.ujed.mx\/web\/wp-json\/wp\/v2\/pages\/873\/revisions\/2484"}],"wp:attachment":[{"href":"http:\/\/forestales.ujed.mx\/web\/wp-json\/wp\/v2\/media?parent=873"}],"curies":[{"name":"wp","href":"https:\/\/api.w.org\/{rel}","templated":true}]}}