{"id":875,"date":"2024-08-22T02:37:53","date_gmt":"2024-08-22T02:37:53","guid":{"rendered":"http:\/\/forestales.ujed.mx\/web\/?page_id=875"},"modified":"2025-02-04T20:28:19","modified_gmt":"2025-02-04T20:28:19","slug":"directorio","status":"publish","type":"page","link":"http:\/\/forestales.ujed.mx\/web\/directorio\/","title":{"rendered":"Directorio"},"content":{"rendered":"\n<p class=\"has-text-align-center has-text-color has-link-color has-x-large-font-size wp-elements-313d33507485f54a59351360804dec6f\" style=\"color:#003d57\"><strong>Directorio<\/strong><\/p>\n\n\n\n<figure data-wp-context=\"{&quot;imageId&quot;:&quot;69e1f9811a162&quot;}\" data-wp-interactive=\"core\/image\" data-wp-key=\"69e1f9811a162\" class=\"wp-block-image aligncenter size-large is-resized wp-lightbox-container\"><img loading=\"lazy\" decoding=\"async\" width=\"1024\" height=\"132\" data-wp-class--hide=\"state.isContentHidden\" data-wp-class--show=\"state.isContentVisible\" data-wp-init=\"callbacks.setButtonStyles\" data-wp-on--click=\"actions.showLightbox\" data-wp-on--load=\"callbacks.setButtonStyles\" data-wp-on-window--resize=\"callbacks.setButtonStyles\" src=\"http:\/\/forestales.ujed.mx\/web\/wp-content\/uploads\/2024\/08\/Diseno-sin-titulo-1-1024x132.png\" alt=\"\" class=\"wp-image-1477\" style=\"width:716px;height:auto\" srcset=\"http:\/\/forestales.ujed.mx\/web\/wp-content\/uploads\/2024\/08\/Diseno-sin-titulo-1-1024x132.png 1024w, http:\/\/forestales.ujed.mx\/web\/wp-content\/uploads\/2024\/08\/Diseno-sin-titulo-1-300x39.png 300w, http:\/\/forestales.ujed.mx\/web\/wp-content\/uploads\/2024\/08\/Diseno-sin-titulo-1-768x99.png 768w, http:\/\/forestales.ujed.mx\/web\/wp-content\/uploads\/2024\/08\/Diseno-sin-titulo-1.png 1080w\" sizes=\"auto, (max-width: 1024px) 100vw, 1024px\" \/><button\n\t\t\tclass=\"lightbox-trigger\"\n\t\t\ttype=\"button\"\n\t\t\taria-haspopup=\"dialog\"\n\t\t\taria-label=\"Agrandar\"\n\t\t\tdata-wp-init=\"callbacks.initTriggerButton\"\n\t\t\tdata-wp-on--click=\"actions.showLightbox\"\n\t\t\tdata-wp-style--right=\"state.imageButtonRight\"\n\t\t\tdata-wp-style--top=\"state.imageButtonTop\"\n\t\t>\n\t\t\t<svg xmlns=\"http:\/\/www.w3.org\/2000\/svg\" width=\"12\" height=\"12\" fill=\"none\" viewBox=\"0 0 12 12\">\n\t\t\t\t<path fill=\"#fff\" d=\"M2 0a2 2 0 0 0-2 2v2h1.5V2a.5.5 0 0 1 .5-.5h2V0H2Zm2 10.5H2a.5.5 0 0 1-.5-.5V8H0v2a2 2 0 0 0 2 2h2v-1.5ZM8 12v-1.5h2a.5.5 0 0 0 .5-.5V8H12v2a2 2 0 0 1-2 2H8Zm2-12a2 2 0 0 1 2 2v2h-1.5V2a.5.5 0 0 0-.5-.5H8V0h2Z\" \/>\n\t\t\t<\/svg>\n\t\t<\/button><\/figure>\n\n\n\n<div class=\"wp-block-group is-layout-constrained wp-block-group-is-layout-constrained\">\n<figure class=\"wp-block-table aligncenter\"><table class=\"has-text-color has-link-color has-fixed-layout\" style=\"color:#003d57;border-style:none;border-width:0px\"><tbody><tr><td class=\"has-text-align-center\" data-align=\"center\"><img loading=\"lazy\" decoding=\"async\" width=\"150\" height=\"150\" class=\"wp-image-1471\" style=\"width: 150px;\" src=\"http:\/\/forestales.ujed.mx\/web\/wp-content\/uploads\/2024\/08\/417405723_122109250880207066_4887880581138899940_n-modified.png\" alt=\"\" srcset=\"http:\/\/forestales.ujed.mx\/web\/wp-content\/uploads\/2024\/08\/417405723_122109250880207066_4887880581138899940_n-modified.png 709w, http:\/\/forestales.ujed.mx\/web\/wp-content\/uploads\/2024\/08\/417405723_122109250880207066_4887880581138899940_n-modified-300x300.png 300w, http:\/\/forestales.ujed.mx\/web\/wp-content\/uploads\/2024\/08\/417405723_122109250880207066_4887880581138899940_n-modified-150x150.png 150w\" sizes=\"auto, (max-width: 150px) 100vw, 150px\" \/><\/td><td class=\"has-text-align-center\" data-align=\"center\"><br><br>Dr. Jos\u00e9 Javier Corral Rivas<br><br><em>Director<\/em><br><a href=\"mailto:jcorral@ujed.mx\" target=\"_blank\" rel=\"noreferrer noopener nofollow\">jcorral@ujed.mx<\/a><br><br><br><br><br><\/td><\/tr><tr><td class=\"has-text-align-center\" data-align=\"center\"><img loading=\"lazy\" decoding=\"async\" width=\"150\" height=\"150\" class=\"wp-image-1785\" style=\"width: 150px;\" src=\"http:\/\/forestales.ujed.mx\/web\/wp-content\/uploads\/2024\/09\/image.png\" alt=\"\" srcset=\"http:\/\/forestales.ujed.mx\/web\/wp-content\/uploads\/2024\/09\/image.png 1477w, http:\/\/forestales.ujed.mx\/web\/wp-content\/uploads\/2024\/09\/image-300x300.png 300w, http:\/\/forestales.ujed.mx\/web\/wp-content\/uploads\/2024\/09\/image-1024x1024.png 1024w, http:\/\/forestales.ujed.mx\/web\/wp-content\/uploads\/2024\/09\/image-150x150.png 150w, http:\/\/forestales.ujed.mx\/web\/wp-content\/uploads\/2024\/09\/image-768x768.png 768w\" sizes=\"auto, (max-width: 150px) 100vw, 150px\" \/><\/td><td class=\"has-text-align-center\" data-align=\"center\"><br><br>M.C. Ram\u00f3n Ortiz Carrasco<br><br><em>Secretario Acad\u00e9mico<\/em><br><a href=\"mailto:ramon.ortiz@ujed.mx\">ramon.ortiz@ujed.mx<\/a><br><br><br><br><br><\/td><\/tr><tr><td class=\"has-text-align-center\" data-align=\"center\"><img loading=\"lazy\" decoding=\"async\" width=\"150\" height=\"150\" class=\"wp-image-1526\" style=\"width: 150px;\" src=\"http:\/\/forestales.ujed.mx\/web\/wp-content\/uploads\/2024\/08\/WhatsApp-Image-2024-08-29-at-10.53.44-AM-modified.png\" alt=\"\" srcset=\"http:\/\/forestales.ujed.mx\/web\/wp-content\/uploads\/2024\/08\/WhatsApp-Image-2024-08-29-at-10.53.44-AM-modified.png 672w, http:\/\/forestales.ujed.mx\/web\/wp-content\/uploads\/2024\/08\/WhatsApp-Image-2024-08-29-at-10.53.44-AM-modified-300x300.png 300w, http:\/\/forestales.ujed.mx\/web\/wp-content\/uploads\/2024\/08\/WhatsApp-Image-2024-08-29-at-10.53.44-AM-modified-150x150.png 150w\" sizes=\"auto, (max-width: 150px) 100vw, 150px\" \/><\/td><td class=\"has-text-align-center\" data-align=\"center\"><br><br>M.C. Jos\u00e9 Carmelo L\u00f3pez Mel\u00e9ndez<br><em><br>Secretario Administrativo<\/em><br><a href=\"mailto:jose.lopez@ujed.mx\">jose.lopez@ujed.mx<\/a><br><br><br><br><br><\/td><\/tr><tr><td class=\"has-text-align-center\" data-align=\"center\"><img loading=\"lazy\" decoding=\"async\" width=\"150\" height=\"150\" class=\"wp-image-1641\" style=\"width: 150px;\" src=\"http:\/\/forestales.ujed.mx\/web\/wp-content\/uploads\/2024\/08\/90bfbdc8-e6e1-4df2-8f0c-81f4c4061816-modified.png\" alt=\"\" srcset=\"http:\/\/forestales.ujed.mx\/web\/wp-content\/uploads\/2024\/08\/90bfbdc8-e6e1-4df2-8f0c-81f4c4061816-modified.png 720w, http:\/\/forestales.ujed.mx\/web\/wp-content\/uploads\/2024\/08\/90bfbdc8-e6e1-4df2-8f0c-81f4c4061816-modified-300x300.png 300w, http:\/\/forestales.ujed.mx\/web\/wp-content\/uploads\/2024\/08\/90bfbdc8-e6e1-4df2-8f0c-81f4c4061816-modified-150x150.png 150w\" sizes=\"auto, (max-width: 150px) 100vw, 150px\" \/><\/td><td class=\"has-text-align-center\" data-align=\"center\"><br><br>Dra. Sandra Iliana Torres Herrera<br><em><br>Jefa de la Divisi\u00f3n de Posgrado e Investigaci\u00f3n<\/em><br><a href=\"mailto:sandra.torres@ujed.mx\">sandra.torres@ujed.mx<\/a><br><br><br><br><br><\/td><\/tr><\/tbody><\/table><\/figure>\n<\/div>\n\n\n\n<p><\/p>\n","protected":false},"excerpt":{"rendered":"<p>Directorio Dr. Jos\u00e9 Javier Corral Rivas Directorjcorral@ujed.mx M.C. Ram\u00f3n Ortiz Carrasco Secretario Acad\u00e9micoramon.ortiz@ujed.mx M.C. Jos\u00e9 Carmelo L\u00f3pez Mel\u00e9ndezSecretario Administrativojose.lopez@ujed.mx Dra. Sandra Iliana Torres HerreraJefa de la Divisi\u00f3n de Posgrado e Investigaci\u00f3nsandra.torres@ujed.mx<\/p>\n","protected":false},"author":2,"featured_media":0,"parent":0,"menu_order":0,"comment_status":"closed","ping_status":"closed","template":"","meta":{"footnotes":""},"class_list":["post-875","page","type-page","status-publish","hentry"],"_links":{"self":[{"href":"http:\/\/forestales.ujed.mx\/web\/wp-json\/wp\/v2\/pages\/875","targetHints":{"allow":["GET"]}}],"collection":[{"href":"http:\/\/forestales.ujed.mx\/web\/wp-json\/wp\/v2\/pages"}],"about":[{"href":"http:\/\/forestales.ujed.mx\/web\/wp-json\/wp\/v2\/types\/page"}],"author":[{"embeddable":true,"href":"http:\/\/forestales.ujed.mx\/web\/wp-json\/wp\/v2\/users\/2"}],"replies":[{"embeddable":true,"href":"http:\/\/forestales.ujed.mx\/web\/wp-json\/wp\/v2\/comments?post=875"}],"version-history":[{"count":12,"href":"http:\/\/forestales.ujed.mx\/web\/wp-json\/wp\/v2\/pages\/875\/revisions"}],"predecessor-version":[{"id":2048,"href":"http:\/\/forestales.ujed.mx\/web\/wp-json\/wp\/v2\/pages\/875\/revisions\/2048"}],"wp:attachment":[{"href":"http:\/\/forestales.ujed.mx\/web\/wp-json\/wp\/v2\/media?parent=875"}],"curies":[{"name":"wp","href":"https:\/\/api.w.org\/{rel}","templated":true}]}}