{"id":16,"date":"2018-03-14T13:08:13","date_gmt":"2018-03-14T19:08:13","guid":{"rendered":"http:\/\/forestales.ujed.mx\/dicaf\/?page_id=16"},"modified":"2021-07-30T01:51:22","modified_gmt":"2021-07-30T07:51:22","slug":"lineas-de-generacion-y-o-aplicacion-del-conocimiento","status":"publish","type":"page","link":"https:\/\/forestales.ujed.mx\/dicaf\/lineas-de-generacion-y-o-aplicacion-del-conocimiento\/","title":{"rendered":"L\u00edneas de generaci\u00f3n y\/o aplicaci\u00f3n del conocimiento"},"content":{"rendered":"<p><strong>L\u00ednea 1: Manejo, aprovechamiento y conservaci\u00f3n de recursos naturales. <\/strong><\/p>\n<p>Ejemplos de proyectos afines a esta l\u00ednea:<\/p>\n<ul>\n<li>Aplicaciones de la Geom\u00e1tica al manejo y\u00a0 conservaci\u00f3n\u00a0 de los\u00a0 recursos forestales.<\/li>\n<li>Sistemas silv\u00edcolas,\u00a0 de manejo y planeaci\u00f3n forestal sustentable,<\/li>\n<li>Abastecimiento de materias primas a la industria forestal,<\/li>\n<li>Industrializaci\u00f3n de productos forestales maderables y no maderables,<\/li>\n<li>An\u00e1lisis econ\u00f3micos y\u00a0 de mercado\u00a0 de\u00a0 la\u00a0 actividad\u00a0 forestal,<\/li>\n<li>Biotecnolog\u00eda, gen\u00e9tica y plantaciones forestales.<\/li>\n<\/ul>\n<p><strong>\u00a0<\/strong><\/p>\n<p><strong>L\u00ednea 2. Producci\u00f3n animal sustentable.<\/strong><\/p>\n<p>Ejemplos de proyectos afines a esta l\u00ednea:<\/p>\n<ul>\n<li>Evaluaci\u00f3n de alimentos consumidos por el ganado,<\/li>\n<li>Nutrici\u00f3n y manejo de ganado en agostadero y\/o confinamiento,<\/li>\n<li>Biotecnolog\u00eda y mejoramiento gen\u00e9tico del ganado,<\/li>\n<li>Manejo sustentable de fauna silvestre,<\/li>\n<li>An\u00e1lisis econ\u00f3micos y de mercado de la actividad ganadera.<\/li>\n<\/ul>\n<p><strong>\u00a0<\/strong><\/p>\n<p><strong>L\u00ednea 3. Agricultura sustentable<\/strong><\/p>\n<p>Ejemplos de proyectos afines a esta l\u00ednea:<\/p>\n<ul>\n<li>Manejo sustentable y uso eficiente del agua y del suelo,<\/li>\n<li>T\u00e9cnicas de cultivo con bajo impacto ambiental,<\/li>\n<li>Agricultura de zonas \u00e1ridas y semi\u00e1ridas,<\/li>\n<li>Manejo de pastizales y praderas,<\/li>\n<li>Biotecnolog\u00eda y mejoramiento gen\u00e9tico en agricultura,<\/li>\n<li>An\u00e1lisis econ\u00f3micos y de mercado de la agricultura.<\/li>\n<\/ul>\n","protected":false},"excerpt":{"rendered":"<p>L\u00ednea 1: Manejo, aprovechamiento y conservaci\u00f3n de recursos naturales. Ejemplos de proyectos afines a esta l\u00ednea: Aplicaciones de la Geom\u00e1tica al manejo y\u00a0 conservaci\u00f3n\u00a0 de los\u00a0 recursos forestales. Sistemas silv\u00edcolas,\u00a0 de manejo y planeaci\u00f3n forestal sustentable, Abastecimiento de materias primas <a href=\"https:\/\/forestales.ujed.mx\/dicaf\/lineas-de-generacion-y-o-aplicacion-del-conocimiento\/\" class=\"read-more\">Leer mas&#8230;<\/a><\/p>\n","protected":false},"author":1,"featured_media":0,"parent":0,"menu_order":0,"comment_status":"closed","ping_status":"closed","template":"","meta":[],"_links":{"self":[{"href":"https:\/\/forestales.ujed.mx\/dicaf\/wp-json\/wp\/v2\/pages\/16"}],"collection":[{"href":"https:\/\/forestales.ujed.mx\/dicaf\/wp-json\/wp\/v2\/pages"}],"about":[{"href":"https:\/\/forestales.ujed.mx\/dicaf\/wp-json\/wp\/v2\/types\/page"}],"author":[{"embeddable":true,"href":"https:\/\/forestales.ujed.mx\/dicaf\/wp-json\/wp\/v2\/users\/1"}],"replies":[{"embeddable":true,"href":"https:\/\/forestales.ujed.mx\/dicaf\/wp-json\/wp\/v2\/comments?post=16"}],"version-history":[{"count":3,"href":"https:\/\/forestales.ujed.mx\/dicaf\/wp-json\/wp\/v2\/pages\/16\/revisions"}],"predecessor-version":[{"id":553,"href":"https:\/\/forestales.ujed.mx\/dicaf\/wp-json\/wp\/v2\/pages\/16\/revisions\/553"}],"wp:attachment":[{"href":"https:\/\/forestales.ujed.mx\/dicaf\/wp-json\/wp\/v2\/media?parent=16"}],"curies":[{"name":"wp","href":"https:\/\/api.w.org\/{rel}","templated":true}]}}