{"id":28,"date":"2018-03-14T13:12:30","date_gmt":"2018-03-14T19:12:30","guid":{"rendered":"http:\/\/forestales.ujed.mx\/dicaf\/?page_id=28"},"modified":"2018-03-14T13:12:30","modified_gmt":"2018-03-14T19:12:30","slug":"requisitos-de-egreso","status":"publish","type":"page","link":"https:\/\/forestales.ujed.mx\/dicaf\/requisitos-de-egreso\/","title":{"rendered":"Requisitos de egreso"},"content":{"rendered":"<p>1. Haber cubierto la totalidad de los cr\u00e9ditos establecidos por el programa.<\/p>\n<p>2. Haber cumplido previamente con todos los requisitos administrativos, acad\u00e9micos y escolares de ingreso y permanencia.<\/p>\n<p>3. Aprobar examen de comprensi\u00f3n del idioma ingl\u00e9s (intermedio superior o 450 puntos en el TOEFL internacional, o el equivalente a trav\u00e9s de un examen institucional avalado por el CUAAL de la UJED).<\/p>\n<p>4. Obtener la aprobaci\u00f3n de su trabajo de tesis por parte de su comit\u00e9 doctoral y entregar los ejemplares respectivos que se le indiquen en la Coordinaci\u00f3n General del Programa.<\/p>\n<p>5. Presentar la aceptaci\u00f3n de por lo menos un art\u00edculo de investigaci\u00f3n en una revista indizada en el Journal Citation Report (JCR) o reconocida por el CONACYT, y desarrollado como parte de su trabajo de tesis doctoral.<\/p>\n<p>6. Haber realizado una estancia externa de actividades acad\u00e9micas de por lo menos un mes de duraci\u00f3n en alguna otra instituci\u00f3n de reconocida calidad a nivel nacional o internacional, con la obtenci\u00f3n correspondiente de los cr\u00e9ditos o comprobantes acad\u00e9micos.<\/p>\n<p>7. Haber cubierto los requisitos necesarios, y presentado y aprobado los ex\u00e1menes pre-doctorales escritos y oral.<\/p>\n<p>8. Defender su trabajo tesis ante el comit\u00e9 doctoral respectivo constituido como comit\u00e9 sinodal.<\/p>\n","protected":false},"excerpt":{"rendered":"<p>1. Haber cubierto la totalidad de los cr\u00e9ditos establecidos por el programa. 2. Haber cumplido previamente con todos los requisitos administrativos, acad\u00e9micos y escolares de ingreso y permanencia. 3. Aprobar examen de comprensi\u00f3n del idioma ingl\u00e9s (intermedio superior o 450 <a href=\"https:\/\/forestales.ujed.mx\/dicaf\/requisitos-de-egreso\/\" class=\"read-more\">Leer mas&#8230;<\/a><\/p>\n","protected":false},"author":1,"featured_media":0,"parent":0,"menu_order":0,"comment_status":"closed","ping_status":"closed","template":"","meta":[],"_links":{"self":[{"href":"https:\/\/forestales.ujed.mx\/dicaf\/wp-json\/wp\/v2\/pages\/28"}],"collection":[{"href":"https:\/\/forestales.ujed.mx\/dicaf\/wp-json\/wp\/v2\/pages"}],"about":[{"href":"https:\/\/forestales.ujed.mx\/dicaf\/wp-json\/wp\/v2\/types\/page"}],"author":[{"embeddable":true,"href":"https:\/\/forestales.ujed.mx\/dicaf\/wp-json\/wp\/v2\/users\/1"}],"replies":[{"embeddable":true,"href":"https:\/\/forestales.ujed.mx\/dicaf\/wp-json\/wp\/v2\/comments?post=28"}],"version-history":[{"count":1,"href":"https:\/\/forestales.ujed.mx\/dicaf\/wp-json\/wp\/v2\/pages\/28\/revisions"}],"predecessor-version":[{"id":29,"href":"https:\/\/forestales.ujed.mx\/dicaf\/wp-json\/wp\/v2\/pages\/28\/revisions\/29"}],"wp:attachment":[{"href":"https:\/\/forestales.ujed.mx\/dicaf\/wp-json\/wp\/v2\/media?parent=28"}],"curies":[{"name":"wp","href":"https:\/\/api.w.org\/{rel}","templated":true}]}}