{"id":30,"date":"2018-03-14T13:13:23","date_gmt":"2018-03-14T19:13:23","guid":{"rendered":"http:\/\/forestales.ujed.mx\/dicaf\/?page_id=30"},"modified":"2025-10-29T12:22:22","modified_gmt":"2025-10-29T18:22:22","slug":"requisitos-de-ingreso","status":"publish","type":"page","link":"https:\/\/forestales.ujed.mx\/dicaf\/requisitos-de-ingreso\/","title":{"rendered":"Requisitos de ingreso"},"content":{"rendered":"<p>Los aspirantes interesados en ingresar a este programa doctoral, en general, deben cumplir con los siguientes requisitos:<\/p>\n<ul>\n<li>Grado de \u00a0Maestr\u00eda \u00a0en \u00a0Ciencias:\u00a0 \u00a0Ciencias \u00a0Agr\u00edcolas,\u00a0 \u00a0Ciencia \u00a0Animal,\u00a0 \u00a0Ciencias\u00a0 \u00a0Forestales\u00a0\u00a0 o\u00a0 Maestria en Ciencias en otras areas, con experiencia comprobable mediante producci\u00f3n \u00a0cient\u00edfica o tecnol\u00f3gica \u00a0en las lineas de investigacion del PIDCAF.<\/li>\n<li>Curriculum Vitae con documentos probatorios afines a las lineas de investigacion del PIDCAF en los \u00faltimos cinco a\u00f1os.<\/li>\n<li>Promedio m\u00ednimo \u00a0de \u00a08.0 \u00a0(ocho \u00a0cero) \u00a0en \u00a0los \u00a0estudios\u00a0 \u00a0de \u00a0Maestr\u00eda,\u00a0 \u00a0anexar\u00a0 \u00a0certificado\u00a0 \u00a0de \u00a0estudios\u00a0 \u00a0con calificaciones \u00a0de las materias<\/li>\n<li>Comprensi\u00f3n del idioma ingl\u00e9s (m\u00ednimo 450 puntos TOEFL \u00a0ITP o minimo 76 puntos TOEFL IBT), \u00a0acreditado \u00a0mediante constancia con m\u00e1ximo dos a\u00f1os de antig\u00fcedad \u00a0(cualquier sede).<\/li>\n<li>EXANI-III (M\u00ednimo 1000 puntos), m\u00e1ximo dos a\u00f1os de antig\u00fcedad<\/li>\n<li>Dos cartas de recomendaci\u00f3n\u00a0\u00a0 de dos \u00a0investigadores \u00a0de trayectoria \u00a0reconocida, \u00a0una de ellas \u00a0emitida \u00a0por un miembro del N\u00facleo Acad\u00e9mico \u00a0B\u00e1sico que fungir\u00e1 como director, donde se avale la capacidad\u00a0 y disposici\u00f3n del candidato para realizar investigaci\u00f3n \u00a0(Formato DICAF).<\/li>\n<li>Anteproyecto de investigaci\u00f3n, \u00a0avalado por el director propuesto, y exponerlo \u00a0ante la Comisi\u00f3n de admisi\u00f3n.<\/li>\n<li>Carta compromiso\u00a0 \u00a0de \u00a0dedicaci\u00f3n\u00a0 \u00a0de \u00a0tiempo \u00a0exclusivo\u00a0\u00a0 al \u00a0doctorado\u00a0 \u00a0de \u00a0acuerdo\u00a0 \u00a0a \u00a0lo \u00a0especificado\u00a0 \u00a0en \u00a0la convocatoria y a la reglamentaci\u00f3n \u00a0del SECIHTI.<\/li>\n<li>Los aspirantes con estudios en el extranjero, deben apegarse a lo establecido en el plan de estudios del PIDCAF y adicionalmente deber\u00e1n incluir:\n<ul>\n<li>Los documentos oficiales (titulo y certificado de estudios con calificaciones) que se encuentren en idioma diferente al espa\u00f1ol se requiere la traducci\u00f3n legalizada (apostilla) de los documentos por el consulado de M\u00e9xico en es su pa\u00eds de origen.<\/li>\n<\/ul>\n<\/li>\n<\/ul>\n","protected":false},"excerpt":{"rendered":"<p>Los aspirantes interesados en ingresar a este programa doctoral, en general, deben cumplir con los siguientes requisitos: Grado de \u00a0Maestr\u00eda \u00a0en \u00a0Ciencias:\u00a0 \u00a0Ciencias \u00a0Agr\u00edcolas,\u00a0 \u00a0Ciencia \u00a0Animal,\u00a0 \u00a0Ciencias\u00a0 \u00a0Forestales\u00a0\u00a0 o\u00a0 Maestria en Ciencias en otras areas, con experiencia comprobable mediante producci\u00f3n <a href=\"https:\/\/forestales.ujed.mx\/dicaf\/requisitos-de-ingreso\/\" class=\"read-more\">Leer mas&#8230;<\/a><\/p>\n","protected":false},"author":1,"featured_media":0,"parent":0,"menu_order":0,"comment_status":"closed","ping_status":"closed","template":"","meta":[],"_links":{"self":[{"href":"https:\/\/forestales.ujed.mx\/dicaf\/wp-json\/wp\/v2\/pages\/30"}],"collection":[{"href":"https:\/\/forestales.ujed.mx\/dicaf\/wp-json\/wp\/v2\/pages"}],"about":[{"href":"https:\/\/forestales.ujed.mx\/dicaf\/wp-json\/wp\/v2\/types\/page"}],"author":[{"embeddable":true,"href":"https:\/\/forestales.ujed.mx\/dicaf\/wp-json\/wp\/v2\/users\/1"}],"replies":[{"embeddable":true,"href":"https:\/\/forestales.ujed.mx\/dicaf\/wp-json\/wp\/v2\/comments?post=30"}],"version-history":[{"count":3,"href":"https:\/\/forestales.ujed.mx\/dicaf\/wp-json\/wp\/v2\/pages\/30\/revisions"}],"predecessor-version":[{"id":713,"href":"https:\/\/forestales.ujed.mx\/dicaf\/wp-json\/wp\/v2\/pages\/30\/revisions\/713"}],"wp:attachment":[{"href":"https:\/\/forestales.ujed.mx\/dicaf\/wp-json\/wp\/v2\/media?parent=30"}],"curies":[{"name":"wp","href":"https:\/\/api.w.org\/{rel}","templated":true}]}}