{"id":32,"date":"2018-03-14T13:13:57","date_gmt":"2018-03-14T19:13:57","guid":{"rendered":"http:\/\/forestales.ujed.mx\/dicaf\/?page_id=32"},"modified":"2025-10-29T12:59:02","modified_gmt":"2025-10-29T18:59:02","slug":"vinculacion","status":"publish","type":"page","link":"https:\/\/forestales.ujed.mx\/dicaf\/vinculacion\/","title":{"rendered":"Vinculaci\u00f3n y Retribuci\u00f3n Social"},"content":{"rendered":"<p><span style=\"color: #3366ff;\">Vinculaci\u00f3n y retribuci\u00f3n social<\/span><\/p>\n<p>El Programa de Doctorado en Ciencias Agropecuarias y Forestales (PIDCAF) de la Universidad Ju\u00e1rez del Estado de Durango promueve la vinculaci\u00f3n con los sectores productivo, social y gubernamental, as\u00ed como la retribuci\u00f3n social como parte integral de la formaci\u00f3n doctoral. El prop\u00f3sito es que el conocimiento generado por nuestros estudiantes contribuya efectivamente a la soluci\u00f3n de problemas del sector agropecuario y forestal de M\u00e9xico, fortaleciendo el desarrollo sustentable, la gesti\u00f3n ambiental y el bienestar de las comunidades rurales.<\/p>\n<p><span style=\"color: #3366ff;\">Vinculaci\u00f3n con otros sectores<\/span><\/p>\n<p>Gran parte de los estudiantes desarrollan sus proyectos de investigaci\u00f3n, para la obtenci\u00f3n de su tesis en sitios o \u00e1reas de productores (viveros, establos, campos agr\u00edcolas, predios forestales, predios ganaderos, etc.), donde tambi\u00e9n participan despachos t\u00e9cnicos e instituciones de gobierno estatal o federal enfocados en la soluci\u00f3n de problem\u00e1ticas regionales. Asimismo, mediante la colaboraci\u00f3n de profesores y alumnos, existe un involucramiento activo en proyectos conjuntos con instituciones como la Comisi\u00f3n Nacional Forestal (CONAFOR), Secretar\u00eda de Agricultura y Desarrollo Rural (SADER), Instituto Nacional de Investigaciones Forestales, Agr\u00edcolas y Pecuarias (INIFAP), entre otras. A nivel internacional, los estudiantes han realizado estancias acad\u00e9micas en universidades de Brasil, Chile, Espa\u00f1a, Alemania y Estados Unidos, fortaleciendo su formaci\u00f3n cient\u00edfica y sus redes de colaboraci\u00f3n.<\/p>\n<p><span style=\"color: #3366ff;\">Retribuci\u00f3n social<\/span><\/p>\n<p>Como parte de su compromiso institucional, el PIDCAF impulsa actividades de retribuci\u00f3n social en las que los estudiantes aplican sus conocimientos y capacidades en beneficio de comunidades y ejidos, mediante talleres, asesor\u00edas t\u00e9cnicas, proyectos de conservaci\u00f3n, restauraci\u00f3n ecol\u00f3gica, educaci\u00f3n ambiental y transferencia tecnol\u00f3gica. Estas actividades permiten a los estudiantes participar directamente en la transformaci\u00f3n de su entorno, promoviendo la responsabilidad social universitaria<\/p>\n<p><span style=\"color: #3366ff;\">Actividades de retribuci\u00f3n<\/span><\/p>\n<p>A continuaci\u00f3n, se muestran las actividades de vinculaci\u00f3n y retribuci\u00f3n social realizadas por nuestros estudiantes.<\/p>\n","protected":false},"excerpt":{"rendered":"<p>Vinculaci\u00f3n y retribuci\u00f3n social El Programa de Doctorado en Ciencias Agropecuarias y Forestales (PIDCAF) de la Universidad Ju\u00e1rez del Estado de Durango promueve la vinculaci\u00f3n con los sectores productivo, social y gubernamental, as\u00ed como la retribuci\u00f3n social como parte integral <a href=\"https:\/\/forestales.ujed.mx\/dicaf\/vinculacion\/\" class=\"read-more\">Leer mas&#8230;<\/a><\/p>\n","protected":false},"author":1,"featured_media":0,"parent":0,"menu_order":0,"comment_status":"closed","ping_status":"closed","template":"","meta":[],"_links":{"self":[{"href":"https:\/\/forestales.ujed.mx\/dicaf\/wp-json\/wp\/v2\/pages\/32"}],"collection":[{"href":"https:\/\/forestales.ujed.mx\/dicaf\/wp-json\/wp\/v2\/pages"}],"about":[{"href":"https:\/\/forestales.ujed.mx\/dicaf\/wp-json\/wp\/v2\/types\/page"}],"author":[{"embeddable":true,"href":"https:\/\/forestales.ujed.mx\/dicaf\/wp-json\/wp\/v2\/users\/1"}],"replies":[{"embeddable":true,"href":"https:\/\/forestales.ujed.mx\/dicaf\/wp-json\/wp\/v2\/comments?post=32"}],"version-history":[{"count":4,"href":"https:\/\/forestales.ujed.mx\/dicaf\/wp-json\/wp\/v2\/pages\/32\/revisions"}],"predecessor-version":[{"id":724,"href":"https:\/\/forestales.ujed.mx\/dicaf\/wp-json\/wp\/v2\/pages\/32\/revisions\/724"}],"wp:attachment":[{"href":"https:\/\/forestales.ujed.mx\/dicaf\/wp-json\/wp\/v2\/media?parent=32"}],"curies":[{"name":"wp","href":"https:\/\/api.w.org\/{rel}","templated":true}]}}