{"id":2095,"date":"2025-04-25T01:43:46","date_gmt":"2025-04-25T01:43:46","guid":{"rendered":"https:\/\/forestales.ujed.mx\/web\/?page_id=2095"},"modified":"2025-04-25T02:18:44","modified_gmt":"2025-04-25T02:18:44","slug":"ing-forestal","status":"publish","type":"page","link":"https:\/\/forestales.ujed.mx\/web\/ing-forestal\/","title":{"rendered":"Ing. forestal"},"content":{"rendered":"\n<div class=\"wp-block-group is-layout-constrained wp-block-group-is-layout-constrained\">\n<figure class=\"wp-block-video\"><video height=\"736\" style=\"aspect-ratio: 1280 \/ 736;\" width=\"1280\" controls src=\"https:\/\/forestales.ujed.mx\/web\/wp-content\/uploads\/2025\/04\/Alvaro-Soto-3.mp4\"><\/video><\/figure>\n\n\n\n<p><\/p>\n\n\n\n<p class=\"has-text-align-center\">Ing. Alvaro Soto Alvarado <\/p>\n\n\n\n<p class=\"has-text-align-center\">Egresado de Ingenier\u00eda Forestal<\/p>\n\n\n\n<p><\/p>\n\n\n\n<figure class=\"wp-block-video\"><video height=\"736\" style=\"aspect-ratio: 1280 \/ 736;\" width=\"1280\" controls src=\"https:\/\/forestales.ujed.mx\/web\/wp-content\/uploads\/2025\/04\/Gerardo.mp4\"><\/video><\/figure>\n\n\n\n<p class=\"has-text-align-center\">Ing. Gerardo Salazar<\/p>\n\n\n\n<p class=\"has-text-align-center\">Egresado de Ingenier\u00eda Forestal<\/p>\n\n\n\n<figure class=\"wp-block-video\"><video height=\"480\" style=\"aspect-ratio: 848 \/ 480;\" width=\"848\" controls src=\"https:\/\/forestales.ujed.mx\/web\/wp-content\/uploads\/2025\/04\/Edwin-1.mp4\"><\/video><\/figure>\n\n\n\n<p class=\"has-text-align-center\">Ing. Edwin Giovani Res\u00e9ndiz Nev\u00e1rez<\/p>\n\n\n\n<p class=\"has-text-align-center\">Egresado de Ingenier\u00eda Forestal<\/p>\n<\/div>\n\n\n\n<p><\/p>\n","protected":false},"excerpt":{"rendered":"<p>Ing. Alvaro Soto Alvarado Egresado de Ingenier\u00eda Forestal Ing. Gerardo Salazar Egresado de Ingenier\u00eda Forestal Ing. Edwin Giovani Res\u00e9ndiz Nev\u00e1rez Egresado de Ingenier\u00eda Forestal<\/p>\n","protected":false},"author":2,"featured_media":0,"parent":0,"menu_order":0,"comment_status":"closed","ping_status":"closed","template":"","meta":{"footnotes":""},"class_list":["post-2095","page","type-page","status-publish","hentry"],"_links":{"self":[{"href":"https:\/\/forestales.ujed.mx\/web\/wp-json\/wp\/v2\/pages\/2095","targetHints":{"allow":["GET"]}}],"collection":[{"href":"https:\/\/forestales.ujed.mx\/web\/wp-json\/wp\/v2\/pages"}],"about":[{"href":"https:\/\/forestales.ujed.mx\/web\/wp-json\/wp\/v2\/types\/page"}],"author":[{"embeddable":true,"href":"https:\/\/forestales.ujed.mx\/web\/wp-json\/wp\/v2\/users\/2"}],"replies":[{"embeddable":true,"href":"https:\/\/forestales.ujed.mx\/web\/wp-json\/wp\/v2\/comments?post=2095"}],"version-history":[{"count":10,"href":"https:\/\/forestales.ujed.mx\/web\/wp-json\/wp\/v2\/pages\/2095\/revisions"}],"predecessor-version":[{"id":2122,"href":"https:\/\/forestales.ujed.mx\/web\/wp-json\/wp\/v2\/pages\/2095\/revisions\/2122"}],"wp:attachment":[{"href":"https:\/\/forestales.ujed.mx\/web\/wp-json\/wp\/v2\/media?parent=2095"}],"curies":[{"name":"wp","href":"https:\/\/api.w.org\/{rel}","templated":true}]}}