{"id":2098,"date":"2025-04-25T01:45:27","date_gmt":"2025-04-25T01:45:27","guid":{"rendered":"https:\/\/forestales.ujed.mx\/web\/?page_id=2098"},"modified":"2025-04-25T02:47:07","modified_gmt":"2025-04-25T02:47:07","slug":"ing-ambiental","status":"publish","type":"page","link":"https:\/\/forestales.ujed.mx\/web\/ing-ambiental\/","title":{"rendered":"Ing Ambiental"},"content":{"rendered":"\n<div class=\"wp-block-group is-layout-constrained wp-block-group-is-layout-constrained\">\n<figure class=\"wp-block-video\"><video height=\"720\" style=\"aspect-ratio: 1280 \/ 720;\" width=\"1280\" controls src=\"https:\/\/forestales.ujed.mx\/web\/wp-content\/uploads\/2025\/04\/mina-12.mp4\"><\/video><\/figure>\n\n\n\n<p class=\"has-text-align-center\">Ing. Manuel Hern\u00e1ndez \u00c1vila<\/p>\n\n\n\n<p class=\"has-text-align-center\">Egresado de Ingenier\u00eda en Manejo Ambiental<\/p>\n<\/div>\n\n\n\n<p><\/p>\n\n\n\n<p><\/p>\n\n\n\n<div class=\"wp-block-group is-layout-constrained wp-block-group-is-layout-constrained\">\n<figure class=\"wp-block-video aligncenter\"><video height=\"1312\" style=\"aspect-ratio: 736 \/ 1312;\" width=\"736\" controls src=\"https:\/\/forestales.ujed.mx\/web\/wp-content\/uploads\/2025\/04\/Hazael-1.mp4\"><\/video><\/figure>\n\n\n\n<p class=\"has-text-align-center\">Ing. Jorge Hazael Escobedo V\u00e1zquez<\/p>\n\n\n\n<p class=\"has-text-align-center\">Egresado de Ingenier\u00eda en Manejo Ambiental<\/p>\n<\/div>\n\n\n\n<p><\/p>\n","protected":false},"excerpt":{"rendered":"<p>Ing. Manuel Hern\u00e1ndez \u00c1vila Egresado de Ingenier\u00eda en Manejo Ambiental Ing. Jorge Hazael Escobedo V\u00e1zquez Egresado de Ingenier\u00eda en Manejo Ambiental<\/p>\n","protected":false},"author":2,"featured_media":0,"parent":0,"menu_order":0,"comment_status":"closed","ping_status":"closed","template":"","meta":{"footnotes":""},"class_list":["post-2098","page","type-page","status-publish","hentry"],"_links":{"self":[{"href":"https:\/\/forestales.ujed.mx\/web\/wp-json\/wp\/v2\/pages\/2098","targetHints":{"allow":["GET"]}}],"collection":[{"href":"https:\/\/forestales.ujed.mx\/web\/wp-json\/wp\/v2\/pages"}],"about":[{"href":"https:\/\/forestales.ujed.mx\/web\/wp-json\/wp\/v2\/types\/page"}],"author":[{"embeddable":true,"href":"https:\/\/forestales.ujed.mx\/web\/wp-json\/wp\/v2\/users\/2"}],"replies":[{"embeddable":true,"href":"https:\/\/forestales.ujed.mx\/web\/wp-json\/wp\/v2\/comments?post=2098"}],"version-history":[{"count":5,"href":"https:\/\/forestales.ujed.mx\/web\/wp-json\/wp\/v2\/pages\/2098\/revisions"}],"predecessor-version":[{"id":2143,"href":"https:\/\/forestales.ujed.mx\/web\/wp-json\/wp\/v2\/pages\/2098\/revisions\/2143"}],"wp:attachment":[{"href":"https:\/\/forestales.ujed.mx\/web\/wp-json\/wp\/v2\/media?parent=2098"}],"curies":[{"name":"wp","href":"https:\/\/api.w.org\/{rel}","templated":true}]}}