{"id":854,"date":"2024-08-21T20:23:53","date_gmt":"2024-08-21T20:23:53","guid":{"rendered":"http:\/\/forestales.ujed.mx\/web\/?page_id=854"},"modified":"2024-08-29T05:37:40","modified_gmt":"2024-08-29T05:37:40","slug":"seguimiento-de-egresados","status":"publish","type":"page","link":"https:\/\/forestales.ujed.mx\/web\/seguimiento-de-egresados\/","title":{"rendered":"Seguimiento de egresados"},"content":{"rendered":"\n<p><\/p>\n\n\n\n<div class=\"wp-block-group is-layout-constrained wp-block-group-is-layout-constrained\">\n<h2 class=\"wp-block-heading has-text-align-center has-text-color has-link-color has-x-large-font-size wp-elements-28f2462b3519f8a2366caa17a99985f7\" style=\"color:#003d57\"><strong>Egresados<\/strong><\/h2>\n\n\n\n<p class=\"has-big-font-size\">La Coordinaci\u00f3n de Seguimiento de Egresados de la Facultad de Ciencias Forestales tiene como objetivo obtener informaci\u00f3n v\u00e1lida, confiable y oportuna sobre la inserci\u00f3n laboral y la trayectoria profesional de los egresados, con la finalidad de valorar el grado de impacto de la Universidad en el sector productivo y social.<\/p>\n\n\n\n<h3 class=\"wp-block-heading has-text-color has-link-color has-large-font-size wp-elements-8d44d2b508a4f2cbe8d0d815466bced0\" style=\"color:#003d57\">Visi\u00f3n<\/h3>\n\n\n\n<p class=\"has-big-font-size\">La Coordinaci\u00f3n de Seguimiento de Egresados es la instancia encargada de estrechar la vinculaci\u00f3n entre la Universidad y aquellos que se formaron en sus aulas.<\/p>\n\n\n\n<h3 class=\"wp-block-heading has-text-color has-link-color has-large-font-size wp-elements-a01f5bbb9643daab1c7f1ba6046941e6\" style=\"color:#003d57\">Misi\u00f3n<\/h3>\n\n\n\n<p class=\"has-big-font-size\">Su misi\u00f3n es fortalecer la vinculaci\u00f3n de la Facultad con sus Egresados y Ex alumnos, as\u00ed como establecer acuerdos de apoyo mutuo con empresas y organismos que conforman los diferentes sectores de nuestra sociedad, en los cuales, se desarrollan profesionalmente los universitarios.<\/p>\n<\/div>\n\n\n\n<figure data-wp-context=\"{&quot;imageId&quot;:&quot;69dca6857e0c9&quot;}\" data-wp-interactive=\"core\/image\" data-wp-key=\"69dca6857e0c9\" class=\"wp-block-image aligncenter size-full wp-lightbox-container\"><img loading=\"lazy\" decoding=\"async\" width=\"800\" height=\"273\" data-wp-class--hide=\"state.isContentHidden\" data-wp-class--show=\"state.isContentVisible\" data-wp-init=\"callbacks.setButtonStyles\" data-wp-on--click=\"actions.showLightbox\" data-wp-on--load=\"callbacks.setButtonStyles\" data-wp-on-window--resize=\"callbacks.setButtonStyles\" src=\"http:\/\/forestales.ujed.mx\/web\/wp-content\/uploads\/2024\/08\/vinculacion_egresados_1-1.png\" alt=\"\" class=\"wp-image-1042\" srcset=\"https:\/\/forestales.ujed.mx\/web\/wp-content\/uploads\/2024\/08\/vinculacion_egresados_1-1.png 800w, https:\/\/forestales.ujed.mx\/web\/wp-content\/uploads\/2024\/08\/vinculacion_egresados_1-1-300x102.png 300w, https:\/\/forestales.ujed.mx\/web\/wp-content\/uploads\/2024\/08\/vinculacion_egresados_1-1-768x262.png 768w\" sizes=\"auto, (max-width: 800px) 100vw, 800px\" \/><button\n\t\t\tclass=\"lightbox-trigger\"\n\t\t\ttype=\"button\"\n\t\t\taria-haspopup=\"dialog\"\n\t\t\taria-label=\"Agrandar\"\n\t\t\tdata-wp-init=\"callbacks.initTriggerButton\"\n\t\t\tdata-wp-on--click=\"actions.showLightbox\"\n\t\t\tdata-wp-style--right=\"state.imageButtonRight\"\n\t\t\tdata-wp-style--top=\"state.imageButtonTop\"\n\t\t>\n\t\t\t<svg xmlns=\"http:\/\/www.w3.org\/2000\/svg\" width=\"12\" height=\"12\" fill=\"none\" viewBox=\"0 0 12 12\">\n\t\t\t\t<path fill=\"#fff\" d=\"M2 0a2 2 0 0 0-2 2v2h1.5V2a.5.5 0 0 1 .5-.5h2V0H2Zm2 10.5H2a.5.5 0 0 1-.5-.5V8H0v2a2 2 0 0 0 2 2h2v-1.5ZM8 12v-1.5h2a.5.5 0 0 0 .5-.5V8H12v2a2 2 0 0 1-2 2H8Zm2-12a2 2 0 0 1 2 2v2h-1.5V2a.5.5 0 0 0-.5-.5H8V0h2Z\" \/>\n\t\t\t<\/svg>\n\t\t<\/button><\/figure>\n\n\n\n<div class=\"wp-block-group is-layout-constrained wp-block-group-is-layout-constrained\">\n<h3 class=\"wp-block-heading has-text-color has-link-color has-large-font-size wp-elements-9eb203f03096a19a510a8fb9c8774a97\" style=\"color:#003d57\">Objetivos<\/h3>\n\n\n\n<p class=\"has-big-font-size\">1. Fomentar y mantener la vinculaci\u00f3n de la instituci\u00f3n con sus Egresados y Ex alumnos para la obtenci\u00f3n de beneficios conjuntos. <\/p>\n\n\n\n<p class=\"has-big-font-size\">\u00a0 2. Consolidar los lazos de uni\u00f3n con el Egresado para reforzar su pertenencia a la instituci\u00f3n y difundir en sus agrupaciones la importancia y trascendencia que tiene la Facultad a nivel nacional e internacional. \u00a0<\/p>\n\n\n\n<h3 class=\"wp-block-heading has-text-color has-link-color has-large-font-size wp-elements-0e2bd0569798ca087138ad6bc3e9ff1e\" style=\"color:#003d57\">Funciones<\/h3>\n\n\n\n<p class=\"has-big-font-size\">1. Llevar el registro general de los Egresados de la Facultad, en coordinaci\u00f3n con las entidades de la Red Universitaria. <\/p>\n\n\n\n<p class=\"has-big-font-size\">2. Coordinar la prestaci\u00f3n de apoyos y servicios institucionales a los Egresados, Ex alumnos y a sus asociaciones.<\/p>\n<\/div>\n\n\n\n<figure data-wp-context=\"{&quot;imageId&quot;:&quot;69dca6857e7e3&quot;}\" data-wp-interactive=\"core\/image\" data-wp-key=\"69dca6857e7e3\" class=\"wp-block-image aligncenter size-full wp-lightbox-container\"><img loading=\"lazy\" decoding=\"async\" width=\"800\" height=\"258\" data-wp-class--hide=\"state.isContentHidden\" data-wp-class--show=\"state.isContentVisible\" data-wp-init=\"callbacks.setButtonStyles\" data-wp-on--click=\"actions.showLightbox\" data-wp-on--load=\"callbacks.setButtonStyles\" data-wp-on-window--resize=\"callbacks.setButtonStyles\" src=\"http:\/\/forestales.ujed.mx\/web\/wp-content\/uploads\/2024\/08\/vinculacion_egresados_2.png\" alt=\"\" class=\"wp-image-1045\" srcset=\"https:\/\/forestales.ujed.mx\/web\/wp-content\/uploads\/2024\/08\/vinculacion_egresados_2.png 800w, https:\/\/forestales.ujed.mx\/web\/wp-content\/uploads\/2024\/08\/vinculacion_egresados_2-300x97.png 300w, https:\/\/forestales.ujed.mx\/web\/wp-content\/uploads\/2024\/08\/vinculacion_egresados_2-768x248.png 768w\" sizes=\"auto, (max-width: 800px) 100vw, 800px\" \/><button\n\t\t\tclass=\"lightbox-trigger\"\n\t\t\ttype=\"button\"\n\t\t\taria-haspopup=\"dialog\"\n\t\t\taria-label=\"Agrandar\"\n\t\t\tdata-wp-init=\"callbacks.initTriggerButton\"\n\t\t\tdata-wp-on--click=\"actions.showLightbox\"\n\t\t\tdata-wp-style--right=\"state.imageButtonRight\"\n\t\t\tdata-wp-style--top=\"state.imageButtonTop\"\n\t\t>\n\t\t\t<svg xmlns=\"http:\/\/www.w3.org\/2000\/svg\" width=\"12\" height=\"12\" fill=\"none\" viewBox=\"0 0 12 12\">\n\t\t\t\t<path fill=\"#fff\" d=\"M2 0a2 2 0 0 0-2 2v2h1.5V2a.5.5 0 0 1 .5-.5h2V0H2Zm2 10.5H2a.5.5 0 0 1-.5-.5V8H0v2a2 2 0 0 0 2 2h2v-1.5ZM8 12v-1.5h2a.5.5 0 0 0 .5-.5V8H12v2a2 2 0 0 1-2 2H8Zm2-12a2 2 0 0 1 2 2v2h-1.5V2a.5.5 0 0 0-.5-.5H8V0h2Z\" \/>\n\t\t\t<\/svg>\n\t\t<\/button><\/figure>\n\n\n\n<div class=\"wp-block-group is-layout-constrained wp-block-group-is-layout-constrained\">\n<p class=\"has-big-font-size\">Nos interesa conocer su opini\u00f3n sobre nuestro servicio. Por favor llene la siguiente\u00a0<img loading=\"lazy\" decoding=\"async\" width=\"30\" height=\"30\" class=\"wp-image-1435\" style=\"width: 30px;\" src=\"http:\/\/forestales.ujed.mx\/web\/wp-content\/uploads\/2024\/08\/descarga-1.png\" alt=\"\" srcset=\"https:\/\/forestales.ujed.mx\/web\/wp-content\/uploads\/2024\/08\/descarga-1.png 500w, https:\/\/forestales.ujed.mx\/web\/wp-content\/uploads\/2024\/08\/descarga-1-300x300.png 300w, https:\/\/forestales.ujed.mx\/web\/wp-content\/uploads\/2024\/08\/descarga-1-150x150.png 150w\" sizes=\"auto, (max-width: 30px) 100vw, 30px\" \/><a href=\"http:\/\/forestales.ujed.mx\/forestales\/es\/contenido\/xls\/Encuesta_vinculacion.xlsx\">encuesta<\/a>\u00a0y env\u00edela por correo elect\u00f3nico a la direcci\u00f3n de contacto.<\/p>\n\n\n\n<figure data-wp-context=\"{&quot;imageId&quot;:&quot;69dca6857ec62&quot;}\" data-wp-interactive=\"core\/image\" data-wp-key=\"69dca6857ec62\" class=\"wp-block-image size-large is-resized wp-lightbox-container\"><img loading=\"lazy\" decoding=\"async\" width=\"1024\" height=\"268\" data-wp-class--hide=\"state.isContentHidden\" data-wp-class--show=\"state.isContentVisible\" data-wp-init=\"callbacks.setButtonStyles\" data-wp-on--click=\"actions.showLightbox\" data-wp-on--load=\"callbacks.setButtonStyles\" data-wp-on-window--resize=\"callbacks.setButtonStyles\" src=\"http:\/\/forestales.ujed.mx\/web\/wp-content\/uploads\/2024\/08\/Flyer-regreso-a-clases-moderno-azul-y-verde-1-2-1024x268.png\" alt=\"\" class=\"wp-image-929\" style=\"width:195px;height:auto\" srcset=\"https:\/\/forestales.ujed.mx\/web\/wp-content\/uploads\/2024\/08\/Flyer-regreso-a-clases-moderno-azul-y-verde-1-2-1024x268.png 1024w, https:\/\/forestales.ujed.mx\/web\/wp-content\/uploads\/2024\/08\/Flyer-regreso-a-clases-moderno-azul-y-verde-1-2-300x79.png 300w, https:\/\/forestales.ujed.mx\/web\/wp-content\/uploads\/2024\/08\/Flyer-regreso-a-clases-moderno-azul-y-verde-1-2-768x201.png 768w, https:\/\/forestales.ujed.mx\/web\/wp-content\/uploads\/2024\/08\/Flyer-regreso-a-clases-moderno-azul-y-verde-1-2.png 1129w\" sizes=\"auto, (max-width: 1024px) 100vw, 1024px\" \/><button\n\t\t\tclass=\"lightbox-trigger\"\n\t\t\ttype=\"button\"\n\t\t\taria-haspopup=\"dialog\"\n\t\t\taria-label=\"Agrandar\"\n\t\t\tdata-wp-init=\"callbacks.initTriggerButton\"\n\t\t\tdata-wp-on--click=\"actions.showLightbox\"\n\t\t\tdata-wp-style--right=\"state.imageButtonRight\"\n\t\t\tdata-wp-style--top=\"state.imageButtonTop\"\n\t\t>\n\t\t\t<svg xmlns=\"http:\/\/www.w3.org\/2000\/svg\" width=\"12\" height=\"12\" fill=\"none\" viewBox=\"0 0 12 12\">\n\t\t\t\t<path fill=\"#fff\" d=\"M2 0a2 2 0 0 0-2 2v2h1.5V2a.5.5 0 0 1 .5-.5h2V0H2Zm2 10.5H2a.5.5 0 0 1-.5-.5V8H0v2a2 2 0 0 0 2 2h2v-1.5ZM8 12v-1.5h2a.5.5 0 0 0 .5-.5V8H12v2a2 2 0 0 1-2 2H8Zm2-12a2 2 0 0 1 2 2v2h-1.5V2a.5.5 0 0 0-.5-.5H8V0h2Z\" \/>\n\t\t\t<\/svg>\n\t\t<\/button><\/figure>\n<\/div>\n\n\n\n<div class=\"wp-block-group is-layout-constrained wp-block-group-is-layout-constrained\">\n<figure class=\"wp-block-table\"><table class=\"has-fixed-layout\" style=\"border-style:none;border-width:0px\"><tbody><tr><td class=\"has-text-align-center\" data-align=\"center\"><img loading=\"lazy\" decoding=\"async\" width=\"30\" height=\"30\" class=\"wp-image-1379\" style=\"width: 30px;\" src=\"http:\/\/forestales.ujed.mx\/web\/wp-content\/uploads\/2024\/08\/coordi.png\" alt=\"\" srcset=\"https:\/\/forestales.ujed.mx\/web\/wp-content\/uploads\/2024\/08\/coordi.png 500w, https:\/\/forestales.ujed.mx\/web\/wp-content\/uploads\/2024\/08\/coordi-300x300.png 300w, https:\/\/forestales.ujed.mx\/web\/wp-content\/uploads\/2024\/08\/coordi-150x150.png 150w\" sizes=\"auto, (max-width: 30px) 100vw, 30px\" \/>Coordinaci\u00f3n de Seguimiento de Egresados<\/td><td>M.E. Arturo Gamaliel Orozco Chavira<\/td><\/tr><tr><td class=\"has-text-align-center\" data-align=\"center\"><img loading=\"lazy\" decoding=\"async\" width=\"30\" height=\"30\" class=\"wp-image-1380\" style=\"width: 30px;\" src=\"http:\/\/forestales.ujed.mx\/web\/wp-content\/uploads\/2024\/08\/ubicacion.png\" alt=\"\" srcset=\"https:\/\/forestales.ujed.mx\/web\/wp-content\/uploads\/2024\/08\/ubicacion.png 500w, https:\/\/forestales.ujed.mx\/web\/wp-content\/uploads\/2024\/08\/ubicacion-300x300.png 300w, https:\/\/forestales.ujed.mx\/web\/wp-content\/uploads\/2024\/08\/ubicacion-150x150.png 150w\" sizes=\"auto, (max-width: 30px) 100vw, 30px\" \/>Ubicaci\u00f3n dentro de las instalaciones FCFA<\/td><td>Edificio D-02<\/td><\/tr><tr><td class=\"has-text-align-center\" data-align=\"center\"><img loading=\"lazy\" decoding=\"async\" width=\"30\" height=\"24\" class=\"wp-image-1269\" style=\"width: 30px;\" src=\"http:\/\/forestales.ujed.mx\/web\/wp-content\/uploads\/2024\/08\/correo.jpg\" alt=\"\" srcset=\"https:\/\/forestales.ujed.mx\/web\/wp-content\/uploads\/2024\/08\/correo.jpg 322w, https:\/\/forestales.ujed.mx\/web\/wp-content\/uploads\/2024\/08\/correo-300x238.jpg 300w\" sizes=\"auto, (max-width: 30px) 100vw, 30px\" \/>Correo electr\u00f3nico<\/td><td><a href=\"mailto:egresadosfcf@ujed.mx\">egresadosfcf@ujed.mx<\/a><\/td><\/tr><tr><td class=\"has-text-align-center\" data-align=\"center\"><\/td><td><\/td><\/tr><\/tbody><\/table><\/figure>\n<\/div>\n\n\n\n<p><\/p>\n","protected":false},"excerpt":{"rendered":"<p>Egresados La Coordinaci\u00f3n de Seguimiento de Egresados de la Facultad de Ciencias Forestales tiene como objetivo obtener informaci\u00f3n v\u00e1lida, confiable y oportuna sobre la inserci\u00f3n laboral y la trayectoria profesional de los egresados, con la finalidad de valorar el grado de impacto de la Universidad en el sector productivo y social. Visi\u00f3n La Coordinaci\u00f3n de&#8230;<\/p>\n","protected":false},"author":2,"featured_media":0,"parent":0,"menu_order":0,"comment_status":"closed","ping_status":"closed","template":"","meta":{"footnotes":""},"class_list":["post-854","page","type-page","status-publish","hentry"],"_links":{"self":[{"href":"https:\/\/forestales.ujed.mx\/web\/wp-json\/wp\/v2\/pages\/854","targetHints":{"allow":["GET"]}}],"collection":[{"href":"https:\/\/forestales.ujed.mx\/web\/wp-json\/wp\/v2\/pages"}],"about":[{"href":"https:\/\/forestales.ujed.mx\/web\/wp-json\/wp\/v2\/types\/page"}],"author":[{"embeddable":true,"href":"https:\/\/forestales.ujed.mx\/web\/wp-json\/wp\/v2\/users\/2"}],"replies":[{"embeddable":true,"href":"https:\/\/forestales.ujed.mx\/web\/wp-json\/wp\/v2\/comments?post=854"}],"version-history":[{"count":5,"href":"https:\/\/forestales.ujed.mx\/web\/wp-json\/wp\/v2\/pages\/854\/revisions"}],"predecessor-version":[{"id":1440,"href":"https:\/\/forestales.ujed.mx\/web\/wp-json\/wp\/v2\/pages\/854\/revisions\/1440"}],"wp:attachment":[{"href":"https:\/\/forestales.ujed.mx\/web\/wp-json\/wp\/v2\/media?parent=854"}],"curies":[{"name":"wp","href":"https:\/\/api.w.org\/{rel}","templated":true}]}}